{"id":1221,"date":"2025-08-06T10:58:49","date_gmt":"2025-08-06T08:58:49","guid":{"rendered":"https:\/\/camround.com\/?page_id=1221"},"modified":"2025-08-06T10:58:49","modified_gmt":"2025-08-06T08:58:49","slug":"2257-compliance-statement","status":"publish","type":"page","link":"https:\/\/camround.com\/cs\/2257-compliance-statement\/","title":{"rendered":"Prohl\u00e1\u0161en\u00ed o shod\u011b s 2257"},"content":{"rendered":"<h2>Ov\u011b\u0159en\u00ed v\u011bku a dodr\u017eov\u00e1n\u00ed pr\u00e1vn\u00edch p\u0159edpis\u016f<\/h2>\n<p>V souladu s americk\u00fdm z\u00e1konem 18 USC Section 2257 (Child Protection and Obscenity Enforcement Act of 1988) a platn\u00fdmi mezin\u00e1rodn\u00edmi z\u00e1kony, v\u0161echny osoby a modelky uveden\u00e9 na jak\u00fdchkoli platform\u00e1ch nebo slu\u017eb\u00e1ch, na kter\u00e9 odkazuje, na kter\u00e9 se odkazuje, na kter\u00e9 se odkazuje nebo na kter\u00e9 se odkazuje\u2026 <a href=\"https:\/\/camround.com\/cs\/\">CamRound<\/a>.com jsou dle na\u0161ich nejlep\u0161\u00edch znalost\u00ed star\u0161\u00ed 18 let.<\/p>\n<h2>Partnersk\u00fd vztah<\/h2>\n<p>CamRound.com nevlastn\u00ed, neprovozuje ani nekontroluje \u017e\u00e1dn\u00e9 <a href=\"https:\/\/camround.com\/cs\/ometv\/\">webkamera<\/a>, <a href=\"https:\/\/camround.com\/cs\/coomeet\/\">videochat<\/a>nebo <a href=\"https:\/\/camround.com\/cs\/ftf-live\/\">\u017e\u00edt<\/a> streamovac\u00ed platformy nebo slu\u017eby, kter\u00e9 jsou na t\u011bchto webov\u00fdch str\u00e1nk\u00e1ch zm\u00edn\u011bny, zobrazeny nebo na kter\u00e9 je odkazov\u00e1no. CamRound.com funguje v\u00fdhradn\u011b jako affiliate a recenzn\u00ed web. Nezam\u011bstn\u00e1v\u00e1me, nesmluvn\u011b neuzav\u00edr\u00e1me, nespravujeme ani jinak neorganizujeme \u017e\u00e1dn\u00e9 projekty, vystoupen\u00ed ani aktivity zahrnuj\u00edc\u00ed modely nebo \u00fa\u010dinkuj\u00edc\u00ed. Pln\u00e9 dodr\u017eov\u00e1n\u00ed \u00a7 2257 z\u00e1kona 18 USC \u2013 v\u010detn\u011b dokumentace, ov\u011b\u0159ov\u00e1n\u00ed v\u011bku a veden\u00ed z\u00e1znam\u016f \u2013 je v\u00fdhradn\u00ed odpov\u011bdnost\u00ed na\u0161ich affiliate partner\u016f a provozovatel\u016f ve\u0161ker\u00fdch slu\u017eeb t\u0159et\u00edch stran.<\/p>\n<h2>Obsah t\u0159et\u00edch stran<\/h2>\n<p>CamRound.com nevytv\u00e1\u0159\u00ed, nehostuje ani nespravuje \u017e\u00e1dn\u00fd obsah generovan\u00fd u\u017eivateli nebo modelkami, kter\u00fd je uveden na extern\u00edch platform\u00e1ch odkazovan\u00fdch z na\u0161ich str\u00e1nek. Ve\u0161ker\u00fd takov\u00fd obsah \u2013 v\u010detn\u011b nahr\u00e1v\u00e1n\u00ed u\u017eivatel\u016f, \u017eiv\u00fdch stream\u016f a vystoupen\u00ed modelek \u2013 je spravov\u00e1n a kontrolov\u00e1n v\u00fdhradn\u011b p\u0159\u00edslu\u0161n\u00fdmi provozovateli platforem t\u0159et\u00edch stran, nikoli spole\u010dnost\u00ed CamRound.com.<\/p>\n<p>Na\u0161e role je omezena na kontrolu, doporu\u010dov\u00e1n\u00ed a poskytov\u00e1n\u00ed partnersk\u00fdch odkaz\u016f na slu\u017eby t\u0159et\u00edch stran. Ka\u017ed\u00fd u\u017eivatel, kter\u00fd se rozhodne zaregistrovat nebo pou\u017e\u00edvat slu\u017eby prost\u0159ednictv\u00edm odkaz\u016f uveden\u00fdch na CamRound.com, tak \u010din\u00ed p\u0159\u00edmo na p\u0159\u00edslu\u0161n\u00e9 platform\u011b t\u0159et\u00ed strany, bez zapojen\u00ed nebo \u00fa\u010dasti CamRound.com nebo jeho zam\u011bstnanc\u016f.<\/p>\n<h2>Moderov\u00e1n\u00ed obsahu a standardy<\/h2>\n<p>CamRound.com neschvaluje ani nepodporuje vytv\u00e1\u0159en\u00ed ani distribuci obsc\u00e9nn\u00edho, nemravn\u00e9ho nebo hanliv\u00e9ho materi\u00e1lu. Vyhrazujeme si pr\u00e1vo odstranit jak\u00e9koli odkazy nebo reference na extern\u00ed obsah, kter\u00e9 dle vlastn\u00edho uv\u00e1\u017een\u00ed shled\u00e1me v rozporu s na\u0161imi standardy.<\/p>\n<h2>Obsah vytvo\u0159en\u00fd spole\u010dnost\u00ed CamRound.com<\/h2>\n<p>Ve\u0161ker\u00fd materi\u00e1l vytvo\u0159en\u00fd nebo publikovan\u00fd p\u0159\u00edmo spole\u010dnost\u00ed CamRound.com nebo jej\u00edmi z\u00e1stupci nen\u00ed erotick\u00e9 ani pornografick\u00e9 povahy a nepodl\u00e9h\u00e1 po\u017eadavk\u016fm paragrafu 2257 z\u00e1kona 18 USC.<\/p>\n<h2>Ukl\u00e1d\u00e1n\u00ed dokument\u016f a dodr\u017eov\u00e1n\u00ed p\u0159edpis\u016f<\/h2>\n<p>Ve\u0161ker\u00e9 z\u00e1znamy a dokumentace po\u017eadovan\u00e9 podle paragrafu 2257 americk\u00e9ho z\u00e1kon\u00edku 18 (18 USC) jsou uchov\u00e1v\u00e1ny na\u0161imi p\u0159idru\u017een\u00fdmi partnery a provozovateli platforem t\u0159et\u00edch stran, na kter\u00e9 poskytujeme odkazy. CamRound.com neshroma\u017e\u010fuje, neukl\u00e1d\u00e1 ani nevede \u017e\u00e1dn\u00e9 z\u00e1znamy o shod\u011b s paragrafem 2257, proto\u017ee neprodukujeme, nehostujeme ani neprovozujeme obsah, kter\u00fd by takov\u00e9 shody vy\u017eadoval.<\/p>\n<p>V p\u0159\u00edpad\u011b jak\u00fdchkoli dotaz\u016f nebo obav t\u00fdkaj\u00edc\u00edch se ov\u011b\u0159ov\u00e1n\u00ed v\u011bku nebo dodr\u017eov\u00e1n\u00ed p\u0159edpis\u016f 2257 se pros\u00edm obra\u0165te p\u0159\u00edmo na p\u0159\u00edslu\u0161n\u00e9ho provozovatele platformy t\u0159et\u00ed strany.<\/p>","protected":false},"excerpt":{"rendered":"<p>Age Verification and Legal Compliance In accordance with United States law 18 U.S.C. Section 2257 (Child Protection and Obscenity Enforcement Act of 1988) and applicable international laws, all individuals and models featured on any platforms or services linked to, reviewed, or referenced by CamRound.com are, to the best of our knowledge, at least 18 years [&hellip;]<\/p>\n","protected":false},"author":1,"featured_media":0,"parent":0,"menu_order":0,"comment_status":"closed","ping_status":"closed","template":"","meta":{"footnotes":""},"class_list":["post-1221","page","type-page","status-publish","hentry"],"yoast_head":"<!-- This site is optimized with the Yoast SEO plugin v27.3 - https:\/\/yoast.com\/product\/yoast-seo-wordpress\/ -->\n<title>2257 Compliance Statement - CamRound.com<\/title>\n<meta name=\"robots\" content=\"index, follow, max-snippet:-1, max-image-preview:large, max-video-preview:-1\" \/>\n<link rel=\"canonical\" href=\"https:\/\/camround.com\/cs\/2257-compliance-statement\/\" \/>\n<meta property=\"og:locale\" content=\"cs_CZ\" \/>\n<meta property=\"og:type\" content=\"article\" \/>\n<meta property=\"og:title\" content=\"2257 Compliance Statement - CamRound.com\" \/>\n<meta property=\"og:description\" content=\"Age Verification and Legal Compliance In accordance with United States law 18 U.S.C. Section 2257 (Child Protection and Obscenity Enforcement Act of 1988) and applicable international laws, all individuals and models featured on any platforms or services linked to, reviewed, or referenced by CamRound.com are, to the best of our knowledge, at least 18 years [&hellip;]\" \/>\n<meta property=\"og:url\" content=\"https:\/\/camround.com\/cs\/2257-compliance-statement\/\" \/>\n<meta property=\"og:site_name\" content=\"CamRound.com\" \/>\n<meta name=\"twitter:card\" content=\"summary_large_image\" \/>\n<meta name=\"twitter:label1\" content=\"Odhadovan\u00e1 doba \u010dten\u00ed\" \/>\n\t<meta name=\"twitter:data1\" content=\"2 minuty\" \/>\n<script type=\"application\/ld+json\" class=\"yoast-schema-graph\">{\"@context\":\"https:\\\/\\\/schema.org\",\"@graph\":[{\"@type\":\"WebPage\",\"@id\":\"https:\\\/\\\/camround.com\\\/2257-compliance-statement\\\/\",\"url\":\"https:\\\/\\\/camround.com\\\/2257-compliance-statement\\\/\",\"name\":\"2257 Compliance Statement - CamRound.com\",\"isPartOf\":{\"@id\":\"https:\\\/\\\/camround.com\\\/#website\"},\"datePublished\":\"2025-08-06T08:58:49+00:00\",\"breadcrumb\":{\"@id\":\"https:\\\/\\\/camround.com\\\/2257-compliance-statement\\\/#breadcrumb\"},\"inLanguage\":\"cs\",\"potentialAction\":[{\"@type\":\"ReadAction\",\"target\":[\"https:\\\/\\\/camround.com\\\/2257-compliance-statement\\\/\"]}]},{\"@type\":\"BreadcrumbList\",\"@id\":\"https:\\\/\\\/camround.com\\\/2257-compliance-statement\\\/#breadcrumb\",\"itemListElement\":[{\"@type\":\"ListItem\",\"position\":1,\"name\":\"Home\",\"item\":\"https:\\\/\\\/camround.com\\\/\"},{\"@type\":\"ListItem\",\"position\":2,\"name\":\"2257 Compliance Statement\"}]},{\"@type\":\"WebSite\",\"@id\":\"https:\\\/\\\/camround.com\\\/#website\",\"url\":\"https:\\\/\\\/camround.com\\\/\",\"name\":\"CamRound\",\"description\":\"Random Video Chat\",\"publisher\":{\"@id\":\"https:\\\/\\\/camround.com\\\/#organization\"},\"inLanguage\":\"cs\"},{\"@type\":\"Organization\",\"@id\":\"https:\\\/\\\/camround.com\\\/#organization\",\"name\":\"CamRound\",\"url\":\"https:\\\/\\\/camround.com\\\/\",\"logo\":{\"@type\":\"ImageObject\",\"inLanguage\":\"cs\",\"@id\":\"https:\\\/\\\/camround.com\\\/#\\\/schema\\\/logo\\\/image\\\/\",\"url\":\"https:\\\/\\\/camround.com\\\/wp-content\\\/uploads\\\/2021\\\/12\\\/C-Icon_1Color.png\",\"contentUrl\":\"https:\\\/\\\/camround.com\\\/wp-content\\\/uploads\\\/2021\\\/12\\\/C-Icon_1Color.png\",\"width\":1192,\"height\":1216,\"caption\":\"CamRound\"},\"image\":{\"@id\":\"https:\\\/\\\/camround.com\\\/#\\\/schema\\\/logo\\\/image\\\/\"}}]}<\/script>\n<!-- \/ Yoast SEO plugin. -->","yoast_head_json":{"title":"Prohl\u00e1\u0161en\u00ed o shod\u011b s 2257 - CamRound.com","robots":{"index":"index","follow":"follow","max-snippet":"max-snippet:-1","max-image-preview":"max-image-preview:large","max-video-preview":"max-video-preview:-1"},"canonical":"https:\/\/camround.com\/cs\/2257-compliance-statement\/","og_locale":"cs_CZ","og_type":"article","og_title":"2257 Compliance Statement - CamRound.com","og_description":"Age Verification and Legal Compliance In accordance with United States law 18 U.S.C. Section 2257 (Child Protection and Obscenity Enforcement Act of 1988) and applicable international laws, all individuals and models featured on any platforms or services linked to, reviewed, or referenced by CamRound.com are, to the best of our knowledge, at least 18 years [&hellip;]","og_url":"https:\/\/camround.com\/cs\/2257-compliance-statement\/","og_site_name":"CamRound.com","twitter_card":"summary_large_image","twitter_misc":{"Odhadovan\u00e1 doba \u010dten\u00ed":"2 minuty"},"schema":{"@context":"https:\/\/schema.org","@graph":[{"@type":"WebPage","@id":"https:\/\/camround.com\/2257-compliance-statement\/","url":"https:\/\/camround.com\/2257-compliance-statement\/","name":"Prohl\u00e1\u0161en\u00ed o shod\u011b s 2257 - CamRound.com","isPartOf":{"@id":"https:\/\/camround.com\/#website"},"datePublished":"2025-08-06T08:58:49+00:00","breadcrumb":{"@id":"https:\/\/camround.com\/2257-compliance-statement\/#breadcrumb"},"inLanguage":"cs","potentialAction":[{"@type":"ReadAction","target":["https:\/\/camround.com\/2257-compliance-statement\/"]}]},{"@type":"BreadcrumbList","@id":"https:\/\/camround.com\/2257-compliance-statement\/#breadcrumb","itemListElement":[{"@type":"ListItem","position":1,"name":"Home","item":"https:\/\/camround.com\/"},{"@type":"ListItem","position":2,"name":"2257 Compliance Statement"}]},{"@type":"WebSite","@id":"https:\/\/camround.com\/#website","url":"https:\/\/camround.com\/","name":"CamRound","description":"N\u00e1hodn\u00fd videochat","publisher":{"@id":"https:\/\/camround.com\/#organization"},"inLanguage":"cs"},{"@type":"Organization","@id":"https:\/\/camround.com\/#organization","name":"CamRound","url":"https:\/\/camround.com\/","logo":{"@type":"ImageObject","inLanguage":"cs","@id":"https:\/\/camround.com\/#\/schema\/logo\/image\/","url":"https:\/\/camround.com\/wp-content\/uploads\/2021\/12\/C-Icon_1Color.png","contentUrl":"https:\/\/camround.com\/wp-content\/uploads\/2021\/12\/C-Icon_1Color.png","width":1192,"height":1216,"caption":"CamRound"},"image":{"@id":"https:\/\/camround.com\/#\/schema\/logo\/image\/"}}]}},"_links":{"self":[{"href":"https:\/\/camround.com\/cs\/wp-json\/wp\/v2\/pages\/1221","targetHints":{"allow":["GET"]}}],"collection":[{"href":"https:\/\/camround.com\/cs\/wp-json\/wp\/v2\/pages"}],"about":[{"href":"https:\/\/camround.com\/cs\/wp-json\/wp\/v2\/types\/page"}],"author":[{"embeddable":true,"href":"https:\/\/camround.com\/cs\/wp-json\/wp\/v2\/users\/1"}],"replies":[{"embeddable":true,"href":"https:\/\/camround.com\/cs\/wp-json\/wp\/v2\/comments?post=1221"}],"version-history":[{"count":1,"href":"https:\/\/camround.com\/cs\/wp-json\/wp\/v2\/pages\/1221\/revisions"}],"predecessor-version":[{"id":1222,"href":"https:\/\/camround.com\/cs\/wp-json\/wp\/v2\/pages\/1221\/revisions\/1222"}],"wp:attachment":[{"href":"https:\/\/camround.com\/cs\/wp-json\/wp\/v2\/media?parent=1221"}],"curies":[{"name":"wp","href":"https:\/\/api.w.org\/{rel}","templated":true}]}}