{"id":1223,"date":"2025-08-06T10:59:56","date_gmt":"2025-08-06T08:59:56","guid":{"rendered":"https:\/\/camround.com\/?page_id=1223"},"modified":"2025-08-06T10:59:56","modified_gmt":"2025-08-06T08:59:56","slug":"disclaimer","status":"publish","type":"page","link":"https:\/\/camround.com\/cs\/disclaimer\/","title":{"rendered":"Z\u0159eknut\u00ed se odpov\u011bdnosti"},"content":{"rendered":"<p>Informace poskytnut\u00e9 na <a href=\"https:\/\/camround.com\/cs\/\">CamRound<\/a>Dom\u00e9na .com (\u201emy\u201c, \u201en\u00e1s\u201c nebo \u201ena\u0161e\u201c) je ur\u010dena v\u00fdhradn\u011b pro obecn\u00e9 informa\u010dn\u00ed \u00fa\u010dely. P\u0159esto\u017ee vynakl\u00e1d\u00e1me ve\u0161ker\u00e9 \u00fasil\u00ed, abychom udr\u017eovali n\u00e1\u0161 obsah p\u0159esn\u00fd a aktu\u00e1ln\u00ed, neposkytujeme \u017e\u00e1dn\u00e9 z\u00e1ruky \u2013 v\u00fdslovn\u00e9 ani implicitn\u00ed \u2013 ohledn\u011b p\u0159esnosti, dostate\u010dnosti, spolehlivosti, platnosti nebo \u00faplnosti jak\u00fdchkoli informac\u00ed na t\u011bchto webov\u00fdch str\u00e1nk\u00e1ch.<\/p>\n<h2>Nen\u00ed to profesion\u00e1ln\u00ed rada<\/h2>\n<p>Nic na str\u00e1nk\u00e1ch CamRound.com nep\u0159edstavuje odbornou radu jak\u00e9hokoli druhu ani by nem\u011blo b\u00fdt takto interpretov\u00e1no. Jak\u00e9koli spol\u00e9h\u00e1n\u00ed se na informace z t\u011bchto str\u00e1nek je v\u00fdhradn\u011b na va\u0161em vlastn\u00edm uv\u00e1\u017een\u00ed a riziku.<\/p>\n<h2>Obsah a n\u00e1zory recenz\u00ed<\/h2>\n<p>CamRound.com funguje jako webov\u00e1 str\u00e1nka zam\u011b\u0159en\u00e1 na recenze. Ve\u0161ker\u00e9 n\u00e1zory nebo stanoviska zde vyjad\u0159uj\u00ed n\u00e1zory p\u0159\u00edslu\u0161n\u00fdch autor\u016f a nemus\u00ed nutn\u011b odr\u00e1\u017eet n\u00e1zory ani ofici\u00e1ln\u00ed stanoviska jak\u00e9koli jin\u00e9 osoby, spole\u010dnosti nebo subjektu. Na\u0161e recenze a doporu\u010den\u00ed jsou zalo\u017eeny na nez\u00e1visl\u00e9m v\u00fdzkumu, zp\u011btn\u00e9 vazb\u011b od u\u017eivatel\u016f a osobn\u00edch zku\u0161enostech a m\u011bly by b\u00fdt v souladu s t\u00edm i br\u00e1ny v potaz.<\/p>\n<h2>Prohl\u00e1\u0161en\u00ed o partnersk\u00e9m programu<\/h2>\n<p>N\u011bkter\u00e9 odkazy uveden\u00e9 na CamRound.com jsou affiliate odkazy, co\u017e znamen\u00e1, \u017ee m\u016f\u017eeme z\u00edskat provizi, pokud na n\u011b kliknete a provedete n\u00e1kup nebo se zaregistrujete do slu\u017eby. Pou\u017eit\u00ed t\u011bchto odkaz\u016f je zcela na va\u0161em rozhodnut\u00ed. Doporu\u010dujeme pouze produkty nebo slu\u017eby, o kter\u00fdch se domn\u00edv\u00e1me, \u017ee by mohly b\u00fdt pro na\u0161e n\u00e1v\u0161t\u011bvn\u00edky hodnotn\u00e9, ale nem\u016f\u017eeme zaru\u010dit va\u0161i spokojenost ani v\u00fdsledky.<\/p>\n<p>M\u016f\u017eeme tak\u00e9 m\u00edt p\u0159\u00edm\u00e1 partnerstv\u00ed nebo sponzorovan\u00e9 vztahy s ur\u010dit\u00fdmi spole\u010dnostmi zm\u00edn\u011bn\u00fdmi nebo prezentovan\u00fdmi na CamRound.com, co\u017e m\u016f\u017ee v\u00e9st k dodate\u010dn\u00e9 odm\u011bn\u011b. Tyto vztahy neovliv\u0148uj\u00ed na\u0161i redak\u010dn\u00ed integritu; v\u017edy se sna\u017e\u00edme poskytovat \u010destn\u00e9 a nezaujat\u00e9 recenze a informace.<\/p>\n<h2>Extern\u00ed odkazy<\/h2>\n<p>CamRound.com m\u016f\u017ee obsahovat odkazy na webov\u00e9 str\u00e1nky nebo slu\u017eby t\u0159et\u00edch stran, stejn\u011b jako bannery nebo reklamy, kter\u00e9 vedou na extern\u00ed str\u00e1nky. Nekontrolujeme, nemonitorujeme ani neov\u011b\u0159ujeme p\u0159esnost nebo spolehlivost informac\u00ed na t\u011bchto extern\u00edch str\u00e1nk\u00e1ch, ani nezaru\u010dujeme, neschvalujeme ani nep\u0159eb\u00edr\u00e1me odpov\u011bdnost za \u017e\u00e1dn\u00e9 informace, produkty nebo slu\u017eby nab\u00edzen\u00e9 t\u0159et\u00edmi stranami.<\/p>\n<h2>Omezen\u00ed odpov\u011bdnosti<\/h2>\n<p>Spole\u010dnost CamRound.com za \u017e\u00e1dn\u00fdch okolnost\u00ed nenese odpov\u011bdnost za \u017e\u00e1dn\u00e9 ztr\u00e1ty ani \u0161kody jak\u00e9hokoli druhu vznikl\u00e9 v d\u016fsledku pou\u017e\u00edv\u00e1n\u00ed t\u011bchto webov\u00fdch str\u00e1nek nebo spol\u00e9h\u00e1n\u00ed se na jak\u00e9koli poskytnut\u00e9 informace. Pou\u017e\u00edv\u00e1n\u00ed str\u00e1nek CamRound.com a jak\u00e9koli akce podniknut\u00e9 na z\u00e1klad\u011b jejich obsahu jsou v\u00fdhradn\u011b na va\u0161e vlastn\u00ed riziko.<\/p>\n<h2>Kontakt<\/h2>\n<p>Pokud m\u00e1te jak\u00e9koli dotazy nebo obavy ohledn\u011b tohoto prohl\u00e1\u0161en\u00ed o vylou\u010den\u00ed odpov\u011bdnosti, kontaktujte n\u00e1s pros\u00edm prost\u0159ednictv\u00edm na\u0161\u00ed kontaktn\u00ed str\u00e1nky.<\/p>","protected":false},"excerpt":{"rendered":"<p>The information provided on CamRound.com (\u201cwe,\u201d \u201cus,\u201d or \u201cour\u201d) is intended strictly for general informational purposes. While we make every effort to keep our content accurate and up to date, we make no guarantees\u2014express or implied\u2014regarding the accuracy, adequacy, reliability, validity, or completeness of any information on this website. Not Professional Advice Nothing on CamRound.com [&hellip;]<\/p>\n","protected":false},"author":1,"featured_media":0,"parent":0,"menu_order":0,"comment_status":"closed","ping_status":"closed","template":"","meta":{"footnotes":""},"class_list":["post-1223","page","type-page","status-publish","hentry"],"yoast_head":"<!-- This site is optimized with the Yoast SEO plugin v27.3 - https:\/\/yoast.com\/product\/yoast-seo-wordpress\/ -->\n<title>Disclaimer - CamRound.com<\/title>\n<meta name=\"robots\" content=\"index, follow, max-snippet:-1, max-image-preview:large, max-video-preview:-1\" \/>\n<link rel=\"canonical\" href=\"https:\/\/camround.com\/cs\/disclaimer\/\" \/>\n<meta property=\"og:locale\" content=\"cs_CZ\" \/>\n<meta property=\"og:type\" content=\"article\" \/>\n<meta property=\"og:title\" content=\"Disclaimer - CamRound.com\" \/>\n<meta property=\"og:description\" content=\"The information provided on CamRound.com (\u201cwe,\u201d \u201cus,\u201d or \u201cour\u201d) is intended strictly for general informational purposes. While we make every effort to keep our content accurate and up to date, we make no guarantees\u2014express or implied\u2014regarding the accuracy, adequacy, reliability, validity, or completeness of any information on this website. Not Professional Advice Nothing on CamRound.com [&hellip;]\" \/>\n<meta property=\"og:url\" content=\"https:\/\/camround.com\/cs\/disclaimer\/\" \/>\n<meta property=\"og:site_name\" content=\"CamRound.com\" \/>\n<meta name=\"twitter:card\" content=\"summary_large_image\" \/>\n<meta name=\"twitter:label1\" content=\"Odhadovan\u00e1 doba \u010dten\u00ed\" \/>\n\t<meta name=\"twitter:data1\" content=\"2 minuty\" \/>\n<script type=\"application\/ld+json\" class=\"yoast-schema-graph\">{\"@context\":\"https:\\\/\\\/schema.org\",\"@graph\":[{\"@type\":\"WebPage\",\"@id\":\"https:\\\/\\\/camround.com\\\/disclaimer\\\/\",\"url\":\"https:\\\/\\\/camround.com\\\/disclaimer\\\/\",\"name\":\"Disclaimer - CamRound.com\",\"isPartOf\":{\"@id\":\"https:\\\/\\\/camround.com\\\/#website\"},\"datePublished\":\"2025-08-06T08:59:56+00:00\",\"breadcrumb\":{\"@id\":\"https:\\\/\\\/camround.com\\\/disclaimer\\\/#breadcrumb\"},\"inLanguage\":\"cs\",\"potentialAction\":[{\"@type\":\"ReadAction\",\"target\":[\"https:\\\/\\\/camround.com\\\/disclaimer\\\/\"]}]},{\"@type\":\"BreadcrumbList\",\"@id\":\"https:\\\/\\\/camround.com\\\/disclaimer\\\/#breadcrumb\",\"itemListElement\":[{\"@type\":\"ListItem\",\"position\":1,\"name\":\"Home\",\"item\":\"https:\\\/\\\/camround.com\\\/\"},{\"@type\":\"ListItem\",\"position\":2,\"name\":\"Disclaimer\"}]},{\"@type\":\"WebSite\",\"@id\":\"https:\\\/\\\/camround.com\\\/#website\",\"url\":\"https:\\\/\\\/camround.com\\\/\",\"name\":\"CamRound\",\"description\":\"Random Video Chat\",\"publisher\":{\"@id\":\"https:\\\/\\\/camround.com\\\/#organization\"},\"inLanguage\":\"cs\"},{\"@type\":\"Organization\",\"@id\":\"https:\\\/\\\/camround.com\\\/#organization\",\"name\":\"CamRound\",\"url\":\"https:\\\/\\\/camround.com\\\/\",\"logo\":{\"@type\":\"ImageObject\",\"inLanguage\":\"cs\",\"@id\":\"https:\\\/\\\/camround.com\\\/#\\\/schema\\\/logo\\\/image\\\/\",\"url\":\"https:\\\/\\\/camround.com\\\/wp-content\\\/uploads\\\/2021\\\/12\\\/C-Icon_1Color.png\",\"contentUrl\":\"https:\\\/\\\/camround.com\\\/wp-content\\\/uploads\\\/2021\\\/12\\\/C-Icon_1Color.png\",\"width\":1192,\"height\":1216,\"caption\":\"CamRound\"},\"image\":{\"@id\":\"https:\\\/\\\/camround.com\\\/#\\\/schema\\\/logo\\\/image\\\/\"}}]}<\/script>\n<!-- \/ Yoast SEO plugin. -->","yoast_head_json":{"title":"Prohl\u00e1\u0161en\u00ed o vylou\u010den\u00ed odpov\u011bdnosti - CamRound.com","robots":{"index":"index","follow":"follow","max-snippet":"max-snippet:-1","max-image-preview":"max-image-preview:large","max-video-preview":"max-video-preview:-1"},"canonical":"https:\/\/camround.com\/cs\/disclaimer\/","og_locale":"cs_CZ","og_type":"article","og_title":"Disclaimer - CamRound.com","og_description":"The information provided on CamRound.com (\u201cwe,\u201d \u201cus,\u201d or \u201cour\u201d) is intended strictly for general informational purposes. While we make every effort to keep our content accurate and up to date, we make no guarantees\u2014express or implied\u2014regarding the accuracy, adequacy, reliability, validity, or completeness of any information on this website. Not Professional Advice Nothing on CamRound.com [&hellip;]","og_url":"https:\/\/camround.com\/cs\/disclaimer\/","og_site_name":"CamRound.com","twitter_card":"summary_large_image","twitter_misc":{"Odhadovan\u00e1 doba \u010dten\u00ed":"2 minuty"},"schema":{"@context":"https:\/\/schema.org","@graph":[{"@type":"WebPage","@id":"https:\/\/camround.com\/disclaimer\/","url":"https:\/\/camround.com\/disclaimer\/","name":"Prohl\u00e1\u0161en\u00ed o vylou\u010den\u00ed odpov\u011bdnosti - CamRound.com","isPartOf":{"@id":"https:\/\/camround.com\/#website"},"datePublished":"2025-08-06T08:59:56+00:00","breadcrumb":{"@id":"https:\/\/camround.com\/disclaimer\/#breadcrumb"},"inLanguage":"cs","potentialAction":[{"@type":"ReadAction","target":["https:\/\/camround.com\/disclaimer\/"]}]},{"@type":"BreadcrumbList","@id":"https:\/\/camround.com\/disclaimer\/#breadcrumb","itemListElement":[{"@type":"ListItem","position":1,"name":"Home","item":"https:\/\/camround.com\/"},{"@type":"ListItem","position":2,"name":"Disclaimer"}]},{"@type":"WebSite","@id":"https:\/\/camround.com\/#website","url":"https:\/\/camround.com\/","name":"CamRound","description":"N\u00e1hodn\u00fd videochat","publisher":{"@id":"https:\/\/camround.com\/#organization"},"inLanguage":"cs"},{"@type":"Organization","@id":"https:\/\/camround.com\/#organization","name":"CamRound","url":"https:\/\/camround.com\/","logo":{"@type":"ImageObject","inLanguage":"cs","@id":"https:\/\/camround.com\/#\/schema\/logo\/image\/","url":"https:\/\/camround.com\/wp-content\/uploads\/2021\/12\/C-Icon_1Color.png","contentUrl":"https:\/\/camround.com\/wp-content\/uploads\/2021\/12\/C-Icon_1Color.png","width":1192,"height":1216,"caption":"CamRound"},"image":{"@id":"https:\/\/camround.com\/#\/schema\/logo\/image\/"}}]}},"_links":{"self":[{"href":"https:\/\/camround.com\/cs\/wp-json\/wp\/v2\/pages\/1223","targetHints":{"allow":["GET"]}}],"collection":[{"href":"https:\/\/camround.com\/cs\/wp-json\/wp\/v2\/pages"}],"about":[{"href":"https:\/\/camround.com\/cs\/wp-json\/wp\/v2\/types\/page"}],"author":[{"embeddable":true,"href":"https:\/\/camround.com\/cs\/wp-json\/wp\/v2\/users\/1"}],"replies":[{"embeddable":true,"href":"https:\/\/camround.com\/cs\/wp-json\/wp\/v2\/comments?post=1223"}],"version-history":[{"count":1,"href":"https:\/\/camround.com\/cs\/wp-json\/wp\/v2\/pages\/1223\/revisions"}],"predecessor-version":[{"id":1224,"href":"https:\/\/camround.com\/cs\/wp-json\/wp\/v2\/pages\/1223\/revisions\/1224"}],"wp:attachment":[{"href":"https:\/\/camround.com\/cs\/wp-json\/wp\/v2\/media?parent=1223"}],"curies":[{"name":"wp","href":"https:\/\/api.w.org\/{rel}","templated":true}]}}