{"id":1225,"date":"2025-08-06T11:04:00","date_gmt":"2025-08-06T09:04:00","guid":{"rendered":"https:\/\/camround.com\/?page_id=1225"},"modified":"2025-08-06T11:04:00","modified_gmt":"2025-08-06T09:04:00","slug":"privacy-policy","status":"publish","type":"page","link":"https:\/\/camround.com\/cs\/privacy-policy\/","title":{"rendered":"Z\u00e1sady ochrany osobn\u00edch \u00fadaj\u016f"},"content":{"rendered":"<p>Zavazujeme se chr\u00e1nit soukrom\u00ed u\u017eivatel\u016f na\u0161ich slu\u017eeb. Tato politika plat\u00ed v p\u0159\u00edpadech, kdy jedn\u00e1me jako spr\u00e1vce osobn\u00edch \u00fadaj\u016f na\u0161ich u\u017eivatel\u016f \u2013 tedy v p\u0159\u00edpadech, kdy ur\u010dujeme \u00fa\u010dely a prost\u0159edky zpracov\u00e1n\u00ed osobn\u00edch \u00fadaj\u016f. Pou\u017e\u00edv\u00e1n\u00edm <a href=\"https:\/\/camround.com\/cs\/\">CamRound<\/a>.com souhlas\u00edte se shroma\u017e\u010fov\u00e1n\u00edm, zpracov\u00e1n\u00edm a p\u0159enosem osobn\u00edch \u00fadaj\u016f, jak je uvedeno v t\u011bchto z\u00e1sad\u00e1ch.<\/p>\n<h2>Prohl\u00e1\u0161en\u00ed o partnersk\u00e9m programu<\/h2>\n<p>CamRound.com funguje jako webov\u00e1 str\u00e1nka pro recenze a partnersk\u00e9 slu\u017eby. Nevlastn\u00edme ani neprovozujeme platformy, n\u00e1stroje ani slu\u017eby, kter\u00e9 jsou zde recenzov\u00e1ny nebo na kter\u00e9 se odkazuje. M\u00edsto toho m\u016f\u017eeme z\u00edsk\u00e1vat provize nebo poplatky, kdy\u017e u\u017eivatel\u00e9 kliknou na partnersk\u00e9 odkazy nebo se zaregistruj\u00ed do slu\u017eeb t\u0159et\u00edch stran prost\u0159ednictv\u00edm na\u0161ich doporu\u010den\u00ed. Upozor\u0148ujeme, \u017ee pou\u017e\u00edv\u00e1n\u00ed platforem t\u0159et\u00edch stran podl\u00e9h\u00e1 jejich z\u00e1sad\u00e1m ochrany osobn\u00edch \u00fadaj\u016f a podm\u00ednk\u00e1m. Nejsme zodpov\u011bdn\u00ed za postupy ochrany osobn\u00edch \u00fadaj\u016f ani za obsah extern\u00edch str\u00e1nek nebo slu\u017eeb odkazovan\u00fdch z CamRound.com.<\/p>\n<h2>Jak pou\u017e\u00edv\u00e1me va\u0161e osobn\u00ed \u00fadaje<\/h2>\n<p>M\u016f\u017eeme zpracov\u00e1vat n\u00e1sleduj\u00edc\u00ed kategorie osobn\u00edch \u00fadaj\u016f:<\/p>\n<p>\u00dadaje z profilu: M\u016f\u017ee se jednat o va\u0161e jm\u00e9no, v\u011bk, informace, kter\u00e9 n\u00e1m sd\u011blujete ze soci\u00e1ln\u00edch profil\u016f, e-mailovou adresu a profilov\u00fd obr\u00e1zek. Pokud pou\u017e\u00edv\u00e1te p\u0159ihl\u00e1\u0161en\u00ed p\u0159es soci\u00e1ln\u00ed s\u00edt\u011b (nap\u0159. p\u0159ihl\u00e1\u0161en\u00ed p\u0159es Facebook), m\u016f\u017eeme si pro bezprobl\u00e9movou registraci vy\u017e\u00e1dat p\u0159\u00edstup k va\u0161emu k\u0159estn\u00edmu jm\u00e9nu, p\u0159\u00edjmen\u00ed, pohlav\u00ed, v\u011bku, e-mailu, poloze, m\u00edstn\u00edmu nastaven\u00ed, \u010dasov\u00e9mu p\u00e1smu a fotografi\u00edm. Nepo\u017eadujeme p\u0159\u00edstup k jin\u00fdm \u00fadaj\u016fm z Facebooku. <a href=\"https:\/\/www.facebook.com\/about\/privacy\">Z\u00e1sady ochrany osobn\u00edch \u00fadaj\u016f spole\u010dnosti Facebook jsou k dispozici zde.<\/a><\/p>\n<p>\u00dadaje o u\u017e\u00edv\u00e1n\u00ed: Pat\u0159\u00ed sem va\u0161e IP adresa, geografick\u00e1 poloha (pouze zem\u011b a st\u00e1t), typ\/verze prohl\u00ed\u017ee\u010de, opera\u010dn\u00ed syst\u00e9m, zdroj odkazu, doba str\u00e1ven\u00e1 na webu, zobrazen\u00ed str\u00e1nek, naviga\u010dn\u00ed cesty a vzorce u\u017e\u00edv\u00e1n\u00ed, shrom\u00e1\u017ed\u011bn\u00e9 prost\u0159ednictv\u00edm analytick\u00fdch n\u00e1stroj\u016f. Tato data n\u00e1m pom\u00e1haj\u00ed analyzovat, monitorovat a vylep\u0161ovat na\u0161e slu\u017eby.<\/p>\n<p>\u00dadaje z dotaz\u016f: Informace, kter\u00e9 n\u00e1m poskytnete, kdy\u017e n\u00e1s kontaktujete ohledn\u011b na\u0161ich slu\u017eeb, zpracov\u00e1van\u00e9 pro marketingov\u00e9 \u00fa\u010dely a \u00fa\u010dely podpory.<\/p>\n<p>\u00dadaje o vztaz\u00edch se z\u00e1kazn\u00edky: Zahrnuj\u00ed va\u0161e jm\u00e9no, kontaktn\u00ed \u00fadaje a historii komunikace, kter\u00e9 se pou\u017e\u00edvaj\u00ed ke spr\u00e1v\u011b vztah\u016f a komunikaci se z\u00e1kazn\u00edky.<\/p>\n<p>\u00dadaje pro ozn\u00e1men\u00ed: Informace, kter\u00e9 poskytnete za \u00fa\u010delem p\u0159ihl\u00e1\u0161en\u00ed k odb\u011bru e-mailov\u00fdch ozn\u00e1men\u00ed nebo newsletter\u016f.<\/p>\n<p>Koresponden\u010dn\u00ed data: Zahrnuj\u00ed komunika\u010dn\u00ed obsah a metadata (nap\u0159. prost\u0159ednictv\u00edm kontaktn\u00edch formul\u00e1\u0159\u016f), pou\u017e\u00edvan\u00e9 pro komunikaci a veden\u00ed z\u00e1znam\u016f.<\/p>\n<p>\u00dadaje o klientovi: Informace o va\u0161\u00ed klientsk\u00e9 aplikaci (prohl\u00ed\u017ee\u010d nebo mobiln\u00ed aplikace), jako je IP adresa, typ prohl\u00ed\u017ee\u010de, opera\u010dn\u00ed syst\u00e9m, v\u00fdrobce za\u0159\u00edzen\u00ed a s\u00e9riov\u00e9 \u010d\u00edslo\/model.<\/p>\n<p>Data zpr\u00e1v: Informace odeslan\u00e9 prost\u0159ednictv\u00edm zpr\u00e1v v r\u00e1mci na\u0161\u00ed slu\u017eby, zpracovan\u00e9 za \u00fa\u010delem p\u0159enosu a spr\u00e1vy slu\u017eby.<\/p>\n<p>Komunika\u010dn\u00ed data: Podrobnosti o va\u0161\u00ed komunikaci s ostatn\u00edmi u\u017eivateli (ne obsah), jako je doba relace a \u00fa\u010dastn\u00edci.<\/p>\n<p>\u00dadaje o z\u00e1kazech: Informace relevantn\u00ed pro z\u00e1kazy u\u017eivatel\u016f, jako jsou \u00fadaje o pou\u017e\u00edv\u00e1n\u00ed\/klientovi a v p\u0159\u00edpad\u011b pot\u0159eby obrazov\u00fd sn\u00edmek po\u0159\u00edzen\u00fd v r\u00e1mci procesu z\u00e1kazu (nap\u0159. v reakci na st\u00ed\u017enosti nebo zji\u0161t\u011bn\u00e9 chov\u00e1n\u00ed).<\/p>\n<p>\u00dadaje o st\u00ed\u017enostech: Informace z\u00edskan\u00e9 v r\u00e1mci st\u00ed\u017enost\u00ed u\u017eivatel\u016f, kter\u00e9 mohou zahrnovat <a href=\"https:\/\/camround.com\/cs\/vidizzy\/\">video<\/a> r\u00e1me\u010dek obrazu.<\/p>\n<p>Transak\u010dn\u00ed \u00fadaje: Zahrnuj\u00ed kontaktn\u00ed \u00fadaje, platebn\u00ed \u00fadaje a informace o transakc\u00edch, pou\u017e\u00edvan\u00e9 k dod\u00e1n\u00ed zakoupen\u00e9ho zbo\u017e\u00ed\/slu\u017eeb a veden\u00ed z\u00e1znam\u016f.<\/p>\n<p>Data protokolu: Shroma\u017e\u010fuj\u00ed se automaticky a zahrnuj\u00ed IP adresu, prohl\u00ed\u017ee\u010d, nav\u0161t\u00edven\u00e9 str\u00e1nky, \u010das\/datum a \u010das str\u00e1ven\u00fd na str\u00e1nk\u00e1ch. Tato data nejsou osobn\u011b identifikovateln\u00e1 a pou\u017e\u00edvaj\u00ed se pro analytiku a spr\u00e1vu slu\u017eeb.<\/p>\n<p>Pr\u00e1vn\u00ed, pojistn\u00e9 a rizikov\u00e9 \u00fadaje: Va\u0161e osobn\u00ed \u00fadaje m\u016f\u017eeme v p\u0159\u00edpad\u011b pot\u0159eby zpracov\u00e1vat za \u00fa\u010delem pr\u00e1vn\u00edch n\u00e1rok\u016f, dodr\u017eov\u00e1n\u00ed p\u0159edpis\u016f, pojistn\u00e9ho kryt\u00ed, \u0159\u00edzen\u00ed rizik nebo odborn\u00e9ho poradenstv\u00ed.<\/p>\n<p>Pros\u00edm, neposkytujte n\u00e1m osobn\u00ed \u00fadaje jin\u00fdch osob, pokud o to nepo\u017e\u00e1d\u00e1te.<\/p>\n<h2>Sd\u00edlen\u00ed va\u0161ich osobn\u00edch \u00fadaj\u016f<\/h2>\n<p>Va\u0161e \u00fadaje m\u016f\u017eeme sd\u011blit:<\/p>\n<ul>\n<li>Poji\u0161\u0165ovny a profesion\u00e1ln\u00ed poradci pro poji\u0161\u0165ovac\u00ed, pr\u00e1vn\u00ed nebo rizikov\u00e9 \u00fa\u010dely.<\/li>\n<li>Platebn\u00ed procesory (nap\u0159. Segpay, Stripe, PayPal, Apple, Google, Interkassa, SecurionPay, SMSBILL, VK) pro usnadn\u011bn\u00ed plateb nebo vr\u00e1cen\u00ed pen\u011bz.<\/li>\n<li>Org\u00e1ny vy\u017eadovan\u00e9 z\u00e1konem nebo k ochran\u011b \u017eivotn\u011b d\u016fle\u017eit\u00fdch z\u00e1jm\u016f \u010di z\u00e1konn\u00fdch pr\u00e1v.<\/li>\n<\/ul>\n<p>Funkce peer-to-peer mohou z technick\u00fdch d\u016fvod\u016f vy\u017eadovat sd\u00edlen\u00ed va\u0161\u00ed IP adresy; toto nen\u00ed v rozhran\u00ed zve\u0159ejn\u011bno.<\/p>\n<h2>Mezin\u00e1rodn\u00ed p\u0159evody<\/h2>\n<p>Na\u0161e hostingov\u00e1 za\u0159\u00edzen\u00ed se nach\u00e1zej\u00ed v N\u011bmecku a Spojen\u00fdch st\u00e1tech. U\u017eivatelsk\u00e1 data mohou b\u00fdt p\u0159en\u00e1\u0161ena a ukl\u00e1d\u00e1na v t\u011bchto jurisdikc\u00edch. Jste zodpov\u011bdn\u00ed za pochopen\u00ed z\u00e1kon\u016f na ochranu osobn\u00edch \u00fadaj\u016f ve va\u0161em regionu.<\/p>\n<p>Osobn\u00ed \u00fadaje odeslan\u00e9 ke zve\u0159ejn\u011bn\u00ed mohou b\u00fdt dostupn\u00e9 glob\u00e1ln\u011b prost\u0159ednictv\u00edm internetu a nem\u016f\u017eeme zabr\u00e1nit jejich pou\u017eit\u00ed nebo zneu\u017eit\u00ed jin\u00fdmi osobami.<\/p>\n<h2>Uchov\u00e1v\u00e1n\u00ed a maz\u00e1n\u00ed dat<\/h2>\n<ul>\n<li>\u00dadaje o profilu uchov\u00e1v\u00e1me po dobu, kdy je v\u00e1\u0161 \u00fa\u010det aktivn\u00ed, nebo dle pot\u0159eby pro \u00fa\u010dely t\u011bchto z\u00e1sad.<\/li>\n<li>Neukl\u00e1d\u00e1me protokoly zpr\u00e1v, s v\u00fdjimkou zpr\u00e1v uchov\u00e1van\u00fdch v datech o z\u00e1kazech, kter\u00e9 se t\u00fdkaj\u00ed nevhodn\u00e9ho chov\u00e1n\u00ed.<\/li>\n<li>\u00dadaje o z\u00e1kazech jsou uchov\u00e1v\u00e1ny dle pot\u0159eby pro technick\u00e9 \u00fa\u010dely a po vypr\u0161en\u00ed platnosti jsou odstran\u011bny.<\/li>\n<li>\u00dadaje o komunikaci (s k\u00fdm\/kdy jste komunikovali) se neuchov\u00e1vaj\u00ed.<\/li>\n<li>N\u011bkter\u00e9 \u00fadaje si m\u016f\u017eeme uchov\u00e1vat v souladu se z\u00e1konn\u00fdmi po\u017eadavky.<\/li>\n<\/ul>\n<h2>Zabezpe\u010den\u00ed dat<\/h2>\n<p>K ochran\u011b va\u0161ich dat pou\u017e\u00edv\u00e1me standardn\u00ed technick\u00e1 a organiza\u010dn\u00ed opat\u0159en\u00ed (firewally, ochranu heslem, SSL \u0161ifrov\u00e1n\u00ed, zabezpe\u010den\u00e1 datov\u00e1 centra). P\u0159\u00edstup maj\u00ed pouze opr\u00e1vn\u011bn\u00ed pracovn\u00edci. \u017d\u00e1dn\u00fd online syst\u00e9m v\u0161ak nen\u00ed bezpe\u010dn\u00fd. Pokud m\u00e1te podez\u0159en\u00ed, \u017ee va\u0161e data byla ohro\u017eena, okam\u017eit\u011b n\u00e1s kontaktujte.<\/p>\n<h2>Pr\u00e1va na ochranu osobn\u00edch \u00fadaj\u016f podle jurisdikce<\/h2>\n<p>Obyvatel\u00e9 Kalifornie: Podle kalifornsk\u00fdch z\u00e1kon\u016f m\u00e1te pr\u00e1va t\u00fdkaj\u00edc\u00ed se zve\u0159ej\u0148ov\u00e1n\u00ed osobn\u00edch \u00fadaj\u016f. Chcete-li tato pr\u00e1va uplatnit nebo se odhl\u00e1sit ze sd\u00edlen\u00ed, kontaktujte <a href=\"mailto:support@camround.com\">support@camround.com<\/a>.<\/p>\n<p>Obyvatel\u00e9 Nevady: \u017d\u00e1dost o odhl\u00e1\u0161en\u00ed prodeje m\u016f\u017eete podat na adresu <a href=\"mailto:support@camround.com\">support@camround.com<\/a>Pozn\u00e1mka: V sou\u010dasn\u00e9 dob\u011b neprod\u00e1v\u00e1me data, kter\u00e1 by aktivovala po\u017eadavky na odhl\u00e1\u0161en\u00ed.<\/p>\n<p>Obyvatel\u00e9 Kanady: Va\u0161e \u00fadaje mohou b\u00fdt ulo\u017eeny mimo Kanadu a podl\u00e9hat zahrani\u010dn\u00edmu pr\u00e1vu. Souhlas m\u016f\u017eete kdykoli odvolat a m\u00e1te pr\u00e1vo podat st\u00ed\u017enost na na\u0161e postupy. V\u00edce informac\u00ed naleznete na <a href=\"https:\/\/www.priv.gc.ca\/\">priv.gc.ca<\/a>.<\/p>\n<p>Obyvatel\u00e9 EHP\/Spojen\u00e9ho kr\u00e1lovstv\u00ed: M\u00e1te pr\u00e1vo na p\u0159\u00edstup k va\u0161im \u00fadaj\u016fm, jejich opravu, vymaz\u00e1n\u00ed, omezen\u00ed nebo p\u0159enos a pr\u00e1vo vzn\u00e9st n\u00e1mitku proti zpracov\u00e1n\u00ed nebo odvolat souhlas. Kontakt <a href=\"mailto:support@camround.com\">support@camround.com<\/a> uplatnit sv\u00e1 pr\u00e1va.<\/p>\n<h2>Soukrom\u00ed d\u011bt\u00ed<\/h2>\n<p>CamRound.com nen\u00ed ur\u010den pro u\u017eivatele mlad\u0161\u00ed 18 let. V\u011bdom\u011b neshroma\u017e\u010fujeme \u00fadaje od nezletil\u00fdch osob. Pokud takov\u00e9 \u00fadaje zjist\u00edme, deaktivujeme je a sma\u017eeme. Pokud se dozv\u00edte o \u00fadaj\u00edch shrom\u00e1\u017ed\u011bn\u00fdch od osob mlad\u0161\u00edch 18 let, kontaktujte n\u00e1s.<\/p>\n<h2>Soubory cookie<\/h2>\n<p>Pro \u00fa\u010dely ov\u011b\u0159ov\u00e1n\u00ed a anal\u00fdzy pou\u017e\u00edv\u00e1me soubory cookie. Soubory cookie mohou b\u00fdt trval\u00e9 nebo zalo\u017een\u00e9 na relaci. Na\u0161\u00edm poskytovatelem analytick\u00fdch slu\u017eeb je Google Analytics (<a href=\"https:\/\/www.google.com\/policies\/privacy\/\">viz z\u00e1sady<\/a>M\u016f\u017eeme tak\u00e9 pou\u017e\u00edvat soci\u00e1ln\u00ed widgety (nap\u0159. Facebook, Twitter), kter\u00e9 nastavuj\u00ed soubory cookie v souladu se sv\u00fdmi z\u00e1sadami.<\/p>\n<p>Soubory cookie m\u016f\u017eete odm\u00edtnout nebo smazat v nastaven\u00ed prohl\u00ed\u017ee\u010de, ale to m\u016f\u017ee ovlivnit funk\u010dnost webu.<\/p>\n<h2>Extern\u00ed odkazy<\/h2>\n<p>CamRound.com obsahuje odkazy na webov\u00e9 str\u00e1nky t\u0159et\u00edch stran. Sna\u017e\u00edme se odkazovat pouze na renomovan\u00e9 zdroje, ale neneseme odpov\u011bdnost za obsah ani z\u00e1sady ochrany osobn\u00edch \u00fadaj\u016f extern\u00edch str\u00e1nek. Ve\u0161ker\u00e9 \u00fadaje, kter\u00e9 poskytnete web\u016fm t\u0159et\u00edch stran, se \u0159\u00edd\u00ed jejich z\u00e1sadami ochrany osobn\u00edch \u00fadaj\u016f.<\/p>\n<h2>Nesledovat<\/h2>\n<p>Vzhledem k vyv\u00edjej\u00edc\u00edm se technologi\u00edm v sou\u010dasn\u00e9 dob\u011b nezaru\u010dujeme podporu sign\u00e1l\u016f Do-Not-Track v prohl\u00ed\u017ee\u010d\u00edch.<\/p>\n<h2>Aktualizace t\u011bchto z\u00e1sad<\/h2>\n<p>Tyto z\u00e1sady m\u016f\u017eeme \u010das od \u010dasu aktualizovat. Pravideln\u011b pros\u00edm kontrolujte tuto str\u00e1nku, zda nedo\u0161lo k \u017e\u00e1dn\u00fdm zm\u011bn\u00e1m.<\/p>\n<h2>Kontakt<\/h2>\n<p>V p\u0159\u00edpad\u011b dotaz\u016f nebo obav t\u00fdkaj\u00edc\u00edch se t\u011bchto z\u00e1sad nebo va\u0161eho soukrom\u00ed n\u00e1s kontaktujte na adrese <a href=\"mailto:support@camround.com\">support@camround.com<\/a>.<\/p>","protected":false},"excerpt":{"rendered":"<p>We are committed to safeguarding the privacy of our service users. This policy applies where we act as a data controller with respect to the personal data of our users\u2014that is, where we determine the purposes and means of processing personal data. By using CamRound.com, you consent to the collection, processing, and transmission of personal [&hellip;]<\/p>\n","protected":false},"author":1,"featured_media":0,"parent":0,"menu_order":0,"comment_status":"closed","ping_status":"closed","template":"","meta":{"footnotes":""},"class_list":["post-1225","page","type-page","status-publish","hentry"],"yoast_head":"<!-- This site is optimized with the Yoast SEO plugin v27.3 - https:\/\/yoast.com\/product\/yoast-seo-wordpress\/ -->\n<title>Privacy Policy - CamRound.com<\/title>\n<meta name=\"robots\" content=\"index, follow, max-snippet:-1, max-image-preview:large, max-video-preview:-1\" \/>\n<link rel=\"canonical\" href=\"https:\/\/camround.com\/cs\/privacy-policy\/\" \/>\n<meta property=\"og:locale\" content=\"cs_CZ\" \/>\n<meta property=\"og:type\" content=\"article\" \/>\n<meta property=\"og:title\" content=\"Privacy Policy - CamRound.com\" \/>\n<meta property=\"og:description\" content=\"We are committed to safeguarding the privacy of our service users. This policy applies where we act as a data controller with respect to the personal data of our users\u2014that is, where we determine the purposes and means of processing personal data. By using CamRound.com, you consent to the collection, processing, and transmission of personal [&hellip;]\" \/>\n<meta property=\"og:url\" content=\"https:\/\/camround.com\/cs\/privacy-policy\/\" \/>\n<meta property=\"og:site_name\" content=\"CamRound.com\" \/>\n<meta name=\"twitter:card\" content=\"summary_large_image\" \/>\n<meta name=\"twitter:label1\" content=\"Odhadovan\u00e1 doba \u010dten\u00ed\" \/>\n\t<meta name=\"twitter:data1\" content=\"5 minut\" \/>\n<script type=\"application\/ld+json\" class=\"yoast-schema-graph\">{\"@context\":\"https:\\\/\\\/schema.org\",\"@graph\":[{\"@type\":\"WebPage\",\"@id\":\"https:\\\/\\\/camround.com\\\/privacy-policy\\\/\",\"url\":\"https:\\\/\\\/camround.com\\\/privacy-policy\\\/\",\"name\":\"Privacy Policy - CamRound.com\",\"isPartOf\":{\"@id\":\"https:\\\/\\\/camround.com\\\/#website\"},\"datePublished\":\"2025-08-06T09:04:00+00:00\",\"breadcrumb\":{\"@id\":\"https:\\\/\\\/camround.com\\\/privacy-policy\\\/#breadcrumb\"},\"inLanguage\":\"cs\",\"potentialAction\":[{\"@type\":\"ReadAction\",\"target\":[\"https:\\\/\\\/camround.com\\\/privacy-policy\\\/\"]}]},{\"@type\":\"BreadcrumbList\",\"@id\":\"https:\\\/\\\/camround.com\\\/privacy-policy\\\/#breadcrumb\",\"itemListElement\":[{\"@type\":\"ListItem\",\"position\":1,\"name\":\"Home\",\"item\":\"https:\\\/\\\/camround.com\\\/\"},{\"@type\":\"ListItem\",\"position\":2,\"name\":\"Privacy Policy\"}]},{\"@type\":\"WebSite\",\"@id\":\"https:\\\/\\\/camround.com\\\/#website\",\"url\":\"https:\\\/\\\/camround.com\\\/\",\"name\":\"CamRound\",\"description\":\"Random Video Chat\",\"publisher\":{\"@id\":\"https:\\\/\\\/camround.com\\\/#organization\"},\"inLanguage\":\"cs\"},{\"@type\":\"Organization\",\"@id\":\"https:\\\/\\\/camround.com\\\/#organization\",\"name\":\"CamRound\",\"url\":\"https:\\\/\\\/camround.com\\\/\",\"logo\":{\"@type\":\"ImageObject\",\"inLanguage\":\"cs\",\"@id\":\"https:\\\/\\\/camround.com\\\/#\\\/schema\\\/logo\\\/image\\\/\",\"url\":\"https:\\\/\\\/camround.com\\\/wp-content\\\/uploads\\\/2021\\\/12\\\/C-Icon_1Color.png\",\"contentUrl\":\"https:\\\/\\\/camround.com\\\/wp-content\\\/uploads\\\/2021\\\/12\\\/C-Icon_1Color.png\",\"width\":1192,\"height\":1216,\"caption\":\"CamRound\"},\"image\":{\"@id\":\"https:\\\/\\\/camround.com\\\/#\\\/schema\\\/logo\\\/image\\\/\"}}]}<\/script>\n<!-- \/ Yoast SEO plugin. -->","yoast_head_json":{"title":"Z\u00e1sady ochrany osobn\u00edch \u00fadaj\u016f - CamRound.com","robots":{"index":"index","follow":"follow","max-snippet":"max-snippet:-1","max-image-preview":"max-image-preview:large","max-video-preview":"max-video-preview:-1"},"canonical":"https:\/\/camround.com\/cs\/privacy-policy\/","og_locale":"cs_CZ","og_type":"article","og_title":"Privacy Policy - CamRound.com","og_description":"We are committed to safeguarding the privacy of our service users. This policy applies where we act as a data controller with respect to the personal data of our users\u2014that is, where we determine the purposes and means of processing personal data. By using CamRound.com, you consent to the collection, processing, and transmission of personal [&hellip;]","og_url":"https:\/\/camround.com\/cs\/privacy-policy\/","og_site_name":"CamRound.com","twitter_card":"summary_large_image","twitter_misc":{"Odhadovan\u00e1 doba \u010dten\u00ed":"5 minut"},"schema":{"@context":"https:\/\/schema.org","@graph":[{"@type":"WebPage","@id":"https:\/\/camround.com\/privacy-policy\/","url":"https:\/\/camround.com\/privacy-policy\/","name":"Z\u00e1sady ochrany osobn\u00edch \u00fadaj\u016f - CamRound.com","isPartOf":{"@id":"https:\/\/camround.com\/#website"},"datePublished":"2025-08-06T09:04:00+00:00","breadcrumb":{"@id":"https:\/\/camround.com\/privacy-policy\/#breadcrumb"},"inLanguage":"cs","potentialAction":[{"@type":"ReadAction","target":["https:\/\/camround.com\/privacy-policy\/"]}]},{"@type":"BreadcrumbList","@id":"https:\/\/camround.com\/privacy-policy\/#breadcrumb","itemListElement":[{"@type":"ListItem","position":1,"name":"Home","item":"https:\/\/camround.com\/"},{"@type":"ListItem","position":2,"name":"Privacy Policy"}]},{"@type":"WebSite","@id":"https:\/\/camround.com\/#website","url":"https:\/\/camround.com\/","name":"CamRound","description":"N\u00e1hodn\u00fd videochat","publisher":{"@id":"https:\/\/camround.com\/#organization"},"inLanguage":"cs"},{"@type":"Organization","@id":"https:\/\/camround.com\/#organization","name":"CamRound","url":"https:\/\/camround.com\/","logo":{"@type":"ImageObject","inLanguage":"cs","@id":"https:\/\/camround.com\/#\/schema\/logo\/image\/","url":"https:\/\/camround.com\/wp-content\/uploads\/2021\/12\/C-Icon_1Color.png","contentUrl":"https:\/\/camround.com\/wp-content\/uploads\/2021\/12\/C-Icon_1Color.png","width":1192,"height":1216,"caption":"CamRound"},"image":{"@id":"https:\/\/camround.com\/#\/schema\/logo\/image\/"}}]}},"_links":{"self":[{"href":"https:\/\/camround.com\/cs\/wp-json\/wp\/v2\/pages\/1225","targetHints":{"allow":["GET"]}}],"collection":[{"href":"https:\/\/camround.com\/cs\/wp-json\/wp\/v2\/pages"}],"about":[{"href":"https:\/\/camround.com\/cs\/wp-json\/wp\/v2\/types\/page"}],"author":[{"embeddable":true,"href":"https:\/\/camround.com\/cs\/wp-json\/wp\/v2\/users\/1"}],"replies":[{"embeddable":true,"href":"https:\/\/camround.com\/cs\/wp-json\/wp\/v2\/comments?post=1225"}],"version-history":[{"count":1,"href":"https:\/\/camround.com\/cs\/wp-json\/wp\/v2\/pages\/1225\/revisions"}],"predecessor-version":[{"id":1226,"href":"https:\/\/camround.com\/cs\/wp-json\/wp\/v2\/pages\/1225\/revisions\/1226"}],"wp:attachment":[{"href":"https:\/\/camround.com\/cs\/wp-json\/wp\/v2\/media?parent=1225"}],"curies":[{"name":"wp","href":"https:\/\/api.w.org\/{rel}","templated":true}]}}