{"id":1227,"date":"2025-08-06T11:06:15","date_gmt":"2025-08-06T09:06:15","guid":{"rendered":"https:\/\/camround.com\/?page_id=1227"},"modified":"2025-08-06T11:06:15","modified_gmt":"2025-08-06T09:06:15","slug":"refunds-chargeback","status":"publish","type":"page","link":"https:\/\/camround.com\/cs\/refunds-chargeback\/","title":{"rendered":"Vr\u00e1cen\u00ed pen\u011bz a storno plateb"},"content":{"rendered":"<p>D\u011bkujeme za n\u00e1v\u0161t\u011bvu <a href=\"https:\/\/camround.com\/cs\/\">CamRound<\/a>.com. Upozor\u0148ujeme, \u017ee ve\u0161ker\u00e9 faktura\u010dn\u00ed, refunda\u010dn\u00ed, storno poplatky a dotazy t\u00fdkaj\u00edc\u00ed se z\u00e1kaznick\u00e9 podpory souvisej\u00edc\u00ed s n\u00e1kupy uskute\u010dn\u011bn\u00fdmi prost\u0159ednictv\u00edm odkaz\u016f na t\u011bchto webov\u00fdch str\u00e1nk\u00e1ch spravuje v\u00fdhradn\u011b <a href=\"https:\/\/camround.com\/cs\/coomeet\/\">CooMeet<\/a>Jako nez\u00e1visl\u00e1 p\u0159idru\u017een\u00e1 spole\u010dnost CamRound.com nezpracov\u00e1v\u00e1 platby, ne\u0159e\u0161\u00ed probl\u00e9my s fakturac\u00ed ani platbami ani neposkytuje p\u0159\u00edmou z\u00e1kaznickou podporu pro transakce zahrnuj\u00edc\u00ed slu\u017eby CooMeet.<\/p>\n<h2>Digit\u00e1ln\u00ed produkty a slu\u017eby<\/h2>\n<p>CamRound.com propaguje digit\u00e1ln\u00ed produkty a slu\u017eby poskytovan\u00e9 spole\u010dnost\u00ed CooMeet, jako jsou p\u0159edplatn\u00e9, pr\u00e9miov\u00e9 \u010dlenstv\u00ed a dal\u0161\u00ed funkce. Tyto nab\u00eddky jsou nehmotn\u00e9 a jsou poskytov\u00e1ny digit\u00e1ln\u011b platformou t\u0159et\u00ed strany.<\/p>\n<p>P\u0159ed proveden\u00edm jak\u00e9hokoli n\u00e1kupu v\u00e1m d\u016frazn\u011b doporu\u010dujeme pe\u010dliv\u011b si prohl\u00e9dnout popis produktu nebo slu\u017eby, abyste se ujistili, \u017ee odpov\u00edd\u00e1 va\u0161im pot\u0159eb\u00e1m a o\u010dek\u00e1v\u00e1n\u00edm.<\/p>\n<p>Pokud m\u00e1te jak\u00e9koli dotazy ohledn\u011b funkc\u00ed, cen, podm\u00ednek p\u0159edplatn\u00e9ho nebo podrobnost\u00ed o slu\u017eb\u011b, kontaktujte pros\u00edm p\u0159ed dokon\u010den\u00edm n\u00e1kupu ofici\u00e1ln\u00ed t\u00fdm podpory CooMeet. CamRound.com nen\u00ed opr\u00e1vn\u011bn up\u0159es\u0148ovat ani upravovat \u017e\u00e1dn\u00e9 podrobnosti o produktech nebo slu\u017eb\u00e1ch.<\/p>\n<h2>Z\u00e1sady vr\u00e1cen\u00ed pen\u011bz<\/h2>\n<p>Vzhledem k tomu, \u017ee za zpracov\u00e1n\u00ed plateb je v\u00fdhradn\u011b zodpov\u011bdn\u00e1 spole\u010dnost CooMeet, mus\u00ed b\u00fdt ve\u0161ker\u00e9 \u017e\u00e1dosti o vr\u00e1cen\u00ed pen\u011bz sm\u011b\u0159ov\u00e1ny na jej\u00ed z\u00e1kaznickou podporu. Vr\u00e1cen\u00ed pen\u011bz m\u016f\u017ee b\u00fdt zv\u00e1\u017eeno za ur\u010dit\u00fdch okolnost\u00ed, v\u010detn\u011b:<\/p>\n<ul>\n<li>Duplicitn\u00ed transakce<\/li>\n<li>Technick\u00e9 chyby<\/li>\n<li>Neopr\u00e1vn\u011bn\u00e9 poplatky<\/li>\n<\/ul>\n<p>Chcete-li po\u017e\u00e1dat o vr\u00e1cen\u00ed pen\u011bz od CooMeet, budete muset poskytnout:<\/p>\n<ul>\n<li>Datum a v\u00fd\u0161e platby<\/li>\n<li>Pou\u017eit\u00e1 platebn\u00ed metoda<\/li>\n<li>ID transakce nebo \u010d\u00edslo objedn\u00e1vky<\/li>\n<li>D\u016fvod va\u0161\u00ed \u017e\u00e1dosti o vr\u00e1cen\u00ed pen\u011bz<\/li>\n<\/ul>\n<p>Pokud bude va\u0161e vr\u00e1cen\u00ed pen\u011bz schv\u00e1leno, po\u010d\u00edtejte pros\u00edm s 3\u201310 pracovn\u00edmi dny, ne\u017e va\u0161e banka nebo vydavatel karty vr\u00e1cen\u00ed pen\u011bz zpracuj\u00ed. CamRound.com nem\u016f\u017ee sledovat, urychlovat ani ovliv\u0148ovat na\u010dasov\u00e1n\u00ed jak\u00fdchkoli vr\u00e1cen\u00ed pen\u011bz vydan\u00fdch spole\u010dnost\u00ed CooMeet. Pro aktualizace stavu kontaktujte pros\u00edm p\u0159\u00edmo podporu CooMeet.<\/p>\n<h2>Vr\u00e1cen\u00ed plateb<\/h2>\n<p>Pokud zva\u017eujete storno platbu, d\u016frazn\u011b doporu\u010dujeme nejprve kontaktovat podporu CooMeet a pokusit se v\u00e1\u0161 probl\u00e9m vy\u0159e\u0161it. Zah\u00e1jen\u00ed storna platby bez p\u0159edchoz\u00edho vyhled\u00e1n\u00ed pomoci m\u016f\u017ee va\u0161e \u0159e\u0161en\u00ed zpozdit a mohlo by v\u00e9st k omezen\u00ed va\u0161eho \u00fa\u010dtu CooMeet nebo budouc\u00edho p\u0159\u00edstupu.<\/p>\n<p>V\u0161echny \u017e\u00e1dosti o vr\u00e1cen\u00ed pen\u011bz jsou kontrolov\u00e1ny spole\u010dnost\u00ed CooMeet. Pod\u00e1n\u00ed podvodn\u00e9 nebo nepodlo\u017een\u00e9 \u017e\u00e1dosti o vr\u00e1cen\u00ed pen\u011bz m\u016f\u017ee v\u00e9st k poru\u0161en\u00ed jejich podm\u00ednek slu\u017eby a k pozastaven\u00ed \u00fa\u010dtu.<\/p>\n<h2>Slu\u017eby a odkazy t\u0159et\u00edch stran<\/h2>\n<p>CamRound.com obsahuje odkazy na platformy a slu\u017eby t\u0159et\u00edch stran, v\u010detn\u011b CooMeet. Ve\u0161ker\u00e9 produkty nebo slu\u017eby p\u0159\u00edstupn\u00e9 prost\u0159ednictv\u00edm t\u011bchto odkaz\u016f podl\u00e9haj\u00ed podm\u00ednk\u00e1m a z\u00e1sad\u00e1m dan\u00e9 t\u0159et\u00ed strany.<\/p>\n<p>Nejsme zodpov\u011bdn\u00ed za provoz, obsah ani z\u00e1kaznickou podporu extern\u00edch slu\u017eeb a nem\u016f\u017eeme zasahovat do jejich platebn\u00edch postup\u016f ani postup\u016f vr\u00e1cen\u00ed pen\u011bz. V p\u0159\u00edpad\u011b jak\u00fdchkoli probl\u00e9m\u016f s n\u00e1kupem, kter\u00e9 se t\u00fdkaj\u00ed extern\u00edch poskytovatel\u016f, se pros\u00edm obra\u0165te p\u0159\u00edmo na p\u0159\u00edslu\u0161n\u00fd t\u00fdm podpory.<\/p>\n<h2>Kontaktov\u00e1n\u00ed CamRound.com<\/h2>\n<p>Pokud m\u00e1te dotazy ohledn\u011b obsahu na\u0161ich webov\u00fdch str\u00e1nek nebo na\u0161eho partnersk\u00e9ho vztahu se spole\u010dnost\u00ed CooMeet, m\u016f\u017eete n\u00e1s kontaktovat prost\u0159ednictv\u00edm na\u0161\u00ed kontaktn\u00ed str\u00e1nky. Upozor\u0148ujeme v\u0161ak, \u017ee CamRound.com v\u00e1m nem\u016f\u017ee pomoci s fakturac\u00ed, vr\u00e1cen\u00edm pen\u011bz ani s p\u0159edplatn\u00fdm t\u00fdkaj\u00edc\u00edm se spole\u010dnosti CooMeet nebo jin\u00fdch slu\u017eeb t\u0159et\u00edch stran \u2013 tyto z\u00e1le\u017eitosti je nutn\u00e9 \u0159e\u0161it p\u0159\u00edmo s p\u0159\u00edslu\u0161n\u00fdm poskytovatelem.<\/p>","protected":false},"excerpt":{"rendered":"<p>Thank you for visiting CamRound.com. Please note that all billing, refunds, chargebacks, and customer support inquiries related to purchases made through links on this website are exclusively managed by CooMeet. As an independent affiliate, CamRound.com does not process payments, handle billing or payment issues, or provide direct customer support for transactions involving CooMeet services. Digital [&hellip;]<\/p>\n","protected":false},"author":1,"featured_media":0,"parent":0,"menu_order":0,"comment_status":"closed","ping_status":"closed","template":"","meta":{"footnotes":""},"class_list":["post-1227","page","type-page","status-publish","hentry"],"yoast_head":"<!-- This site is optimized with the Yoast SEO plugin v27.3 - https:\/\/yoast.com\/product\/yoast-seo-wordpress\/ -->\n<title>Refunds &amp; Chargeback - CamRound.com<\/title>\n<meta name=\"robots\" content=\"index, follow, max-snippet:-1, max-image-preview:large, max-video-preview:-1\" \/>\n<link rel=\"canonical\" href=\"https:\/\/camround.com\/cs\/refunds-chargeback\/\" \/>\n<meta property=\"og:locale\" content=\"cs_CZ\" \/>\n<meta property=\"og:type\" content=\"article\" \/>\n<meta property=\"og:title\" content=\"Refunds &amp; Chargeback - CamRound.com\" \/>\n<meta property=\"og:description\" content=\"Thank you for visiting CamRound.com. Please note that all billing, refunds, chargebacks, and customer support inquiries related to purchases made through links on this website are exclusively managed by CooMeet. As an independent affiliate, CamRound.com does not process payments, handle billing or payment issues, or provide direct customer support for transactions involving CooMeet services. Digital [&hellip;]\" \/>\n<meta property=\"og:url\" content=\"https:\/\/camround.com\/cs\/refunds-chargeback\/\" \/>\n<meta property=\"og:site_name\" content=\"CamRound.com\" \/>\n<meta name=\"twitter:card\" content=\"summary_large_image\" \/>\n<meta name=\"twitter:label1\" content=\"Odhadovan\u00e1 doba \u010dten\u00ed\" \/>\n\t<meta name=\"twitter:data1\" content=\"2 minuty\" \/>\n<script type=\"application\/ld+json\" class=\"yoast-schema-graph\">{\"@context\":\"https:\\\/\\\/schema.org\",\"@graph\":[{\"@type\":\"WebPage\",\"@id\":\"https:\\\/\\\/camround.com\\\/refunds-chargeback\\\/\",\"url\":\"https:\\\/\\\/camround.com\\\/refunds-chargeback\\\/\",\"name\":\"Refunds & Chargeback - CamRound.com\",\"isPartOf\":{\"@id\":\"https:\\\/\\\/camround.com\\\/#website\"},\"datePublished\":\"2025-08-06T09:06:15+00:00\",\"breadcrumb\":{\"@id\":\"https:\\\/\\\/camround.com\\\/refunds-chargeback\\\/#breadcrumb\"},\"inLanguage\":\"cs\",\"potentialAction\":[{\"@type\":\"ReadAction\",\"target\":[\"https:\\\/\\\/camround.com\\\/refunds-chargeback\\\/\"]}]},{\"@type\":\"BreadcrumbList\",\"@id\":\"https:\\\/\\\/camround.com\\\/refunds-chargeback\\\/#breadcrumb\",\"itemListElement\":[{\"@type\":\"ListItem\",\"position\":1,\"name\":\"Home\",\"item\":\"https:\\\/\\\/camround.com\\\/\"},{\"@type\":\"ListItem\",\"position\":2,\"name\":\"Refunds &#038; Chargeback\"}]},{\"@type\":\"WebSite\",\"@id\":\"https:\\\/\\\/camround.com\\\/#website\",\"url\":\"https:\\\/\\\/camround.com\\\/\",\"name\":\"CamRound\",\"description\":\"Random Video Chat\",\"publisher\":{\"@id\":\"https:\\\/\\\/camround.com\\\/#organization\"},\"inLanguage\":\"cs\"},{\"@type\":\"Organization\",\"@id\":\"https:\\\/\\\/camround.com\\\/#organization\",\"name\":\"CamRound\",\"url\":\"https:\\\/\\\/camround.com\\\/\",\"logo\":{\"@type\":\"ImageObject\",\"inLanguage\":\"cs\",\"@id\":\"https:\\\/\\\/camround.com\\\/#\\\/schema\\\/logo\\\/image\\\/\",\"url\":\"https:\\\/\\\/camround.com\\\/wp-content\\\/uploads\\\/2021\\\/12\\\/C-Icon_1Color.png\",\"contentUrl\":\"https:\\\/\\\/camround.com\\\/wp-content\\\/uploads\\\/2021\\\/12\\\/C-Icon_1Color.png\",\"width\":1192,\"height\":1216,\"caption\":\"CamRound\"},\"image\":{\"@id\":\"https:\\\/\\\/camround.com\\\/#\\\/schema\\\/logo\\\/image\\\/\"}}]}<\/script>\n<!-- \/ Yoast SEO plugin. -->","yoast_head_json":{"title":"Vr\u00e1cen\u00ed pen\u011bz a vr\u00e1cen\u00ed pen\u011bz - CamRound.com","robots":{"index":"index","follow":"follow","max-snippet":"max-snippet:-1","max-image-preview":"max-image-preview:large","max-video-preview":"max-video-preview:-1"},"canonical":"https:\/\/camround.com\/cs\/refunds-chargeback\/","og_locale":"cs_CZ","og_type":"article","og_title":"Refunds & Chargeback - CamRound.com","og_description":"Thank you for visiting CamRound.com. Please note that all billing, refunds, chargebacks, and customer support inquiries related to purchases made through links on this website are exclusively managed by CooMeet. As an independent affiliate, CamRound.com does not process payments, handle billing or payment issues, or provide direct customer support for transactions involving CooMeet services. Digital [&hellip;]","og_url":"https:\/\/camround.com\/cs\/refunds-chargeback\/","og_site_name":"CamRound.com","twitter_card":"summary_large_image","twitter_misc":{"Odhadovan\u00e1 doba \u010dten\u00ed":"2 minuty"},"schema":{"@context":"https:\/\/schema.org","@graph":[{"@type":"WebPage","@id":"https:\/\/camround.com\/refunds-chargeback\/","url":"https:\/\/camround.com\/refunds-chargeback\/","name":"Vr\u00e1cen\u00ed pen\u011bz a vr\u00e1cen\u00ed pen\u011bz - CamRound.com","isPartOf":{"@id":"https:\/\/camround.com\/#website"},"datePublished":"2025-08-06T09:06:15+00:00","breadcrumb":{"@id":"https:\/\/camround.com\/refunds-chargeback\/#breadcrumb"},"inLanguage":"cs","potentialAction":[{"@type":"ReadAction","target":["https:\/\/camround.com\/refunds-chargeback\/"]}]},{"@type":"BreadcrumbList","@id":"https:\/\/camround.com\/refunds-chargeback\/#breadcrumb","itemListElement":[{"@type":"ListItem","position":1,"name":"Home","item":"https:\/\/camround.com\/"},{"@type":"ListItem","position":2,"name":"Refunds &#038; Chargeback"}]},{"@type":"WebSite","@id":"https:\/\/camround.com\/#website","url":"https:\/\/camround.com\/","name":"CamRound","description":"N\u00e1hodn\u00fd videochat","publisher":{"@id":"https:\/\/camround.com\/#organization"},"inLanguage":"cs"},{"@type":"Organization","@id":"https:\/\/camround.com\/#organization","name":"CamRound","url":"https:\/\/camround.com\/","logo":{"@type":"ImageObject","inLanguage":"cs","@id":"https:\/\/camround.com\/#\/schema\/logo\/image\/","url":"https:\/\/camround.com\/wp-content\/uploads\/2021\/12\/C-Icon_1Color.png","contentUrl":"https:\/\/camround.com\/wp-content\/uploads\/2021\/12\/C-Icon_1Color.png","width":1192,"height":1216,"caption":"CamRound"},"image":{"@id":"https:\/\/camround.com\/#\/schema\/logo\/image\/"}}]}},"_links":{"self":[{"href":"https:\/\/camround.com\/cs\/wp-json\/wp\/v2\/pages\/1227","targetHints":{"allow":["GET"]}}],"collection":[{"href":"https:\/\/camround.com\/cs\/wp-json\/wp\/v2\/pages"}],"about":[{"href":"https:\/\/camround.com\/cs\/wp-json\/wp\/v2\/types\/page"}],"author":[{"embeddable":true,"href":"https:\/\/camround.com\/cs\/wp-json\/wp\/v2\/users\/1"}],"replies":[{"embeddable":true,"href":"https:\/\/camround.com\/cs\/wp-json\/wp\/v2\/comments?post=1227"}],"version-history":[{"count":1,"href":"https:\/\/camround.com\/cs\/wp-json\/wp\/v2\/pages\/1227\/revisions"}],"predecessor-version":[{"id":1228,"href":"https:\/\/camround.com\/cs\/wp-json\/wp\/v2\/pages\/1227\/revisions\/1228"}],"wp:attachment":[{"href":"https:\/\/camround.com\/cs\/wp-json\/wp\/v2\/media?parent=1227"}],"curies":[{"name":"wp","href":"https:\/\/api.w.org\/{rel}","templated":true}]}}