{"id":1229,"date":"2025-08-06T11:09:04","date_gmt":"2025-08-06T09:09:04","guid":{"rendered":"https:\/\/camround.com\/?page_id=1229"},"modified":"2025-08-06T11:09:04","modified_gmt":"2025-08-06T09:09:04","slug":"terms-conditions","status":"publish","type":"page","link":"https:\/\/camround.com\/cs\/terms-conditions\/","title":{"rendered":"Obchodn\u00ed podm\u00ednky"},"content":{"rendered":"<p>Tento dokument (\u201ePodm\u00ednky slu\u017eby\u201c, \u201ePodm\u00ednky\u201c, \u201eU\u017eivatelsk\u00e1 smlouva\u201c nebo \u201eSmlouva\u201c) p\u0159edstavuje pr\u00e1vn\u011b z\u00e1vaznou dohodu mezi u\u017eivateli (\u201evy\u201c, \u201ev\u00e1\u0161\u201c, \u201eu\u017eivatel\u201c, \u201en\u00e1v\u0161t\u011bvn\u00edk\u201c), a\u0165 u\u017e se jedn\u00e1 o jednotlivce, firmy nebo organizace, a <a href=\"https:\/\/camround.com\/cs\/\">CamRound<\/a>.com (tak\u00e9 ozna\u010dov\u00e1no jako \u201eCamRound\u201c, \u201eSpole\u010dnost\u201c, \u201eWebov\u00e9 str\u00e1nky\u201c nebo \u201eStr\u00e1nky\u201c). Odkazy na \u201emy\u201c, \u201en\u00e1s\u201c nebo \u201ena\u0161e\u201c ozna\u010duj\u00ed CamRound.com.<\/p>\n<h2>Prohl\u00e1\u0161en\u00ed o vylou\u010den\u00ed odpov\u011bdnosti za p\u0159idru\u017een\u00e9 spole\u010dnosti a t\u0159et\u00ed strany<\/h2>\n<p>CamRound.com je platforma pro recenze a partnersk\u00e9 slu\u017eby. Nevlastn\u00edme ani neprovozujeme n\u00e1stroje, platformy ani slu\u017eby, kter\u00e9 jsou recenzov\u00e1ny, odkazov\u00e1ny nebo zm\u00edn\u011bny na tomto webu. M\u016f\u017eeme z\u00edsk\u00e1vat provize nebo poplatky, kdy\u017e u\u017eivatel\u00e9 kliknou na partnersk\u00e9 odkazy nebo se zaregistruj\u00ed do slu\u017eeb t\u0159et\u00edch stran prost\u0159ednictv\u00edm na\u0161ich doporu\u010den\u00ed. Pou\u017e\u00edv\u00e1n\u00ed jak\u00e9koli slu\u017eby t\u0159et\u00ed strany je na va\u0161e vlastn\u00ed riziko a podl\u00e9h\u00e1 podm\u00ednk\u00e1m a z\u00e1sad\u00e1m t\u011bchto poskytovatel\u016f. Neneseme \u017e\u00e1dnou odpov\u011bdnost za obsah, postupy ani z\u00e1sady \u017e\u00e1dn\u00fdch web\u016f nebo slu\u017eeb t\u0159et\u00edch stran, kter\u00e9 jsou uvedeny nebo odkazov\u00e1ny na webu CamRound.com.<\/p>\n<h2>Zp\u016fsobilost<\/h2>\n<p>P\u0159\u00edstupem na str\u00e1nky CamRound.com a jejich slu\u017eby a jejich pou\u017e\u00edv\u00e1n\u00edm potvrzujete, \u017ee v\u00e1m je alespo\u0148 18 let (nebo \u017ee jste dos\u00e1hli z\u00e1konn\u00e9ho v\u011bku ve va\u0161\u00ed jurisdikci, pokud je v\u00e1m 18 let v\u00edce).<\/p>\n<p>Pou\u017e\u00edv\u00e1n\u00edm na\u0161ich webov\u00fdch str\u00e1nek souhlas\u00edte s t\u011bmito Podm\u00ednkami, na\u0161imi Pravidly, Z\u00e1sadami ochrany osobn\u00edch \u00fadaj\u016f a Z\u00e1sadami vr\u00e1cen\u00ed pen\u011bz.<\/p>\n<h2>P\u0159\u00edstup k webov\u00fdm str\u00e1nk\u00e1m a jejich pou\u017e\u00edv\u00e1n\u00ed<\/h2>\n<p>Ud\u011blujeme v\u00e1m nev\u00fdhradn\u00ed, nep\u0159enosnou a odvolatelnou licenci k p\u0159\u00edstupu a u\u017e\u00edv\u00e1n\u00ed str\u00e1nek CamRound.com v p\u0159\u00edsn\u00e9m souladu s t\u011bmito Podm\u00ednkami. Va\u0161e pr\u00e1va nejsou p\u0159evoditeln\u00e1 ani postoupen\u00e1.<\/p>\n<p>Tato Smlouva nezakl\u00e1d\u00e1 mezi v\u00e1mi a n\u00e1mi \u017e\u00e1dn\u00fd partnersk\u00fd, spole\u010dn\u00fd podnik, pracovn\u00ed, zastoupeneck\u00fd ani fran\u0161\u00edzorsko-fran\u0161\u00edzantsk\u00fd vztah.<\/p>\n<p>Vyhrazujeme si pr\u00e1vo pozastavit nebo ukon\u010dit provoz webov\u00fdch str\u00e1nek, do\u010dasn\u011b nebo trvale, z d\u016fvodu \u00fadr\u017eby, aktualizac\u00ed, technick\u00fdch, pr\u00e1vn\u00edch, obchodn\u00edch nebo jak\u00fdchkoli jin\u00fdch opr\u00e1vn\u011bn\u00fdch d\u016fvod\u016f. Neneseme odpov\u011bdnost za \u017e\u00e1dn\u00e9 \u0161kody ani \u00fajmy vypl\u00fdvaj\u00edc\u00ed z nedostupnosti nebo technick\u00fdch probl\u00e9m\u016f, v\u010detn\u011b, ale nikoli v\u00fdhradn\u011b, selh\u00e1n\u00ed hardwaru nebo softwaru, \u00fatok\u016f hacker\u016f nebo vy\u0161\u0161\u00ed moci.<\/p>\n<p>N\u00e1klady na internet a datov\u00e9 p\u0159ipojen\u00ed hrad\u00edte sami. Doporu\u010dujeme u\u017eivatel\u016fm, aby si p\u0159ed pou\u017eit\u00edm webu CamRound.com byli v\u011bdomi potenci\u00e1ln\u00edch n\u00e1klad\u016f.<\/p>\n<h2>U\u017eivatelsk\u00fd obsah<\/h2>\n<p>U\u017eivatel\u00e9 mohou p\u0159en\u00e1\u0161et text, zvuk a <a href=\"https:\/\/camround.com\/cs\/vidizzy\/\">video<\/a> informace ostatn\u00edm. Zp\u0159\u00edstupn\u011bn\u00edm jak\u00e9hokoli u\u017eivatelsk\u00e9ho obsahu prost\u0159ednictv\u00edm CamRound.com n\u00e1m ud\u011blujete celosv\u011btovou, neodvolatelnou, trvalou, nev\u00fdhradn\u00ed, p\u0159evoditelnou a bezplatnou licenci (s pr\u00e1vem sublicencov\u00e1n\u00ed) k pou\u017e\u00edv\u00e1n\u00ed, \u00faprav\u00e1m, \u00faprav\u00e1m, distribuci, zobrazov\u00e1n\u00ed, prov\u00e1d\u011bn\u00ed a jin\u00e9mu vyu\u017e\u00edv\u00e1n\u00ed takov\u00e9ho obsahu na CamRound.com a webov\u00fdch str\u00e1nk\u00e1ch t\u0159et\u00edch stran nebo jejich prost\u0159ednictv\u00edm, a to i pro komer\u010dn\u00ed \u00fa\u010dely.<\/p>\n<p>Nen\u00e1rokujeme si vlastnictv\u00ed va\u0161eho obsahu a nic v t\u00e9to Smlouv\u011b neomezuje va\u0161e pr\u00e1va k va\u0161emu vlastn\u00edmu obsahu. Vy v\u0161ak nesete v\u00fdhradn\u00ed odpov\u011bdnost za ve\u0161ker\u00fd obsah, kter\u00fd zp\u0159\u00edstupn\u00edte prost\u0159ednictv\u00edm Webov\u00fdch str\u00e1nek. Prohla\u0161ujete a zaru\u010dujete, \u017ee vlastn\u00edte nebo m\u00e1te v\u0161echna pot\u0159ebn\u00e1 pr\u00e1va k obsahu, kter\u00fd odes\u00edl\u00e1te, a \u017ee takov\u00fd obsah neporu\u0161uje \u017e\u00e1dn\u00e1 pr\u00e1va t\u0159et\u00edch stran ani platn\u00e9 z\u00e1kony.<\/p>\n<p>Ve\u0161ker\u00fd ostatn\u00ed obsah na CamRound.com (v\u010detn\u011b grafiky a designu u\u017eivatelsk\u00e9ho rozhran\u00ed) je na\u0161\u00edm vlastnictv\u00edm.<\/p>\n<p>Souhlas\u00edte s t\u00edm, \u017ee nebudete poskytovat obsah, kter\u00fd je obsc\u00e9nn\u00ed, ur\u00e1\u017eliv\u00fd, nez\u00e1konn\u00fd nebo poru\u0161uje tyto Podm\u00ednky nebo na\u0161e Pravidla. Tak\u00e9 souhlas\u00edte s t\u00edm, \u017ee nebudete CamRound.com pou\u017e\u00edvat k komer\u010dn\u00ed propagaci nebo k z\u00edsk\u00e1v\u00e1n\u00ed v\u00fdhod, kter\u00e9 nejsou t\u011bmito Podm\u00ednkami povoleny.<\/p>\n<h2>Zlomysln\u00e1 aktivita u\u017eivatel\u016f<\/h2>\n<p>Souhlas\u00edte s t\u00edm, \u017ee nebudete:<\/p>\n<ul>\n<li>Zkoumat, skenovat nebo testovat zranitelnost na\u0161ich syst\u00e9m\u016f;<\/li>\n<li>Obch\u00e1zet nebo deaktivovat bezpe\u010dnostn\u00ed opat\u0159en\u00ed;<\/li>\n<li>Pou\u017e\u00edvat neopr\u00e1vn\u011bn\u00e9 n\u00e1stroje (pavouky, boty, crawlery) k p\u0159\u00edstupu k obsahu nebo jeho stahov\u00e1n\u00ed;<\/li>\n<li>Pad\u011blat z\u00e1hlav\u00ed nebo zas\u00edlat zav\u00e1d\u011bj\u00edc\u00ed informace;<\/li>\n<li>Zp\u011btn\u011b analyzovat nebo zasahovat do webov\u00fdch str\u00e1nek;<\/li>\n<li>Zasahovat do p\u0159\u00edstupu u\u017eivatel\u016f, v\u010detn\u011b zas\u00edl\u00e1n\u00ed vir\u016f, spamu nebo p\u0159et\u00ed\u017een\u00ed server\u016f;<\/li>\n<li>Vyvinout konkuren\u010dn\u00ed webovou str\u00e1nku nebo slu\u017ebu;<\/li>\n<li>Nab\u00e1dat ostatn\u00ed k poru\u0161ov\u00e1n\u00ed t\u011bchto Podm\u00ednek.<\/li>\n<\/ul>\n<h2>Placen\u00e9 produkty a slu\u017eby<\/h2>\n<p>CamRound.com m\u016f\u017ee nab\u00edzet placen\u00e9 produkty nebo slu\u017eby, v\u010detn\u011b digit\u00e1ln\u00edho zbo\u017e\u00ed, p\u0159edplatn\u00e9ho nebo pr\u00e9miov\u00fdch funkc\u00ed. Proveden\u00edm n\u00e1kupu zaru\u010dujete, \u017ee:<\/p>\n<ul>\n<li>P\u0159e\u010detl\/a jste si a porozum\u011bl\/a jste popisu produktu\/slu\u017eby;<\/li>\n<li>Va\u0161e platebn\u00ed \u00fadaje jsou p\u0159esn\u00e9 a \u00fapln\u00e9;<\/li>\n<li>Ve\u0161ker\u00e9 poplatky uhrad\u00ed va\u0161e banka nebo spole\u010dnost, kter\u00e1 v\u00e1m vydala platebn\u00ed kartu;<\/li>\n<li>Za jak\u00e9koli poplatky za neuhrazenou platbu nesete odpov\u011bdnost.<\/li>\n<\/ul>\n<p>Placen\u00e9 funkce nelze p\u0159ev\u00e9st na jin\u00e9 osoby. Ve\u0161ker\u00e9 platby podl\u00e9haj\u00ed na\u0161im Z\u00e1sad\u00e1m pro vr\u00e1cen\u00ed pen\u011bz.<\/p>\n<p>Pokud m\u00e1te n\u00e1mitku proti platb\u011b, kontaktujte n\u00e1s p\u0159ed zah\u00e1jen\u00edm storna platby. Pokud bude \u017e\u00e1dost o n\u00e1hradu opr\u00e1vn\u011bn\u00e1, vr\u00e1t\u00edme v\u00e1m pen\u00edze; pokud bude zam\u00edtnuta, m\u016f\u017eete se obr\u00e1tit na svou banku.<\/p>\n<p>Vyhrazujeme si pr\u00e1vo kdykoli aktualizovat platebn\u00ed a refunda\u010dn\u00ed podm\u00ednky. V\u00fdznamn\u00e9 zm\u011bny v\u00e1s oprav\u0148uj\u00ed k ukon\u010den\u00ed pou\u017e\u00edv\u00e1n\u00ed webov\u00fdch str\u00e1nek.<\/p>\n<h2>Extern\u00ed odkazy<\/h2>\n<p>Na webu CamRound.com m\u016f\u017eeme um\u00edstit odkazy na webov\u00e9 str\u00e1nky a zbo\u017e\u00ed t\u0159et\u00edch stran. Sna\u017e\u00edme se odkazovat pouze na renomovan\u00e9 zdroje, ale nep\u0159eb\u00edr\u00e1me odpov\u011bdnost za obsah, soukrom\u00ed ani bezpe\u010dnost extern\u00edch webov\u00fdch str\u00e1nek. Pou\u017e\u00edv\u00e1n\u00ed t\u011bchto odkaz\u016f je na va\u0161e vlastn\u00ed nebezpe\u010d\u00ed.<\/p>\n<h2>Propojen\u00ed a vkl\u00e1d\u00e1n\u00ed<\/h2>\n<p>M\u016f\u017eete odkazovat na CamRound.com nebo jej vkl\u00e1dat do sv\u00fdch vlastn\u00edch zdroj\u016f za p\u0159edpokladu, \u017ee:<\/p>\n<ul>\n<li>\u017d\u00e1dnou \u010d\u00e1st webu CamRound.com nezakr\u00fdv\u00e1te ani nem\u011bn\u00edte;<\/li>\n<li>Va\u0161e str\u00e1nky nebo zdroje nejsou neleg\u00e1ln\u00ed ani pornografick\u00e9;<\/li>\n<li>Na na\u0161i \u017e\u00e1dost odstran\u00edte v\u0161echny odkazy\/vlo\u017een\u00e9 prvky.<\/li>\n<\/ul>\n<h2>Ukon\u010den\u00ed p\u0159\u00edstupu<\/h2>\n<p>Poru\u0161en\u00ed t\u011bchto Podm\u00ednek nebo na\u0161ich Pravidel m\u016f\u017ee m\u00edt za n\u00e1sledek omezen\u00fd nebo ukon\u010den\u00fd p\u0159\u00edstup k CamRound.com bez p\u0159edchoz\u00edho upozorn\u011bn\u00ed. K vym\u00e1h\u00e1n\u00ed t\u011bchto Podm\u00ednek m\u016f\u017eeme pou\u017e\u00edt technick\u00e9, pr\u00e1vn\u00ed nebo jin\u00e9 prost\u0159edky (v\u010detn\u011b blokov\u00e1n\u00ed IP adres). Sna\u017e\u00edme se u\u017eivatele o omezen\u00edch informovat, ale nejsme k tomu povinni. Doby z\u00e1kazu m\u016f\u017eeme dle na\u0161eho uv\u00e1\u017een\u00ed zm\u011bnit.<\/p>\n<p>Ustanoven\u00ed o omezen\u00ed odpov\u011bdnosti, vylou\u010den\u00ed odpov\u011bdnosti a od\u0161kodn\u011bn\u00ed plat\u00ed i po ukon\u010den\u00ed smlouvy.<\/p>\n<h2>Zneu\u017e\u00edv\u00e1n\u00ed a st\u00ed\u017enosti<\/h2>\n<p>Nahlaste zneu\u017eit\u00ed, poru\u0161en\u00ed autorsk\u00fdch pr\u00e1v nebo nespr\u00e1vn\u00e9 pou\u017eit\u00ed <a href=\"mailto:support@camround.com\">support@camround.com<\/a>Spory vy\u0159e\u0161en\u00e9 v rozporu s t\u011bmito Podm\u00ednkami nebo nez\u00e1konn\u00fdmi prost\u0159edky mohou v\u00e9st k omezen\u00ed nebo ukon\u010den\u00ed p\u0159\u00edstupu.<\/p>\n<h2>Omezen\u00ed odpov\u011bdnosti<\/h2>\n<p>Neneseme odpov\u011bdnost za jedn\u00e1n\u00ed u\u017eivatel\u016f ani za u\u017eivatelsk\u00fd obsah. Neneseme \u017e\u00e1dnou odpov\u011bdnost za p\u0159\u00edm\u00e9, nep\u0159\u00edm\u00e9, n\u00e1hodn\u00e9 ani n\u00e1sledn\u00e9 \u0161kody vypl\u00fdvaj\u00edc\u00ed z pou\u017e\u00edv\u00e1n\u00ed CamRound.com, v\u010detn\u011b, ale nikoli v\u00fdhradn\u011b, ztr\u00e1ty dat, p\u0159\u00edjmu, po\u0161kozen\u00ed hardwaru, p\u0159eru\u0161en\u00ed slu\u017eeb, neopr\u00e1vn\u011bn\u00e9ho p\u0159\u00edstupu nebo vy\u0161\u0161\u00ed moci.<\/p>\n<p>Souhlas\u00edte s t\u00edm, \u017ee od\u0161kodn\u00edte CamRound.com a jeho zam\u011bstnance za jak\u00e9koli n\u00e1roky, ztr\u00e1ty nebo n\u00e1klady vypl\u00fdvaj\u00edc\u00ed z va\u0161eho pou\u017e\u00edv\u00e1n\u00ed webov\u00fdch str\u00e1nek nebo va\u0161eho obsahu.<\/p>\n<h2>Zm\u011bny<\/h2>\n<p>Tyto Podm\u00ednky, Z\u00e1sady ochrany osobn\u00edch \u00fadaj\u016f, Z\u00e1sady vr\u00e1cen\u00ed pen\u011bz a Pravidla m\u016f\u017eeme kdykoli zm\u011bnit. Aktualizace nab\u00fdvaj\u00ed \u00fa\u010dinnosti jejich zve\u0159ejn\u011bn\u00edm. Va\u0161e dal\u0161\u00ed pou\u017e\u00edv\u00e1n\u00ed p\u0159edstavuje souhlas se zm\u011bnami. Pravideln\u011b si tyto dokumenty prohl\u00ed\u017eejte, zda nejsou aktualizov\u00e1ny.<\/p>\n<p>Pokud s jak\u00fdmikoli zm\u011bnami nesouhlas\u00edte, okam\u017eit\u011b p\u0159esta\u0148te p\u0159\u00edpravek pou\u017e\u00edvat.<\/p>\n<h2>Rozhodn\u00e9 pr\u00e1vo a spory<\/h2>\n<p>Tato smlouva se \u0159\u00edd\u00ed jihoafrick\u00fdm pr\u00e1vem. Pr\u00e1vn\u00ed spory mus\u00ed b\u00fdt p\u0159edlo\u017eeny jihoafrick\u00e9mu soudu. Jak\u00fdkoli n\u00e1rok mus\u00ed b\u00fdt pod\u00e1n do jednoho roku od jeho vzniku.<\/p>\n<h2>Dal\u0161\u00ed ustanoven\u00ed<\/h2>\n<p>V p\u0159\u00edpad\u011b poru\u0161en\u00ed m\u016f\u017eeme po\u017e\u00e1dat o pr\u00e1vn\u00ed ochranu nebo n\u00e1pravu v souladu se z\u00e1konem. Jako d\u016fkaz m\u016f\u017eeme pou\u017e\u00edt v\u00e1\u0161 avatar, sn\u00edmky obrazovky syst\u00e9mu, IP adresu, polohu, prohl\u00ed\u017ee\u010d a \u00fadaje o opera\u010dn\u00edm syst\u00e9mu.<\/p>\n<p>V p\u0159\u00edpad\u011b jazykov\u00fdch nesrovnalost\u00ed m\u00e1 p\u0159ednost anglick\u00e1 verze.<\/p>\n<p>Nadpisy klauzul\u00ed slou\u017e\u00ed pouze pro p\u0159ehlednost.<\/p>\n<h2>Kontakt<\/h2>\n<p>Pro hl\u00e1\u0161en\u00ed poru\u0161en\u00ed zas\u00edlejte zpr\u00e1vy na adresu <a href=\"mailto:support@camround.com\">support@camround.com<\/a> pro okam\u017eitou odpov\u011b\u010f. V dal\u0161\u00edch z\u00e1le\u017eitostech t\u00fdkaj\u00edc\u00edch se t\u011bchto Podm\u00ednek nebo CamRound.com kontaktujte <a href=\"mailto:support@camround.com\">support@camround.com<\/a>.<\/p>","protected":false},"excerpt":{"rendered":"<p>This document (&#8220;Terms of Service&#8221;, &#8220;Terms&#8221;, &#8220;User Agreement&#8221;, or &#8220;Agreement&#8221;) constitutes a legally binding agreement between users (&#8220;you,&#8221; &#8220;your,&#8221; &#8220;User,&#8221; &#8220;Visitor&#8221;), whether individuals, businesses, or organizations, and CamRound.com, (also referred to as &#8220;CamRound,&#8221; &#8220;Company,&#8221; &#8220;Website,&#8221; or &#8220;Site&#8221;). References to &#8220;we,&#8221; &#8220;us,&#8221; or &#8220;our&#8221; refer to CamRound.com. Affiliate and Third-Party Disclaimer CamRound.com is a review and [&hellip;]<\/p>\n","protected":false},"author":1,"featured_media":0,"parent":0,"menu_order":0,"comment_status":"closed","ping_status":"closed","template":"","meta":{"footnotes":""},"class_list":["post-1229","page","type-page","status-publish","hentry"],"yoast_head":"<!-- This site is optimized with the Yoast SEO plugin v27.3 - https:\/\/yoast.com\/product\/yoast-seo-wordpress\/ -->\n<title>Terms &amp; Conditions - CamRound.com<\/title>\n<meta name=\"robots\" content=\"index, follow, max-snippet:-1, max-image-preview:large, max-video-preview:-1\" \/>\n<link rel=\"canonical\" href=\"https:\/\/camround.com\/cs\/terms-conditions\/\" \/>\n<meta property=\"og:locale\" content=\"cs_CZ\" \/>\n<meta property=\"og:type\" content=\"article\" \/>\n<meta property=\"og:title\" content=\"Terms &amp; Conditions - CamRound.com\" \/>\n<meta property=\"og:description\" content=\"This document (&#8220;Terms of Service&#8221;, &#8220;Terms&#8221;, &#8220;User Agreement&#8221;, or &#8220;Agreement&#8221;) constitutes a legally binding agreement between users (&#8220;you,&#8221; &#8220;your,&#8221; &#8220;User,&#8221; &#8220;Visitor&#8221;), whether individuals, businesses, or organizations, and CamRound.com, (also referred to as &#8220;CamRound,&#8221; &#8220;Company,&#8221; &#8220;Website,&#8221; or &#8220;Site&#8221;). References to &#8220;we,&#8221; &#8220;us,&#8221; or &#8220;our&#8221; refer to CamRound.com. Affiliate and Third-Party Disclaimer CamRound.com is a review and [&hellip;]\" \/>\n<meta property=\"og:url\" content=\"https:\/\/camround.com\/cs\/terms-conditions\/\" \/>\n<meta property=\"og:site_name\" content=\"CamRound.com\" \/>\n<meta name=\"twitter:card\" content=\"summary_large_image\" \/>\n<meta name=\"twitter:label1\" content=\"Odhadovan\u00e1 doba \u010dten\u00ed\" \/>\n\t<meta name=\"twitter:data1\" content=\"5 minut\" \/>\n<script type=\"application\/ld+json\" class=\"yoast-schema-graph\">{\"@context\":\"https:\\\/\\\/schema.org\",\"@graph\":[{\"@type\":\"WebPage\",\"@id\":\"https:\\\/\\\/camround.com\\\/terms-conditions\\\/\",\"url\":\"https:\\\/\\\/camround.com\\\/terms-conditions\\\/\",\"name\":\"Terms & Conditions - CamRound.com\",\"isPartOf\":{\"@id\":\"https:\\\/\\\/camround.com\\\/#website\"},\"datePublished\":\"2025-08-06T09:09:04+00:00\",\"breadcrumb\":{\"@id\":\"https:\\\/\\\/camround.com\\\/terms-conditions\\\/#breadcrumb\"},\"inLanguage\":\"cs\",\"potentialAction\":[{\"@type\":\"ReadAction\",\"target\":[\"https:\\\/\\\/camround.com\\\/terms-conditions\\\/\"]}]},{\"@type\":\"BreadcrumbList\",\"@id\":\"https:\\\/\\\/camround.com\\\/terms-conditions\\\/#breadcrumb\",\"itemListElement\":[{\"@type\":\"ListItem\",\"position\":1,\"name\":\"Home\",\"item\":\"https:\\\/\\\/camround.com\\\/\"},{\"@type\":\"ListItem\",\"position\":2,\"name\":\"Terms &#038; Conditions\"}]},{\"@type\":\"WebSite\",\"@id\":\"https:\\\/\\\/camround.com\\\/#website\",\"url\":\"https:\\\/\\\/camround.com\\\/\",\"name\":\"CamRound\",\"description\":\"Random Video Chat\",\"publisher\":{\"@id\":\"https:\\\/\\\/camround.com\\\/#organization\"},\"inLanguage\":\"cs\"},{\"@type\":\"Organization\",\"@id\":\"https:\\\/\\\/camround.com\\\/#organization\",\"name\":\"CamRound\",\"url\":\"https:\\\/\\\/camround.com\\\/\",\"logo\":{\"@type\":\"ImageObject\",\"inLanguage\":\"cs\",\"@id\":\"https:\\\/\\\/camround.com\\\/#\\\/schema\\\/logo\\\/image\\\/\",\"url\":\"https:\\\/\\\/camround.com\\\/wp-content\\\/uploads\\\/2021\\\/12\\\/C-Icon_1Color.png\",\"contentUrl\":\"https:\\\/\\\/camround.com\\\/wp-content\\\/uploads\\\/2021\\\/12\\\/C-Icon_1Color.png\",\"width\":1192,\"height\":1216,\"caption\":\"CamRound\"},\"image\":{\"@id\":\"https:\\\/\\\/camround.com\\\/#\\\/schema\\\/logo\\\/image\\\/\"}}]}<\/script>\n<!-- \/ Yoast SEO plugin. -->","yoast_head_json":{"title":"Obchodn\u00ed podm\u00ednky - CamRound.com","robots":{"index":"index","follow":"follow","max-snippet":"max-snippet:-1","max-image-preview":"max-image-preview:large","max-video-preview":"max-video-preview:-1"},"canonical":"https:\/\/camround.com\/cs\/terms-conditions\/","og_locale":"cs_CZ","og_type":"article","og_title":"Terms & Conditions - CamRound.com","og_description":"This document (&#8220;Terms of Service&#8221;, &#8220;Terms&#8221;, &#8220;User Agreement&#8221;, or &#8220;Agreement&#8221;) constitutes a legally binding agreement between users (&#8220;you,&#8221; &#8220;your,&#8221; &#8220;User,&#8221; &#8220;Visitor&#8221;), whether individuals, businesses, or organizations, and CamRound.com, (also referred to as &#8220;CamRound,&#8221; &#8220;Company,&#8221; &#8220;Website,&#8221; or &#8220;Site&#8221;). References to &#8220;we,&#8221; &#8220;us,&#8221; or &#8220;our&#8221; refer to CamRound.com. Affiliate and Third-Party Disclaimer CamRound.com is a review and [&hellip;]","og_url":"https:\/\/camround.com\/cs\/terms-conditions\/","og_site_name":"CamRound.com","twitter_card":"summary_large_image","twitter_misc":{"Odhadovan\u00e1 doba \u010dten\u00ed":"5 minut"},"schema":{"@context":"https:\/\/schema.org","@graph":[{"@type":"WebPage","@id":"https:\/\/camround.com\/terms-conditions\/","url":"https:\/\/camround.com\/terms-conditions\/","name":"Obchodn\u00ed podm\u00ednky - CamRound.com","isPartOf":{"@id":"https:\/\/camround.com\/#website"},"datePublished":"2025-08-06T09:09:04+00:00","breadcrumb":{"@id":"https:\/\/camround.com\/terms-conditions\/#breadcrumb"},"inLanguage":"cs","potentialAction":[{"@type":"ReadAction","target":["https:\/\/camround.com\/terms-conditions\/"]}]},{"@type":"BreadcrumbList","@id":"https:\/\/camround.com\/terms-conditions\/#breadcrumb","itemListElement":[{"@type":"ListItem","position":1,"name":"Home","item":"https:\/\/camround.com\/"},{"@type":"ListItem","position":2,"name":"Terms &#038; Conditions"}]},{"@type":"WebSite","@id":"https:\/\/camround.com\/#website","url":"https:\/\/camround.com\/","name":"CamRound","description":"N\u00e1hodn\u00fd videochat","publisher":{"@id":"https:\/\/camround.com\/#organization"},"inLanguage":"cs"},{"@type":"Organization","@id":"https:\/\/camround.com\/#organization","name":"CamRound","url":"https:\/\/camround.com\/","logo":{"@type":"ImageObject","inLanguage":"cs","@id":"https:\/\/camround.com\/#\/schema\/logo\/image\/","url":"https:\/\/camround.com\/wp-content\/uploads\/2021\/12\/C-Icon_1Color.png","contentUrl":"https:\/\/camround.com\/wp-content\/uploads\/2021\/12\/C-Icon_1Color.png","width":1192,"height":1216,"caption":"CamRound"},"image":{"@id":"https:\/\/camround.com\/#\/schema\/logo\/image\/"}}]}},"_links":{"self":[{"href":"https:\/\/camround.com\/cs\/wp-json\/wp\/v2\/pages\/1229","targetHints":{"allow":["GET"]}}],"collection":[{"href":"https:\/\/camround.com\/cs\/wp-json\/wp\/v2\/pages"}],"about":[{"href":"https:\/\/camround.com\/cs\/wp-json\/wp\/v2\/types\/page"}],"author":[{"embeddable":true,"href":"https:\/\/camround.com\/cs\/wp-json\/wp\/v2\/users\/1"}],"replies":[{"embeddable":true,"href":"https:\/\/camround.com\/cs\/wp-json\/wp\/v2\/comments?post=1229"}],"version-history":[{"count":1,"href":"https:\/\/camround.com\/cs\/wp-json\/wp\/v2\/pages\/1229\/revisions"}],"predecessor-version":[{"id":1230,"href":"https:\/\/camround.com\/cs\/wp-json\/wp\/v2\/pages\/1229\/revisions\/1230"}],"wp:attachment":[{"href":"https:\/\/camround.com\/cs\/wp-json\/wp\/v2\/media?parent=1229"}],"curies":[{"name":"wp","href":"https:\/\/api.w.org\/{rel}","templated":true}]}}