{"id":1231,"date":"2025-08-06T11:13:00","date_gmt":"2025-08-06T09:13:00","guid":{"rendered":"https:\/\/camround.com\/?page_id=1231"},"modified":"2025-08-06T12:26:29","modified_gmt":"2025-08-06T10:26:29","slug":"rules","status":"publish","type":"page","link":"https:\/\/camround.com\/cs\/rules\/","title":{"rendered":"Pravidla"},"content":{"rendered":"<p>CamRound.com nab\u00edz\u00ed zdarma, <a href=\"https:\/\/camround.com\/cs\/anonymous-chat\/\">anonymn\u00ed<\/a> p\u0159\u00edstup k individu\u00e1ln\u00edmu setk\u00e1n\u00ed <a href=\"https:\/\/camround.com\/cs\/\">n\u00e1hodn\u00fd videochat<\/a> zku\u0161enosti \u2013 registrace nen\u00ed nutn\u00e1. Na\u0161\u00edm posl\u00e1n\u00edm je nab\u00eddnout bezpe\u010dn\u00fd, poutav\u00fd a respektuj\u00edc\u00ed prostor podobn\u00fd jin\u00fdm platform\u00e1m, jako je <a href=\"https:\/\/camround.com\/cs\/omegle\/\">Omegle<\/a>, co\u017e u\u017eivatel\u016fm umo\u017e\u0148uje setk\u00e1vat se s nov\u00fdmi lidmi online v re\u00e1ln\u00e9m \u010dase.<\/p>\n<p>Abychom zajistili pozitivn\u00ed prost\u0159ed\u00ed pro v\u0161echny, po\u017eadujeme, aby v\u0161ichni u\u017eivatel\u00e9 dodr\u017eovali n\u00ed\u017ee uveden\u00e1 pravidla. Poru\u0161en\u00ed t\u011bchto pokyn\u016f m\u016f\u017ee v\u00e9st k okam\u017eit\u00e9mu pozastaven\u00ed nebo trval\u00e9mu odstran\u011bn\u00ed z CamRound.com.<\/p>\n<h2>Zak\u00e1zan\u00e9 chov\u00e1n\u00ed na CamRound.com<\/h2>\n<p>Z d\u016fvodu zachov\u00e1n\u00ed bezpe\u010dnosti, respektu a dodr\u017eov\u00e1n\u00ed z\u00e1kona jsou na CamRound.com p\u0159\u00edsn\u011b zak\u00e1z\u00e1ny n\u00e1sleduj\u00edc\u00ed \u010dinnosti:<\/p>\n<ul>\n<li>P\u0159\u00edstup nezletil\u00fdch osob: Pro pou\u017e\u00edv\u00e1n\u00ed webu CamRound.com mus\u00edte b\u00fdt star\u0161\u00ed 18 let. P\u0159\u00edstup osob\u00e1m mlad\u0161\u00edm 18 let je p\u0159\u00edsn\u011b zak\u00e1z\u00e1n.<\/li>\n<li>Nevhodn\u00fd jazyk nebo chov\u00e1n\u00ed: Vulg\u00e1rn\u00ed, sexu\u00e1ln\u011b explicitn\u00ed, n\u00e1siln\u00fd nebo ru\u0161iv\u00fd jazyk nebo chov\u00e1n\u00ed nejsou povoleny. Tato platforma nen\u00ed ur\u010dena pro \u0161kodliv\u00fd nebo ur\u00e1\u017eliv\u00fd obsah.<\/li>\n<li>Diskriminace nebo nen\u00e1vistn\u00e9 projevy: Poni\u017eov\u00e1n\u00ed, ur\u00e1\u017een\u00ed nebo \u00fatoky na jin\u00e9 osoby na z\u00e1klad\u011b n\u00e1bo\u017eenstv\u00ed, rasy, pohlav\u00ed, sexu\u00e1ln\u00ed orientace, n\u00e1rodnosti nebo v\u011bku jsou p\u0159\u00edsn\u011b zak\u00e1z\u00e1ny. Jak\u00e1koli forma nen\u00e1vistn\u00fdch projev\u016f nebo diskrimina\u010dn\u00edho chov\u00e1n\u00ed nebude tolerov\u00e1na.<\/li>\n<li>Obt\u011b\u017eov\u00e1n\u00ed nebo zneu\u017e\u00edv\u00e1n\u00ed: Obt\u011b\u017eov\u00e1n\u00ed, zastra\u0161ov\u00e1n\u00ed nebo \u00famysln\u00e9 zneva\u017eov\u00e1n\u00ed ostatn\u00edch u\u017eivatel\u016f v jak\u00e9koli form\u011b \u2013 verb\u00e1ln\u00ed, vizu\u00e1ln\u00ed nebo jin\u00e9 \u2013 je p\u0159\u00edsn\u011b zak\u00e1z\u00e1no.<\/li>\n<li>\u010c\u00e1ste\u010dn\u00e1 nahota bez identifikace: Ukazov\u00e1n\u00ed hol\u00e9 hrudi na kame\u0159e je povoleno pouze tehdy, je-li z\u00e1rove\u0148 jasn\u011b viditeln\u00fd v\u00e1\u0161 obli\u010dej, aby se zabr\u00e1nilo anonymn\u00edmu obna\u017een\u00ed.<\/li>\n<li>Nahota nebo odhalen\u00ed spodn\u00edho pr\u00e1dla: Vystupov\u00e1n\u00ed p\u0159ed kamerou zcela nah\u00fd nebo pouze ve spodn\u00edm pr\u00e1dle nen\u00ed nikdy povoleno.<\/li>\n<li>Sexu\u00e1ln\u011b explicitn\u00ed chov\u00e1n\u00ed: Je p\u0159\u00edsn\u011b zak\u00e1z\u00e1no:\n<ul>\n<li>\u017d\u00e1dat o virtu\u00e1ln\u00ed sexu\u00e1ln\u00ed aktivitu nebo ji k n\u00ed nutit.<\/li>\n<li>Odhalte sv\u00e9 intimn\u00ed partie p\u0159ed kamerou.<\/li>\n<li>Dot\u00fdkejte se sv\u00fdch genit\u00e1li\u00ed nebo je simulujte, kdy\u017e je to vid\u011bt na kame\u0159e.<\/li>\n<li>Z\u00e1m\u011brn\u011b nami\u0159te fotoapar\u00e1t pod hrudn\u00edk.<\/li>\n<\/ul>\n<\/li>\n<li>Propaga\u010dn\u00ed nebo p\u0159esm\u011brovac\u00ed obsah: Nesm\u00edte:\n<ul>\n<li>Zobrazit text, obr\u00e1zky nebo <a href=\"https:\/\/camround.com\/cs\/vidizzy\/\">video<\/a> za \u00fa\u010delem p\u0159esm\u011brov\u00e1n\u00ed u\u017eivatel\u016f na jin\u00e9 webov\u00e9 str\u00e1nky nebo platformy.<\/li>\n<li>Sd\u00edlejte obrazovku po\u010d\u00edta\u010de, zpr\u00e1vy nebo propaga\u010dn\u00ed akce.<\/li>\n<li>Pou\u017eit\u00ed <a href=\"https:\/\/camround.com\/cs\/ometv\/\">webkamera<\/a> emul\u00e1tory, virtu\u00e1ln\u00ed za\u0159\u00edzen\u00ed nebo video smy\u010dky za \u00fa\u010delem uveden\u00ed v omyl nebo reklamy.<\/li>\n<li>\u017d\u00e1dejte o hlasy, propagujte odkazy nebo prod\u00e1vejte produkty\/slu\u017eby v jak\u00e9koli form\u011b.<\/li>\n<\/ul>\n<\/li>\n<li>Nez\u00e1konn\u00e9 nebo zneu\u017e\u00edvaj\u00edc\u00ed pou\u017eit\u00ed: CamRound.com p\u0159\u00edsn\u011b zakazuje jak\u00e9koli pou\u017eit\u00ed platformy k zapojen\u00ed se do, propagaci nebo usnadn\u011bn\u00ed:\n<ul>\n<li>Obchodov\u00e1n\u00ed se sexem<\/li>\n<li>Obchodov\u00e1n\u00ed s lidmi<\/li>\n<li>Prostituce<\/li>\n<li>Fyzick\u00e9 nebo psychick\u00e9 t\u00fdr\u00e1n\u00ed<\/li>\n<li>Jak\u00e1koli nez\u00e1konn\u00e1 \u010dinnost nebo vyko\u0159is\u0165ov\u00e1n\u00ed jin\u00fdch osob<\/li>\n<\/ul>\n<\/li>\n<\/ul>\n<h2>Hl\u00e1\u0161en\u00ed poru\u0161en\u00ed<\/h2>\n<p>Pokud naraz\u00edte na u\u017eivatele, kter\u00fd poru\u0161uje pravidla, nahlaste to pros\u00edm okam\u017eit\u011b prost\u0159ednictv\u00edm na\u0161eho syst\u00e9mu podpory.<\/p>\n<p>Pro rychlej\u0161\u00ed a efektivn\u011bj\u0161\u00ed \u0159e\u0161en\u00ed p\u0159ilo\u017ete k hl\u00e1\u0161en\u00ed sn\u00edmek obrazovky s poru\u0161en\u00edm. To n\u00e1m pom\u016f\u017ee p\u0159esn\u011b posoudit a \u0159e\u0161it probl\u00e9my.<\/p>\n<h2>Vynucov\u00e1n\u00ed a z\u00e1kazy u\u017eivatel\u016f<\/h2>\n<p>CamRound.com uplat\u0148uje politiku nulov\u00e9 tolerance v\u016f\u010di poru\u0161ov\u00e1n\u00ed pravidel. U\u017eivatel\u00e9, kte\u0159\u00ed obdr\u017e\u00ed v\u00edce st\u00ed\u017enost\u00ed, mohou b\u00fdt na\u0161\u00edm syst\u00e9mem automaticky zablokov\u00e1ni.<\/p>\n<p>Ka\u017ed\u00e9 hl\u00e1\u0161en\u00ed bereme v\u00e1\u017en\u011b, ale trval\u00e9 z\u00e1kazy ud\u011blujeme a\u017e po pe\u010dliv\u00e9m prozkoum\u00e1n\u00ed. CamRound.com sice nem\u016f\u017ee monitorovat ka\u017edou interakci v re\u00e1ln\u00e9m \u010dase, ale spol\u00e9h\u00e1me se na na\u0161i komunitu, kter\u00e1 n\u00e1m pom\u016f\u017ee udr\u017eet platformu bezpe\u010dnou a ohleduplnou. Va\u0161e spolupr\u00e1ce p\u0159i hl\u00e1\u0161en\u00ed poru\u0161en\u00ed je nezbytn\u00e1.<\/p>\n<p>Spole\u010dn\u011b m\u016f\u017eeme vybudovat bezpe\u010dnou, spont\u00e1nn\u00ed a p\u0159\u00edjemnou platformu pro v\u0161echny. D\u011bkujeme, \u017ee pom\u00e1h\u00e1te CamRound.com zlep\u0161it. <a href=\"https:\/\/camround.com\/cs\/bazoocam\/\">pov\u00eddat si<\/a>.<\/p>","protected":false},"excerpt":{"rendered":"<p>CamRound.com provides free, anonymous access to a one-on-one random video chat experience\u2014no registration required. Our mission is to offer a safe, engaging, and respectful space similar to other platforms like Omegle, allowing users to meet new people online in real time. To ensure a positive environment for everyone, we require all users to follow the [&hellip;]<\/p>\n","protected":false},"author":1,"featured_media":0,"parent":0,"menu_order":0,"comment_status":"closed","ping_status":"closed","template":"","meta":{"footnotes":""},"class_list":["post-1231","page","type-page","status-publish","hentry"],"yoast_head":"<!-- This site is optimized with the Yoast SEO plugin v27.3 - https:\/\/yoast.com\/product\/yoast-seo-wordpress\/ -->\n<title>Rules - CamRound.com<\/title>\n<meta name=\"robots\" content=\"index, follow, max-snippet:-1, max-image-preview:large, max-video-preview:-1\" \/>\n<link rel=\"canonical\" href=\"https:\/\/camround.com\/cs\/rules\/\" \/>\n<meta property=\"og:locale\" content=\"cs_CZ\" \/>\n<meta property=\"og:type\" content=\"article\" \/>\n<meta property=\"og:title\" content=\"Rules - CamRound.com\" \/>\n<meta property=\"og:description\" content=\"CamRound.com provides free, anonymous access to a one-on-one random video chat experience\u2014no registration required. Our mission is to offer a safe, engaging, and respectful space similar to other platforms like Omegle, allowing users to meet new people online in real time. To ensure a positive environment for everyone, we require all users to follow the [&hellip;]\" \/>\n<meta property=\"og:url\" content=\"https:\/\/camround.com\/cs\/rules\/\" \/>\n<meta property=\"og:site_name\" content=\"CamRound.com\" \/>\n<meta property=\"article:modified_time\" content=\"2025-08-06T10:26:29+00:00\" \/>\n<meta name=\"twitter:card\" content=\"summary_large_image\" \/>\n<meta name=\"twitter:label1\" content=\"Odhadovan\u00e1 doba \u010dten\u00ed\" \/>\n\t<meta name=\"twitter:data1\" content=\"3 minuty\" \/>\n<script type=\"application\/ld+json\" class=\"yoast-schema-graph\">{\"@context\":\"https:\\\/\\\/schema.org\",\"@graph\":[{\"@type\":\"WebPage\",\"@id\":\"https:\\\/\\\/camround.com\\\/rules\\\/\",\"url\":\"https:\\\/\\\/camround.com\\\/rules\\\/\",\"name\":\"Rules - CamRound.com\",\"isPartOf\":{\"@id\":\"https:\\\/\\\/camround.com\\\/#website\"},\"datePublished\":\"2025-08-06T09:13:00+00:00\",\"dateModified\":\"2025-08-06T10:26:29+00:00\",\"breadcrumb\":{\"@id\":\"https:\\\/\\\/camround.com\\\/rules\\\/#breadcrumb\"},\"inLanguage\":\"cs\",\"potentialAction\":[{\"@type\":\"ReadAction\",\"target\":[\"https:\\\/\\\/camround.com\\\/rules\\\/\"]}]},{\"@type\":\"BreadcrumbList\",\"@id\":\"https:\\\/\\\/camround.com\\\/rules\\\/#breadcrumb\",\"itemListElement\":[{\"@type\":\"ListItem\",\"position\":1,\"name\":\"Home\",\"item\":\"https:\\\/\\\/camround.com\\\/\"},{\"@type\":\"ListItem\",\"position\":2,\"name\":\"Rules\"}]},{\"@type\":\"WebSite\",\"@id\":\"https:\\\/\\\/camround.com\\\/#website\",\"url\":\"https:\\\/\\\/camround.com\\\/\",\"name\":\"CamRound\",\"description\":\"Random Video Chat\",\"publisher\":{\"@id\":\"https:\\\/\\\/camround.com\\\/#organization\"},\"inLanguage\":\"cs\"},{\"@type\":\"Organization\",\"@id\":\"https:\\\/\\\/camround.com\\\/#organization\",\"name\":\"CamRound\",\"url\":\"https:\\\/\\\/camround.com\\\/\",\"logo\":{\"@type\":\"ImageObject\",\"inLanguage\":\"cs\",\"@id\":\"https:\\\/\\\/camround.com\\\/#\\\/schema\\\/logo\\\/image\\\/\",\"url\":\"https:\\\/\\\/camround.com\\\/wp-content\\\/uploads\\\/2021\\\/12\\\/C-Icon_1Color.png\",\"contentUrl\":\"https:\\\/\\\/camround.com\\\/wp-content\\\/uploads\\\/2021\\\/12\\\/C-Icon_1Color.png\",\"width\":1192,\"height\":1216,\"caption\":\"CamRound\"},\"image\":{\"@id\":\"https:\\\/\\\/camround.com\\\/#\\\/schema\\\/logo\\\/image\\\/\"}}]}<\/script>\n<!-- \/ Yoast SEO plugin. -->","yoast_head_json":{"title":"Pravidla - CamRound.com","robots":{"index":"index","follow":"follow","max-snippet":"max-snippet:-1","max-image-preview":"max-image-preview:large","max-video-preview":"max-video-preview:-1"},"canonical":"https:\/\/camround.com\/cs\/rules\/","og_locale":"cs_CZ","og_type":"article","og_title":"Rules - CamRound.com","og_description":"CamRound.com provides free, anonymous access to a one-on-one random video chat experience\u2014no registration required. Our mission is to offer a safe, engaging, and respectful space similar to other platforms like Omegle, allowing users to meet new people online in real time. To ensure a positive environment for everyone, we require all users to follow the [&hellip;]","og_url":"https:\/\/camround.com\/cs\/rules\/","og_site_name":"CamRound.com","article_modified_time":"2025-08-06T10:26:29+00:00","twitter_card":"summary_large_image","twitter_misc":{"Odhadovan\u00e1 doba \u010dten\u00ed":"3 minuty"},"schema":{"@context":"https:\/\/schema.org","@graph":[{"@type":"WebPage","@id":"https:\/\/camround.com\/rules\/","url":"https:\/\/camround.com\/rules\/","name":"Pravidla - CamRound.com","isPartOf":{"@id":"https:\/\/camround.com\/#website"},"datePublished":"2025-08-06T09:13:00+00:00","dateModified":"2025-08-06T10:26:29+00:00","breadcrumb":{"@id":"https:\/\/camround.com\/rules\/#breadcrumb"},"inLanguage":"cs","potentialAction":[{"@type":"ReadAction","target":["https:\/\/camround.com\/rules\/"]}]},{"@type":"BreadcrumbList","@id":"https:\/\/camround.com\/rules\/#breadcrumb","itemListElement":[{"@type":"ListItem","position":1,"name":"Home","item":"https:\/\/camround.com\/"},{"@type":"ListItem","position":2,"name":"Rules"}]},{"@type":"WebSite","@id":"https:\/\/camround.com\/#website","url":"https:\/\/camround.com\/","name":"CamRound","description":"N\u00e1hodn\u00fd videochat","publisher":{"@id":"https:\/\/camround.com\/#organization"},"inLanguage":"cs"},{"@type":"Organization","@id":"https:\/\/camround.com\/#organization","name":"CamRound","url":"https:\/\/camround.com\/","logo":{"@type":"ImageObject","inLanguage":"cs","@id":"https:\/\/camround.com\/#\/schema\/logo\/image\/","url":"https:\/\/camround.com\/wp-content\/uploads\/2021\/12\/C-Icon_1Color.png","contentUrl":"https:\/\/camround.com\/wp-content\/uploads\/2021\/12\/C-Icon_1Color.png","width":1192,"height":1216,"caption":"CamRound"},"image":{"@id":"https:\/\/camround.com\/#\/schema\/logo\/image\/"}}]}},"_links":{"self":[{"href":"https:\/\/camround.com\/cs\/wp-json\/wp\/v2\/pages\/1231","targetHints":{"allow":["GET"]}}],"collection":[{"href":"https:\/\/camround.com\/cs\/wp-json\/wp\/v2\/pages"}],"about":[{"href":"https:\/\/camround.com\/cs\/wp-json\/wp\/v2\/types\/page"}],"author":[{"embeddable":true,"href":"https:\/\/camround.com\/cs\/wp-json\/wp\/v2\/users\/1"}],"replies":[{"embeddable":true,"href":"https:\/\/camround.com\/cs\/wp-json\/wp\/v2\/comments?post=1231"}],"version-history":[{"count":1,"href":"https:\/\/camround.com\/cs\/wp-json\/wp\/v2\/pages\/1231\/revisions"}],"predecessor-version":[{"id":1233,"href":"https:\/\/camround.com\/cs\/wp-json\/wp\/v2\/pages\/1231\/revisions\/1233"}],"wp:attachment":[{"href":"https:\/\/camround.com\/cs\/wp-json\/wp\/v2\/media?parent=1231"}],"curies":[{"name":"wp","href":"https:\/\/api.w.org\/{rel}","templated":true}]}}