{"id":1223,"date":"2025-08-06T10:59:56","date_gmt":"2025-08-06T08:59:56","guid":{"rendered":"https:\/\/camround.com\/?page_id=1223"},"modified":"2025-08-06T10:59:56","modified_gmt":"2025-08-06T08:59:56","slug":"disclaimer","status":"publish","type":"page","link":"https:\/\/camround.com\/de\/disclaimer\/","title":{"rendered":"Haftungsausschluss"},"content":{"rendered":"<p>Die Informationen auf <a href=\"https:\/\/camround.com\/de\/\">CamRound<\/a>.com (\u201ewir\u201c, \u201euns\u201c oder \u201eunser\u201c) dient ausschlie\u00dflich allgemeinen Informationszwecken. Obwohl wir uns bem\u00fchen, unsere Inhalte korrekt und aktuell zu halten, \u00fcbernehmen wir keine ausdr\u00fcckliche oder stillschweigende Garantie f\u00fcr die Richtigkeit, Angemessenheit, Zuverl\u00e4ssigkeit, G\u00fcltigkeit oder Vollst\u00e4ndigkeit der Informationen auf dieser Website.<\/p>\n<h2>Keine professionelle Beratung<\/h2>\n<p>Nichts auf CamRound.com stellt eine professionelle Beratung jeglicher Art dar und sollte auch nicht als solche interpretiert werden. Wenn Sie sich auf Informationen dieser Site verlassen, geschieht dies ausschlie\u00dflich nach Ihrem eigenen Ermessen und auf Ihr eigenes Risiko.<\/p>\n<h2>Inhalt und Meinungen \u00fcberpr\u00fcfen<\/h2>\n<p>CamRound.com ist eine Website im Bewertungsstil. Alle ge\u00e4u\u00dferten Meinungen oder Ansichten sind die der jeweiligen Autoren und spiegeln nicht unbedingt die Meinung oder offizielle Position anderer Personen, Unternehmen oder Einrichtungen wider. Unsere Bewertungen und Empfehlungen basieren auf unabh\u00e4ngiger Recherche, Nutzerfeedback und pers\u00f6nlicher Erfahrung und sollten entsprechend behandelt werden.<\/p>\n<h2>Offenlegung von Partnern<\/h2>\n<p>Einige der auf CamRound.com bereitgestellten Links sind Affiliate-Links. Das bedeutet, dass wir eine Provision erhalten, wenn Sie darauf klicken und einen Kauf t\u00e4tigen oder sich f\u00fcr einen Dienst anmelden. Die Nutzung dieser Links liegt ganz bei Ihnen. Wir empfehlen nur Produkte oder Dienstleistungen, von denen wir glauben, dass sie f\u00fcr unsere Besucher von Nutzen sein k\u00f6nnten, k\u00f6nnen jedoch Ihre Zufriedenheit oder Ergebnisse nicht garantieren.<\/p>\n<p>Wir k\u00f6nnen auch direkte Partnerschaften oder Sponsoring-Beziehungen mit bestimmten Unternehmen unterhalten, die auf CamRound.com erw\u00e4hnt oder vorgestellt werden, was zu zus\u00e4tzlichen Verg\u00fctungen f\u00fchren kann. Diese Beziehungen haben keinen Einfluss auf unsere redaktionelle Integrit\u00e4t; wir sind stets bestrebt, ehrliche und unvoreingenommene Bewertungen und Informationen bereitzustellen.<\/p>\n<h2>Externe Links<\/h2>\n<p>CamRound.com kann Links zu Websites oder Diensten Dritter sowie Banner oder Werbung enthalten, die zu externen Websites f\u00fchren. Wir kontrollieren, \u00fcberwachen oder \u00fcberpr\u00fcfen weder die Richtigkeit noch die Zuverl\u00e4ssigkeit der Informationen auf diesen externen Websites. Wir \u00fcbernehmen auch keine Garantie, Billigung oder Verantwortung f\u00fcr Informationen, Produkte oder Dienstleistungen von Dritten.<\/p>\n<h2>Haftungsbeschr\u00e4nkung<\/h2>\n<p>CamRound.com haftet unter keinen Umst\u00e4nden f\u00fcr Verluste oder Sch\u00e4den jeglicher Art, die durch die Nutzung dieser Website oder das Vertrauen auf die bereitgestellten Informationen entstehen. Die Nutzung von CamRound.com und alle auf der Grundlage der Inhalte vorgenommenen Handlungen erfolgen ausschlie\u00dflich auf Ihr eigenes Risiko.<\/p>\n<h2>Kontakt<\/h2>\n<p>Wenn Sie Fragen oder Bedenken zu diesem Haftungsausschluss haben, wenden Sie sich bitte \u00fcber unsere Kontaktseite an uns.<\/p>","protected":false},"excerpt":{"rendered":"<p>The information provided on CamRound.com (\u201cwe,\u201d \u201cus,\u201d or \u201cour\u201d) is intended strictly for general informational purposes. While we make every effort to keep our content accurate and up to date, we make no guarantees\u2014express or implied\u2014regarding the accuracy, adequacy, reliability, validity, or completeness of any information on this website. Not Professional Advice Nothing on CamRound.com [&hellip;]<\/p>\n","protected":false},"author":1,"featured_media":0,"parent":0,"menu_order":0,"comment_status":"closed","ping_status":"closed","template":"","meta":{"footnotes":""},"class_list":["post-1223","page","type-page","status-publish","hentry"],"yoast_head":"<!-- This site is optimized with the Yoast SEO plugin v27.3 - https:\/\/yoast.com\/product\/yoast-seo-wordpress\/ -->\n<title>Disclaimer - CamRound.com<\/title>\n<meta name=\"robots\" content=\"index, follow, max-snippet:-1, max-image-preview:large, max-video-preview:-1\" \/>\n<link rel=\"canonical\" href=\"https:\/\/camround.com\/de\/disclaimer\/\" \/>\n<meta property=\"og:locale\" content=\"de_DE\" \/>\n<meta property=\"og:type\" content=\"article\" \/>\n<meta property=\"og:title\" content=\"Disclaimer - CamRound.com\" \/>\n<meta property=\"og:description\" content=\"The information provided on CamRound.com (\u201cwe,\u201d \u201cus,\u201d or \u201cour\u201d) is intended strictly for general informational purposes. While we make every effort to keep our content accurate and up to date, we make no guarantees\u2014express or implied\u2014regarding the accuracy, adequacy, reliability, validity, or completeness of any information on this website. Not Professional Advice Nothing on CamRound.com [&hellip;]\" \/>\n<meta property=\"og:url\" content=\"https:\/\/camround.com\/de\/disclaimer\/\" \/>\n<meta property=\"og:site_name\" content=\"CamRound.com\" \/>\n<meta name=\"twitter:card\" content=\"summary_large_image\" \/>\n<meta name=\"twitter:label1\" content=\"Gesch\u00e4tzte Lesezeit\" \/>\n\t<meta name=\"twitter:data1\" content=\"2\u00a0Minuten\" \/>\n<script type=\"application\/ld+json\" class=\"yoast-schema-graph\">{\"@context\":\"https:\\\/\\\/schema.org\",\"@graph\":[{\"@type\":\"WebPage\",\"@id\":\"https:\\\/\\\/camround.com\\\/disclaimer\\\/\",\"url\":\"https:\\\/\\\/camround.com\\\/disclaimer\\\/\",\"name\":\"Disclaimer - CamRound.com\",\"isPartOf\":{\"@id\":\"https:\\\/\\\/camround.com\\\/#website\"},\"datePublished\":\"2025-08-06T08:59:56+00:00\",\"breadcrumb\":{\"@id\":\"https:\\\/\\\/camround.com\\\/disclaimer\\\/#breadcrumb\"},\"inLanguage\":\"de\",\"potentialAction\":[{\"@type\":\"ReadAction\",\"target\":[\"https:\\\/\\\/camround.com\\\/disclaimer\\\/\"]}]},{\"@type\":\"BreadcrumbList\",\"@id\":\"https:\\\/\\\/camround.com\\\/disclaimer\\\/#breadcrumb\",\"itemListElement\":[{\"@type\":\"ListItem\",\"position\":1,\"name\":\"Home\",\"item\":\"https:\\\/\\\/camround.com\\\/\"},{\"@type\":\"ListItem\",\"position\":2,\"name\":\"Disclaimer\"}]},{\"@type\":\"WebSite\",\"@id\":\"https:\\\/\\\/camround.com\\\/#website\",\"url\":\"https:\\\/\\\/camround.com\\\/\",\"name\":\"CamRound\",\"description\":\"Random Video Chat\",\"publisher\":{\"@id\":\"https:\\\/\\\/camround.com\\\/#organization\"},\"inLanguage\":\"de\"},{\"@type\":\"Organization\",\"@id\":\"https:\\\/\\\/camround.com\\\/#organization\",\"name\":\"CamRound\",\"url\":\"https:\\\/\\\/camround.com\\\/\",\"logo\":{\"@type\":\"ImageObject\",\"inLanguage\":\"de\",\"@id\":\"https:\\\/\\\/camround.com\\\/#\\\/schema\\\/logo\\\/image\\\/\",\"url\":\"https:\\\/\\\/camround.com\\\/wp-content\\\/uploads\\\/2021\\\/12\\\/C-Icon_1Color.png\",\"contentUrl\":\"https:\\\/\\\/camround.com\\\/wp-content\\\/uploads\\\/2021\\\/12\\\/C-Icon_1Color.png\",\"width\":1192,\"height\":1216,\"caption\":\"CamRound\"},\"image\":{\"@id\":\"https:\\\/\\\/camround.com\\\/#\\\/schema\\\/logo\\\/image\\\/\"}}]}<\/script>\n<!-- \/ Yoast SEO plugin. -->","yoast_head_json":{"title":"Haftungsausschluss - CamRound.com","robots":{"index":"index","follow":"follow","max-snippet":"max-snippet:-1","max-image-preview":"max-image-preview:large","max-video-preview":"max-video-preview:-1"},"canonical":"https:\/\/camround.com\/de\/disclaimer\/","og_locale":"de_DE","og_type":"article","og_title":"Disclaimer - CamRound.com","og_description":"The information provided on CamRound.com (\u201cwe,\u201d \u201cus,\u201d or \u201cour\u201d) is intended strictly for general informational purposes. While we make every effort to keep our content accurate and up to date, we make no guarantees\u2014express or implied\u2014regarding the accuracy, adequacy, reliability, validity, or completeness of any information on this website. Not Professional Advice Nothing on CamRound.com [&hellip;]","og_url":"https:\/\/camround.com\/de\/disclaimer\/","og_site_name":"CamRound.com","twitter_card":"summary_large_image","twitter_misc":{"Gesch\u00e4tzte Lesezeit":"2\u00a0Minuten"},"schema":{"@context":"https:\/\/schema.org","@graph":[{"@type":"WebPage","@id":"https:\/\/camround.com\/disclaimer\/","url":"https:\/\/camround.com\/disclaimer\/","name":"Haftungsausschluss - CamRound.com","isPartOf":{"@id":"https:\/\/camround.com\/#website"},"datePublished":"2025-08-06T08:59:56+00:00","breadcrumb":{"@id":"https:\/\/camround.com\/disclaimer\/#breadcrumb"},"inLanguage":"de","potentialAction":[{"@type":"ReadAction","target":["https:\/\/camround.com\/disclaimer\/"]}]},{"@type":"BreadcrumbList","@id":"https:\/\/camround.com\/disclaimer\/#breadcrumb","itemListElement":[{"@type":"ListItem","position":1,"name":"Home","item":"https:\/\/camround.com\/"},{"@type":"ListItem","position":2,"name":"Disclaimer"}]},{"@type":"WebSite","@id":"https:\/\/camround.com\/#website","url":"https:\/\/camround.com\/","name":"CamRound","description":"Zuf\u00e4lliger Video-Chat","publisher":{"@id":"https:\/\/camround.com\/#organization"},"inLanguage":"de"},{"@type":"Organization","@id":"https:\/\/camround.com\/#organization","name":"CamRound","url":"https:\/\/camround.com\/","logo":{"@type":"ImageObject","inLanguage":"de","@id":"https:\/\/camround.com\/#\/schema\/logo\/image\/","url":"https:\/\/camround.com\/wp-content\/uploads\/2021\/12\/C-Icon_1Color.png","contentUrl":"https:\/\/camround.com\/wp-content\/uploads\/2021\/12\/C-Icon_1Color.png","width":1192,"height":1216,"caption":"CamRound"},"image":{"@id":"https:\/\/camround.com\/#\/schema\/logo\/image\/"}}]}},"_links":{"self":[{"href":"https:\/\/camround.com\/de\/wp-json\/wp\/v2\/pages\/1223","targetHints":{"allow":["GET"]}}],"collection":[{"href":"https:\/\/camround.com\/de\/wp-json\/wp\/v2\/pages"}],"about":[{"href":"https:\/\/camround.com\/de\/wp-json\/wp\/v2\/types\/page"}],"author":[{"embeddable":true,"href":"https:\/\/camround.com\/de\/wp-json\/wp\/v2\/users\/1"}],"replies":[{"embeddable":true,"href":"https:\/\/camround.com\/de\/wp-json\/wp\/v2\/comments?post=1223"}],"version-history":[{"count":1,"href":"https:\/\/camround.com\/de\/wp-json\/wp\/v2\/pages\/1223\/revisions"}],"predecessor-version":[{"id":1224,"href":"https:\/\/camround.com\/de\/wp-json\/wp\/v2\/pages\/1223\/revisions\/1224"}],"wp:attachment":[{"href":"https:\/\/camround.com\/de\/wp-json\/wp\/v2\/media?parent=1223"}],"curies":[{"name":"wp","href":"https:\/\/api.w.org\/{rel}","templated":true}]}}