{"id":1231,"date":"2025-08-06T11:13:00","date_gmt":"2025-08-06T09:13:00","guid":{"rendered":"https:\/\/camround.com\/?page_id=1231"},"modified":"2025-08-06T12:26:29","modified_gmt":"2025-08-06T10:26:29","slug":"rules","status":"publish","type":"page","link":"https:\/\/camround.com\/de\/rules\/","title":{"rendered":"Regeln"},"content":{"rendered":"<p>CamRound.com bietet kostenlose, <a href=\"https:\/\/camround.com\/de\/anonymous-chat\/\">anonyme<\/a> Zugang zu einem Einzelgespr\u00e4ch <a href=\"https:\/\/camround.com\/de\/\">zuf\u00e4lliger Video-Chat<\/a> Erfahrung \u2013 keine Registrierung erforderlich. Unsere Mission ist es, einen sicheren, ansprechenden und respektvollen Raum zu bieten, \u00e4hnlich wie andere Plattformen wie <a href=\"https:\/\/camround.com\/de\/omegle\/\">Omegle<\/a>, sodass Benutzer in Echtzeit neue Leute online kennenlernen k\u00f6nnen.<\/p>\n<p>Um ein positives Arbeitsumfeld f\u00fcr alle zu gew\u00e4hrleisten, bitten wir alle Benutzer, die folgenden Regeln einzuhalten. Verst\u00f6\u00dfe gegen diese Richtlinien k\u00f6nnen zur sofortigen Sperrung oder dauerhaften Entfernung von CamRound.com f\u00fchren.<\/p>\n<h2>Verbotenes Verhalten auf CamRound.com<\/h2>\n<p>Um Sicherheit, Respekt und die Einhaltung der Gesetze zu gew\u00e4hrleisten, sind die folgenden Aktionen auf CamRound.com strengstens verboten:<\/p>\n<ul>\n<li>Zugriff durch Minderj\u00e4hrige: Sie m\u00fcssen mindestens 18 Jahre alt sein, um CamRound.com nutzen zu k\u00f6nnen. Der Zugriff f\u00fcr Personen unter 18 Jahren ist strengstens untersagt.<\/li>\n<li>Unangemessene Sprache oder Verhalten: Vulg\u00e4re, sexuell explizite, gewaltt\u00e4tige oder verst\u00f6rende Sprache oder Verhalten sind nicht erlaubt. Diese Plattform ist nicht f\u00fcr sch\u00e4dliche oder anst\u00f6\u00dfige Inhalte vorgesehen.<\/li>\n<li>Diskriminierung oder Hassreden: Die Herabw\u00fcrdigung, Beleidigung oder der Angriff auf andere aufgrund von Religion, Rasse, Geschlecht, sexueller Orientierung, Nationalit\u00e4t oder Alter ist strengstens verboten. Jegliche Form von Hassreden oder diskriminierendem Verhalten wird nicht toleriert.<\/li>\n<li>Bel\u00e4stigung oder Missbrauch: Das Bel\u00e4stigen, Einsch\u00fcchtern oder absichtliche Respektlosigmachen anderer Benutzer in jeglicher Form \u2013 verbal, visuell oder auf andere Weise \u2013 ist strengstens untersagt.<\/li>\n<li>Teilnacktheit ohne Identifikation: Das Zeigen der nackten Brust vor der Kamera ist nur erlaubt, wenn gleichzeitig das Gesicht deutlich zu sehen ist, um anonyme Erregung \u00f6ffentlichen \u00c4rgernisses zu verhindern.<\/li>\n<li>Nacktheit oder Entbl\u00f6\u00dfung der Unterw\u00e4sche: Es ist niemals gestattet, vor der Kamera v\u00f6llig nackt oder nur in Unterw\u00e4sche aufzutreten.<\/li>\n<li>Sexuell eindeutiges Verhalten: Es ist strengstens verboten:\n<ul>\n<li>Fordern Sie andere zu virtuellen sexuellen Aktivit\u00e4ten auf oder dr\u00e4ngen Sie sie dazu.<\/li>\n<li>Zeigen Sie Ihre privaten K\u00f6rperteile vor der Kamera.<\/li>\n<li>Ber\u00fchren Sie Ihre Genitalien oder t\u00e4uschen Sie eine Ber\u00fchrung vor, w\u00e4hrend die Kamera dies zeigt.<\/li>\n<li>Richten Sie Ihre Kamera bewusst unterhalb der Brust.<\/li>\n<\/ul>\n<\/li>\n<li>Werbe- oder Weiterleitungsinhalte: Sie d\u00fcrfen nicht:\n<ul>\n<li>Zeigen Sie Text, Bilder oder <a href=\"https:\/\/camround.com\/de\/vidizzy\/\">Video<\/a> zum Zweck der Weiterleitung von Benutzern auf andere Websites oder Plattformen.<\/li>\n<li>Teilen Sie Ihren Computerbildschirm, Nachrichten oder Werbeaktionen.<\/li>\n<li>Verwenden <a href=\"https:\/\/camround.com\/de\/ometv\/\">webcam<\/a> Emulatoren, virtuelle Ger\u00e4te oder Videoschleifen zur Irref\u00fchrung oder Werbung.<\/li>\n<li>Fordern Sie Stimmen an, bewerben Sie Links oder verkaufen Sie Produkte\/Dienstleistungen in jeglicher Form.<\/li>\n<\/ul>\n<\/li>\n<li>Illegale oder ausbeuterische Nutzung: CamRound.com verbietet strengstens jegliche Nutzung der Plattform, um Folgendes durchzuf\u00fchren, zu f\u00f6rdern oder zu erm\u00f6glichen:\n<ul>\n<li>Sexhandel<\/li>\n<li>Menschenhandel<\/li>\n<li>Prostitution<\/li>\n<li>K\u00f6rperlicher oder psychischer Missbrauch<\/li>\n<li>Jegliche illegale Aktivit\u00e4t oder Ausbeutung anderer<\/li>\n<\/ul>\n<\/li>\n<\/ul>\n<h2>Verst\u00f6\u00dfe melden<\/h2>\n<p>Wenn Sie feststellen, dass ein Benutzer gegen die Regeln verst\u00f6\u00dft, melden Sie den Vorfall bitte umgehend \u00fcber unser Supportsystem.<\/p>\n<p>Um schneller und effektiver reagieren zu k\u00f6nnen, f\u00fcgen Sie Ihrem Bericht bitte einen Screenshot des Versto\u00dfes bei. Dies hilft uns, die Probleme pr\u00e4zise zu pr\u00fcfen und zu beheben.<\/p>\n<h2>Durchsetzung und Benutzersperren<\/h2>\n<p>CamRound.com verfolgt eine Null-Toleranz-Politik bei Regelverst\u00f6\u00dfen. Benutzer, die mehrere Beschwerden erhalten, k\u00f6nnen von unserem System automatisch gesperrt werden.<\/p>\n<p>Wir nehmen jede Meldung ernst, verh\u00e4ngen aber dauerhafte Sperren erst nach sorgf\u00e4ltiger Pr\u00fcfung. CamRound.com kann zwar nicht jede Interaktion in Echtzeit \u00fcberwachen, aber wir verlassen uns auf unsere Community, um die Plattform sicher und respektvoll zu halten. Ihre Mitarbeit bei der Meldung von Verst\u00f6\u00dfen ist unerl\u00e4sslich.<\/p>\n<p>Gemeinsam k\u00f6nnen wir eine sichere, spontane und unterhaltsame Plattform f\u00fcr alle schaffen. Vielen Dank, dass Sie dazu beitragen, CamRound.com zu einem besseren Ort zu machen <a href=\"https:\/\/camround.com\/de\/bazoocam\/\">zu chatten<\/a>.<\/p>","protected":false},"excerpt":{"rendered":"<p>CamRound.com provides free, anonymous access to a one-on-one random video chat experience\u2014no registration required. Our mission is to offer a safe, engaging, and respectful space similar to other platforms like Omegle, allowing users to meet new people online in real time. To ensure a positive environment for everyone, we require all users to follow the [&hellip;]<\/p>\n","protected":false},"author":1,"featured_media":0,"parent":0,"menu_order":0,"comment_status":"closed","ping_status":"closed","template":"","meta":{"footnotes":""},"class_list":["post-1231","page","type-page","status-publish","hentry"],"yoast_head":"<!-- This site is optimized with the Yoast SEO plugin v27.3 - https:\/\/yoast.com\/product\/yoast-seo-wordpress\/ -->\n<title>Rules - CamRound.com<\/title>\n<meta name=\"robots\" content=\"index, follow, max-snippet:-1, max-image-preview:large, max-video-preview:-1\" \/>\n<link rel=\"canonical\" href=\"https:\/\/camround.com\/de\/rules\/\" \/>\n<meta property=\"og:locale\" content=\"de_DE\" \/>\n<meta property=\"og:type\" content=\"article\" \/>\n<meta property=\"og:title\" content=\"Rules - CamRound.com\" \/>\n<meta property=\"og:description\" content=\"CamRound.com provides free, anonymous access to a one-on-one random video chat experience\u2014no registration required. Our mission is to offer a safe, engaging, and respectful space similar to other platforms like Omegle, allowing users to meet new people online in real time. To ensure a positive environment for everyone, we require all users to follow the [&hellip;]\" \/>\n<meta property=\"og:url\" content=\"https:\/\/camround.com\/de\/rules\/\" \/>\n<meta property=\"og:site_name\" content=\"CamRound.com\" \/>\n<meta property=\"article:modified_time\" content=\"2025-08-06T10:26:29+00:00\" \/>\n<meta name=\"twitter:card\" content=\"summary_large_image\" \/>\n<meta name=\"twitter:label1\" content=\"Gesch\u00e4tzte Lesezeit\" \/>\n\t<meta name=\"twitter:data1\" content=\"3\u00a0Minuten\" \/>\n<script type=\"application\/ld+json\" class=\"yoast-schema-graph\">{\"@context\":\"https:\\\/\\\/schema.org\",\"@graph\":[{\"@type\":\"WebPage\",\"@id\":\"https:\\\/\\\/camround.com\\\/rules\\\/\",\"url\":\"https:\\\/\\\/camround.com\\\/rules\\\/\",\"name\":\"Rules - CamRound.com\",\"isPartOf\":{\"@id\":\"https:\\\/\\\/camround.com\\\/#website\"},\"datePublished\":\"2025-08-06T09:13:00+00:00\",\"dateModified\":\"2025-08-06T10:26:29+00:00\",\"breadcrumb\":{\"@id\":\"https:\\\/\\\/camround.com\\\/rules\\\/#breadcrumb\"},\"inLanguage\":\"de\",\"potentialAction\":[{\"@type\":\"ReadAction\",\"target\":[\"https:\\\/\\\/camround.com\\\/rules\\\/\"]}]},{\"@type\":\"BreadcrumbList\",\"@id\":\"https:\\\/\\\/camround.com\\\/rules\\\/#breadcrumb\",\"itemListElement\":[{\"@type\":\"ListItem\",\"position\":1,\"name\":\"Home\",\"item\":\"https:\\\/\\\/camround.com\\\/\"},{\"@type\":\"ListItem\",\"position\":2,\"name\":\"Rules\"}]},{\"@type\":\"WebSite\",\"@id\":\"https:\\\/\\\/camround.com\\\/#website\",\"url\":\"https:\\\/\\\/camround.com\\\/\",\"name\":\"CamRound\",\"description\":\"Random Video Chat\",\"publisher\":{\"@id\":\"https:\\\/\\\/camround.com\\\/#organization\"},\"inLanguage\":\"de\"},{\"@type\":\"Organization\",\"@id\":\"https:\\\/\\\/camround.com\\\/#organization\",\"name\":\"CamRound\",\"url\":\"https:\\\/\\\/camround.com\\\/\",\"logo\":{\"@type\":\"ImageObject\",\"inLanguage\":\"de\",\"@id\":\"https:\\\/\\\/camround.com\\\/#\\\/schema\\\/logo\\\/image\\\/\",\"url\":\"https:\\\/\\\/camround.com\\\/wp-content\\\/uploads\\\/2021\\\/12\\\/C-Icon_1Color.png\",\"contentUrl\":\"https:\\\/\\\/camround.com\\\/wp-content\\\/uploads\\\/2021\\\/12\\\/C-Icon_1Color.png\",\"width\":1192,\"height\":1216,\"caption\":\"CamRound\"},\"image\":{\"@id\":\"https:\\\/\\\/camround.com\\\/#\\\/schema\\\/logo\\\/image\\\/\"}}]}<\/script>\n<!-- \/ Yoast SEO plugin. -->","yoast_head_json":{"title":"Regeln - CamRound.com","robots":{"index":"index","follow":"follow","max-snippet":"max-snippet:-1","max-image-preview":"max-image-preview:large","max-video-preview":"max-video-preview:-1"},"canonical":"https:\/\/camround.com\/de\/rules\/","og_locale":"de_DE","og_type":"article","og_title":"Rules - CamRound.com","og_description":"CamRound.com provides free, anonymous access to a one-on-one random video chat experience\u2014no registration required. Our mission is to offer a safe, engaging, and respectful space similar to other platforms like Omegle, allowing users to meet new people online in real time. To ensure a positive environment for everyone, we require all users to follow the [&hellip;]","og_url":"https:\/\/camround.com\/de\/rules\/","og_site_name":"CamRound.com","article_modified_time":"2025-08-06T10:26:29+00:00","twitter_card":"summary_large_image","twitter_misc":{"Gesch\u00e4tzte Lesezeit":"3\u00a0Minuten"},"schema":{"@context":"https:\/\/schema.org","@graph":[{"@type":"WebPage","@id":"https:\/\/camround.com\/rules\/","url":"https:\/\/camround.com\/rules\/","name":"Regeln - CamRound.com","isPartOf":{"@id":"https:\/\/camround.com\/#website"},"datePublished":"2025-08-06T09:13:00+00:00","dateModified":"2025-08-06T10:26:29+00:00","breadcrumb":{"@id":"https:\/\/camround.com\/rules\/#breadcrumb"},"inLanguage":"de","potentialAction":[{"@type":"ReadAction","target":["https:\/\/camround.com\/rules\/"]}]},{"@type":"BreadcrumbList","@id":"https:\/\/camround.com\/rules\/#breadcrumb","itemListElement":[{"@type":"ListItem","position":1,"name":"Home","item":"https:\/\/camround.com\/"},{"@type":"ListItem","position":2,"name":"Rules"}]},{"@type":"WebSite","@id":"https:\/\/camround.com\/#website","url":"https:\/\/camround.com\/","name":"CamRound","description":"Zuf\u00e4lliger Video-Chat","publisher":{"@id":"https:\/\/camround.com\/#organization"},"inLanguage":"de"},{"@type":"Organization","@id":"https:\/\/camround.com\/#organization","name":"CamRound","url":"https:\/\/camround.com\/","logo":{"@type":"ImageObject","inLanguage":"de","@id":"https:\/\/camround.com\/#\/schema\/logo\/image\/","url":"https:\/\/camround.com\/wp-content\/uploads\/2021\/12\/C-Icon_1Color.png","contentUrl":"https:\/\/camround.com\/wp-content\/uploads\/2021\/12\/C-Icon_1Color.png","width":1192,"height":1216,"caption":"CamRound"},"image":{"@id":"https:\/\/camround.com\/#\/schema\/logo\/image\/"}}]}},"_links":{"self":[{"href":"https:\/\/camround.com\/de\/wp-json\/wp\/v2\/pages\/1231","targetHints":{"allow":["GET"]}}],"collection":[{"href":"https:\/\/camround.com\/de\/wp-json\/wp\/v2\/pages"}],"about":[{"href":"https:\/\/camround.com\/de\/wp-json\/wp\/v2\/types\/page"}],"author":[{"embeddable":true,"href":"https:\/\/camround.com\/de\/wp-json\/wp\/v2\/users\/1"}],"replies":[{"embeddable":true,"href":"https:\/\/camround.com\/de\/wp-json\/wp\/v2\/comments?post=1231"}],"version-history":[{"count":1,"href":"https:\/\/camround.com\/de\/wp-json\/wp\/v2\/pages\/1231\/revisions"}],"predecessor-version":[{"id":1233,"href":"https:\/\/camround.com\/de\/wp-json\/wp\/v2\/pages\/1231\/revisions\/1233"}],"wp:attachment":[{"href":"https:\/\/camround.com\/de\/wp-json\/wp\/v2\/media?parent=1231"}],"curies":[{"name":"wp","href":"https:\/\/api.w.org\/{rel}","templated":true}]}}