{"id":1221,"date":"2025-08-06T10:58:49","date_gmt":"2025-08-06T08:58:49","guid":{"rendered":"https:\/\/camround.com\/?page_id=1221"},"modified":"2025-08-06T10:58:49","modified_gmt":"2025-08-06T08:58:49","slug":"2257-compliance-statement","status":"publish","type":"page","link":"https:\/\/camround.com\/es\/2257-compliance-statement\/","title":{"rendered":"Declaraci\u00f3n de cumplimiento 2257"},"content":{"rendered":"<h2>Verificaci\u00f3n de edad y cumplimiento legal<\/h2>\n<p>De conformidad con la ley de los Estados Unidos 18 USC Secci\u00f3n 2257 (Ley de Protecci\u00f3n Infantil y Cumplimiento de la Obscenidad de 1988) y las leyes internacionales aplicables, todas las personas y modelos que aparecen en cualquier plataforma o servicio vinculado a, revisado o referenciado por <a href=\"https:\/\/camround.com\/es\/\">CamRound<\/a>.com tienen, seg\u00fan nuestro leal saber y entender, al menos 18 a\u00f1os de edad.<\/p>\n<h2>Relaci\u00f3n de afiliados<\/h2>\n<p>CamRound.com no posee, opera ni controla ning\u00fan <a href=\"https:\/\/camround.com\/es\/ometv\/\">c\u00e1mara web<\/a>, <a href=\"https:\/\/camround.com\/es\/coomeet\/\">videochat<\/a>o <a href=\"https:\/\/camround.com\/es\/ftf-live\/\">en directo<\/a> Plataformas o servicios de streaming mencionados, mostrados o enlazados en este sitio web. CamRound.com funciona exclusivamente como sitio web de afiliados y rese\u00f1as. No empleamos, contratamos, gestionamos ni organizamos proyectos, actuaciones ni actividades que involucren a modelos o artistas. El cumplimiento total del T\u00edtulo 18 del C\u00f3digo de los Estados Unidos, Secci\u00f3n 2257, incluyendo la documentaci\u00f3n, la verificaci\u00f3n de edad y el mantenimiento de registros, es responsabilidad exclusiva de nuestros socios afiliados y de los operadores de cualquier servicio de terceros.<\/p>\n<h2>Contenido de terceros<\/h2>\n<p>CamRound.com no crea, aloja ni gestiona ning\u00fan contenido generado por usuarios ni producido por modelos que aparezca en plataformas externas enlazadas desde nuestro sitio. Todo este contenido, incluyendo las subidas de usuarios, las transmisiones en vivo y las actuaciones de modelos, es gestionado y controlado exclusivamente por los respectivos operadores de las plataformas externas, no por CamRound.com.<\/p>\n<p>Nuestra funci\u00f3n se limita a revisar, recomendar y proporcionar enlaces de afiliados a servicios de terceros. Cualquier usuario que decida registrarse o usar los servicios a trav\u00e9s de los enlaces proporcionados en CamRound.com lo hace directamente con la plataforma de terceros correspondiente, sin la participaci\u00f3n de CamRound.com ni de su personal.<\/p>\n<h2>Moderaci\u00f3n y est\u00e1ndares de contenido<\/h2>\n<p>CamRound.com no respalda ni apoya la creaci\u00f3n ni la distribuci\u00f3n de material obsceno, indecente o difamatorio. Nos reservamos el derecho de eliminar cualquier enlace o referencia a contenido externo que, a nuestra entera discreci\u00f3n, consideremos que infringe nuestros est\u00e1ndares.<\/p>\n<h2>Contenido producido por CamRound.com<\/h2>\n<p>Cualquier material creado o publicado directamente por CamRound.com o sus representantes no es de naturaleza er\u00f3tica o pornogr\u00e1fica y no est\u00e1 sujeto a los requisitos de la Secci\u00f3n 2257 del T\u00edtulo 18 del C\u00f3digo de los Estados Unidos.<\/p>\n<h2>Almacenamiento y cumplimiento de documentos<\/h2>\n<p>Todos los registros y la documentaci\u00f3n requeridos por el T\u00edtulo 18 del C\u00f3digo de los Estados Unidos, Secci\u00f3n 2257, son mantenidos por nuestros socios afiliados y los operadores de las plataformas de terceros a las que proporcionamos enlaces. CamRound.com no recopila, almacena ni mantiene registros de cumplimiento de la Secci\u00f3n 2257, ya que no producimos, alojamos ni operamos contenido que lo requiera.<\/p>\n<p>Si tiene alguna pregunta o inquietud relacionada con la verificaci\u00f3n de edad o el cumplimiento del est\u00e1ndar 2257, comun\u00edquese directamente con el operador de la plataforma de terceros correspondiente.<\/p>","protected":false},"excerpt":{"rendered":"<p>Age Verification and Legal Compliance In accordance with United States law 18 U.S.C. Section 2257 (Child Protection and Obscenity Enforcement Act of 1988) and applicable international laws, all individuals and models featured on any platforms or services linked to, reviewed, or referenced by CamRound.com are, to the best of our knowledge, at least 18 years [&hellip;]<\/p>\n","protected":false},"author":1,"featured_media":0,"parent":0,"menu_order":0,"comment_status":"closed","ping_status":"closed","template":"","meta":{"footnotes":""},"class_list":["post-1221","page","type-page","status-publish","hentry"],"yoast_head":"<!-- This site is optimized with the Yoast SEO plugin v27.3 - https:\/\/yoast.com\/product\/yoast-seo-wordpress\/ -->\n<title>2257 Compliance Statement - CamRound.com<\/title>\n<meta name=\"robots\" content=\"index, follow, max-snippet:-1, max-image-preview:large, max-video-preview:-1\" \/>\n<link rel=\"canonical\" href=\"https:\/\/camround.com\/es\/2257-compliance-statement\/\" \/>\n<meta property=\"og:locale\" content=\"es_ES\" \/>\n<meta property=\"og:type\" content=\"article\" \/>\n<meta property=\"og:title\" content=\"2257 Compliance Statement - CamRound.com\" \/>\n<meta property=\"og:description\" content=\"Age Verification and Legal Compliance In accordance with United States law 18 U.S.C. Section 2257 (Child Protection and Obscenity Enforcement Act of 1988) and applicable international laws, all individuals and models featured on any platforms or services linked to, reviewed, or referenced by CamRound.com are, to the best of our knowledge, at least 18 years [&hellip;]\" \/>\n<meta property=\"og:url\" content=\"https:\/\/camround.com\/es\/2257-compliance-statement\/\" \/>\n<meta property=\"og:site_name\" content=\"CamRound.com\" \/>\n<meta name=\"twitter:card\" content=\"summary_large_image\" \/>\n<meta name=\"twitter:label1\" content=\"Tiempo de lectura\" \/>\n\t<meta name=\"twitter:data1\" content=\"2 minutos\" \/>\n<script type=\"application\/ld+json\" class=\"yoast-schema-graph\">{\"@context\":\"https:\\\/\\\/schema.org\",\"@graph\":[{\"@type\":\"WebPage\",\"@id\":\"https:\\\/\\\/camround.com\\\/2257-compliance-statement\\\/\",\"url\":\"https:\\\/\\\/camround.com\\\/2257-compliance-statement\\\/\",\"name\":\"2257 Compliance Statement - CamRound.com\",\"isPartOf\":{\"@id\":\"https:\\\/\\\/camround.com\\\/#website\"},\"datePublished\":\"2025-08-06T08:58:49+00:00\",\"breadcrumb\":{\"@id\":\"https:\\\/\\\/camround.com\\\/2257-compliance-statement\\\/#breadcrumb\"},\"inLanguage\":\"es\",\"potentialAction\":[{\"@type\":\"ReadAction\",\"target\":[\"https:\\\/\\\/camround.com\\\/2257-compliance-statement\\\/\"]}]},{\"@type\":\"BreadcrumbList\",\"@id\":\"https:\\\/\\\/camround.com\\\/2257-compliance-statement\\\/#breadcrumb\",\"itemListElement\":[{\"@type\":\"ListItem\",\"position\":1,\"name\":\"Home\",\"item\":\"https:\\\/\\\/camround.com\\\/\"},{\"@type\":\"ListItem\",\"position\":2,\"name\":\"2257 Compliance Statement\"}]},{\"@type\":\"WebSite\",\"@id\":\"https:\\\/\\\/camround.com\\\/#website\",\"url\":\"https:\\\/\\\/camround.com\\\/\",\"name\":\"CamRound\",\"description\":\"Random Video Chat\",\"publisher\":{\"@id\":\"https:\\\/\\\/camround.com\\\/#organization\"},\"inLanguage\":\"es\"},{\"@type\":\"Organization\",\"@id\":\"https:\\\/\\\/camround.com\\\/#organization\",\"name\":\"CamRound\",\"url\":\"https:\\\/\\\/camround.com\\\/\",\"logo\":{\"@type\":\"ImageObject\",\"inLanguage\":\"es\",\"@id\":\"https:\\\/\\\/camround.com\\\/#\\\/schema\\\/logo\\\/image\\\/\",\"url\":\"https:\\\/\\\/camround.com\\\/wp-content\\\/uploads\\\/2021\\\/12\\\/C-Icon_1Color.png\",\"contentUrl\":\"https:\\\/\\\/camround.com\\\/wp-content\\\/uploads\\\/2021\\\/12\\\/C-Icon_1Color.png\",\"width\":1192,\"height\":1216,\"caption\":\"CamRound\"},\"image\":{\"@id\":\"https:\\\/\\\/camround.com\\\/#\\\/schema\\\/logo\\\/image\\\/\"}}]}<\/script>\n<!-- \/ Yoast SEO plugin. -->","yoast_head_json":{"title":"Declaraci\u00f3n de cumplimiento 2257 - CamRound.com","robots":{"index":"index","follow":"follow","max-snippet":"max-snippet:-1","max-image-preview":"max-image-preview:large","max-video-preview":"max-video-preview:-1"},"canonical":"https:\/\/camround.com\/es\/2257-compliance-statement\/","og_locale":"es_ES","og_type":"article","og_title":"2257 Compliance Statement - CamRound.com","og_description":"Age Verification and Legal Compliance In accordance with United States law 18 U.S.C. Section 2257 (Child Protection and Obscenity Enforcement Act of 1988) and applicable international laws, all individuals and models featured on any platforms or services linked to, reviewed, or referenced by CamRound.com are, to the best of our knowledge, at least 18 years [&hellip;]","og_url":"https:\/\/camround.com\/es\/2257-compliance-statement\/","og_site_name":"CamRound.com","twitter_card":"summary_large_image","twitter_misc":{"Tiempo de lectura":"2 minutos"},"schema":{"@context":"https:\/\/schema.org","@graph":[{"@type":"WebPage","@id":"https:\/\/camround.com\/2257-compliance-statement\/","url":"https:\/\/camround.com\/2257-compliance-statement\/","name":"Declaraci\u00f3n de cumplimiento 2257 - CamRound.com","isPartOf":{"@id":"https:\/\/camround.com\/#website"},"datePublished":"2025-08-06T08:58:49+00:00","breadcrumb":{"@id":"https:\/\/camround.com\/2257-compliance-statement\/#breadcrumb"},"inLanguage":"es","potentialAction":[{"@type":"ReadAction","target":["https:\/\/camround.com\/2257-compliance-statement\/"]}]},{"@type":"BreadcrumbList","@id":"https:\/\/camround.com\/2257-compliance-statement\/#breadcrumb","itemListElement":[{"@type":"ListItem","position":1,"name":"Home","item":"https:\/\/camround.com\/"},{"@type":"ListItem","position":2,"name":"2257 Compliance Statement"}]},{"@type":"WebSite","@id":"https:\/\/camround.com\/#website","url":"https:\/\/camround.com\/","name":"CamRound","description":"Videochat aleatorio","publisher":{"@id":"https:\/\/camround.com\/#organization"},"inLanguage":"es"},{"@type":"Organization","@id":"https:\/\/camround.com\/#organization","name":"CamRound","url":"https:\/\/camround.com\/","logo":{"@type":"ImageObject","inLanguage":"es","@id":"https:\/\/camround.com\/#\/schema\/logo\/image\/","url":"https:\/\/camround.com\/wp-content\/uploads\/2021\/12\/C-Icon_1Color.png","contentUrl":"https:\/\/camround.com\/wp-content\/uploads\/2021\/12\/C-Icon_1Color.png","width":1192,"height":1216,"caption":"CamRound"},"image":{"@id":"https:\/\/camround.com\/#\/schema\/logo\/image\/"}}]}},"_links":{"self":[{"href":"https:\/\/camround.com\/es\/wp-json\/wp\/v2\/pages\/1221","targetHints":{"allow":["GET"]}}],"collection":[{"href":"https:\/\/camround.com\/es\/wp-json\/wp\/v2\/pages"}],"about":[{"href":"https:\/\/camround.com\/es\/wp-json\/wp\/v2\/types\/page"}],"author":[{"embeddable":true,"href":"https:\/\/camround.com\/es\/wp-json\/wp\/v2\/users\/1"}],"replies":[{"embeddable":true,"href":"https:\/\/camround.com\/es\/wp-json\/wp\/v2\/comments?post=1221"}],"version-history":[{"count":1,"href":"https:\/\/camround.com\/es\/wp-json\/wp\/v2\/pages\/1221\/revisions"}],"predecessor-version":[{"id":1222,"href":"https:\/\/camround.com\/es\/wp-json\/wp\/v2\/pages\/1221\/revisions\/1222"}],"wp:attachment":[{"href":"https:\/\/camround.com\/es\/wp-json\/wp\/v2\/media?parent=1221"}],"curies":[{"name":"gracias","href":"https:\/\/api.w.org\/{rel}","templated":true}]}}