{"id":1225,"date":"2025-08-06T11:04:00","date_gmt":"2025-08-06T09:04:00","guid":{"rendered":"https:\/\/camround.com\/?page_id=1225"},"modified":"2025-08-06T11:04:00","modified_gmt":"2025-08-06T09:04:00","slug":"privacy-policy","status":"publish","type":"page","link":"https:\/\/camround.com\/es\/privacy-policy\/","title":{"rendered":"pol\u00edtica de privacidad"},"content":{"rendered":"<p>Nos comprometemos a salvaguardar la privacidad de los usuarios de nuestros servicios. Esta pol\u00edtica se aplica cuando actuamos como responsables del tratamiento de datos con respecto a los datos personales de nuestros usuarios, es decir, cuando determinamos los fines y los medios del tratamiento de los datos personales. Al utilizar <a href=\"https:\/\/camround.com\/es\/\">CamRound<\/a>.com, usted acepta la recopilaci\u00f3n, procesamiento y transmisi\u00f3n de datos personales como se describe en esta pol\u00edtica.<\/p>\n<h2>Divulgaci\u00f3n de afiliados<\/h2>\n<p>CamRound.com funciona como un sitio web de rese\u00f1as y afiliados. No poseemos ni operamos las plataformas, herramientas ni servicios rese\u00f1ados o referenciados aqu\u00ed. En cambio, podemos obtener comisiones u honorarios cuando los usuarios hacen clic en enlaces de afiliados o se registran en servicios de terceros a trav\u00e9s de nuestras recomendaciones. Tenga en cuenta que el uso de plataformas de terceros est\u00e1 sujeto a sus pol\u00edticas y t\u00e9rminos de privacidad. No nos hacemos responsables de las pr\u00e1cticas de privacidad ni del contenido de ning\u00fan sitio o servicio externo enlazado desde CamRound.com.<\/p>\n<h2>C\u00f3mo usamos sus datos personales<\/h2>\n<p>Podemos procesar las siguientes categor\u00edas de informaci\u00f3n personal:<\/p>\n<p>Datos de perfil: Esto puede incluir tu nombre, edad, informaci\u00f3n que nos autorizas a recopilar de tus perfiles sociales, direcci\u00f3n de correo electr\u00f3nico y foto de perfil. Si inicias sesi\u00f3n con redes sociales (por ejemplo, Facebook), podr\u00edamos solicitar acceso a tu nombre, apellidos, sexo, edad, correo electr\u00f3nico, ubicaci\u00f3n, zona horaria y fotos para un registro sin problemas. No solicitamos acceso a otros datos de Facebook. <a href=\"https:\/\/www.facebook.com\/about\/privacy\">La pol\u00edtica de privacidad de Facebook est\u00e1 disponible aqu\u00ed.<\/a><\/p>\n<p>Datos de uso: Incluyen su direcci\u00f3n IP, ubicaci\u00f3n geogr\u00e1fica (solo pa\u00eds y estado), tipo\/versi\u00f3n de navegador, sistema operativo, fuente de referencia, tiempo en el sitio, p\u00e1ginas vistas, rutas de navegaci\u00f3n y patrones de uso, recopilados mediante herramientas de an\u00e1lisis. Estos datos nos ayudan a analizar, supervisar y mejorar nuestro servicio.<\/p>\n<p>Datos de consulta: informaci\u00f3n que usted env\u00eda cuando se comunica con nosotros acerca de nuestros servicios, procesada para fines de marketing y soporte.<\/p>\n<p>Datos de relaci\u00f3n con el cliente: incluye su nombre, detalles de contacto e historial de comunicaciones, utilizados para gestionar relaciones y comunicarse con los clientes.<\/p>\n<p>Datos de notificaci\u00f3n: informaci\u00f3n que usted proporciona para suscribirse a notificaciones por correo electr\u00f3nico o boletines informativos.<\/p>\n<p>Datos de correspondencia: incluye contenido de comunicaci\u00f3n y metadatos (por ejemplo, mediante formularios de contacto), utilizados para la comunicaci\u00f3n y el mantenimiento de registros.<\/p>\n<p>Datos del cliente: informaci\u00f3n sobre su aplicaci\u00f3n cliente (navegador o aplicaci\u00f3n m\u00f3vil), como IP, tipo de navegador, sistema operativo, fabricante del dispositivo y detalles de serie\/modelo.<\/p>\n<p>Datos del Mensaje: Informaci\u00f3n enviada a trav\u00e9s de mensajes en nuestro servicio, procesada para su transferencia y administraci\u00f3n del servicio.<\/p>\n<p>Datos de comunicaci\u00f3n: Detalles sobre tu comunicaci\u00f3n con otros usuarios (no contenido), como el tiempo de sesi\u00f3n y los participantes.<\/p>\n<p>Datos de prohibici\u00f3n: informaci\u00f3n relevante para las prohibiciones de usuarios, como datos de uso\/cliente y, si es necesario, un marco de imagen capturado como parte del proceso de prohibici\u00f3n (por ejemplo, en respuesta a quejas o comportamiento detectado).<\/p>\n<p>Datos de quejas: Informaci\u00f3n recibida como parte de las quejas de los usuarios, que puede incluir una <a href=\"https:\/\/camround.com\/es\/vidizzy\/\">v\u00eddeo<\/a> imagen de marco<\/p>\n<p>Datos de transacci\u00f3n: incluye detalles de contacto, detalles de pago e informaci\u00f3n de transacci\u00f3n, utilizados para suministrar bienes\/servicios adquiridos y mantener registros.<\/p>\n<p>Datos de registro: Se recopilan autom\u00e1ticamente e incluyen la direcci\u00f3n IP, el navegador, las p\u00e1ginas visitadas, la fecha y hora, y el tiempo de permanencia en las p\u00e1ginas. Estos datos no son personalmente identificables y se utilizan para an\u00e1lisis y administraci\u00f3n del servicio.<\/p>\n<p>Datos legales, de seguros y de riesgo: Podemos procesar sus datos personales para reclamos legales, cumplimiento, cobertura de seguros, gesti\u00f3n de riesgos o asesoramiento profesional, seg\u00fan sea necesario.<\/p>\n<p>Por favor, no nos proporcione datos personales de otra persona a menos que se lo solicitemos.<\/p>\n<h2>Compartir sus datos personales<\/h2>\n<p>Podemos divulgar sus datos a:<\/p>\n<ul>\n<li>Aseguradoras y asesores profesionales para fines de seguros, legales o de riesgo.<\/li>\n<li>Procesadores de pago (por ejemplo, Segpay, Stripe, PayPal, Apple, Google, Interkassa, SecurionPay, SMSBILL, VK) para facilitar pagos o reembolsos.<\/li>\n<li>Autoridades seg\u00fan lo requiera la ley o para la protecci\u00f3n de intereses vitales o derechos legales.<\/li>\n<\/ul>\n<p>Las funciones peer to peer pueden requerir compartir su direcci\u00f3n IP por razones t\u00e9cnicas; esto no est\u00e1 expuesto en la interfaz.<\/p>\n<h2>Transferencias internacionales<\/h2>\n<p>Nuestras instalaciones de alojamiento se encuentran en Alemania y Estados Unidos. Los datos de los usuarios pueden transferirse y almacenarse en estas jurisdicciones. Usted es responsable de comprender las leyes de privacidad de su regi\u00f3n.<\/p>\n<p>Los datos personales enviados para su publicaci\u00f3n pueden estar disponibles globalmente a trav\u00e9s de Internet y no podemos evitar su uso o mal uso por parte de otros.<\/p>\n<h2>Retenci\u00f3n y eliminaci\u00f3n de datos<\/h2>\n<ul>\n<li>Conservamos los datos de perfil mientras su cuenta est\u00e9 activa o seg\u00fan sea necesario para los fines de esta pol\u00edtica.<\/li>\n<li>No almacenamos registros de mensajes, excepto los mensajes retenidos en datos de prohibici\u00f3n relacionados con comportamiento inapropiado.<\/li>\n<li>Los datos de prohibici\u00f3n se conservan seg\u00fan sea necesario para la aplicaci\u00f3n t\u00e9cnica y se eliminan despu\u00e9s de su vencimiento.<\/li>\n<li>Los datos de comunicaci\u00f3n (qui\u00e9n\/cu\u00e1ndo se comunic\u00f3) no se conservan.<\/li>\n<li>Podemos conservar ciertos datos seg\u00fan lo requiera la ley.<\/li>\n<\/ul>\n<h2>Seguridad de los datos<\/h2>\n<p>Utilizamos medidas t\u00e9cnicas y organizativas est\u00e1ndar de la industria (cortafuegos, protecci\u00f3n con contrase\u00f1a, cifrado SSL, centros de datos seguros) para proteger sus datos. Solo el personal autorizado tiene acceso. Sin embargo, ning\u00fan sistema en l\u00ednea es seguro. Si sospecha que sus datos han sido vulnerados, cont\u00e1ctenos de inmediato.<\/p>\n<h2>Derechos de privacidad por jurisdicci\u00f3n<\/h2>\n<p>Residentes de California: La ley de California les otorga derechos con respecto a la divulgaci\u00f3n de sus datos personales. Para ejercer estos derechos o renunciar a compartirlos, comun\u00edquese con nosotros. <a href=\"mailto:support@camround.com\">support@camround.com<\/a>.<\/p>\n<p>Residentes de Nevada: pueden enviar una solicitud de exclusi\u00f3n de venta a <a href=\"mailto:support@camround.com\">support@camround.com<\/a>Nota: actualmente no vendemos datos que activen requisitos de exclusi\u00f3n voluntaria.<\/p>\n<p>Residentes de Canad\u00e1: Sus datos podr\u00edan almacenarse fuera de Canad\u00e1 y estar sujetos a leyes extranjeras. Puede retirar su consentimiento en cualquier momento y tiene derecho a presentar una queja sobre nuestras pr\u00e1cticas. Para m\u00e1s informaci\u00f3n, visite <a href=\"https:\/\/www.priv.gc.ca\/\">priv.gc.ca<\/a>.<\/p>\n<p>Residentes del EEE\/Reino Unido: Tienen derecho a acceder, corregir, eliminar, restringir o transferir sus datos, as\u00ed como a oponerse al procesamiento o retirar su consentimiento. Contacto <a href=\"mailto:support@camround.com\">support@camround.com<\/a> para ejercer sus derechos.<\/p>\n<h2>Privacidad de los ni\u00f1os<\/h2>\n<p>CamRound.com no est\u00e1 dirigido a menores de 18 a\u00f1os. No recopilamos deliberadamente datos de menores. Si descubrimos dichos datos, los desactivaremos y eliminaremos. Por favor, cont\u00e1ctenos si tiene conocimiento de que se han recopilado datos de menores de 18 a\u00f1os.<\/p>\n<h2>Galletas<\/h2>\n<p>Utilizamos cookies con fines de autenticaci\u00f3n y an\u00e1lisis. Las cookies pueden ser persistentes o de sesi\u00f3n. Nuestro proveedor de an\u00e1lisis es Google Analytics (<a href=\"https:\/\/www.google.com\/policies\/privacy\/\">ver pol\u00edtica<\/a>). Tambi\u00e9n podemos utilizar widgets sociales (por ejemplo, Facebook, Twitter) que establecen cookies seg\u00fan sus pol\u00edticas.<\/p>\n<p>Puede rechazar o eliminar las cookies mediante la configuraci\u00f3n de su navegador, pero esto puede afectar la funcionalidad del sitio.<\/p>\n<h2>Enlaces externos<\/h2>\n<p>CamRound.com contiene enlaces a sitios web de terceros. Nos esforzamos por enlazar \u00fanicamente a fuentes confiables, pero no nos responsabilizamos del contenido ni de las pr\u00e1cticas de privacidad de dichos sitios. Cualquier informaci\u00f3n que proporcione a sitios de terceros se rige por su pol\u00edtica de privacidad.<\/p>\n<h2>No rastrear<\/h2>\n<p>Debido a la evoluci\u00f3n de la tecnolog\u00eda, no garantizamos la compatibilidad con las se\u00f1ales Do-Not-Track del navegador en este momento.<\/p>\n<h2>Actualizaciones de esta pol\u00edtica<\/h2>\n<p>Podemos actualizar esta pol\u00edtica ocasionalmente. Consulte esta p\u00e1gina peri\u00f3dicamente para ver los cambios.<\/p>\n<h2>Contacto<\/h2>\n<p>Si tiene preguntas o inquietudes sobre esta pol\u00edtica o su privacidad, cont\u00e1ctenos en <a href=\"mailto:support@camround.com\">support@camround.com<\/a>.<\/p>","protected":false},"excerpt":{"rendered":"<p>We are committed to safeguarding the privacy of our service users. This policy applies where we act as a data controller with respect to the personal data of our users\u2014that is, where we determine the purposes and means of processing personal data. By using CamRound.com, you consent to the collection, processing, and transmission of personal [&hellip;]<\/p>\n","protected":false},"author":1,"featured_media":0,"parent":0,"menu_order":0,"comment_status":"closed","ping_status":"closed","template":"","meta":{"footnotes":""},"class_list":["post-1225","page","type-page","status-publish","hentry"],"yoast_head":"<!-- This site is optimized with the Yoast SEO plugin v27.3 - https:\/\/yoast.com\/product\/yoast-seo-wordpress\/ -->\n<title>Privacy Policy - CamRound.com<\/title>\n<meta name=\"robots\" content=\"index, follow, max-snippet:-1, max-image-preview:large, max-video-preview:-1\" \/>\n<link rel=\"canonical\" href=\"https:\/\/camround.com\/es\/privacy-policy\/\" \/>\n<meta property=\"og:locale\" content=\"es_ES\" \/>\n<meta property=\"og:type\" content=\"article\" \/>\n<meta property=\"og:title\" content=\"Privacy Policy - CamRound.com\" \/>\n<meta property=\"og:description\" content=\"We are committed to safeguarding the privacy of our service users. This policy applies where we act as a data controller with respect to the personal data of our users\u2014that is, where we determine the purposes and means of processing personal data. By using CamRound.com, you consent to the collection, processing, and transmission of personal [&hellip;]\" \/>\n<meta property=\"og:url\" content=\"https:\/\/camround.com\/es\/privacy-policy\/\" \/>\n<meta property=\"og:site_name\" content=\"CamRound.com\" \/>\n<meta name=\"twitter:card\" content=\"summary_large_image\" \/>\n<meta name=\"twitter:label1\" content=\"Tiempo de lectura\" \/>\n\t<meta name=\"twitter:data1\" content=\"5 minutos\" \/>\n<script type=\"application\/ld+json\" class=\"yoast-schema-graph\">{\"@context\":\"https:\\\/\\\/schema.org\",\"@graph\":[{\"@type\":\"WebPage\",\"@id\":\"https:\\\/\\\/camround.com\\\/privacy-policy\\\/\",\"url\":\"https:\\\/\\\/camround.com\\\/privacy-policy\\\/\",\"name\":\"Privacy Policy - CamRound.com\",\"isPartOf\":{\"@id\":\"https:\\\/\\\/camround.com\\\/#website\"},\"datePublished\":\"2025-08-06T09:04:00+00:00\",\"breadcrumb\":{\"@id\":\"https:\\\/\\\/camround.com\\\/privacy-policy\\\/#breadcrumb\"},\"inLanguage\":\"es\",\"potentialAction\":[{\"@type\":\"ReadAction\",\"target\":[\"https:\\\/\\\/camround.com\\\/privacy-policy\\\/\"]}]},{\"@type\":\"BreadcrumbList\",\"@id\":\"https:\\\/\\\/camround.com\\\/privacy-policy\\\/#breadcrumb\",\"itemListElement\":[{\"@type\":\"ListItem\",\"position\":1,\"name\":\"Home\",\"item\":\"https:\\\/\\\/camround.com\\\/\"},{\"@type\":\"ListItem\",\"position\":2,\"name\":\"Privacy Policy\"}]},{\"@type\":\"WebSite\",\"@id\":\"https:\\\/\\\/camround.com\\\/#website\",\"url\":\"https:\\\/\\\/camround.com\\\/\",\"name\":\"CamRound\",\"description\":\"Random Video Chat\",\"publisher\":{\"@id\":\"https:\\\/\\\/camround.com\\\/#organization\"},\"inLanguage\":\"es\"},{\"@type\":\"Organization\",\"@id\":\"https:\\\/\\\/camround.com\\\/#organization\",\"name\":\"CamRound\",\"url\":\"https:\\\/\\\/camround.com\\\/\",\"logo\":{\"@type\":\"ImageObject\",\"inLanguage\":\"es\",\"@id\":\"https:\\\/\\\/camround.com\\\/#\\\/schema\\\/logo\\\/image\\\/\",\"url\":\"https:\\\/\\\/camround.com\\\/wp-content\\\/uploads\\\/2021\\\/12\\\/C-Icon_1Color.png\",\"contentUrl\":\"https:\\\/\\\/camround.com\\\/wp-content\\\/uploads\\\/2021\\\/12\\\/C-Icon_1Color.png\",\"width\":1192,\"height\":1216,\"caption\":\"CamRound\"},\"image\":{\"@id\":\"https:\\\/\\\/camround.com\\\/#\\\/schema\\\/logo\\\/image\\\/\"}}]}<\/script>\n<!-- \/ Yoast SEO plugin. -->","yoast_head_json":{"title":"Pol\u00edtica de privacidad - CamRound.com","robots":{"index":"index","follow":"follow","max-snippet":"max-snippet:-1","max-image-preview":"max-image-preview:large","max-video-preview":"max-video-preview:-1"},"canonical":"https:\/\/camround.com\/es\/privacy-policy\/","og_locale":"es_ES","og_type":"article","og_title":"Privacy Policy - CamRound.com","og_description":"We are committed to safeguarding the privacy of our service users. This policy applies where we act as a data controller with respect to the personal data of our users\u2014that is, where we determine the purposes and means of processing personal data. By using CamRound.com, you consent to the collection, processing, and transmission of personal [&hellip;]","og_url":"https:\/\/camround.com\/es\/privacy-policy\/","og_site_name":"CamRound.com","twitter_card":"summary_large_image","twitter_misc":{"Tiempo de lectura":"5 minutos"},"schema":{"@context":"https:\/\/schema.org","@graph":[{"@type":"WebPage","@id":"https:\/\/camround.com\/privacy-policy\/","url":"https:\/\/camround.com\/privacy-policy\/","name":"Pol\u00edtica de privacidad - CamRound.com","isPartOf":{"@id":"https:\/\/camround.com\/#website"},"datePublished":"2025-08-06T09:04:00+00:00","breadcrumb":{"@id":"https:\/\/camround.com\/privacy-policy\/#breadcrumb"},"inLanguage":"es","potentialAction":[{"@type":"ReadAction","target":["https:\/\/camround.com\/privacy-policy\/"]}]},{"@type":"BreadcrumbList","@id":"https:\/\/camround.com\/privacy-policy\/#breadcrumb","itemListElement":[{"@type":"ListItem","position":1,"name":"Home","item":"https:\/\/camround.com\/"},{"@type":"ListItem","position":2,"name":"Privacy Policy"}]},{"@type":"WebSite","@id":"https:\/\/camround.com\/#website","url":"https:\/\/camround.com\/","name":"CamRound","description":"Videochat aleatorio","publisher":{"@id":"https:\/\/camround.com\/#organization"},"inLanguage":"es"},{"@type":"Organization","@id":"https:\/\/camround.com\/#organization","name":"CamRound","url":"https:\/\/camround.com\/","logo":{"@type":"ImageObject","inLanguage":"es","@id":"https:\/\/camround.com\/#\/schema\/logo\/image\/","url":"https:\/\/camround.com\/wp-content\/uploads\/2021\/12\/C-Icon_1Color.png","contentUrl":"https:\/\/camround.com\/wp-content\/uploads\/2021\/12\/C-Icon_1Color.png","width":1192,"height":1216,"caption":"CamRound"},"image":{"@id":"https:\/\/camround.com\/#\/schema\/logo\/image\/"}}]}},"_links":{"self":[{"href":"https:\/\/camround.com\/es\/wp-json\/wp\/v2\/pages\/1225","targetHints":{"allow":["GET"]}}],"collection":[{"href":"https:\/\/camround.com\/es\/wp-json\/wp\/v2\/pages"}],"about":[{"href":"https:\/\/camround.com\/es\/wp-json\/wp\/v2\/types\/page"}],"author":[{"embeddable":true,"href":"https:\/\/camround.com\/es\/wp-json\/wp\/v2\/users\/1"}],"replies":[{"embeddable":true,"href":"https:\/\/camround.com\/es\/wp-json\/wp\/v2\/comments?post=1225"}],"version-history":[{"count":1,"href":"https:\/\/camround.com\/es\/wp-json\/wp\/v2\/pages\/1225\/revisions"}],"predecessor-version":[{"id":1226,"href":"https:\/\/camround.com\/es\/wp-json\/wp\/v2\/pages\/1225\/revisions\/1226"}],"wp:attachment":[{"href":"https:\/\/camround.com\/es\/wp-json\/wp\/v2\/media?parent=1225"}],"curies":[{"name":"gracias","href":"https:\/\/api.w.org\/{rel}","templated":true}]}}