{"id":1231,"date":"2025-08-06T11:13:00","date_gmt":"2025-08-06T09:13:00","guid":{"rendered":"https:\/\/camround.com\/?page_id=1231"},"modified":"2025-08-06T12:26:29","modified_gmt":"2025-08-06T10:26:29","slug":"rules","status":"publish","type":"page","link":"https:\/\/camround.com\/es\/rules\/","title":{"rendered":"Normas"},"content":{"rendered":"<p>CamRound.com ofrece servicios gratuitos, <a href=\"https:\/\/camround.com\/es\/anonymous-chat\/\">an\u00f3nimo<\/a> acceso a una reuni\u00f3n individual <a href=\"https:\/\/camround.com\/es\/\">videochat aleatorio<\/a> Experiencia sin necesidad de registro. Nuestra misi\u00f3n es ofrecer un espacio seguro, atractivo y respetuoso, similar a otras plataformas como <a href=\"https:\/\/camround.com\/es\/omegle\/\">Omegle<\/a>, permitiendo a los usuarios conocer nuevas personas en l\u00ednea en tiempo real.<\/p>\n<p>Para garantizar un ambiente positivo para todos, exigimos a todos los usuarios que sigan las siguientes reglas. El incumplimiento de estas directrices puede resultar en la suspensi\u00f3n inmediata o la eliminaci\u00f3n permanente de CamRound.com.<\/p>\n<h2>Conducta prohibida en CamRound.com<\/h2>\n<p>Para mantener la seguridad, el respeto y el cumplimiento de la ley, las siguientes acciones est\u00e1n estrictamente prohibidas en CamRound.com:<\/p>\n<ul>\n<li>Acceso para menores: Debe tener 18 a\u00f1os o m\u00e1s para usar CamRound.com. Queda estrictamente prohibido el acceso a menores de 18 a\u00f1os.<\/li>\n<li>Lenguaje o comportamiento inapropiado: No se permite lenguaje ni conducta vulgar, sexualmente expl\u00edcitos, violentos ni perturbadores. Esta plataforma no admite contenido da\u00f1ino ni ofensivo.<\/li>\n<li>Discriminaci\u00f3n o discurso de odio: Queda estrictamente prohibido degradar, insultar o atacar a otras personas por motivos de religi\u00f3n, raza, g\u00e9nero, orientaci\u00f3n sexual, nacionalidad o edad. No se tolerar\u00e1 ninguna forma de discurso de odio ni comportamiento discriminatorio.<\/li>\n<li>Acoso o abuso: Est\u00e1 estrictamente prohibido acosar, intimidar o faltarle el respeto intencionalmente a otros usuarios en cualquier forma (verbal, visual o de otro tipo).<\/li>\n<li>Desnudez parcial sin identificaci\u00f3n: Mostrar el pecho desnudo ante la c\u00e1mara solo est\u00e1 permitido si el rostro est\u00e1 claramente visible al mismo tiempo, para evitar una exposici\u00f3n indecente an\u00f3nima.<\/li>\n<li>Desnudez o exposici\u00f3n de ropa interior: Nunca est\u00e1 permitido aparecer completamente desnudo o s\u00f3lo en ropa interior ante la c\u00e1mara.<\/li>\n<li>Comportamiento sexualmente expl\u00edcito: Est\u00e1 estrictamente prohibido:\n<ul>\n<li>Solicitar o presionar a otros para que realicen actividad sexual virtual.<\/li>\n<li>Exhibe tus partes privadas ante la c\u00e1mara.<\/li>\n<li>Toca o simula tocar tus genitales mientras eres visible en la c\u00e1mara.<\/li>\n<li>Dirige intencionalmente tu c\u00e1mara debajo del pecho.<\/li>\n<\/ul>\n<\/li>\n<li>Contenido promocional o de redireccionamiento: No puede:\n<ul>\n<li>Mostrar texto, im\u00e1genes o <a href=\"https:\/\/camround.com\/es\/vidizzy\/\">v\u00eddeo<\/a> con el fin de redirigir a los usuarios a otros sitios web o plataformas.<\/li>\n<li>Comparte la pantalla de tu computadora, mensajes o promociones.<\/li>\n<li>Usar <a href=\"https:\/\/camround.com\/es\/ometv\/\">c\u00e1mara web<\/a> emuladores, dispositivos virtuales o bucles de v\u00eddeo para enga\u00f1ar o publicitar.<\/li>\n<li>Solicitar votos, promocionar enlaces o vender productos\/servicios de cualquier forma.<\/li>\n<\/ul>\n<\/li>\n<li>Uso ilegal o explotador: CamRound.com proh\u00edbe estrictamente cualquier uso de la plataforma para participar, promover o facilitar:\n<ul>\n<li>Tr\u00e1fico sexual<\/li>\n<li>Trata de personas<\/li>\n<li>Prostituci\u00f3n<\/li>\n<li>Abuso f\u00edsico o psicol\u00f3gico<\/li>\n<li>Cualquier actividad ilegal o explotaci\u00f3n de otros.<\/li>\n<\/ul>\n<\/li>\n<\/ul>\n<h2>Denuncia de infracciones<\/h2>\n<p>Si detecta alg\u00fan usuario que infringe las reglas, informe el incidente inmediatamente a trav\u00e9s de nuestro sistema de soporte.<\/p>\n<p>Para una acci\u00f3n m\u00e1s r\u00e1pida y eficaz, incluya una captura de pantalla de la infracci\u00f3n al enviar su informe. Esto nos ayuda a revisar y abordar los problemas con precisi\u00f3n.<\/p>\n<h2>Cumplimiento y prohibiciones de usuario<\/h2>\n<p>CamRound.com aplica una pol\u00edtica de tolerancia cero ante infracciones de las normas. Los usuarios que reciban varias quejas podr\u00edan ser bloqueados autom\u00e1ticamente por nuestro sistema.<\/p>\n<p>Nos tomamos muy en serio cada denuncia, pero las suspensiones permanentes solo se emiten tras una revisi\u00f3n exhaustiva. Si bien CamRound.com no puede monitorear cada interacci\u00f3n en tiempo real, confiamos en nuestra comunidad para mantener la plataforma segura y respetuosa. Su cooperaci\u00f3n al denunciar infracciones es esencial.<\/p>\n<p>Juntos, podemos construir una plataforma segura, espont\u00e1nea y divertida para todos. Gracias por ayudarnos a hacer de CamRound.com un lugar mejor. <a href=\"https:\/\/camround.com\/es\/bazoocam\/\">para chatear<\/a>.<\/p>","protected":false},"excerpt":{"rendered":"<p>CamRound.com provides free, anonymous access to a one-on-one random video chat experience\u2014no registration required. Our mission is to offer a safe, engaging, and respectful space similar to other platforms like Omegle, allowing users to meet new people online in real time. To ensure a positive environment for everyone, we require all users to follow the [&hellip;]<\/p>\n","protected":false},"author":1,"featured_media":0,"parent":0,"menu_order":0,"comment_status":"closed","ping_status":"closed","template":"","meta":{"footnotes":""},"class_list":["post-1231","page","type-page","status-publish","hentry"],"yoast_head":"<!-- This site is optimized with the Yoast SEO plugin v27.3 - https:\/\/yoast.com\/product\/yoast-seo-wordpress\/ -->\n<title>Rules - CamRound.com<\/title>\n<meta name=\"robots\" content=\"index, follow, max-snippet:-1, max-image-preview:large, max-video-preview:-1\" \/>\n<link rel=\"canonical\" href=\"https:\/\/camround.com\/es\/rules\/\" \/>\n<meta property=\"og:locale\" content=\"es_ES\" \/>\n<meta property=\"og:type\" content=\"article\" \/>\n<meta property=\"og:title\" content=\"Rules - CamRound.com\" \/>\n<meta property=\"og:description\" content=\"CamRound.com provides free, anonymous access to a one-on-one random video chat experience\u2014no registration required. Our mission is to offer a safe, engaging, and respectful space similar to other platforms like Omegle, allowing users to meet new people online in real time. To ensure a positive environment for everyone, we require all users to follow the [&hellip;]\" \/>\n<meta property=\"og:url\" content=\"https:\/\/camround.com\/es\/rules\/\" \/>\n<meta property=\"og:site_name\" content=\"CamRound.com\" \/>\n<meta property=\"article:modified_time\" content=\"2025-08-06T10:26:29+00:00\" \/>\n<meta name=\"twitter:card\" content=\"summary_large_image\" \/>\n<meta name=\"twitter:label1\" content=\"Tiempo de lectura\" \/>\n\t<meta name=\"twitter:data1\" content=\"3 minutos\" \/>\n<script type=\"application\/ld+json\" class=\"yoast-schema-graph\">{\"@context\":\"https:\\\/\\\/schema.org\",\"@graph\":[{\"@type\":\"WebPage\",\"@id\":\"https:\\\/\\\/camround.com\\\/rules\\\/\",\"url\":\"https:\\\/\\\/camround.com\\\/rules\\\/\",\"name\":\"Rules - CamRound.com\",\"isPartOf\":{\"@id\":\"https:\\\/\\\/camround.com\\\/#website\"},\"datePublished\":\"2025-08-06T09:13:00+00:00\",\"dateModified\":\"2025-08-06T10:26:29+00:00\",\"breadcrumb\":{\"@id\":\"https:\\\/\\\/camround.com\\\/rules\\\/#breadcrumb\"},\"inLanguage\":\"es\",\"potentialAction\":[{\"@type\":\"ReadAction\",\"target\":[\"https:\\\/\\\/camround.com\\\/rules\\\/\"]}]},{\"@type\":\"BreadcrumbList\",\"@id\":\"https:\\\/\\\/camround.com\\\/rules\\\/#breadcrumb\",\"itemListElement\":[{\"@type\":\"ListItem\",\"position\":1,\"name\":\"Home\",\"item\":\"https:\\\/\\\/camround.com\\\/\"},{\"@type\":\"ListItem\",\"position\":2,\"name\":\"Rules\"}]},{\"@type\":\"WebSite\",\"@id\":\"https:\\\/\\\/camround.com\\\/#website\",\"url\":\"https:\\\/\\\/camround.com\\\/\",\"name\":\"CamRound\",\"description\":\"Random Video Chat\",\"publisher\":{\"@id\":\"https:\\\/\\\/camround.com\\\/#organization\"},\"inLanguage\":\"es\"},{\"@type\":\"Organization\",\"@id\":\"https:\\\/\\\/camround.com\\\/#organization\",\"name\":\"CamRound\",\"url\":\"https:\\\/\\\/camround.com\\\/\",\"logo\":{\"@type\":\"ImageObject\",\"inLanguage\":\"es\",\"@id\":\"https:\\\/\\\/camround.com\\\/#\\\/schema\\\/logo\\\/image\\\/\",\"url\":\"https:\\\/\\\/camround.com\\\/wp-content\\\/uploads\\\/2021\\\/12\\\/C-Icon_1Color.png\",\"contentUrl\":\"https:\\\/\\\/camround.com\\\/wp-content\\\/uploads\\\/2021\\\/12\\\/C-Icon_1Color.png\",\"width\":1192,\"height\":1216,\"caption\":\"CamRound\"},\"image\":{\"@id\":\"https:\\\/\\\/camround.com\\\/#\\\/schema\\\/logo\\\/image\\\/\"}}]}<\/script>\n<!-- \/ Yoast SEO plugin. -->","yoast_head_json":{"title":"Reglas - CamRound.com","robots":{"index":"index","follow":"follow","max-snippet":"max-snippet:-1","max-image-preview":"max-image-preview:large","max-video-preview":"max-video-preview:-1"},"canonical":"https:\/\/camround.com\/es\/rules\/","og_locale":"es_ES","og_type":"article","og_title":"Rules - CamRound.com","og_description":"CamRound.com provides free, anonymous access to a one-on-one random video chat experience\u2014no registration required. Our mission is to offer a safe, engaging, and respectful space similar to other platforms like Omegle, allowing users to meet new people online in real time. To ensure a positive environment for everyone, we require all users to follow the [&hellip;]","og_url":"https:\/\/camround.com\/es\/rules\/","og_site_name":"CamRound.com","article_modified_time":"2025-08-06T10:26:29+00:00","twitter_card":"summary_large_image","twitter_misc":{"Tiempo de lectura":"3 minutos"},"schema":{"@context":"https:\/\/schema.org","@graph":[{"@type":"WebPage","@id":"https:\/\/camround.com\/rules\/","url":"https:\/\/camround.com\/rules\/","name":"Reglas - CamRound.com","isPartOf":{"@id":"https:\/\/camround.com\/#website"},"datePublished":"2025-08-06T09:13:00+00:00","dateModified":"2025-08-06T10:26:29+00:00","breadcrumb":{"@id":"https:\/\/camround.com\/rules\/#breadcrumb"},"inLanguage":"es","potentialAction":[{"@type":"ReadAction","target":["https:\/\/camround.com\/rules\/"]}]},{"@type":"BreadcrumbList","@id":"https:\/\/camround.com\/rules\/#breadcrumb","itemListElement":[{"@type":"ListItem","position":1,"name":"Home","item":"https:\/\/camround.com\/"},{"@type":"ListItem","position":2,"name":"Rules"}]},{"@type":"WebSite","@id":"https:\/\/camround.com\/#website","url":"https:\/\/camround.com\/","name":"CamRound","description":"Videochat aleatorio","publisher":{"@id":"https:\/\/camround.com\/#organization"},"inLanguage":"es"},{"@type":"Organization","@id":"https:\/\/camround.com\/#organization","name":"CamRound","url":"https:\/\/camround.com\/","logo":{"@type":"ImageObject","inLanguage":"es","@id":"https:\/\/camround.com\/#\/schema\/logo\/image\/","url":"https:\/\/camround.com\/wp-content\/uploads\/2021\/12\/C-Icon_1Color.png","contentUrl":"https:\/\/camround.com\/wp-content\/uploads\/2021\/12\/C-Icon_1Color.png","width":1192,"height":1216,"caption":"CamRound"},"image":{"@id":"https:\/\/camround.com\/#\/schema\/logo\/image\/"}}]}},"_links":{"self":[{"href":"https:\/\/camround.com\/es\/wp-json\/wp\/v2\/pages\/1231","targetHints":{"allow":["GET"]}}],"collection":[{"href":"https:\/\/camround.com\/es\/wp-json\/wp\/v2\/pages"}],"about":[{"href":"https:\/\/camround.com\/es\/wp-json\/wp\/v2\/types\/page"}],"author":[{"embeddable":true,"href":"https:\/\/camround.com\/es\/wp-json\/wp\/v2\/users\/1"}],"replies":[{"embeddable":true,"href":"https:\/\/camround.com\/es\/wp-json\/wp\/v2\/comments?post=1231"}],"version-history":[{"count":1,"href":"https:\/\/camround.com\/es\/wp-json\/wp\/v2\/pages\/1231\/revisions"}],"predecessor-version":[{"id":1233,"href":"https:\/\/camround.com\/es\/wp-json\/wp\/v2\/pages\/1231\/revisions\/1233"}],"wp:attachment":[{"href":"https:\/\/camround.com\/es\/wp-json\/wp\/v2\/media?parent=1231"}],"curies":[{"name":"gracias","href":"https:\/\/api.w.org\/{rel}","templated":true}]}}