{"id":10,"date":"2025-08-31T15:57:20","date_gmt":"2025-08-31T13:57:20","guid":{"rendered":"https:\/\/camround.com\/?page_id=10"},"modified":"2026-03-28T13:01:38","modified_gmt":"2026-03-28T11:01:38","slug":"home","status":"publish","type":"page","link":"https:\/\/camround.com\/fr\/","title":{"rendered":"Accueil"},"content":{"rendered":"","protected":false},"excerpt":{"rendered":"","protected":false},"author":1,"featured_media":0,"parent":0,"menu_order":0,"comment_status":"closed","ping_status":"closed","template":"","meta":{"footnotes":""},"class_list":["post-10","page","type-page","status-publish","hentry"],"yoast_head":"<!-- This site is optimized with the Yoast SEO plugin v27.2 - https:\/\/yoast.com\/product\/yoast-seo-wordpress\/ -->\n<title>Random Video Chat with Girls | 1v1 Sex Chat | CamRound.com<\/title>\n<meta name=\"description\" content=\"Talk to random girls 1v1 on CamRound.com using random video chat. Using our gender feature guys are only matched with girls and vice versa.\" \/>\n<meta name=\"robots\" content=\"index, follow, max-snippet:-1, max-image-preview:large, max-video-preview:-1\" \/>\n<link rel=\"canonical\" href=\"https:\/\/camround.com\/fr\/\" \/>\n<meta property=\"og:locale\" content=\"fr_FR\" \/>\n<meta property=\"og:type\" content=\"article\" \/>\n<meta property=\"og:title\" content=\"Random Video Chat with Girls | 1v1 Sex Chat | CamRound.com\" \/>\n<meta property=\"og:description\" content=\"Talk to random girls 1v1 on CamRound.com using random video chat. Using our gender feature guys are only matched with girls and vice versa.\" \/>\n<meta property=\"og:url\" content=\"https:\/\/camround.com\/fr\/\" \/>\n<meta property=\"og:site_name\" content=\"CamRound.com\" \/>\n<meta property=\"article:modified_time\" content=\"2026-03-28T11:01:38+00:00\" \/>\n<meta name=\"twitter:card\" content=\"summary_large_image\" \/>\n<script type=\"application\/ld+json\" class=\"yoast-schema-graph\">{\"@context\":\"https:\/\/schema.org\",\"@graph\":[{\"@type\":\"WebPage\",\"@id\":\"https:\/\/camround.com\/\",\"url\":\"https:\/\/camround.com\/\",\"name\":\"Random Video Chat with Girls | 1v1 Sex Chat | CamRound.com\",\"isPartOf\":{\"@id\":\"https:\/\/camround.com\/#website\"},\"datePublished\":\"2025-08-31T13:57:20+00:00\",\"dateModified\":\"2026-03-28T11:01:38+00:00\",\"description\":\"Talk to random girls 1v1 on CamRound.com using random video chat. Using our gender feature guys are only matched with girls and vice versa.\",\"breadcrumb\":{\"@id\":\"https:\/\/camround.com\/#breadcrumb\"},\"inLanguage\":\"fr-FR\",\"potentialAction\":[{\"@type\":\"ReadAction\",\"target\":[\"https:\/\/camround.com\/\"]}]},{\"@type\":\"BreadcrumbList\",\"@id\":\"https:\/\/camround.com\/#breadcrumb\",\"itemListElement\":[{\"@type\":\"ListItem\",\"position\":1,\"name\":\"Home\",\"item\":\"https:\/\/camround.com\/\"},{\"@type\":\"ListItem\",\"position\":2,\"name\":\"Home\"}]},{\"@type\":\"WebSite\",\"@id\":\"https:\/\/camround.com\/#website\",\"url\":\"https:\/\/camround.com\/\",\"name\":\"CamRound\",\"description\":\"Random Video Chat\",\"publisher\":{\"@id\":\"https:\/\/camround.com\/#organization\"},\"inLanguage\":\"fr-FR\"},{\"@type\":\"Organization\",\"@id\":\"https:\/\/camround.com\/#organization\",\"name\":\"CamRound\",\"url\":\"https:\/\/camround.com\/\",\"logo\":{\"@type\":\"ImageObject\",\"inLanguage\":\"fr-FR\",\"@id\":\"https:\/\/camround.com\/#\/schema\/logo\/image\/\",\"url\":\"https:\/\/camround.com\/wp-content\/uploads\/2021\/12\/C-Icon_1Color.png\",\"contentUrl\":\"https:\/\/camround.com\/wp-content\/uploads\/2021\/12\/C-Icon_1Color.png\",\"width\":1192,\"height\":1216,\"caption\":\"CamRound\"},\"image\":{\"@id\":\"https:\/\/camround.com\/#\/schema\/logo\/image\/\"}}]}<\/script>\n<!-- \/ Yoast SEO plugin. -->","yoast_head_json":{"title":"Random Video Chat with Girls | 1v1 Sex Chat | CamRound.com","description":"Discutez en t\u00eate-\u00e0-t\u00eate avec des filles sur CamRound.com gr\u00e2ce au chat vid\u00e9o al\u00e9atoire. Gr\u00e2ce \u00e0 notre fonctionnalit\u00e9 de genre, les hommes ne sont mis en relation qu&#039;avec des filles et vice versa.","robots":{"index":"index","follow":"follow","max-snippet":"max-snippet:-1","max-image-preview":"max-image-preview:large","max-video-preview":"max-video-preview:-1"},"canonical":"https:\/\/camround.com\/fr\/","og_locale":"fr_FR","og_type":"article","og_title":"Random Video Chat with Girls | 1v1 Sex Chat | CamRound.com","og_description":"Talk to random girls 1v1 on CamRound.com using random video chat. Using our gender feature guys are only matched with girls and vice versa.","og_url":"https:\/\/camround.com\/fr\/","og_site_name":"CamRound.com","article_modified_time":"2026-03-28T11:01:38+00:00","twitter_card":"summary_large_image","schema":{"@context":"https:\/\/schema.org","@graph":[{"@type":"WebPage","@id":"https:\/\/camround.com\/","url":"https:\/\/camround.com\/","name":"Random Video Chat with Girls | 1v1 Sex Chat | CamRound.com","isPartOf":{"@id":"https:\/\/camround.com\/#website"},"datePublished":"2025-08-31T13:57:20+00:00","dateModified":"2026-03-28T11:01:38+00:00","description":"Discutez en t\u00eate-\u00e0-t\u00eate avec des filles sur CamRound.com gr\u00e2ce au chat vid\u00e9o al\u00e9atoire. Gr\u00e2ce \u00e0 notre fonctionnalit\u00e9 de genre, les hommes ne sont mis en relation qu&#039;avec des filles et vice versa.","breadcrumb":{"@id":"https:\/\/camround.com\/#breadcrumb"},"inLanguage":"fr-FR","potentialAction":[{"@type":"ReadAction","target":["https:\/\/camround.com\/"]}]},{"@type":"BreadcrumbList","@id":"https:\/\/camround.com\/#breadcrumb","itemListElement":[{"@type":"ListItem","position":1,"name":"Home","item":"https:\/\/camround.com\/"},{"@type":"ListItem","position":2,"name":"Home"}]},{"@type":"WebSite","@id":"https:\/\/camround.com\/#website","url":"https:\/\/camround.com\/","name":"CamRound","description":"Chat vid\u00e9o al\u00e9atoire","publisher":{"@id":"https:\/\/camround.com\/#organization"},"inLanguage":"fr-FR"},{"@type":"Organization","@id":"https:\/\/camround.com\/#organization","name":"CamRound","url":"https:\/\/camround.com\/","logo":{"@type":"ImageObject","inLanguage":"fr-FR","@id":"https:\/\/camround.com\/#\/schema\/logo\/image\/","url":"https:\/\/camround.com\/wp-content\/uploads\/2021\/12\/C-Icon_1Color.png","contentUrl":"https:\/\/camround.com\/wp-content\/uploads\/2021\/12\/C-Icon_1Color.png","width":1192,"height":1216,"caption":"CamRound"},"image":{"@id":"https:\/\/camround.com\/#\/schema\/logo\/image\/"}}]}},"_links":{"self":[{"href":"https:\/\/camround.com\/fr\/wp-json\/wp\/v2\/pages\/10","targetHints":{"allow":["GET"]}}],"collection":[{"href":"https:\/\/camround.com\/fr\/wp-json\/wp\/v2\/pages"}],"about":[{"href":"https:\/\/camround.com\/fr\/wp-json\/wp\/v2\/types\/page"}],"author":[{"embeddable":true,"href":"https:\/\/camround.com\/fr\/wp-json\/wp\/v2\/users\/1"}],"replies":[{"embeddable":true,"href":"https:\/\/camround.com\/fr\/wp-json\/wp\/v2\/comments?post=10"}],"version-history":[{"count":1,"href":"https:\/\/camround.com\/fr\/wp-json\/wp\/v2\/pages\/10\/revisions"}],"predecessor-version":[{"id":12,"href":"https:\/\/camround.com\/fr\/wp-json\/wp\/v2\/pages\/10\/revisions\/12"}],"wp:attachment":[{"href":"https:\/\/camround.com\/fr\/wp-json\/wp\/v2\/media?parent=10"}],"curies":[{"name":"wp","href":"https:\/\/api.w.org\/{rel}","templated":true}]}}