{"id":1225,"date":"2025-08-06T11:04:00","date_gmt":"2025-08-06T09:04:00","guid":{"rendered":"https:\/\/camround.com\/?page_id=1225"},"modified":"2025-08-06T11:04:00","modified_gmt":"2025-08-06T09:04:00","slug":"privacy-policy","status":"publish","type":"page","link":"https:\/\/camround.com\/fr\/privacy-policy\/","title":{"rendered":"politique de confidentialit\u00e9"},"content":{"rendered":"<p>Nous nous engageons \u00e0 prot\u00e9ger la confidentialit\u00e9 de nos utilisateurs. Cette politique s&#039;applique lorsque nous agissons en tant que responsable du traitement des donn\u00e9es personnelles de nos utilisateurs, c&#039;est-\u00e0-dire lorsque nous d\u00e9terminons les finalit\u00e9s et les moyens de traitement des donn\u00e9es personnelles. En utilisant <a href=\"https:\/\/camround.com\/fr\/\">CamRound<\/a>.com, vous consentez \u00e0 la collecte, au traitement et \u00e0 la transmission de donn\u00e9es personnelles comme d\u00e9crit dans cette politique.<\/p>\n<h2>Divulgation des affili\u00e9s<\/h2>\n<p>CamRound.com est un site web d&#039;\u00e9valuation et d&#039;affiliation. Nous ne poss\u00e9dons ni n&#039;exploitons les plateformes, outils ou services \u00e9valu\u00e9s ou r\u00e9f\u00e9renc\u00e9s ici. En revanche, nous pouvons percevoir des commissions ou des frais lorsque les utilisateurs cliquent sur des liens d&#039;affiliation ou s&#039;inscrivent \u00e0 des services tiers via nos recommandations. Veuillez noter que l&#039;utilisation de plateformes tierces est soumise \u00e0 leurs politiques et conditions de confidentialit\u00e9. Nous ne sommes pas responsables des pratiques de confidentialit\u00e9 ni du contenu des sites ou services externes li\u00e9s \u00e0 CamRound.com.<\/p>\n<h2>Comment nous utilisons vos donn\u00e9es personnelles<\/h2>\n<p>Nous pouvons traiter les cat\u00e9gories d\u2019informations personnelles suivantes :<\/p>\n<p>Donn\u00e9es de profil\u00a0: Ces donn\u00e9es peuvent inclure votre nom, votre \u00e2ge, les informations que vous nous autorisez \u00e0 collecter \u00e0 partir de vos profils sociaux, votre adresse e-mail et votre photo de profil. Si vous utilisez un identifiant de r\u00e9seau social (par exemple, Facebook), nous pouvons demander l&#039;acc\u00e8s \u00e0 vos pr\u00e9nom, nom, sexe, \u00e2ge, adresse e-mail, localisation, fuseau horaire et photos pour une inscription simplifi\u00e9e. Nous ne sollicitons pas l&#039;acc\u00e8s \u00e0 d&#039;autres donn\u00e9es Facebook. <a href=\"https:\/\/www.facebook.com\/about\/privacy\">La politique de confidentialit\u00e9 de Facebook est disponible ici.<\/a><\/p>\n<p>Donn\u00e9es d&#039;utilisation\u00a0: Ces donn\u00e9es comprennent votre adresse IP, votre localisation g\u00e9ographique (pays et \u00c9tat uniquement), le type et la version de votre navigateur, votre syst\u00e8me d&#039;exploitation, votre source de r\u00e9f\u00e9rence, le temps pass\u00e9 sur le site, les pages consult\u00e9es, les chemins de navigation et les habitudes d&#039;utilisation, collect\u00e9es via des outils d&#039;analyse. Ces donn\u00e9es nous aident \u00e0 analyser, surveiller et am\u00e9liorer notre service.<\/p>\n<p>Donn\u00e9es de demande : informations que vous soumettez lorsque vous nous contactez au sujet de nos services, trait\u00e9es \u00e0 des fins de marketing et d&#039;assistance.<\/p>\n<p>Donn\u00e9es sur la relation client\u00a0: inclut votre nom, vos coordonn\u00e9es et votre historique de communication, utilis\u00e9s pour g\u00e9rer les relations et communiquer avec les clients.<\/p>\n<p>Donn\u00e9es de notification : informations que vous fournissez pour vous abonner aux notifications par e-mail ou aux newsletters.<\/p>\n<p>Donn\u00e9es de correspondance : Comprend le contenu de communication et les m\u00e9tadonn\u00e9es (par exemple, via des formulaires de contact), utilis\u00e9s pour la communication et la tenue de dossiers.<\/p>\n<p>Donn\u00e9es client\u00a0: informations sur votre application client (navigateur ou application mobile), telles que l&#039;adresse IP, le type de navigateur, le syst\u00e8me d&#039;exploitation, le fabricant de l&#039;appareil et les d\u00e9tails du num\u00e9ro de s\u00e9rie\/mod\u00e8le.<\/p>\n<p>Donn\u00e9es du message : Informations envoy\u00e9es via des messages sur notre service, trait\u00e9es pour le transfert et l&#039;administration du service.<\/p>\n<p>Donn\u00e9es de communication\u00a0: d\u00e9tails sur votre communication avec d&#039;autres utilisateurs (pas le contenu), tels que la dur\u00e9e de la session et les participants.<\/p>\n<p>Donn\u00e9es d&#039;interdiction : informations relatives aux interdictions d&#039;utilisateur, telles que les donn\u00e9es d&#039;utilisation\/client et, si n\u00e9cessaire, une image captur\u00e9e dans le cadre du processus d&#039;interdiction (par exemple, en r\u00e9ponse \u00e0 des plaintes ou \u00e0 un comportement d\u00e9tect\u00e9).<\/p>\n<p>Donn\u00e9es de r\u00e9clamation : Informations re\u00e7ues dans le cadre des r\u00e9clamations des utilisateurs, qui peuvent inclure un <a href=\"https:\/\/camround.com\/fr\/vidizzy\/\">vid\u00e9o<\/a> image du cadre.<\/p>\n<p>Donn\u00e9es de transaction : comprend les coordonn\u00e9es, les d\u00e9tails de paiement et les informations de transaction, utilis\u00e9es pour fournir les biens\/services achet\u00e9s et conserver des enregistrements.<\/p>\n<p>Donn\u00e9es de journal\u00a0: collect\u00e9es automatiquement, incluant l&#039;adresse IP, le navigateur, les pages visit\u00e9es, la date et l&#039;heure de consultation. Ces donn\u00e9es ne sont pas personnellement identifiables et sont utilis\u00e9es \u00e0 des fins d&#039;analyse et d&#039;administration des services.<\/p>\n<p>Donn\u00e9es juridiques, d\u2019assurance et de risque : nous pouvons traiter vos donn\u00e9es personnelles \u00e0 des fins de r\u00e9clamations juridiques, de conformit\u00e9, de couverture d\u2019assurance, de gestion des risques ou de conseils professionnels, si n\u00e9cessaire.<\/p>\n<p>Veuillez ne pas nous fournir les donn\u00e9es personnelles d\u2019une autre personne, sauf sur demande.<\/p>\n<h2>Partage de vos donn\u00e9es personnelles<\/h2>\n<p>Nous pouvons divulguer vos donn\u00e9es \u00e0 :<\/p>\n<ul>\n<li>Assureurs et conseillers professionnels \u00e0 des fins d\u2019assurance, juridiques ou de risque.<\/li>\n<li>Processeurs de paiement (par exemple, Segpay, Stripe, PayPal, Apple, Google, Interkassa, SecurionPay, SMSBILL, VK) pour faciliter les paiements ou les remboursements.<\/li>\n<li>Les autorit\u00e9s, comme l\u2019exige la loi ou pour la protection d\u2019int\u00e9r\u00eats vitaux ou de droits l\u00e9gaux.<\/li>\n<\/ul>\n<p>Les fonctionnalit\u00e9s peer-to-peer peuvent n\u00e9cessiter le partage de votre adresse IP pour des raisons techniques\u00a0; cela n&#039;est pas expos\u00e9 dans l&#039;interface.<\/p>\n<h2>Transferts internationaux<\/h2>\n<p>Nos sites d&#039;h\u00e9bergement sont situ\u00e9s en Allemagne et aux \u00c9tats-Unis. Les donn\u00e9es des utilisateurs peuvent \u00eatre transf\u00e9r\u00e9es et stock\u00e9es dans ces juridictions. Il est de votre responsabilit\u00e9 de comprendre les lois sur la confidentialit\u00e9 en vigueur dans votre r\u00e9gion.<\/p>\n<p>Les donn\u00e9es personnelles soumises \u00e0 publication peuvent \u00eatre disponibles dans le monde entier via Internet, et nous ne pouvons pas emp\u00eacher leur utilisation ou leur utilisation abusive par des tiers.<\/p>\n<h2>Conservation et suppression des donn\u00e9es<\/h2>\n<ul>\n<li>Nous conservons les donn\u00e9es de profil aussi longtemps que votre compte est actif ou selon les besoins aux fins de la pr\u00e9sente politique.<\/li>\n<li>Nous ne stockons pas les journaux de messages, \u00e0 l&#039;exception des messages conserv\u00e9s dans les donn\u00e9es d&#039;interdiction li\u00e9es \u00e0 un comportement inappropri\u00e9.<\/li>\n<li>Les donn\u00e9es d&#039;interdiction sont conserv\u00e9es selon les besoins pour l&#039;application technique et supprim\u00e9es apr\u00e8s expiration.<\/li>\n<li>Les donn\u00e9es de communication (avec qui\/quand vous avez communiqu\u00e9) ne sont pas conserv\u00e9es.<\/li>\n<li>Nous pouvons conserver certaines donn\u00e9es comme l\u2019exige la loi.<\/li>\n<\/ul>\n<h2>S\u00e9curit\u00e9 des donn\u00e9es<\/h2>\n<p>Nous utilisons des mesures techniques et organisationnelles conformes aux normes du secteur (pare-feu, protection par mot de passe, chiffrement SSL, centres de donn\u00e9es s\u00e9curis\u00e9s) pour prot\u00e9ger vos donn\u00e9es. Seul le personnel autoris\u00e9 y a acc\u00e8s. Cependant, aucun syst\u00e8me en ligne n&#039;est totalement s\u00e9curis\u00e9. Si vous pensez que vos donn\u00e9es ont \u00e9t\u00e9 compromises, contactez-nous imm\u00e9diatement.<\/p>\n<h2>Droits \u00e0 la vie priv\u00e9e par juridiction<\/h2>\n<p>R\u00e9sidents de Californie\u00a0: La loi californienne vous conf\u00e8re des droits concernant la divulgation de vos donn\u00e9es personnelles. Pour exercer ces droits ou refuser leur divulgation, veuillez contacter <a href=\"mailto:support@camround.com\">support@camround.com<\/a>.<\/p>\n<p>R\u00e9sidents du Nevada\u00a0: vous pouvez soumettre une demande de d\u00e9sinscription \u00e0 la vente \u00e0 <a href=\"mailto:support@camround.com\">support@camround.com<\/a>Remarque\u00a0: nous ne vendons actuellement pas de donn\u00e9es d\u00e9clenchant des exigences de d\u00e9sinscription.<\/p>\n<p>R\u00e9sidents du Canada\u00a0: Vos donn\u00e9es peuvent \u00eatre stock\u00e9es hors du Canada et soumises \u00e0 des lois \u00e9trang\u00e8res. Vous pouvez retirer votre consentement \u00e0 tout moment et avez le droit de vous plaindre de nos pratiques. Pour plus d\u2019informations, consultez le site <a href=\"https:\/\/www.priv.gc.ca\/\">priv.gc.ca<\/a>.<\/p>\n<p>R\u00e9sidents de l&#039;EEE\/du Royaume-Uni\u00a0: vous disposez d&#039;un droit d&#039;acc\u00e8s, de rectification, d&#039;effacement, de restriction ou de transfert de vos donn\u00e9es, ainsi que d&#039;un droit d&#039;opposition au traitement ou de retrait de votre consentement. Contact <a href=\"mailto:support@camround.com\">support@camround.com<\/a> pour exercer vos droits.<\/p>\n<h2>Confidentialit\u00e9 des enfants<\/h2>\n<p>CamRound.com n&#039;est pas destin\u00e9 aux utilisateurs de moins de 18 ans. Nous ne collectons pas sciemment de donn\u00e9es aupr\u00e8s de mineurs. Si nous d\u00e9couvrons de telles donn\u00e9es, nous les d\u00e9sactiverons et les supprimerons. Veuillez nous contacter si vous constatez que des donn\u00e9es de mineurs sont collect\u00e9es.<\/p>\n<h2>Cookies<\/h2>\n<p>Nous utilisons des cookies \u00e0 des fins d&#039;authentification et d&#039;analyse. Les cookies peuvent \u00eatre persistants ou de session. Notre fournisseur d&#039;analyse est Google Analytics (<a href=\"https:\/\/www.google.com\/policies\/privacy\/\">voir la politique<\/a>). Nous pouvons \u00e9galement utiliser des widgets sociaux (par exemple, Facebook, Twitter) qui d\u00e9finissent des cookies conform\u00e9ment \u00e0 leurs politiques.<\/p>\n<p>Vous pouvez refuser ou supprimer les cookies en utilisant les param\u00e8tres de votre navigateur, mais cela peut affecter la fonctionnalit\u00e9 du site.<\/p>\n<h2>Liens externes<\/h2>\n<p>CamRound.com contient des liens vers des sites web tiers. Nous nous effor\u00e7ons de ne proposer que des liens vers des sources fiables, mais nous d\u00e9clinons toute responsabilit\u00e9 quant au contenu ou aux pratiques de confidentialit\u00e9 des sites externes. Toutes les donn\u00e9es que vous fournissez \u00e0 des sites tiers sont r\u00e9gies par leur politique de confidentialit\u00e9.<\/p>\n<h2>Ne pas suivre<\/h2>\n<p>En raison de l&#039;\u00e9volution de la technologie, nous ne garantissons pas la prise en charge des signaux Do-Not-Track du navigateur pour le moment.<\/p>\n<h2>Mises \u00e0 jour de cette politique<\/h2>\n<p>Nous sommes susceptibles de mettre \u00e0 jour cette politique de temps \u00e0 autre. Veuillez consulter r\u00e9guli\u00e8rement cette page pour prendre connaissance des modifications.<\/p>\n<h2>Contact<\/h2>\n<p>Pour toute question ou pr\u00e9occupation concernant cette politique ou votre vie priv\u00e9e, contactez-nous \u00e0 <a href=\"mailto:support@camround.com\">support@camround.com<\/a>.<\/p>","protected":false},"excerpt":{"rendered":"<p>We are committed to safeguarding the privacy of our service users. This policy applies where we act as a data controller with respect to the personal data of our users\u2014that is, where we determine the purposes and means of processing personal data. By using CamRound.com, you consent to the collection, processing, and transmission of personal [&hellip;]<\/p>\n","protected":false},"author":1,"featured_media":0,"parent":0,"menu_order":0,"comment_status":"closed","ping_status":"closed","template":"","meta":{"footnotes":""},"class_list":["post-1225","page","type-page","status-publish","hentry"],"yoast_head":"<!-- This site is optimized with the Yoast SEO plugin v27.3 - https:\/\/yoast.com\/product\/yoast-seo-wordpress\/ -->\n<title>Privacy Policy - CamRound.com<\/title>\n<meta name=\"robots\" content=\"index, follow, max-snippet:-1, max-image-preview:large, max-video-preview:-1\" \/>\n<link rel=\"canonical\" href=\"https:\/\/camround.com\/fr\/privacy-policy\/\" \/>\n<meta property=\"og:locale\" content=\"fr_FR\" \/>\n<meta property=\"og:type\" content=\"article\" \/>\n<meta property=\"og:title\" content=\"Privacy Policy - CamRound.com\" \/>\n<meta property=\"og:description\" content=\"We are committed to safeguarding the privacy of our service users. This policy applies where we act as a data controller with respect to the personal data of our users\u2014that is, where we determine the purposes and means of processing personal data. By using CamRound.com, you consent to the collection, processing, and transmission of personal [&hellip;]\" \/>\n<meta property=\"og:url\" content=\"https:\/\/camround.com\/fr\/privacy-policy\/\" \/>\n<meta property=\"og:site_name\" content=\"CamRound.com\" \/>\n<meta name=\"twitter:card\" content=\"summary_large_image\" \/>\n<meta name=\"twitter:label1\" content=\"Dur\u00e9e de lecture estim\u00e9e\" \/>\n\t<meta name=\"twitter:data1\" content=\"5 minutes\" \/>\n<script type=\"application\/ld+json\" class=\"yoast-schema-graph\">{\"@context\":\"https:\\\/\\\/schema.org\",\"@graph\":[{\"@type\":\"WebPage\",\"@id\":\"https:\\\/\\\/camround.com\\\/privacy-policy\\\/\",\"url\":\"https:\\\/\\\/camround.com\\\/privacy-policy\\\/\",\"name\":\"Privacy Policy - CamRound.com\",\"isPartOf\":{\"@id\":\"https:\\\/\\\/camround.com\\\/#website\"},\"datePublished\":\"2025-08-06T09:04:00+00:00\",\"breadcrumb\":{\"@id\":\"https:\\\/\\\/camround.com\\\/privacy-policy\\\/#breadcrumb\"},\"inLanguage\":\"fr-FR\",\"potentialAction\":[{\"@type\":\"ReadAction\",\"target\":[\"https:\\\/\\\/camround.com\\\/privacy-policy\\\/\"]}]},{\"@type\":\"BreadcrumbList\",\"@id\":\"https:\\\/\\\/camround.com\\\/privacy-policy\\\/#breadcrumb\",\"itemListElement\":[{\"@type\":\"ListItem\",\"position\":1,\"name\":\"Home\",\"item\":\"https:\\\/\\\/camround.com\\\/\"},{\"@type\":\"ListItem\",\"position\":2,\"name\":\"Privacy Policy\"}]},{\"@type\":\"WebSite\",\"@id\":\"https:\\\/\\\/camround.com\\\/#website\",\"url\":\"https:\\\/\\\/camround.com\\\/\",\"name\":\"CamRound\",\"description\":\"Random Video Chat\",\"publisher\":{\"@id\":\"https:\\\/\\\/camround.com\\\/#organization\"},\"inLanguage\":\"fr-FR\"},{\"@type\":\"Organization\",\"@id\":\"https:\\\/\\\/camround.com\\\/#organization\",\"name\":\"CamRound\",\"url\":\"https:\\\/\\\/camround.com\\\/\",\"logo\":{\"@type\":\"ImageObject\",\"inLanguage\":\"fr-FR\",\"@id\":\"https:\\\/\\\/camround.com\\\/#\\\/schema\\\/logo\\\/image\\\/\",\"url\":\"https:\\\/\\\/camround.com\\\/wp-content\\\/uploads\\\/2021\\\/12\\\/C-Icon_1Color.png\",\"contentUrl\":\"https:\\\/\\\/camround.com\\\/wp-content\\\/uploads\\\/2021\\\/12\\\/C-Icon_1Color.png\",\"width\":1192,\"height\":1216,\"caption\":\"CamRound\"},\"image\":{\"@id\":\"https:\\\/\\\/camround.com\\\/#\\\/schema\\\/logo\\\/image\\\/\"}}]}<\/script>\n<!-- \/ Yoast SEO plugin. -->","yoast_head_json":{"title":"Politique de confidentialit\u00e9 - CamRound.com","robots":{"index":"index","follow":"follow","max-snippet":"max-snippet:-1","max-image-preview":"max-image-preview:large","max-video-preview":"max-video-preview:-1"},"canonical":"https:\/\/camround.com\/fr\/privacy-policy\/","og_locale":"fr_FR","og_type":"article","og_title":"Privacy Policy - CamRound.com","og_description":"We are committed to safeguarding the privacy of our service users. This policy applies where we act as a data controller with respect to the personal data of our users\u2014that is, where we determine the purposes and means of processing personal data. By using CamRound.com, you consent to the collection, processing, and transmission of personal [&hellip;]","og_url":"https:\/\/camround.com\/fr\/privacy-policy\/","og_site_name":"CamRound.com","twitter_card":"summary_large_image","twitter_misc":{"Dur\u00e9e de lecture estim\u00e9e":"5 minutes"},"schema":{"@context":"https:\/\/schema.org","@graph":[{"@type":"WebPage","@id":"https:\/\/camround.com\/privacy-policy\/","url":"https:\/\/camround.com\/privacy-policy\/","name":"Politique de confidentialit\u00e9 - CamRound.com","isPartOf":{"@id":"https:\/\/camround.com\/#website"},"datePublished":"2025-08-06T09:04:00+00:00","breadcrumb":{"@id":"https:\/\/camround.com\/privacy-policy\/#breadcrumb"},"inLanguage":"fr-FR","potentialAction":[{"@type":"ReadAction","target":["https:\/\/camround.com\/privacy-policy\/"]}]},{"@type":"BreadcrumbList","@id":"https:\/\/camround.com\/privacy-policy\/#breadcrumb","itemListElement":[{"@type":"ListItem","position":1,"name":"Home","item":"https:\/\/camround.com\/"},{"@type":"ListItem","position":2,"name":"Privacy Policy"}]},{"@type":"WebSite","@id":"https:\/\/camround.com\/#website","url":"https:\/\/camround.com\/","name":"CamRound","description":"Chat vid\u00e9o al\u00e9atoire","publisher":{"@id":"https:\/\/camround.com\/#organization"},"inLanguage":"fr-FR"},{"@type":"Organization","@id":"https:\/\/camround.com\/#organization","name":"CamRound","url":"https:\/\/camround.com\/","logo":{"@type":"ImageObject","inLanguage":"fr-FR","@id":"https:\/\/camround.com\/#\/schema\/logo\/image\/","url":"https:\/\/camround.com\/wp-content\/uploads\/2021\/12\/C-Icon_1Color.png","contentUrl":"https:\/\/camround.com\/wp-content\/uploads\/2021\/12\/C-Icon_1Color.png","width":1192,"height":1216,"caption":"CamRound"},"image":{"@id":"https:\/\/camround.com\/#\/schema\/logo\/image\/"}}]}},"_links":{"self":[{"href":"https:\/\/camround.com\/fr\/wp-json\/wp\/v2\/pages\/1225","targetHints":{"allow":["GET"]}}],"collection":[{"href":"https:\/\/camround.com\/fr\/wp-json\/wp\/v2\/pages"}],"about":[{"href":"https:\/\/camround.com\/fr\/wp-json\/wp\/v2\/types\/page"}],"author":[{"embeddable":true,"href":"https:\/\/camround.com\/fr\/wp-json\/wp\/v2\/users\/1"}],"replies":[{"embeddable":true,"href":"https:\/\/camround.com\/fr\/wp-json\/wp\/v2\/comments?post=1225"}],"version-history":[{"count":1,"href":"https:\/\/camround.com\/fr\/wp-json\/wp\/v2\/pages\/1225\/revisions"}],"predecessor-version":[{"id":1226,"href":"https:\/\/camround.com\/fr\/wp-json\/wp\/v2\/pages\/1225\/revisions\/1226"}],"wp:attachment":[{"href":"https:\/\/camround.com\/fr\/wp-json\/wp\/v2\/media?parent=1225"}],"curies":[{"name":"wp","href":"https:\/\/api.w.org\/{rel}","templated":true}]}}