{"id":1231,"date":"2025-08-06T11:13:00","date_gmt":"2025-08-06T09:13:00","guid":{"rendered":"https:\/\/camround.com\/?page_id=1231"},"modified":"2025-08-06T12:26:29","modified_gmt":"2025-08-06T10:26:29","slug":"rules","status":"publish","type":"page","link":"https:\/\/camround.com\/fr\/rules\/","title":{"rendered":"R\u00e8gles"},"content":{"rendered":"<p>CamRound.com fournit gratuitement, <a href=\"https:\/\/camround.com\/fr\/anonymous-chat\/\">anonyme<\/a> acc\u00e8s \u00e0 un entretien individuel <a href=\"https:\/\/camround.com\/fr\/\">chat vid\u00e9o al\u00e9atoire<\/a> Exp\u00e9rience sans inscription. Notre mission est d&#039;offrir un espace s\u00fbr, engageant et respectueux, similaire \u00e0 d&#039;autres plateformes comme <a href=\"https:\/\/camround.com\/fr\/omegle\/\">Omegle<\/a>, permettant aux utilisateurs de rencontrer de nouvelles personnes en ligne en temps r\u00e9el.<\/p>\n<p>Afin de garantir un environnement positif pour tous, nous demandons \u00e0 tous les utilisateurs de respecter les r\u00e8gles ci-dessous. Tout manquement \u00e0 ces r\u00e8gles peut entra\u00eener une suspension imm\u00e9diate ou une exclusion d\u00e9finitive de CamRound.com.<\/p>\n<h2>Conduite interdite sur CamRound.com<\/h2>\n<p>Afin de maintenir la s\u00e9curit\u00e9, le respect et le respect de la loi, les actions suivantes sont strictement interdites sur CamRound.com :<\/p>\n<ul>\n<li>Acc\u00e8s des mineurs\u00a0: Vous devez \u00eatre \u00e2g\u00e9 de 18\u00a0ans ou plus pour utiliser CamRound.com. L&#039;acc\u00e8s aux mineurs est strictement interdit.<\/li>\n<li>Langage ou comportement inappropri\u00e9\u00a0: Les propos ou comportements vulgaires, sexuellement explicites, violents ou d\u00e9rangeants sont interdits. Cette plateforme est interdite aux contenus pr\u00e9judiciables ou offensants.<\/li>\n<li>Discrimination ou discours de haine\u00a0: Il est strictement interdit de d\u00e9grader, d\u2019insulter ou d\u2019attaquer autrui en raison de sa religion, de sa race, de son sexe, de son orientation sexuelle, de sa nationalit\u00e9 ou de son \u00e2ge. Toute forme de discours de haine ou de comportement discriminatoire ne sera pas tol\u00e9r\u00e9e.<\/li>\n<li>Harc\u00e8lement ou abus : Il est strictement interdit de harceler, d&#039;intimider ou de manquer intentionnellement de respect \u00e0 d&#039;autres utilisateurs sous quelque forme que ce soit (verbale, visuelle ou autre).<\/li>\n<li>Nudit\u00e9 partielle sans identification : montrer votre poitrine nue devant la cam\u00e9ra n&#039;est autoris\u00e9 que si votre visage est clairement visible en m\u00eame temps, afin d&#039;\u00e9viter toute exposition ind\u00e9cente anonyme.<\/li>\n<li>Nudit\u00e9 ou exposition de sous-v\u00eatements : Il n&#039;est jamais autoris\u00e9 d&#039;appara\u00eetre compl\u00e8tement nu ou uniquement en sous-v\u00eatements devant la cam\u00e9ra.<\/li>\n<li>Comportement sexuellement explicite : Il est strictement interdit de :\n<ul>\n<li>Demander ou faire pression sur d\u2019autres personnes pour qu\u2019elles aient une activit\u00e9 sexuelle virtuelle.<\/li>\n<li>Exposez vos parties intimes devant la cam\u00e9ra.<\/li>\n<li>Touchez ou simulez le fait de toucher vos parties g\u00e9nitales tout en \u00e9tant visible par la cam\u00e9ra.<\/li>\n<li>Dirigez intentionnellement votre cam\u00e9ra sous la poitrine.<\/li>\n<\/ul>\n<\/li>\n<li>Contenu promotionnel ou de redirection : Vous ne pouvez pas :\n<ul>\n<li>Afficher du texte, des images ou <a href=\"https:\/\/camround.com\/fr\/vidizzy\/\">vid\u00e9o<\/a> dans le but de rediriger les utilisateurs vers d&#039;autres sites Web ou plateformes.<\/li>\n<li>Partagez votre \u00e9cran d\u2019ordinateur, vos messages ou vos promotions.<\/li>\n<li>Utiliser <a href=\"https:\/\/camround.com\/fr\/ometv\/\">webcam<\/a> \u00e9mulateurs, appareils virtuels ou boucles vid\u00e9o pour tromper ou faire de la publicit\u00e9.<\/li>\n<li>Demandez des votes, promouvez des liens ou vendez des produits\/services sous n&#039;importe quelle forme.<\/li>\n<\/ul>\n<\/li>\n<li>Utilisation ill\u00e9gale ou exploitante : CamRound.com interdit strictement toute utilisation de la plateforme pour s&#039;engager dans, promouvoir ou faciliter :\n<ul>\n<li>Trafic sexuel<\/li>\n<li>Traite des \u00eatres humains<\/li>\n<li>Prostitution<\/li>\n<li>Violence physique ou psychologique<\/li>\n<li>Toute activit\u00e9 ill\u00e9gale ou exploitation d&#039;autrui<\/li>\n<\/ul>\n<\/li>\n<\/ul>\n<h2>Signaler les violations<\/h2>\n<p>Si vous rencontrez un utilisateur qui enfreint les r\u00e8gles, veuillez signaler l&#039;incident imm\u00e9diatement via notre syst\u00e8me d&#039;assistance.<\/p>\n<p>Pour une intervention plus rapide et plus efficace, veuillez inclure une capture d&#039;\u00e9cran de l&#039;infraction lors de votre signalement. Cela nous permettra d&#039;examiner et de traiter les probl\u00e8mes avec pr\u00e9cision.<\/p>\n<h2>Application de la loi et interdictions d&#039;utilisation<\/h2>\n<p>CamRound.com applique une politique de tol\u00e9rance z\u00e9ro envers les violations de r\u00e8gles. Les utilisateurs recevant plusieurs plaintes peuvent \u00eatre automatiquement bloqu\u00e9s par notre syst\u00e8me.<\/p>\n<p>Nous prenons chaque signalement au s\u00e9rieux, mais les exclusions d\u00e9finitives ne sont prononc\u00e9es qu&#039;apr\u00e8s un examen approfondi. Bien que CamRound.com ne puisse pas surveiller chaque interaction en temps r\u00e9el, nous comptons sur notre communaut\u00e9 pour garantir la s\u00e9curit\u00e9 et le respect de la plateforme. Votre coop\u00e9ration pour signaler les violations est essentielle.<\/p>\n<p>Ensemble, nous pouvons cr\u00e9er une plateforme s\u00fbre, spontan\u00e9e et agr\u00e9able pour tous. Merci de contribuer \u00e0 faire de CamRound.com un endroit meilleur. <a href=\"https:\/\/camround.com\/fr\/bazoocam\/\">pour discuter<\/a>.<\/p>","protected":false},"excerpt":{"rendered":"<p>CamRound.com provides free, anonymous access to a one-on-one random video chat experience\u2014no registration required. Our mission is to offer a safe, engaging, and respectful space similar to other platforms like Omegle, allowing users to meet new people online in real time. To ensure a positive environment for everyone, we require all users to follow the [&hellip;]<\/p>\n","protected":false},"author":1,"featured_media":0,"parent":0,"menu_order":0,"comment_status":"closed","ping_status":"closed","template":"","meta":{"footnotes":""},"class_list":["post-1231","page","type-page","status-publish","hentry"],"yoast_head":"<!-- This site is optimized with the Yoast SEO plugin v27.3 - https:\/\/yoast.com\/product\/yoast-seo-wordpress\/ -->\n<title>Rules - CamRound.com<\/title>\n<meta name=\"robots\" content=\"index, follow, max-snippet:-1, max-image-preview:large, max-video-preview:-1\" \/>\n<link rel=\"canonical\" href=\"https:\/\/camround.com\/fr\/rules\/\" \/>\n<meta property=\"og:locale\" content=\"fr_FR\" \/>\n<meta property=\"og:type\" content=\"article\" \/>\n<meta property=\"og:title\" content=\"Rules - CamRound.com\" \/>\n<meta property=\"og:description\" content=\"CamRound.com provides free, anonymous access to a one-on-one random video chat experience\u2014no registration required. Our mission is to offer a safe, engaging, and respectful space similar to other platforms like Omegle, allowing users to meet new people online in real time. To ensure a positive environment for everyone, we require all users to follow the [&hellip;]\" \/>\n<meta property=\"og:url\" content=\"https:\/\/camround.com\/fr\/rules\/\" \/>\n<meta property=\"og:site_name\" content=\"CamRound.com\" \/>\n<meta property=\"article:modified_time\" content=\"2025-08-06T10:26:29+00:00\" \/>\n<meta name=\"twitter:card\" content=\"summary_large_image\" \/>\n<meta name=\"twitter:label1\" content=\"Dur\u00e9e de lecture estim\u00e9e\" \/>\n\t<meta name=\"twitter:data1\" content=\"3 minutes\" \/>\n<script type=\"application\/ld+json\" class=\"yoast-schema-graph\">{\"@context\":\"https:\\\/\\\/schema.org\",\"@graph\":[{\"@type\":\"WebPage\",\"@id\":\"https:\\\/\\\/camround.com\\\/rules\\\/\",\"url\":\"https:\\\/\\\/camround.com\\\/rules\\\/\",\"name\":\"Rules - CamRound.com\",\"isPartOf\":{\"@id\":\"https:\\\/\\\/camround.com\\\/#website\"},\"datePublished\":\"2025-08-06T09:13:00+00:00\",\"dateModified\":\"2025-08-06T10:26:29+00:00\",\"breadcrumb\":{\"@id\":\"https:\\\/\\\/camround.com\\\/rules\\\/#breadcrumb\"},\"inLanguage\":\"fr-FR\",\"potentialAction\":[{\"@type\":\"ReadAction\",\"target\":[\"https:\\\/\\\/camround.com\\\/rules\\\/\"]}]},{\"@type\":\"BreadcrumbList\",\"@id\":\"https:\\\/\\\/camround.com\\\/rules\\\/#breadcrumb\",\"itemListElement\":[{\"@type\":\"ListItem\",\"position\":1,\"name\":\"Home\",\"item\":\"https:\\\/\\\/camround.com\\\/\"},{\"@type\":\"ListItem\",\"position\":2,\"name\":\"Rules\"}]},{\"@type\":\"WebSite\",\"@id\":\"https:\\\/\\\/camround.com\\\/#website\",\"url\":\"https:\\\/\\\/camround.com\\\/\",\"name\":\"CamRound\",\"description\":\"Random Video Chat\",\"publisher\":{\"@id\":\"https:\\\/\\\/camround.com\\\/#organization\"},\"inLanguage\":\"fr-FR\"},{\"@type\":\"Organization\",\"@id\":\"https:\\\/\\\/camround.com\\\/#organization\",\"name\":\"CamRound\",\"url\":\"https:\\\/\\\/camround.com\\\/\",\"logo\":{\"@type\":\"ImageObject\",\"inLanguage\":\"fr-FR\",\"@id\":\"https:\\\/\\\/camround.com\\\/#\\\/schema\\\/logo\\\/image\\\/\",\"url\":\"https:\\\/\\\/camround.com\\\/wp-content\\\/uploads\\\/2021\\\/12\\\/C-Icon_1Color.png\",\"contentUrl\":\"https:\\\/\\\/camround.com\\\/wp-content\\\/uploads\\\/2021\\\/12\\\/C-Icon_1Color.png\",\"width\":1192,\"height\":1216,\"caption\":\"CamRound\"},\"image\":{\"@id\":\"https:\\\/\\\/camround.com\\\/#\\\/schema\\\/logo\\\/image\\\/\"}}]}<\/script>\n<!-- \/ Yoast SEO plugin. -->","yoast_head_json":{"title":"R\u00e8gles - CamRound.com","robots":{"index":"index","follow":"follow","max-snippet":"max-snippet:-1","max-image-preview":"max-image-preview:large","max-video-preview":"max-video-preview:-1"},"canonical":"https:\/\/camround.com\/fr\/rules\/","og_locale":"fr_FR","og_type":"article","og_title":"Rules - CamRound.com","og_description":"CamRound.com provides free, anonymous access to a one-on-one random video chat experience\u2014no registration required. Our mission is to offer a safe, engaging, and respectful space similar to other platforms like Omegle, allowing users to meet new people online in real time. To ensure a positive environment for everyone, we require all users to follow the [&hellip;]","og_url":"https:\/\/camround.com\/fr\/rules\/","og_site_name":"CamRound.com","article_modified_time":"2025-08-06T10:26:29+00:00","twitter_card":"summary_large_image","twitter_misc":{"Dur\u00e9e de lecture estim\u00e9e":"3 minutes"},"schema":{"@context":"https:\/\/schema.org","@graph":[{"@type":"WebPage","@id":"https:\/\/camround.com\/rules\/","url":"https:\/\/camround.com\/rules\/","name":"R\u00e8gles - CamRound.com","isPartOf":{"@id":"https:\/\/camround.com\/#website"},"datePublished":"2025-08-06T09:13:00+00:00","dateModified":"2025-08-06T10:26:29+00:00","breadcrumb":{"@id":"https:\/\/camround.com\/rules\/#breadcrumb"},"inLanguage":"fr-FR","potentialAction":[{"@type":"ReadAction","target":["https:\/\/camround.com\/rules\/"]}]},{"@type":"BreadcrumbList","@id":"https:\/\/camround.com\/rules\/#breadcrumb","itemListElement":[{"@type":"ListItem","position":1,"name":"Home","item":"https:\/\/camround.com\/"},{"@type":"ListItem","position":2,"name":"Rules"}]},{"@type":"WebSite","@id":"https:\/\/camround.com\/#website","url":"https:\/\/camround.com\/","name":"CamRound","description":"Chat vid\u00e9o al\u00e9atoire","publisher":{"@id":"https:\/\/camround.com\/#organization"},"inLanguage":"fr-FR"},{"@type":"Organization","@id":"https:\/\/camround.com\/#organization","name":"CamRound","url":"https:\/\/camround.com\/","logo":{"@type":"ImageObject","inLanguage":"fr-FR","@id":"https:\/\/camround.com\/#\/schema\/logo\/image\/","url":"https:\/\/camround.com\/wp-content\/uploads\/2021\/12\/C-Icon_1Color.png","contentUrl":"https:\/\/camround.com\/wp-content\/uploads\/2021\/12\/C-Icon_1Color.png","width":1192,"height":1216,"caption":"CamRound"},"image":{"@id":"https:\/\/camround.com\/#\/schema\/logo\/image\/"}}]}},"_links":{"self":[{"href":"https:\/\/camround.com\/fr\/wp-json\/wp\/v2\/pages\/1231","targetHints":{"allow":["GET"]}}],"collection":[{"href":"https:\/\/camround.com\/fr\/wp-json\/wp\/v2\/pages"}],"about":[{"href":"https:\/\/camround.com\/fr\/wp-json\/wp\/v2\/types\/page"}],"author":[{"embeddable":true,"href":"https:\/\/camround.com\/fr\/wp-json\/wp\/v2\/users\/1"}],"replies":[{"embeddable":true,"href":"https:\/\/camround.com\/fr\/wp-json\/wp\/v2\/comments?post=1231"}],"version-history":[{"count":1,"href":"https:\/\/camround.com\/fr\/wp-json\/wp\/v2\/pages\/1231\/revisions"}],"predecessor-version":[{"id":1233,"href":"https:\/\/camround.com\/fr\/wp-json\/wp\/v2\/pages\/1231\/revisions\/1233"}],"wp:attachment":[{"href":"https:\/\/camround.com\/fr\/wp-json\/wp\/v2\/media?parent=1231"}],"curies":[{"name":"wp","href":"https:\/\/api.w.org\/{rel}","templated":true}]}}