{"id":1223,"date":"2025-08-06T10:59:56","date_gmt":"2025-08-06T08:59:56","guid":{"rendered":"https:\/\/camround.com\/?page_id=1223"},"modified":"2025-08-06T10:59:56","modified_gmt":"2025-08-06T08:59:56","slug":"disclaimer","status":"publish","type":"page","link":"https:\/\/camround.com\/it\/disclaimer\/","title":{"rendered":"Disclaimer"},"content":{"rendered":"<p>Le informazioni fornite su <a href=\"https:\/\/camround.com\/it\/\">CamRound<\/a>.com (&quot;noi&quot;, &quot;ci&quot; o &quot;nostro&quot;) ha esclusivamente scopo informativo generale. Pur facendo ogni sforzo per mantenere i nostri contenuti accurati e aggiornati, non forniamo alcuna garanzia, espressa o implicita, in merito all&#039;accuratezza, adeguatezza, affidabilit\u00e0, validit\u00e0 o completezza delle informazioni presenti su questo sito web.<\/p>\n<h2>Non \u00e8 un consiglio professionale<\/h2>\n<p>Nulla su CamRound.com intende costituire, n\u00e9 deve essere interpretato come, una consulenza professionale di alcun tipo. Qualsiasi affidamento sulle informazioni presenti su questo sito \u00e8 a vostra esclusiva discrezione e rischio.<\/p>\n<h2>Rivedi i contenuti e le opinioni<\/h2>\n<p>CamRound.com opera come un sito web in stile recensione. Tutte le opinioni espresse appartengono ai rispettivi autori e non riflettono necessariamente le opinioni o la posizione ufficiale di altre persone, aziende o entit\u00e0. Le nostre recensioni e raccomandazioni si basano su ricerche indipendenti, feedback degli utenti ed esperienze personali e devono essere trattate di conseguenza.<\/p>\n<h2>Divulgazione di affiliazione<\/h2>\n<p>Alcuni link forniti su CamRound.com sono link di affiliazione, il che significa che potremmo guadagnare una commissione se clicchi e fai un acquisto o ti iscrivi a un servizio. La scelta di utilizzare questi link \u00e8 interamente tua. Consigliamo solo prodotti o servizi che riteniamo possano essere di valore per i nostri visitatori, ma non possiamo garantire la tua soddisfazione o i tuoi risultati.<\/p>\n<p>Potremmo anche avere partnership dirette o rapporti di sponsorizzazione con alcune aziende menzionate o presentate su CamRound.com, che potrebbero comportare compensi aggiuntivi. Questi rapporti non influiscono sulla nostra integrit\u00e0 editoriale; ci impegniamo a fornire recensioni e informazioni oneste e imparziali in ogni momento.<\/p>\n<h2>Link esterni<\/h2>\n<p>CamRound.com pu\u00f2 includere link a siti web o servizi di terze parti, nonch\u00e9 banner o annunci pubblicitari che rimandano a siti esterni. Non controlliamo, monitoriamo o verifichiamo l&#039;accuratezza o l&#039;affidabilit\u00e0 delle informazioni presenti su questi siti esterni, n\u00e9 garantiamo, sosteniamo o ci assumiamo la responsabilit\u00e0 per informazioni, prodotti o servizi offerti da terze parti.<\/p>\n<h2>Limitazione di responsabilit\u00e0<\/h2>\n<p>In nessun caso CamRound.com sar\u00e0 ritenuta responsabile per eventuali perdite o danni di qualsiasi tipo derivanti dall&#039;utilizzo di questo sito web o dall&#039;affidamento fatto sulle informazioni fornite. L&#039;utilizzo di CamRound.com e qualsiasi azione intrapresa in base ai suoi contenuti sono a vostro esclusivo rischio.<\/p>\n<h2>Contatto<\/h2>\n<p>Per qualsiasi domanda o dubbio in merito alla presente informativa, contattateci tramite la nostra pagina dei contatti.<\/p>","protected":false},"excerpt":{"rendered":"<p>The information provided on CamRound.com (\u201cwe,\u201d \u201cus,\u201d or \u201cour\u201d) is intended strictly for general informational purposes. While we make every effort to keep our content accurate and up to date, we make no guarantees\u2014express or implied\u2014regarding the accuracy, adequacy, reliability, validity, or completeness of any information on this website. Not Professional Advice Nothing on CamRound.com [&hellip;]<\/p>\n","protected":false},"author":1,"featured_media":0,"parent":0,"menu_order":0,"comment_status":"closed","ping_status":"closed","template":"","meta":{"footnotes":""},"class_list":["post-1223","page","type-page","status-publish","hentry"],"yoast_head":"<!-- This site is optimized with the Yoast SEO plugin v27.3 - https:\/\/yoast.com\/product\/yoast-seo-wordpress\/ -->\n<title>Disclaimer - CamRound.com<\/title>\n<meta name=\"robots\" content=\"index, follow, max-snippet:-1, max-image-preview:large, max-video-preview:-1\" \/>\n<link rel=\"canonical\" href=\"https:\/\/camround.com\/it\/disclaimer\/\" \/>\n<meta property=\"og:locale\" content=\"it_IT\" \/>\n<meta property=\"og:type\" content=\"article\" \/>\n<meta property=\"og:title\" content=\"Disclaimer - CamRound.com\" \/>\n<meta property=\"og:description\" content=\"The information provided on CamRound.com (\u201cwe,\u201d \u201cus,\u201d or \u201cour\u201d) is intended strictly for general informational purposes. While we make every effort to keep our content accurate and up to date, we make no guarantees\u2014express or implied\u2014regarding the accuracy, adequacy, reliability, validity, or completeness of any information on this website. Not Professional Advice Nothing on CamRound.com [&hellip;]\" \/>\n<meta property=\"og:url\" content=\"https:\/\/camround.com\/it\/disclaimer\/\" \/>\n<meta property=\"og:site_name\" content=\"CamRound.com\" \/>\n<meta name=\"twitter:card\" content=\"summary_large_image\" \/>\n<meta name=\"twitter:label1\" content=\"Tempo di lettura stimato\" \/>\n\t<meta name=\"twitter:data1\" content=\"2 minuti\" \/>\n<script type=\"application\/ld+json\" class=\"yoast-schema-graph\">{\"@context\":\"https:\\\/\\\/schema.org\",\"@graph\":[{\"@type\":\"WebPage\",\"@id\":\"https:\\\/\\\/camround.com\\\/disclaimer\\\/\",\"url\":\"https:\\\/\\\/camround.com\\\/disclaimer\\\/\",\"name\":\"Disclaimer - CamRound.com\",\"isPartOf\":{\"@id\":\"https:\\\/\\\/camround.com\\\/#website\"},\"datePublished\":\"2025-08-06T08:59:56+00:00\",\"breadcrumb\":{\"@id\":\"https:\\\/\\\/camround.com\\\/disclaimer\\\/#breadcrumb\"},\"inLanguage\":\"it-IT\",\"potentialAction\":[{\"@type\":\"ReadAction\",\"target\":[\"https:\\\/\\\/camround.com\\\/disclaimer\\\/\"]}]},{\"@type\":\"BreadcrumbList\",\"@id\":\"https:\\\/\\\/camround.com\\\/disclaimer\\\/#breadcrumb\",\"itemListElement\":[{\"@type\":\"ListItem\",\"position\":1,\"name\":\"Home\",\"item\":\"https:\\\/\\\/camround.com\\\/\"},{\"@type\":\"ListItem\",\"position\":2,\"name\":\"Disclaimer\"}]},{\"@type\":\"WebSite\",\"@id\":\"https:\\\/\\\/camround.com\\\/#website\",\"url\":\"https:\\\/\\\/camround.com\\\/\",\"name\":\"CamRound\",\"description\":\"Random Video Chat\",\"publisher\":{\"@id\":\"https:\\\/\\\/camround.com\\\/#organization\"},\"inLanguage\":\"it-IT\"},{\"@type\":\"Organization\",\"@id\":\"https:\\\/\\\/camround.com\\\/#organization\",\"name\":\"CamRound\",\"url\":\"https:\\\/\\\/camround.com\\\/\",\"logo\":{\"@type\":\"ImageObject\",\"inLanguage\":\"it-IT\",\"@id\":\"https:\\\/\\\/camround.com\\\/#\\\/schema\\\/logo\\\/image\\\/\",\"url\":\"https:\\\/\\\/camround.com\\\/wp-content\\\/uploads\\\/2021\\\/12\\\/C-Icon_1Color.png\",\"contentUrl\":\"https:\\\/\\\/camround.com\\\/wp-content\\\/uploads\\\/2021\\\/12\\\/C-Icon_1Color.png\",\"width\":1192,\"height\":1216,\"caption\":\"CamRound\"},\"image\":{\"@id\":\"https:\\\/\\\/camround.com\\\/#\\\/schema\\\/logo\\\/image\\\/\"}}]}<\/script>\n<!-- \/ Yoast SEO plugin. -->","yoast_head_json":{"title":"Disclaimer - CamRound.com","robots":{"index":"index","follow":"follow","max-snippet":"max-snippet:-1","max-image-preview":"max-image-preview:large","max-video-preview":"max-video-preview:-1"},"canonical":"https:\/\/camround.com\/it\/disclaimer\/","og_locale":"it_IT","og_type":"article","og_title":"Disclaimer - CamRound.com","og_description":"The information provided on CamRound.com (\u201cwe,\u201d \u201cus,\u201d or \u201cour\u201d) is intended strictly for general informational purposes. While we make every effort to keep our content accurate and up to date, we make no guarantees\u2014express or implied\u2014regarding the accuracy, adequacy, reliability, validity, or completeness of any information on this website. Not Professional Advice Nothing on CamRound.com [&hellip;]","og_url":"https:\/\/camround.com\/it\/disclaimer\/","og_site_name":"CamRound.com","twitter_card":"summary_large_image","twitter_misc":{"Tempo di lettura stimato":"2 minuti"},"schema":{"@context":"https:\/\/schema.org","@graph":[{"@type":"WebPage","@id":"https:\/\/camround.com\/disclaimer\/","url":"https:\/\/camround.com\/disclaimer\/","name":"Disclaimer - CamRound.com","isPartOf":{"@id":"https:\/\/camround.com\/#website"},"datePublished":"2025-08-06T08:59:56+00:00","breadcrumb":{"@id":"https:\/\/camround.com\/disclaimer\/#breadcrumb"},"inLanguage":"it-IT","potentialAction":[{"@type":"ReadAction","target":["https:\/\/camround.com\/disclaimer\/"]}]},{"@type":"BreadcrumbList","@id":"https:\/\/camround.com\/disclaimer\/#breadcrumb","itemListElement":[{"@type":"ListItem","position":1,"name":"Home","item":"https:\/\/camround.com\/"},{"@type":"ListItem","position":2,"name":"Disclaimer"}]},{"@type":"WebSite","@id":"https:\/\/camround.com\/#website","url":"https:\/\/camround.com\/","name":"CamRound","description":"Chat video casuale","publisher":{"@id":"https:\/\/camround.com\/#organization"},"inLanguage":"it-IT"},{"@type":"Organization","@id":"https:\/\/camround.com\/#organization","name":"CamRound","url":"https:\/\/camround.com\/","logo":{"@type":"ImageObject","inLanguage":"it-IT","@id":"https:\/\/camround.com\/#\/schema\/logo\/image\/","url":"https:\/\/camround.com\/wp-content\/uploads\/2021\/12\/C-Icon_1Color.png","contentUrl":"https:\/\/camround.com\/wp-content\/uploads\/2021\/12\/C-Icon_1Color.png","width":1192,"height":1216,"caption":"CamRound"},"image":{"@id":"https:\/\/camround.com\/#\/schema\/logo\/image\/"}}]}},"_links":{"self":[{"href":"https:\/\/camround.com\/it\/wp-json\/wp\/v2\/pages\/1223","targetHints":{"allow":["GET"]}}],"collection":[{"href":"https:\/\/camround.com\/it\/wp-json\/wp\/v2\/pages"}],"about":[{"href":"https:\/\/camround.com\/it\/wp-json\/wp\/v2\/types\/page"}],"author":[{"embeddable":true,"href":"https:\/\/camround.com\/it\/wp-json\/wp\/v2\/users\/1"}],"replies":[{"embeddable":true,"href":"https:\/\/camround.com\/it\/wp-json\/wp\/v2\/comments?post=1223"}],"version-history":[{"count":1,"href":"https:\/\/camround.com\/it\/wp-json\/wp\/v2\/pages\/1223\/revisions"}],"predecessor-version":[{"id":1224,"href":"https:\/\/camround.com\/it\/wp-json\/wp\/v2\/pages\/1223\/revisions\/1224"}],"wp:attachment":[{"href":"https:\/\/camround.com\/it\/wp-json\/wp\/v2\/media?parent=1223"}],"curies":[{"name":"parola chiave","href":"https:\/\/api.w.org\/{rel}","templated":true}]}}