{"id":1231,"date":"2025-08-06T11:13:00","date_gmt":"2025-08-06T09:13:00","guid":{"rendered":"https:\/\/camround.com\/?page_id=1231"},"modified":"2025-08-06T12:26:29","modified_gmt":"2025-08-06T10:26:29","slug":"rules","status":"publish","type":"page","link":"https:\/\/camround.com\/it\/rules\/","title":{"rendered":"Regole"},"content":{"rendered":"<p>CamRound.com fornisce gratuitamente, <a href=\"https:\/\/camround.com\/it\/anonymous-chat\/\">anonimo<\/a> accesso a un incontro individuale <a href=\"https:\/\/camround.com\/it\/\">video chat casuale<\/a> esperienza - non \u00e8 richiesta la registrazione. La nostra missione \u00e8 offrire uno spazio sicuro, coinvolgente e rispettoso, simile ad altre piattaforme come <a href=\"https:\/\/camround.com\/it\/omegle\/\">Omegle<\/a>, consentendo agli utenti di incontrare nuove persone online in tempo reale.<\/p>\n<p>Per garantire un ambiente positivo per tutti, richiediamo a tutti gli utenti di seguire le regole riportate di seguito. La violazione di queste linee guida pu\u00f2 comportare la sospensione immediata o la rimozione permanente da CamRound.com.<\/p>\n<h2>Condotta proibita su CamRound.com<\/h2>\n<p>Per garantire la sicurezza, il rispetto e l&#039;osservanza della legge, le seguenti azioni sono severamente vietate su CamRound.com:<\/p>\n<ul>\n<li>Accesso da parte di minorenni: per utilizzare CamRound.com \u00e8 necessario avere almeno 18 anni. L&#039;accesso ai minori di 18 anni \u00e8 severamente vietato.<\/li>\n<li>Linguaggio o comportamento inappropriati: non sono ammessi linguaggio o comportamenti volgari, sessualmente espliciti, violenti o inquietanti. Questa piattaforma non \u00e8 destinata a contenuti dannosi o offensivi.<\/li>\n<li>Discriminazione o incitamento all&#039;odio: \u00e8 severamente vietato umiliare, insultare o attaccare altri utenti in base a religione, razza, genere, orientamento sessuale, nazionalit\u00e0 o et\u00e0. Non sar\u00e0 tollerata alcuna forma di incitamento all&#039;odio o comportamento discriminatorio.<\/li>\n<li>Molestie o abusi: \u00e8 severamente vietato molestare, intimidire o mancare intenzionalmente di rispetto ad altri utenti in qualsiasi forma, verbale, visiva o di altro tipo.<\/li>\n<li>Nudit\u00e0 parziale senza identificazione: mostrare il petto nudo davanti alla telecamera \u00e8 consentito solo se \u00e8 chiaramente visibile anche il viso, per evitare atti osceni in pubblico.<\/li>\n<li>Nudit\u00e0 o esposizione di indumenti intimi: non \u00e8 mai consentito apparire completamente nudi o con solo indumenti intimi davanti alla telecamera.<\/li>\n<li>Comportamento sessualmente esplicito: \u00e8 severamente vietato:\n<ul>\n<li>Richiedere o fare pressione su altri affinch\u00e9 intraprendano attivit\u00e0 sessuali virtuali.<\/li>\n<li>Esponi le tue parti intime davanti alla telecamera.<\/li>\n<li>Tocca o simula di toccare i tuoi genitali mentre sei visibile in telecamera.<\/li>\n<li>Punta intenzionalmente la telecamera verso il basso, sotto il petto.<\/li>\n<\/ul>\n<\/li>\n<li>Contenuti promozionali o di reindirizzamento: non puoi:\n<ul>\n<li>Visualizza testo, immagini o <a href=\"https:\/\/camround.com\/it\/vidizzy\/\">video<\/a> allo scopo di reindirizzare gli utenti verso altri siti web o piattaforme.<\/li>\n<li>Condividi lo schermo del tuo computer, i tuoi messaggi o le tue promozioni.<\/li>\n<li>Utilizzo <a href=\"https:\/\/camround.com\/it\/ometv\/\">webcam<\/a> emulatori, dispositivi virtuali o loop video per trarre in inganno o fare pubblicit\u00e0.<\/li>\n<li>Richiedi voti, promuovi link o vendi prodotti\/servizi in qualsiasi forma.<\/li>\n<\/ul>\n<\/li>\n<li>Utilizzo illegale o sfruttatore: CamRound.com vieta severamente qualsiasi utilizzo della piattaforma per impegnarsi, promuovere o facilitare:\n<ul>\n<li>traffico sessuale<\/li>\n<li>tratta di esseri umani<\/li>\n<li>Prostituzione<\/li>\n<li>Abuso fisico o psicologico<\/li>\n<li>Qualsiasi attivit\u00e0 illegale o sfruttamento di altri<\/li>\n<\/ul>\n<\/li>\n<\/ul>\n<h2>Segnalazione delle violazioni<\/h2>\n<p>Se riscontri un utente che infrange le regole, segnala immediatamente l&#039;accaduto tramite il nostro sistema di supporto.<\/p>\n<p>Per un intervento pi\u00f9 rapido ed efficace, allega uno screenshot della violazione al momento dell&#039;invio della segnalazione. Questo ci aiuter\u00e0 a esaminare e risolvere i problemi in modo pi\u00f9 accurato.<\/p>\n<h2>Applicazione e divieti agli utenti<\/h2>\n<p>CamRound.com applica una politica di tolleranza zero per le violazioni delle regole. Gli utenti che ricevono pi\u00f9 reclami potrebbero essere automaticamente bloccati dal nostro sistema.<\/p>\n<p>Prendiamo sul serio ogni segnalazione, ma i ban permanenti vengono emessi solo dopo un&#039;attenta analisi. Sebbene CamRound.com non possa monitorare ogni interazione in tempo reale, contiamo sulla nostra community per contribuire a mantenere la piattaforma sicura e rispettosa. La vostra collaborazione nella segnalazione delle violazioni \u00e8 essenziale.<\/p>\n<p>Insieme possiamo costruire una piattaforma sicura, spontanea e piacevole per tutti. Grazie per aver contribuito a rendere CamRound.com un posto migliore. <a href=\"https:\/\/camround.com\/it\/bazoocam\/\">per chiacchierare<\/a>.<\/p>","protected":false},"excerpt":{"rendered":"<p>CamRound.com provides free, anonymous access to a one-on-one random video chat experience\u2014no registration required. Our mission is to offer a safe, engaging, and respectful space similar to other platforms like Omegle, allowing users to meet new people online in real time. To ensure a positive environment for everyone, we require all users to follow the [&hellip;]<\/p>\n","protected":false},"author":1,"featured_media":0,"parent":0,"menu_order":0,"comment_status":"closed","ping_status":"closed","template":"","meta":{"footnotes":""},"class_list":["post-1231","page","type-page","status-publish","hentry"],"yoast_head":"<!-- This site is optimized with the Yoast SEO plugin v27.3 - https:\/\/yoast.com\/product\/yoast-seo-wordpress\/ -->\n<title>Rules - CamRound.com<\/title>\n<meta name=\"robots\" content=\"index, follow, max-snippet:-1, max-image-preview:large, max-video-preview:-1\" \/>\n<link rel=\"canonical\" href=\"https:\/\/camround.com\/it\/rules\/\" \/>\n<meta property=\"og:locale\" content=\"it_IT\" \/>\n<meta property=\"og:type\" content=\"article\" \/>\n<meta property=\"og:title\" content=\"Rules - CamRound.com\" \/>\n<meta property=\"og:description\" content=\"CamRound.com provides free, anonymous access to a one-on-one random video chat experience\u2014no registration required. Our mission is to offer a safe, engaging, and respectful space similar to other platforms like Omegle, allowing users to meet new people online in real time. To ensure a positive environment for everyone, we require all users to follow the [&hellip;]\" \/>\n<meta property=\"og:url\" content=\"https:\/\/camround.com\/it\/rules\/\" \/>\n<meta property=\"og:site_name\" content=\"CamRound.com\" \/>\n<meta property=\"article:modified_time\" content=\"2025-08-06T10:26:29+00:00\" \/>\n<meta name=\"twitter:card\" content=\"summary_large_image\" \/>\n<meta name=\"twitter:label1\" content=\"Tempo di lettura stimato\" \/>\n\t<meta name=\"twitter:data1\" content=\"3 minuti\" \/>\n<script type=\"application\/ld+json\" class=\"yoast-schema-graph\">{\"@context\":\"https:\\\/\\\/schema.org\",\"@graph\":[{\"@type\":\"WebPage\",\"@id\":\"https:\\\/\\\/camround.com\\\/rules\\\/\",\"url\":\"https:\\\/\\\/camround.com\\\/rules\\\/\",\"name\":\"Rules - CamRound.com\",\"isPartOf\":{\"@id\":\"https:\\\/\\\/camround.com\\\/#website\"},\"datePublished\":\"2025-08-06T09:13:00+00:00\",\"dateModified\":\"2025-08-06T10:26:29+00:00\",\"breadcrumb\":{\"@id\":\"https:\\\/\\\/camround.com\\\/rules\\\/#breadcrumb\"},\"inLanguage\":\"it-IT\",\"potentialAction\":[{\"@type\":\"ReadAction\",\"target\":[\"https:\\\/\\\/camround.com\\\/rules\\\/\"]}]},{\"@type\":\"BreadcrumbList\",\"@id\":\"https:\\\/\\\/camround.com\\\/rules\\\/#breadcrumb\",\"itemListElement\":[{\"@type\":\"ListItem\",\"position\":1,\"name\":\"Home\",\"item\":\"https:\\\/\\\/camround.com\\\/\"},{\"@type\":\"ListItem\",\"position\":2,\"name\":\"Rules\"}]},{\"@type\":\"WebSite\",\"@id\":\"https:\\\/\\\/camround.com\\\/#website\",\"url\":\"https:\\\/\\\/camround.com\\\/\",\"name\":\"CamRound\",\"description\":\"Random Video Chat\",\"publisher\":{\"@id\":\"https:\\\/\\\/camround.com\\\/#organization\"},\"inLanguage\":\"it-IT\"},{\"@type\":\"Organization\",\"@id\":\"https:\\\/\\\/camround.com\\\/#organization\",\"name\":\"CamRound\",\"url\":\"https:\\\/\\\/camround.com\\\/\",\"logo\":{\"@type\":\"ImageObject\",\"inLanguage\":\"it-IT\",\"@id\":\"https:\\\/\\\/camround.com\\\/#\\\/schema\\\/logo\\\/image\\\/\",\"url\":\"https:\\\/\\\/camround.com\\\/wp-content\\\/uploads\\\/2021\\\/12\\\/C-Icon_1Color.png\",\"contentUrl\":\"https:\\\/\\\/camround.com\\\/wp-content\\\/uploads\\\/2021\\\/12\\\/C-Icon_1Color.png\",\"width\":1192,\"height\":1216,\"caption\":\"CamRound\"},\"image\":{\"@id\":\"https:\\\/\\\/camround.com\\\/#\\\/schema\\\/logo\\\/image\\\/\"}}]}<\/script>\n<!-- \/ Yoast SEO plugin. -->","yoast_head_json":{"title":"Regole - CamRound.com","robots":{"index":"index","follow":"follow","max-snippet":"max-snippet:-1","max-image-preview":"max-image-preview:large","max-video-preview":"max-video-preview:-1"},"canonical":"https:\/\/camround.com\/it\/rules\/","og_locale":"it_IT","og_type":"article","og_title":"Rules - CamRound.com","og_description":"CamRound.com provides free, anonymous access to a one-on-one random video chat experience\u2014no registration required. Our mission is to offer a safe, engaging, and respectful space similar to other platforms like Omegle, allowing users to meet new people online in real time. To ensure a positive environment for everyone, we require all users to follow the [&hellip;]","og_url":"https:\/\/camround.com\/it\/rules\/","og_site_name":"CamRound.com","article_modified_time":"2025-08-06T10:26:29+00:00","twitter_card":"summary_large_image","twitter_misc":{"Tempo di lettura stimato":"3 minuti"},"schema":{"@context":"https:\/\/schema.org","@graph":[{"@type":"WebPage","@id":"https:\/\/camround.com\/rules\/","url":"https:\/\/camround.com\/rules\/","name":"Regole - CamRound.com","isPartOf":{"@id":"https:\/\/camround.com\/#website"},"datePublished":"2025-08-06T09:13:00+00:00","dateModified":"2025-08-06T10:26:29+00:00","breadcrumb":{"@id":"https:\/\/camround.com\/rules\/#breadcrumb"},"inLanguage":"it-IT","potentialAction":[{"@type":"ReadAction","target":["https:\/\/camround.com\/rules\/"]}]},{"@type":"BreadcrumbList","@id":"https:\/\/camround.com\/rules\/#breadcrumb","itemListElement":[{"@type":"ListItem","position":1,"name":"Home","item":"https:\/\/camround.com\/"},{"@type":"ListItem","position":2,"name":"Rules"}]},{"@type":"WebSite","@id":"https:\/\/camround.com\/#website","url":"https:\/\/camround.com\/","name":"CamRound","description":"Chat video casuale","publisher":{"@id":"https:\/\/camround.com\/#organization"},"inLanguage":"it-IT"},{"@type":"Organization","@id":"https:\/\/camround.com\/#organization","name":"CamRound","url":"https:\/\/camround.com\/","logo":{"@type":"ImageObject","inLanguage":"it-IT","@id":"https:\/\/camround.com\/#\/schema\/logo\/image\/","url":"https:\/\/camround.com\/wp-content\/uploads\/2021\/12\/C-Icon_1Color.png","contentUrl":"https:\/\/camround.com\/wp-content\/uploads\/2021\/12\/C-Icon_1Color.png","width":1192,"height":1216,"caption":"CamRound"},"image":{"@id":"https:\/\/camround.com\/#\/schema\/logo\/image\/"}}]}},"_links":{"self":[{"href":"https:\/\/camround.com\/it\/wp-json\/wp\/v2\/pages\/1231","targetHints":{"allow":["GET"]}}],"collection":[{"href":"https:\/\/camround.com\/it\/wp-json\/wp\/v2\/pages"}],"about":[{"href":"https:\/\/camround.com\/it\/wp-json\/wp\/v2\/types\/page"}],"author":[{"embeddable":true,"href":"https:\/\/camround.com\/it\/wp-json\/wp\/v2\/users\/1"}],"replies":[{"embeddable":true,"href":"https:\/\/camround.com\/it\/wp-json\/wp\/v2\/comments?post=1231"}],"version-history":[{"count":1,"href":"https:\/\/camround.com\/it\/wp-json\/wp\/v2\/pages\/1231\/revisions"}],"predecessor-version":[{"id":1233,"href":"https:\/\/camround.com\/it\/wp-json\/wp\/v2\/pages\/1231\/revisions\/1233"}],"wp:attachment":[{"href":"https:\/\/camround.com\/it\/wp-json\/wp\/v2\/media?parent=1231"}],"curies":[{"name":"parola chiave","href":"https:\/\/api.w.org\/{rel}","templated":true}]}}