{"id":1221,"date":"2025-08-06T10:58:49","date_gmt":"2025-08-06T08:58:49","guid":{"rendered":"https:\/\/camround.com\/?page_id=1221"},"modified":"2025-08-06T10:58:49","modified_gmt":"2025-08-06T08:58:49","slug":"2257-compliance-statement","status":"publish","type":"page","link":"https:\/\/camround.com\/nb\/2257-compliance-statement\/","title":{"rendered":"2257 Samsvarserkl\u00e6ring"},"content":{"rendered":"<h2>Aldersverifisering og juridisk samsvar<\/h2>\n<p>I samsvar med amerikansk lov 18 USC Section 2257 (Child Protection and Obscenity Enforcement Act of 1988) og gjeldende internasjonale lover, er alle individer og modeller som vises p\u00e5 plattformer eller tjenester som er lenket til, anmeldt eller referert til av <a href=\"https:\/\/camround.com\/nb\/\">CamRound<\/a>.com er, s\u00e5 vidt vi vet, minst 18 \u00e5r gamle.<\/p>\n<h2>Tilknyttet forhold<\/h2>\n<p>CamRound.com eier, driver eller kontrollerer ikke noe <a href=\"https:\/\/camround.com\/nb\/ometv\/\">webkamera<\/a>, <a href=\"https:\/\/camround.com\/nb\/coomeet\/\">videochat<\/a>, eller <a href=\"https:\/\/camround.com\/nb\/ftf-live\/\">bo<\/a> str\u00f8mmeplattformer eller -tjenester som er nevnt, vist eller lenket til p\u00e5 dette nettstedet. CamRound.com fungerer utelukkende som et tilknyttet nettsted og anmeldelsesnettsted. Vi verken ansetter, kontrakterer, administrerer eller p\u00e5 annen m\u00e5te organiserer noen prosjekter, forestillinger eller aktiviteter som involverer modeller eller artister. Fullstendig samsvar med 18 USC paragraf 2257 \u2013 inkludert dokumentasjon, aldersverifisering og journalf\u00f8ring \u2013 er v\u00e5rt eget ansvar for tilknyttede partnere og operat\u00f8rene av eventuelle tredjepartstjenester.<\/p>\n<h2>Tredjepartsinnhold<\/h2>\n<p>CamRound.com verken lager, er vert for eller administrerer noe brukergenerert eller modellprodusert innhold som vises p\u00e5 eksterne plattformer som det lenkes til fra nettstedet v\u00e5rt. Alt slikt innhold \u2013 inkludert brukeropplastinger, direktestr\u00f8mmer og modellopptredener \u2013 administreres og kontrolleres utelukkende av de respektive tredjeparts plattformoperat\u00f8rene, ikke av CamRound.com.<\/p>\n<p>V\u00e5r rolle er begrenset til \u00e5 gjennomg\u00e5, anbefale og tilby tilknyttede lenker til tredjepartstjenester. Enhver bruker som velger \u00e5 registrere seg for eller bruke tjenester gjennom lenker p\u00e5 CamRound.com, gj\u00f8r det direkte med den relevante tredjepartsplattformen, uten involvering eller deltakelse fra CamRound.com eller deres ansatte.<\/p>\n<h2>Innholdsmoderering og standarder<\/h2>\n<p>CamRound.com verken st\u00f8tter eller godkjenner opprettelse eller distribusjon av obsk\u00f8nt, uanstendig eller \u00e6rekrenkende materiale. Vi forbeholder oss retten til \u00e5 fjerne eventuelle lenker eller referanser til eksternt innhold som vi, etter eget skj\u00f8nn, finner i strid med v\u00e5re standarder.<\/p>\n<h2>Innhold produsert av CamRound.com<\/h2>\n<p>Alt materiale som er laget eller publisert direkte av CamRound.com eller dets representanter er ikke av erotisk eller pornografisk art, og er ikke underlagt kravene i 18 USC paragraf 2257.<\/p>\n<h2>Dokumentlagring og samsvar<\/h2>\n<p>Alle registre og dokumentasjon som kreves av 18 USC Section 2257 vedlikeholdes av v\u00e5re tilknyttede partnere og operat\u00f8rene av eventuelle tredjepartsplattformer som vi tilbyr lenker til. CamRound.com samler ikke inn, lagrer eller vedlikeholder noen 2257-samsvarsregistre, ettersom vi ikke produserer, er vert for eller driver innhold som krever slik samsvar.<\/p>\n<p>Hvis du har sp\u00f8rsm\u00e5l eller bekymringer knyttet til aldersverifisering eller 2257-samsvar, kan du kontakte den relevante tredjepartsplattformoperat\u00f8ren direkte.<\/p>","protected":false},"excerpt":{"rendered":"<p>Age Verification and Legal Compliance In accordance with United States law 18 U.S.C. Section 2257 (Child Protection and Obscenity Enforcement Act of 1988) and applicable international laws, all individuals and models featured on any platforms or services linked to, reviewed, or referenced by CamRound.com are, to the best of our knowledge, at least 18 years [&hellip;]<\/p>\n","protected":false},"author":1,"featured_media":0,"parent":0,"menu_order":0,"comment_status":"closed","ping_status":"closed","template":"","meta":{"footnotes":""},"class_list":["post-1221","page","type-page","status-publish","hentry"],"yoast_head":"<!-- This site is optimized with the Yoast SEO plugin v27.4 - https:\/\/yoast.com\/product\/yoast-seo-wordpress\/ -->\n<title>2257 Compliance Statement - CamRound.com<\/title>\n<meta name=\"robots\" content=\"index, follow, max-snippet:-1, max-image-preview:large, max-video-preview:-1\" \/>\n<link rel=\"canonical\" href=\"https:\/\/camround.com\/nb\/2257-compliance-statement\/\" \/>\n<meta property=\"og:locale\" content=\"nb_NO\" \/>\n<meta property=\"og:type\" content=\"article\" \/>\n<meta property=\"og:title\" content=\"2257 Compliance Statement - CamRound.com\" \/>\n<meta property=\"og:description\" content=\"Age Verification and Legal Compliance In accordance with United States law 18 U.S.C. Section 2257 (Child Protection and Obscenity Enforcement Act of 1988) and applicable international laws, all individuals and models featured on any platforms or services linked to, reviewed, or referenced by CamRound.com are, to the best of our knowledge, at least 18 years [&hellip;]\" \/>\n<meta property=\"og:url\" content=\"https:\/\/camround.com\/nb\/2257-compliance-statement\/\" \/>\n<meta property=\"og:site_name\" content=\"CamRound.com\" \/>\n<meta name=\"twitter:card\" content=\"summary_large_image\" \/>\n<meta name=\"twitter:label1\" content=\"Ansl. lesetid\" \/>\n\t<meta name=\"twitter:data1\" content=\"2 minutter\" \/>\n<script type=\"application\/ld+json\" class=\"yoast-schema-graph\">{\"@context\":\"https:\\\/\\\/schema.org\",\"@graph\":[{\"@type\":\"WebPage\",\"@id\":\"https:\\\/\\\/camround.com\\\/2257-compliance-statement\\\/\",\"url\":\"https:\\\/\\\/camround.com\\\/2257-compliance-statement\\\/\",\"name\":\"2257 Compliance Statement - CamRound.com\",\"isPartOf\":{\"@id\":\"https:\\\/\\\/camround.com\\\/#website\"},\"datePublished\":\"2025-08-06T08:58:49+00:00\",\"breadcrumb\":{\"@id\":\"https:\\\/\\\/camround.com\\\/2257-compliance-statement\\\/#breadcrumb\"},\"inLanguage\":\"nb-NO\",\"potentialAction\":[{\"@type\":\"ReadAction\",\"target\":[\"https:\\\/\\\/camround.com\\\/2257-compliance-statement\\\/\"]}]},{\"@type\":\"BreadcrumbList\",\"@id\":\"https:\\\/\\\/camround.com\\\/2257-compliance-statement\\\/#breadcrumb\",\"itemListElement\":[{\"@type\":\"ListItem\",\"position\":1,\"name\":\"Home\",\"item\":\"https:\\\/\\\/camround.com\\\/\"},{\"@type\":\"ListItem\",\"position\":2,\"name\":\"2257 Compliance Statement\"}]},{\"@type\":\"WebSite\",\"@id\":\"https:\\\/\\\/camround.com\\\/#website\",\"url\":\"https:\\\/\\\/camround.com\\\/\",\"name\":\"CamRound\",\"description\":\"Random Video Chat\",\"publisher\":{\"@id\":\"https:\\\/\\\/camround.com\\\/#organization\"},\"inLanguage\":\"nb-NO\"},{\"@type\":\"Organization\",\"@id\":\"https:\\\/\\\/camround.com\\\/#organization\",\"name\":\"CamRound\",\"url\":\"https:\\\/\\\/camround.com\\\/\",\"logo\":{\"@type\":\"ImageObject\",\"inLanguage\":\"nb-NO\",\"@id\":\"https:\\\/\\\/camround.com\\\/#\\\/schema\\\/logo\\\/image\\\/\",\"url\":\"https:\\\/\\\/camround.com\\\/wp-content\\\/uploads\\\/2021\\\/12\\\/C-Icon_1Color.png\",\"contentUrl\":\"https:\\\/\\\/camround.com\\\/wp-content\\\/uploads\\\/2021\\\/12\\\/C-Icon_1Color.png\",\"width\":1192,\"height\":1216,\"caption\":\"CamRound\"},\"image\":{\"@id\":\"https:\\\/\\\/camround.com\\\/#\\\/schema\\\/logo\\\/image\\\/\"}}]}<\/script>\n<!-- \/ Yoast SEO plugin. -->","yoast_head_json":{"title":"2257 Samsvarserkl\u00e6ring - CamRound.com","robots":{"index":"index","follow":"follow","max-snippet":"max-snippet:-1","max-image-preview":"max-image-preview:large","max-video-preview":"max-video-preview:-1"},"canonical":"https:\/\/camround.com\/nb\/2257-compliance-statement\/","og_locale":"nb_NO","og_type":"article","og_title":"2257 Compliance Statement - CamRound.com","og_description":"Age Verification and Legal Compliance In accordance with United States law 18 U.S.C. Section 2257 (Child Protection and Obscenity Enforcement Act of 1988) and applicable international laws, all individuals and models featured on any platforms or services linked to, reviewed, or referenced by CamRound.com are, to the best of our knowledge, at least 18 years [&hellip;]","og_url":"https:\/\/camround.com\/nb\/2257-compliance-statement\/","og_site_name":"CamRound.com","twitter_card":"summary_large_image","twitter_misc":{"Ansl. lesetid":"2 minutter"},"schema":{"@context":"https:\/\/schema.org","@graph":[{"@type":"WebPage","@id":"https:\/\/camround.com\/2257-compliance-statement\/","url":"https:\/\/camround.com\/2257-compliance-statement\/","name":"2257 Samsvarserkl\u00e6ring - CamRound.com","isPartOf":{"@id":"https:\/\/camround.com\/#website"},"datePublished":"2025-08-06T08:58:49+00:00","breadcrumb":{"@id":"https:\/\/camround.com\/2257-compliance-statement\/#breadcrumb"},"inLanguage":"nb-NO","potentialAction":[{"@type":"ReadAction","target":["https:\/\/camround.com\/2257-compliance-statement\/"]}]},{"@type":"BreadcrumbList","@id":"https:\/\/camround.com\/2257-compliance-statement\/#breadcrumb","itemListElement":[{"@type":"ListItem","position":1,"name":"Home","item":"https:\/\/camround.com\/"},{"@type":"ListItem","position":2,"name":"2257 Compliance Statement"}]},{"@type":"WebSite","@id":"https:\/\/camround.com\/#website","url":"https:\/\/camround.com\/","name":"CamRound","description":"Tilfeldig videochat","publisher":{"@id":"https:\/\/camround.com\/#organization"},"inLanguage":"nb-NO"},{"@type":"Organization","@id":"https:\/\/camround.com\/#organization","name":"CamRound","url":"https:\/\/camround.com\/","logo":{"@type":"ImageObject","inLanguage":"nb-NO","@id":"https:\/\/camround.com\/#\/schema\/logo\/image\/","url":"https:\/\/camround.com\/wp-content\/uploads\/2021\/12\/C-Icon_1Color.png","contentUrl":"https:\/\/camround.com\/wp-content\/uploads\/2021\/12\/C-Icon_1Color.png","width":1192,"height":1216,"caption":"CamRound"},"image":{"@id":"https:\/\/camround.com\/#\/schema\/logo\/image\/"}}]}},"_links":{"self":[{"href":"https:\/\/camround.com\/nb\/wp-json\/wp\/v2\/pages\/1221","targetHints":{"allow":["GET"]}}],"collection":[{"href":"https:\/\/camround.com\/nb\/wp-json\/wp\/v2\/pages"}],"about":[{"href":"https:\/\/camround.com\/nb\/wp-json\/wp\/v2\/types\/page"}],"author":[{"embeddable":true,"href":"https:\/\/camround.com\/nb\/wp-json\/wp\/v2\/users\/1"}],"replies":[{"embeddable":true,"href":"https:\/\/camround.com\/nb\/wp-json\/wp\/v2\/comments?post=1221"}],"version-history":[{"count":1,"href":"https:\/\/camround.com\/nb\/wp-json\/wp\/v2\/pages\/1221\/revisions"}],"predecessor-version":[{"id":1222,"href":"https:\/\/camround.com\/nb\/wp-json\/wp\/v2\/pages\/1221\/revisions\/1222"}],"wp:attachment":[{"href":"https:\/\/camround.com\/nb\/wp-json\/wp\/v2\/media?parent=1221"}],"curies":[{"name":"wp","href":"https:\/\/api.w.org\/{rel}","templated":true}]}}