{"id":1225,"date":"2025-08-06T11:04:00","date_gmt":"2025-08-06T09:04:00","guid":{"rendered":"https:\/\/camround.com\/?page_id=1225"},"modified":"2025-08-06T11:04:00","modified_gmt":"2025-08-06T09:04:00","slug":"privacy-policy","status":"publish","type":"page","link":"https:\/\/camround.com\/nb\/privacy-policy\/","title":{"rendered":"Personvernerkl\u00e6ring"},"content":{"rendered":"<p>Vi er forpliktet til \u00e5 beskytte personvernet til brukerne av tjenesten v\u00e5r. Denne policyen gjelder der vi opptrer som behandlingsansvarlig for brukernes personopplysninger \u2013 det vil si der vi bestemmer form\u00e5lene og midlene for behandling av personopplysninger. Ved \u00e5 bruke <a href=\"https:\/\/camround.com\/nb\/\">CamRound<\/a>.com, samtykker du i innsamling, behandling og overf\u00f8ring av personopplysninger som beskrevet i denne policyen.<\/p>\n<h2>Avsl\u00f8ring av tilknyttede selskaper<\/h2>\n<p>CamRound.com fungerer som et nettsted for anmeldelser og tilknyttede tjenester. Vi eier eller driver ikke plattformene, verkt\u00f8yene eller tjenestene som er anmeldt eller referert til her. I stedet kan vi tjene provisjoner eller gebyrer n\u00e5r brukere klikker p\u00e5 tilknyttede lenker eller registrerer seg for tredjepartstjenester via v\u00e5re anbefalinger. V\u00e6r oppmerksom p\u00e5 at din bruk av tredjepartsplattformer er underlagt deres personvernregler og vilk\u00e5r. Vi er ikke ansvarlige for personvernpraksisen eller innholdet p\u00e5 eksterne nettsteder eller tjenester som det lenkes til fra CamRound.com.<\/p>\n<h2>Hvordan vi bruker dine personopplysninger<\/h2>\n<p>Vi kan behandle f\u00f8lgende kategorier av personopplysninger:<\/p>\n<p>Profildata: Dette kan inkludere navn, alder, informasjon du gir oss tillatelse til \u00e5 samle inn fra sosiale profiler, e-postadresse og profilbilde. Hvis du bruker sosial p\u00e5logging (f.eks. Facebook-p\u00e5logging), kan vi be om tilgang til fornavn, etternavn, kj\u00f8nn, alder, e-post, sted, sted, tidssone og bilder for s\u00f8ml\u00f8s registrering. Vi ber ikke om tilgang til andre Facebook-data. <a href=\"https:\/\/www.facebook.com\/about\/privacy\">Facebooks personvernerkl\u00e6ring er tilgjengelig her.<\/a><\/p>\n<p>Bruksdata: Dette inkluderer IP-adressen din, geografisk plassering (kun land og stat), nettlesertype\/-versjon, operativsystem, henvisningskilde, tid p\u00e5 nettstedet, sidevisninger, navigasjonsstier og bruksm\u00f8nstre, samlet inn via analyseverkt\u00f8y. Disse dataene hjelper oss med \u00e5 analysere, overv\u00e5ke og forbedre tjenesten v\u00e5r.<\/p>\n<p>Foresp\u00f8rselsdata: Informasjon du sender inn n\u00e5r du kontakter oss om tjenestene v\u00e5re, behandlet for markedsf\u00f8rings- og supportform\u00e5l.<\/p>\n<p>Kunderelasjonsdata: Inkluderer navn, kontaktinformasjon og kommunikasjonshistorikk, brukt til \u00e5 administrere relasjoner og kommunisere med kunder.<\/p>\n<p>Varslingsdata: Informasjon du oppgir for \u00e5 abonnere p\u00e5 e-postvarsler eller nyhetsbrev.<\/p>\n<p>Korrespondansedata: Omfatter kommunikasjonsinnhold og metadata (f.eks. via kontaktskjemaer), brukt til kommunikasjon og journalf\u00f8ring.<\/p>\n<p>Klientdata: Informasjon om klientapplikasjonen din (nettleser eller mobilapp), for eksempel IP, nettlesertype, operativsystem, enhetsprodusent og serie-\/modelldetaljer.<\/p>\n<p>Meldingsdata: Informasjon sendt via meldinger p\u00e5 tjenesten v\u00e5r, behandlet for overf\u00f8ring og tjenesteadministrasjon.<\/p>\n<p>Kommunikasjonsdata: Detaljer om kommunikasjonen din med andre brukere (ikke innhold), for eksempel \u00f8kttid og deltakere.<\/p>\n<p>Utestengningsdata: Informasjon relevant for brukerutestengninger, for eksempel bruks-\/klientdata, og om n\u00f8dvendig et bilde tatt som en del av utestengningsprosessen (f.eks. som svar p\u00e5 klager eller oppdaget atferd).<\/p>\n<p>Klagedata: Informasjon mottatt som en del av brukerklager, som kan inkludere en <a href=\"https:\/\/camround.com\/nb\/vidizzy\/\">video<\/a> rammebilde.<\/p>\n<p>Transaksjonsdata: Inkluderer kontaktinformasjon, betalingsdetaljer og transaksjonsinformasjon, som brukes til \u00e5 levere kj\u00f8pte varer\/tjenester og f\u00f8re registre.<\/p>\n<p>Loggdata: Samles inn automatisk, inkluderer IP, nettleser, bes\u00f8kte sider, klokkeslett\/dato og tid brukt p\u00e5 sider. Disse dataene er ikke personlig identifiserbare og brukes til analyse og tjenesteadministrasjon.<\/p>\n<p>Juridiske, forsikrings- og risikodata: Vi kan behandle dine personopplysninger for juridiske krav, samsvar, forsikringsdekning, risikostyring eller profesjonell r\u00e5dgivning, etter behov.<\/p>\n<p>Vennligst ikke gi oss en annen persons personopplysninger med mindre du blir bedt om det.<\/p>\n<h2>Deling av dine personopplysninger<\/h2>\n<p>Vi kan utlevere dataene dine til:<\/p>\n<ul>\n<li>Forsikringsselskaper og profesjonelle r\u00e5dgivere for forsikrings-, juridiske eller risikorelaterte form\u00e5l.<\/li>\n<li>Betalingsbehandlere (f.eks. Segpay, Stripe, PayPal, Apple, Google, Interkassa, SecurionPay, SMSBILL, VK) for \u00e5 tilrettelegge for betalinger eller refusjoner.<\/li>\n<li>Myndigheter som kreves ved lov eller for \u00e5 beskytte vitale interesser eller juridiske rettigheter.<\/li>\n<\/ul>\n<p>Peer-to-peer-funksjoner kan kreve deling av IP-adressen din av tekniske \u00e5rsaker; dette vises ikke i grensesnittet.<\/p>\n<h2>Internasjonale overf\u00f8ringer<\/h2>\n<p>V\u00e5re hostingfasiliteter ligger i Tyskland og USA. Brukerdata kan overf\u00f8res og lagres i disse jurisdiksjonene. Du er ansvarlig for \u00e5 forst\u00e5 personvernlovene i din region.<\/p>\n<p>Personopplysninger som sendes inn for publisering kan v\u00e6re tilgjengelige globalt via internett, og vi kan ikke forhindre at andre bruker eller misbruker dem.<\/p>\n<h2>Dataoppbevaring og sletting<\/h2>\n<ul>\n<li>Vi oppbevarer profildata s\u00e5 lenge kontoen din er aktiv eller etter behov for form\u00e5lene i denne policyen.<\/li>\n<li>Vi lagrer ikke meldingslogger, med unntak av meldinger som er lagret i utestengelsesdata relatert til upassende oppf\u00f8rsel.<\/li>\n<li>Utestengningsdata oppbevares etter behov for teknisk h\u00e5ndheving og fjernes etter utl\u00f8p.<\/li>\n<li>Kommunikasjonsdata (hvem\/n\u00e5r du kommuniserte) lagres ikke.<\/li>\n<li>Vi kan oppbevare visse data i den grad det er p\u00e5krevd ved lov.<\/li>\n<\/ul>\n<h2>Datasikkerhet<\/h2>\n<p>Vi bruker tekniske og organisatoriske tiltak i henhold til bransjestandard (brannmurer, passordbeskyttelse, SSL-kryptering, sikre datasentre) for \u00e5 beskytte dataene dine. Kun autorisert personell har tilgang. Imidlertid er ingen onlinesystemer sikre. Hvis du mistenker at dataene dine har blitt kompromittert, kontakt oss umiddelbart.<\/p>\n<h2>Personvernrettigheter etter jurisdiksjon<\/h2>\n<p>Innbyggere i California: Du har rettigheter i henhold til californisk lov ang\u00e5ende v\u00e5r utlevering av personopplysninger. For \u00e5 ut\u00f8ve disse rettighetene eller reservere deg mot deling, kontakt <a href=\"mailto:support@camround.com\">support@camround.com<\/a>.<\/p>\n<p>Innbyggere i Nevada: Du kan sende inn en foresp\u00f8rsel om \u00e5 reservere deg mot salg til <a href=\"mailto:support@camround.com\">support@camround.com<\/a>Merk: Vi selger for \u00f8yeblikket ikke data som utl\u00f8ser krav om avmelding.<\/p>\n<p>Innbyggere i Canada: Dataene dine kan bli lagret utenfor Canada og underlagt utenlandsk lov. Du kan n\u00e5r som helst trekke tilbake samtykket og har rett til \u00e5 klage p\u00e5 praksisen v\u00e5r. For mer informasjon, bes\u00f8k <a href=\"https:\/\/www.priv.gc.ca\/\">priv.gc.ca<\/a>.<\/p>\n<p>Innbyggere i E\u00d8S\/Storbritannia: Du har rett til \u00e5 f\u00e5 tilgang til, korrigere, slette, begrense eller overf\u00f8re dataene dine, og til \u00e5 protestere mot behandling eller trekke tilbake samtykke. <a href=\"mailto:support@camround.com\">support@camround.com<\/a> \u00e5 ut\u00f8ve dine rettigheter.<\/p>\n<h2>Barns personvern<\/h2>\n<p>CamRound.com er ikke beregnet p\u00e5 brukere under 18 \u00e5r. Vi samler ikke bevisst inn data fra mindre\u00e5rige. Hvis vi oppdager slike data, vil vi deaktivere og slette dem. Ta kontakt med oss hvis du blir oppmerksom p\u00e5 data samlet inn fra noen under 18 \u00e5r.<\/p>\n<h2>Informasjonskapsler<\/h2>\n<p>Vi bruker informasjonskapsler for autentisering og analyseform\u00e5l. Informasjonskapsler kan v\u00e6re permanente eller \u00f8ktbaserte. V\u00e5r analyseleverand\u00f8r er Google Analytics (<a href=\"https:\/\/www.google.com\/policies\/privacy\/\">se retningslinjene<\/a>Vi kan ogs\u00e5 bruke sosiale widgeter (f.eks. Facebook, Twitter) som setter informasjonskapsler i henhold til deres retningslinjer.<\/p>\n<p>Du kan avvise eller slette informasjonskapsler i nettleserinnstillingene dine, men dette kan p\u00e5virke nettstedets funksjonalitet.<\/p>\n<h2>Eksterne lenker<\/h2>\n<p>CamRound.com inneholder lenker til tredjepartsnettsteder. Vi streber etter \u00e5 kun lenke til p\u00e5litelige kilder, men er ikke ansvarlige for innholdet eller personvernpraksisen til eksterne nettsteder. All data du oppgir til tredjepartsnettsteder er underlagt deres personvernregler.<\/p>\n<h2>Ikke spor<\/h2>\n<p>P\u00e5 grunn av teknologisk utvikling garanterer vi ikke st\u00f8tte for nettleserens \u00abIkke spor\u00bb-signaler for \u00f8yeblikket.<\/p>\n<h2>Oppdateringer av denne policyen<\/h2>\n<p>Vi kan oppdatere denne policyen fra tid til annen. Vennligst sjekk denne siden med jevne mellomrom for endringer.<\/p>\n<h2>Kontakt<\/h2>\n<p>Hvis du har sp\u00f8rsm\u00e5l eller bekymringer ang\u00e5ende denne policyen eller personvernet ditt, kan du kontakte oss p\u00e5 <a href=\"mailto:support@camround.com\">support@camround.com<\/a>.<\/p>","protected":false},"excerpt":{"rendered":"<p>We are committed to safeguarding the privacy of our service users. This policy applies where we act as a data controller with respect to the personal data of our users\u2014that is, where we determine the purposes and means of processing personal data. By using CamRound.com, you consent to the collection, processing, and transmission of personal [&hellip;]<\/p>\n","protected":false},"author":1,"featured_media":0,"parent":0,"menu_order":0,"comment_status":"closed","ping_status":"closed","template":"","meta":{"footnotes":""},"class_list":["post-1225","page","type-page","status-publish","hentry"],"yoast_head":"<!-- This site is optimized with the Yoast SEO plugin v27.3 - https:\/\/yoast.com\/product\/yoast-seo-wordpress\/ -->\n<title>Privacy Policy - CamRound.com<\/title>\n<meta name=\"robots\" content=\"index, follow, max-snippet:-1, max-image-preview:large, max-video-preview:-1\" \/>\n<link rel=\"canonical\" href=\"https:\/\/camround.com\/nb\/privacy-policy\/\" \/>\n<meta property=\"og:locale\" content=\"nb_NO\" \/>\n<meta property=\"og:type\" content=\"article\" \/>\n<meta property=\"og:title\" content=\"Privacy Policy - CamRound.com\" \/>\n<meta property=\"og:description\" content=\"We are committed to safeguarding the privacy of our service users. This policy applies where we act as a data controller with respect to the personal data of our users\u2014that is, where we determine the purposes and means of processing personal data. By using CamRound.com, you consent to the collection, processing, and transmission of personal [&hellip;]\" \/>\n<meta property=\"og:url\" content=\"https:\/\/camround.com\/nb\/privacy-policy\/\" \/>\n<meta property=\"og:site_name\" content=\"CamRound.com\" \/>\n<meta name=\"twitter:card\" content=\"summary_large_image\" \/>\n<meta name=\"twitter:label1\" content=\"Ansl. lesetid\" \/>\n\t<meta name=\"twitter:data1\" content=\"5 minutter\" \/>\n<script type=\"application\/ld+json\" class=\"yoast-schema-graph\">{\"@context\":\"https:\\\/\\\/schema.org\",\"@graph\":[{\"@type\":\"WebPage\",\"@id\":\"https:\\\/\\\/camround.com\\\/privacy-policy\\\/\",\"url\":\"https:\\\/\\\/camround.com\\\/privacy-policy\\\/\",\"name\":\"Privacy Policy - CamRound.com\",\"isPartOf\":{\"@id\":\"https:\\\/\\\/camround.com\\\/#website\"},\"datePublished\":\"2025-08-06T09:04:00+00:00\",\"breadcrumb\":{\"@id\":\"https:\\\/\\\/camround.com\\\/privacy-policy\\\/#breadcrumb\"},\"inLanguage\":\"nb-NO\",\"potentialAction\":[{\"@type\":\"ReadAction\",\"target\":[\"https:\\\/\\\/camround.com\\\/privacy-policy\\\/\"]}]},{\"@type\":\"BreadcrumbList\",\"@id\":\"https:\\\/\\\/camround.com\\\/privacy-policy\\\/#breadcrumb\",\"itemListElement\":[{\"@type\":\"ListItem\",\"position\":1,\"name\":\"Home\",\"item\":\"https:\\\/\\\/camround.com\\\/\"},{\"@type\":\"ListItem\",\"position\":2,\"name\":\"Privacy Policy\"}]},{\"@type\":\"WebSite\",\"@id\":\"https:\\\/\\\/camround.com\\\/#website\",\"url\":\"https:\\\/\\\/camround.com\\\/\",\"name\":\"CamRound\",\"description\":\"Random Video Chat\",\"publisher\":{\"@id\":\"https:\\\/\\\/camround.com\\\/#organization\"},\"inLanguage\":\"nb-NO\"},{\"@type\":\"Organization\",\"@id\":\"https:\\\/\\\/camround.com\\\/#organization\",\"name\":\"CamRound\",\"url\":\"https:\\\/\\\/camround.com\\\/\",\"logo\":{\"@type\":\"ImageObject\",\"inLanguage\":\"nb-NO\",\"@id\":\"https:\\\/\\\/camround.com\\\/#\\\/schema\\\/logo\\\/image\\\/\",\"url\":\"https:\\\/\\\/camround.com\\\/wp-content\\\/uploads\\\/2021\\\/12\\\/C-Icon_1Color.png\",\"contentUrl\":\"https:\\\/\\\/camround.com\\\/wp-content\\\/uploads\\\/2021\\\/12\\\/C-Icon_1Color.png\",\"width\":1192,\"height\":1216,\"caption\":\"CamRound\"},\"image\":{\"@id\":\"https:\\\/\\\/camround.com\\\/#\\\/schema\\\/logo\\\/image\\\/\"}}]}<\/script>\n<!-- \/ Yoast SEO plugin. -->","yoast_head_json":{"title":"Personvernerkl\u00e6ring - CamRound.com","robots":{"index":"index","follow":"follow","max-snippet":"max-snippet:-1","max-image-preview":"max-image-preview:large","max-video-preview":"max-video-preview:-1"},"canonical":"https:\/\/camround.com\/nb\/privacy-policy\/","og_locale":"nb_NO","og_type":"article","og_title":"Privacy Policy - CamRound.com","og_description":"We are committed to safeguarding the privacy of our service users. This policy applies where we act as a data controller with respect to the personal data of our users\u2014that is, where we determine the purposes and means of processing personal data. By using CamRound.com, you consent to the collection, processing, and transmission of personal [&hellip;]","og_url":"https:\/\/camround.com\/nb\/privacy-policy\/","og_site_name":"CamRound.com","twitter_card":"summary_large_image","twitter_misc":{"Ansl. lesetid":"5 minutter"},"schema":{"@context":"https:\/\/schema.org","@graph":[{"@type":"WebPage","@id":"https:\/\/camround.com\/privacy-policy\/","url":"https:\/\/camround.com\/privacy-policy\/","name":"Personvernerkl\u00e6ring - CamRound.com","isPartOf":{"@id":"https:\/\/camround.com\/#website"},"datePublished":"2025-08-06T09:04:00+00:00","breadcrumb":{"@id":"https:\/\/camround.com\/privacy-policy\/#breadcrumb"},"inLanguage":"nb-NO","potentialAction":[{"@type":"ReadAction","target":["https:\/\/camround.com\/privacy-policy\/"]}]},{"@type":"BreadcrumbList","@id":"https:\/\/camround.com\/privacy-policy\/#breadcrumb","itemListElement":[{"@type":"ListItem","position":1,"name":"Home","item":"https:\/\/camround.com\/"},{"@type":"ListItem","position":2,"name":"Privacy Policy"}]},{"@type":"WebSite","@id":"https:\/\/camround.com\/#website","url":"https:\/\/camround.com\/","name":"CamRound","description":"Tilfeldig videochat","publisher":{"@id":"https:\/\/camround.com\/#organization"},"inLanguage":"nb-NO"},{"@type":"Organization","@id":"https:\/\/camround.com\/#organization","name":"CamRound","url":"https:\/\/camround.com\/","logo":{"@type":"ImageObject","inLanguage":"nb-NO","@id":"https:\/\/camround.com\/#\/schema\/logo\/image\/","url":"https:\/\/camround.com\/wp-content\/uploads\/2021\/12\/C-Icon_1Color.png","contentUrl":"https:\/\/camround.com\/wp-content\/uploads\/2021\/12\/C-Icon_1Color.png","width":1192,"height":1216,"caption":"CamRound"},"image":{"@id":"https:\/\/camround.com\/#\/schema\/logo\/image\/"}}]}},"_links":{"self":[{"href":"https:\/\/camround.com\/nb\/wp-json\/wp\/v2\/pages\/1225","targetHints":{"allow":["GET"]}}],"collection":[{"href":"https:\/\/camround.com\/nb\/wp-json\/wp\/v2\/pages"}],"about":[{"href":"https:\/\/camround.com\/nb\/wp-json\/wp\/v2\/types\/page"}],"author":[{"embeddable":true,"href":"https:\/\/camround.com\/nb\/wp-json\/wp\/v2\/users\/1"}],"replies":[{"embeddable":true,"href":"https:\/\/camround.com\/nb\/wp-json\/wp\/v2\/comments?post=1225"}],"version-history":[{"count":1,"href":"https:\/\/camround.com\/nb\/wp-json\/wp\/v2\/pages\/1225\/revisions"}],"predecessor-version":[{"id":1226,"href":"https:\/\/camround.com\/nb\/wp-json\/wp\/v2\/pages\/1225\/revisions\/1226"}],"wp:attachment":[{"href":"https:\/\/camround.com\/nb\/wp-json\/wp\/v2\/media?parent=1225"}],"curies":[{"name":"wp","href":"https:\/\/api.w.org\/{rel}","templated":true}]}}