{"id":10,"date":"2025-08-31T15:57:20","date_gmt":"2025-08-31T13:57:20","guid":{"rendered":"https:\/\/camround.com\/?page_id=10"},"modified":"2026-03-28T13:01:38","modified_gmt":"2026-03-28T11:01:38","slug":"home","status":"publish","type":"page","link":"https:\/\/camround.com\/pt\/","title":{"rendered":"In\u00edcio"},"content":{"rendered":"","protected":false},"excerpt":{"rendered":"","protected":false},"author":1,"featured_media":0,"parent":0,"menu_order":0,"comment_status":"closed","ping_status":"closed","template":"","meta":{"footnotes":""},"class_list":["post-10","page","type-page","status-publish","hentry"],"yoast_head":"<!-- This site is optimized with the Yoast SEO plugin v27.3 - https:\/\/yoast.com\/product\/yoast-seo-wordpress\/ -->\n<title>Random Video Chat with Girls | 1v1 Sex Chat | CamRound.com<\/title>\n<meta name=\"description\" content=\"Talk to random girls 1v1 on CamRound.com using random video chat. Using our gender feature guys are only matched with girls and vice versa.\" \/>\n<meta name=\"robots\" content=\"index, follow, max-snippet:-1, max-image-preview:large, max-video-preview:-1\" \/>\n<link rel=\"canonical\" href=\"https:\/\/camround.com\/pt\/\" \/>\n<meta property=\"og:locale\" content=\"pt_PT\" \/>\n<meta property=\"og:type\" content=\"article\" \/>\n<meta property=\"og:title\" content=\"Random Video Chat with Girls | 1v1 Sex Chat | CamRound.com\" \/>\n<meta property=\"og:description\" content=\"Talk to random girls 1v1 on CamRound.com using random video chat. Using our gender feature guys are only matched with girls and vice versa.\" \/>\n<meta property=\"og:url\" content=\"https:\/\/camround.com\/pt\/\" \/>\n<meta property=\"og:site_name\" content=\"CamRound.com\" \/>\n<meta property=\"article:modified_time\" content=\"2026-03-28T11:01:38+00:00\" \/>\n<meta name=\"twitter:card\" content=\"summary_large_image\" \/>\n<script type=\"application\/ld+json\" class=\"yoast-schema-graph\">{\"@context\":\"https:\\\/\\\/schema.org\",\"@graph\":[{\"@type\":\"WebPage\",\"@id\":\"https:\\\/\\\/camround.com\\\/\",\"url\":\"https:\\\/\\\/camround.com\\\/\",\"name\":\"Random Video Chat with Girls | 1v1 Sex Chat | CamRound.com\",\"isPartOf\":{\"@id\":\"https:\\\/\\\/camround.com\\\/#website\"},\"datePublished\":\"2025-08-31T13:57:20+00:00\",\"dateModified\":\"2026-03-28T11:01:38+00:00\",\"description\":\"Talk to random girls 1v1 on CamRound.com using random video chat. Using our gender feature guys are only matched with girls and vice versa.\",\"breadcrumb\":{\"@id\":\"https:\\\/\\\/camround.com\\\/#breadcrumb\"},\"inLanguage\":\"pt-PT\",\"potentialAction\":[{\"@type\":\"ReadAction\",\"target\":[\"https:\\\/\\\/camround.com\\\/\"]}]},{\"@type\":\"BreadcrumbList\",\"@id\":\"https:\\\/\\\/camround.com\\\/#breadcrumb\",\"itemListElement\":[{\"@type\":\"ListItem\",\"position\":1,\"name\":\"Home\",\"item\":\"https:\\\/\\\/camround.com\\\/\"},{\"@type\":\"ListItem\",\"position\":2,\"name\":\"Home\"}]},{\"@type\":\"WebSite\",\"@id\":\"https:\\\/\\\/camround.com\\\/#website\",\"url\":\"https:\\\/\\\/camround.com\\\/\",\"name\":\"CamRound\",\"description\":\"Random Video Chat\",\"publisher\":{\"@id\":\"https:\\\/\\\/camround.com\\\/#organization\"},\"inLanguage\":\"pt-PT\"},{\"@type\":\"Organization\",\"@id\":\"https:\\\/\\\/camround.com\\\/#organization\",\"name\":\"CamRound\",\"url\":\"https:\\\/\\\/camround.com\\\/\",\"logo\":{\"@type\":\"ImageObject\",\"inLanguage\":\"pt-PT\",\"@id\":\"https:\\\/\\\/camround.com\\\/#\\\/schema\\\/logo\\\/image\\\/\",\"url\":\"https:\\\/\\\/camround.com\\\/wp-content\\\/uploads\\\/2021\\\/12\\\/C-Icon_1Color.png\",\"contentUrl\":\"https:\\\/\\\/camround.com\\\/wp-content\\\/uploads\\\/2021\\\/12\\\/C-Icon_1Color.png\",\"width\":1192,\"height\":1216,\"caption\":\"CamRound\"},\"image\":{\"@id\":\"https:\\\/\\\/camround.com\\\/#\\\/schema\\\/logo\\\/image\\\/\"}}]}<\/script>\n<!-- \/ Yoast SEO plugin. -->","yoast_head_json":{"title":"Random Video Chat with Girls | 1v1 Sex Chat | CamRound.com","description":"Converse com garotas aleat\u00f3rias 1x1 no CamRound.com usando o chat de v\u00eddeo aleat\u00f3rio. Usando nosso recurso de g\u00eanero, os homens s\u00e3o pareados apenas com as mulheres e vice-versa.","robots":{"index":"index","follow":"follow","max-snippet":"max-snippet:-1","max-image-preview":"max-image-preview:large","max-video-preview":"max-video-preview:-1"},"canonical":"https:\/\/camround.com\/pt\/","og_locale":"pt_PT","og_type":"article","og_title":"Random Video Chat with Girls | 1v1 Sex Chat | CamRound.com","og_description":"Talk to random girls 1v1 on CamRound.com using random video chat. Using our gender feature guys are only matched with girls and vice versa.","og_url":"https:\/\/camround.com\/pt\/","og_site_name":"CamRound.com","article_modified_time":"2026-03-28T11:01:38+00:00","twitter_card":"summary_large_image","schema":{"@context":"https:\/\/schema.org","@graph":[{"@type":"WebPage","@id":"https:\/\/camround.com\/","url":"https:\/\/camround.com\/","name":"Random Video Chat with Girls | 1v1 Sex Chat | CamRound.com","isPartOf":{"@id":"https:\/\/camround.com\/#website"},"datePublished":"2025-08-31T13:57:20+00:00","dateModified":"2026-03-28T11:01:38+00:00","description":"Converse com garotas aleat\u00f3rias 1x1 no CamRound.com usando o chat de v\u00eddeo aleat\u00f3rio. Usando nosso recurso de g\u00eanero, os homens s\u00e3o pareados apenas com as mulheres e vice-versa.","breadcrumb":{"@id":"https:\/\/camround.com\/#breadcrumb"},"inLanguage":"pt-PT","potentialAction":[{"@type":"ReadAction","target":["https:\/\/camround.com\/"]}]},{"@type":"BreadcrumbList","@id":"https:\/\/camround.com\/#breadcrumb","itemListElement":[{"@type":"ListItem","position":1,"name":"Home","item":"https:\/\/camround.com\/"},{"@type":"ListItem","position":2,"name":"Home"}]},{"@type":"WebSite","@id":"https:\/\/camround.com\/#website","url":"https:\/\/camround.com\/","name":"CamRound","description":"Conversa de v\u00eddeo aleat\u00f3ria","publisher":{"@id":"https:\/\/camround.com\/#organization"},"inLanguage":"pt-PT"},{"@type":"Organization","@id":"https:\/\/camround.com\/#organization","name":"CamRound","url":"https:\/\/camround.com\/","logo":{"@type":"ImageObject","inLanguage":"pt-PT","@id":"https:\/\/camround.com\/#\/schema\/logo\/image\/","url":"https:\/\/camround.com\/wp-content\/uploads\/2021\/12\/C-Icon_1Color.png","contentUrl":"https:\/\/camround.com\/wp-content\/uploads\/2021\/12\/C-Icon_1Color.png","width":1192,"height":1216,"caption":"CamRound"},"image":{"@id":"https:\/\/camround.com\/#\/schema\/logo\/image\/"}}]}},"_links":{"self":[{"href":"https:\/\/camround.com\/pt\/wp-json\/wp\/v2\/pages\/10","targetHints":{"allow":["GET"]}}],"collection":[{"href":"https:\/\/camround.com\/pt\/wp-json\/wp\/v2\/pages"}],"about":[{"href":"https:\/\/camround.com\/pt\/wp-json\/wp\/v2\/types\/page"}],"author":[{"embeddable":true,"href":"https:\/\/camround.com\/pt\/wp-json\/wp\/v2\/users\/1"}],"replies":[{"embeddable":true,"href":"https:\/\/camround.com\/pt\/wp-json\/wp\/v2\/comments?post=10"}],"version-history":[{"count":1,"href":"https:\/\/camround.com\/pt\/wp-json\/wp\/v2\/pages\/10\/revisions"}],"predecessor-version":[{"id":12,"href":"https:\/\/camround.com\/pt\/wp-json\/wp\/v2\/pages\/10\/revisions\/12"}],"wp:attachment":[{"href":"https:\/\/camround.com\/pt\/wp-json\/wp\/v2\/media?parent=10"}],"curies":[{"name":"wp","href":"https:\/\/api.w.org\/{rel}","templated":true}]}}