{"id":1221,"date":"2025-08-06T10:58:49","date_gmt":"2025-08-06T08:58:49","guid":{"rendered":"https:\/\/camround.com\/?page_id=1221"},"modified":"2025-08-06T10:58:49","modified_gmt":"2025-08-06T08:58:49","slug":"2257-compliance-statement","status":"publish","type":"page","link":"https:\/\/camround.com\/pt\/2257-compliance-statement\/","title":{"rendered":"Declara\u00e7\u00e3o de conformidade 2257"},"content":{"rendered":"<h2>Verifica\u00e7\u00e3o de idade e conformidade legal<\/h2>\n<p>De acordo com a lei dos Estados Unidos 18 USC Se\u00e7\u00e3o 2257 (Lei de Prote\u00e7\u00e3o \u00e0 Crian\u00e7a e Aplica\u00e7\u00e3o da Obscenidade de 1988) e leis internacionais aplic\u00e1veis, todos os indiv\u00edduos e modelos apresentados em quaisquer plataformas ou servi\u00e7os vinculados, revisados ou referenciados por <a href=\"https:\/\/camround.com\/pt\/\">CamRound<\/a>.com t\u00eam, at\u00e9 onde sabemos, pelo menos 18 anos de idade.<\/p>\n<h2>Relacionamento de afiliados<\/h2>\n<p>CamRound.com n\u00e3o possui, opera ou controla qualquer <a href=\"https:\/\/camround.com\/pt\/ometv\/\">webcam<\/a>, <a href=\"https:\/\/camround.com\/pt\/coomeet\/\">chat de v\u00eddeo<\/a>, ou <a href=\"https:\/\/camround.com\/pt\/ftf-live\/\">viver<\/a> Plataformas ou servi\u00e7os de streaming mencionados, exibidos ou vinculados neste site. O CamRound.com funciona exclusivamente como um site afiliado e de avalia\u00e7\u00f5es. N\u00e3o empregamos, contratamos, gerenciamos ou organizamos de qualquer forma quaisquer projetos, performances ou atividades que envolvam modelos ou artistas. O cumprimento integral da Se\u00e7\u00e3o 2257 do T\u00edtulo 18 do C\u00f3digo dos Estados Unidos \u2014 incluindo documenta\u00e7\u00e3o, verifica\u00e7\u00e3o de idade e manuten\u00e7\u00e3o de registros \u2014 \u00e9 de responsabilidade exclusiva de nossos parceiros afiliados e dos operadores de quaisquer servi\u00e7os de terceiros.<\/p>\n<h2>Conte\u00fado de terceiros<\/h2>\n<p>O CamRound.com n\u00e3o cria, hospeda ou gerencia nenhum conte\u00fado gerado por usu\u00e1rios ou produzido por modelos exibido em plataformas externas vinculadas ao nosso site. Todo esse conte\u00fado \u2014 incluindo uploads de usu\u00e1rios, transmiss\u00f5es ao vivo e performances de modelos \u2014 \u00e9 gerenciado e controlado exclusivamente pelos respectivos operadores de plataformas terceirizadas, e n\u00e3o pelo CamRound.com.<\/p>\n<p>Nossa fun\u00e7\u00e3o se limita a revisar, recomendar e fornecer links de afiliados para servi\u00e7os de terceiros. Qualquer usu\u00e1rio que opte por se registrar ou utilizar servi\u00e7os por meio de links fornecidos no CamRound.com o faz diretamente com a plataforma de terceiros em quest\u00e3o, sem envolvimento ou participa\u00e7\u00e3o do CamRound.com ou de sua equipe.<\/p>\n<h2>Modera\u00e7\u00e3o e Padr\u00f5es de Conte\u00fado<\/h2>\n<p>O CamRound.com n\u00e3o endossa nem apoia a cria\u00e7\u00e3o ou distribui\u00e7\u00e3o de material obsceno, indecente ou difamat\u00f3rio. Reservamo-nos o direito de remover quaisquer links ou refer\u00eancias a conte\u00fado externo que, a nosso exclusivo crit\u00e9rio, consideremos violar nossos padr\u00f5es.<\/p>\n<h2>Conte\u00fado produzido por CamRound.com<\/h2>\n<p>Qualquer material criado ou publicado diretamente pelo CamRound.com ou seus representantes n\u00e3o \u00e9 de natureza er\u00f3tica ou pornogr\u00e1fica e n\u00e3o est\u00e1 sujeito aos requisitos da Se\u00e7\u00e3o 2257 do T\u00edtulo 18 do C\u00f3digo dos Estados Unidos.<\/p>\n<h2>Armazenamento e conformidade de documentos<\/h2>\n<p>Todos os registros e a documenta\u00e7\u00e3o exigidos pela Se\u00e7\u00e3o 2257 do T\u00edtulo 18 do C\u00f3digo dos Estados Unidos s\u00e3o mantidos por nossos parceiros afiliados e pelos operadores de quaisquer plataformas de terceiros para as quais fornecemos links. O CamRound.com n\u00e3o coleta, armazena ou mant\u00e9m nenhum registro de conformidade com a Se\u00e7\u00e3o 2257, pois n\u00e3o produzimos, hospedamos ou operamos conte\u00fado que exija tal conformidade.<\/p>\n<p>Para quaisquer d\u00favidas ou preocupa\u00e7\u00f5es relacionadas \u00e0 verifica\u00e7\u00e3o de idade ou conformidade com a norma 2257, entre em contato diretamente com o operador da plataforma terceirizada relevante.<\/p>","protected":false},"excerpt":{"rendered":"<p>Age Verification and Legal Compliance In accordance with United States law 18 U.S.C. Section 2257 (Child Protection and Obscenity Enforcement Act of 1988) and applicable international laws, all individuals and models featured on any platforms or services linked to, reviewed, or referenced by CamRound.com are, to the best of our knowledge, at least 18 years [&hellip;]<\/p>\n","protected":false},"author":1,"featured_media":0,"parent":0,"menu_order":0,"comment_status":"closed","ping_status":"closed","template":"","meta":{"footnotes":""},"class_list":["post-1221","page","type-page","status-publish","hentry"],"yoast_head":"<!-- This site is optimized with the Yoast SEO plugin v27.3 - https:\/\/yoast.com\/product\/yoast-seo-wordpress\/ -->\n<title>2257 Compliance Statement - CamRound.com<\/title>\n<meta name=\"robots\" content=\"index, follow, max-snippet:-1, max-image-preview:large, max-video-preview:-1\" \/>\n<link rel=\"canonical\" href=\"https:\/\/camround.com\/pt\/2257-compliance-statement\/\" \/>\n<meta property=\"og:locale\" content=\"pt_PT\" \/>\n<meta property=\"og:type\" content=\"article\" \/>\n<meta property=\"og:title\" content=\"2257 Compliance Statement - CamRound.com\" \/>\n<meta property=\"og:description\" content=\"Age Verification and Legal Compliance In accordance with United States law 18 U.S.C. Section 2257 (Child Protection and Obscenity Enforcement Act of 1988) and applicable international laws, all individuals and models featured on any platforms or services linked to, reviewed, or referenced by CamRound.com are, to the best of our knowledge, at least 18 years [&hellip;]\" \/>\n<meta property=\"og:url\" content=\"https:\/\/camround.com\/pt\/2257-compliance-statement\/\" \/>\n<meta property=\"og:site_name\" content=\"CamRound.com\" \/>\n<meta name=\"twitter:card\" content=\"summary_large_image\" \/>\n<meta name=\"twitter:label1\" content=\"Tempo estimado de leitura\" \/>\n\t<meta name=\"twitter:data1\" content=\"2 minutos\" \/>\n<script type=\"application\/ld+json\" class=\"yoast-schema-graph\">{\"@context\":\"https:\\\/\\\/schema.org\",\"@graph\":[{\"@type\":\"WebPage\",\"@id\":\"https:\\\/\\\/camround.com\\\/2257-compliance-statement\\\/\",\"url\":\"https:\\\/\\\/camround.com\\\/2257-compliance-statement\\\/\",\"name\":\"2257 Compliance Statement - CamRound.com\",\"isPartOf\":{\"@id\":\"https:\\\/\\\/camround.com\\\/#website\"},\"datePublished\":\"2025-08-06T08:58:49+00:00\",\"breadcrumb\":{\"@id\":\"https:\\\/\\\/camround.com\\\/2257-compliance-statement\\\/#breadcrumb\"},\"inLanguage\":\"pt-PT\",\"potentialAction\":[{\"@type\":\"ReadAction\",\"target\":[\"https:\\\/\\\/camround.com\\\/2257-compliance-statement\\\/\"]}]},{\"@type\":\"BreadcrumbList\",\"@id\":\"https:\\\/\\\/camround.com\\\/2257-compliance-statement\\\/#breadcrumb\",\"itemListElement\":[{\"@type\":\"ListItem\",\"position\":1,\"name\":\"Home\",\"item\":\"https:\\\/\\\/camround.com\\\/\"},{\"@type\":\"ListItem\",\"position\":2,\"name\":\"2257 Compliance Statement\"}]},{\"@type\":\"WebSite\",\"@id\":\"https:\\\/\\\/camround.com\\\/#website\",\"url\":\"https:\\\/\\\/camround.com\\\/\",\"name\":\"CamRound\",\"description\":\"Random Video Chat\",\"publisher\":{\"@id\":\"https:\\\/\\\/camround.com\\\/#organization\"},\"inLanguage\":\"pt-PT\"},{\"@type\":\"Organization\",\"@id\":\"https:\\\/\\\/camround.com\\\/#organization\",\"name\":\"CamRound\",\"url\":\"https:\\\/\\\/camround.com\\\/\",\"logo\":{\"@type\":\"ImageObject\",\"inLanguage\":\"pt-PT\",\"@id\":\"https:\\\/\\\/camround.com\\\/#\\\/schema\\\/logo\\\/image\\\/\",\"url\":\"https:\\\/\\\/camround.com\\\/wp-content\\\/uploads\\\/2021\\\/12\\\/C-Icon_1Color.png\",\"contentUrl\":\"https:\\\/\\\/camround.com\\\/wp-content\\\/uploads\\\/2021\\\/12\\\/C-Icon_1Color.png\",\"width\":1192,\"height\":1216,\"caption\":\"CamRound\"},\"image\":{\"@id\":\"https:\\\/\\\/camround.com\\\/#\\\/schema\\\/logo\\\/image\\\/\"}}]}<\/script>\n<!-- \/ Yoast SEO plugin. -->","yoast_head_json":{"title":"Declara\u00e7\u00e3o de conformidade 2257 - CamRound.com","robots":{"index":"index","follow":"follow","max-snippet":"max-snippet:-1","max-image-preview":"max-image-preview:large","max-video-preview":"max-video-preview:-1"},"canonical":"https:\/\/camround.com\/pt\/2257-compliance-statement\/","og_locale":"pt_PT","og_type":"article","og_title":"2257 Compliance Statement - CamRound.com","og_description":"Age Verification and Legal Compliance In accordance with United States law 18 U.S.C. Section 2257 (Child Protection and Obscenity Enforcement Act of 1988) and applicable international laws, all individuals and models featured on any platforms or services linked to, reviewed, or referenced by CamRound.com are, to the best of our knowledge, at least 18 years [&hellip;]","og_url":"https:\/\/camround.com\/pt\/2257-compliance-statement\/","og_site_name":"CamRound.com","twitter_card":"summary_large_image","twitter_misc":{"Tempo estimado de leitura":"2 minutos"},"schema":{"@context":"https:\/\/schema.org","@graph":[{"@type":"WebPage","@id":"https:\/\/camround.com\/2257-compliance-statement\/","url":"https:\/\/camround.com\/2257-compliance-statement\/","name":"Declara\u00e7\u00e3o de conformidade 2257 - CamRound.com","isPartOf":{"@id":"https:\/\/camround.com\/#website"},"datePublished":"2025-08-06T08:58:49+00:00","breadcrumb":{"@id":"https:\/\/camround.com\/2257-compliance-statement\/#breadcrumb"},"inLanguage":"pt-PT","potentialAction":[{"@type":"ReadAction","target":["https:\/\/camround.com\/2257-compliance-statement\/"]}]},{"@type":"BreadcrumbList","@id":"https:\/\/camround.com\/2257-compliance-statement\/#breadcrumb","itemListElement":[{"@type":"ListItem","position":1,"name":"Home","item":"https:\/\/camround.com\/"},{"@type":"ListItem","position":2,"name":"2257 Compliance Statement"}]},{"@type":"WebSite","@id":"https:\/\/camround.com\/#website","url":"https:\/\/camround.com\/","name":"CamRound","description":"Conversa de v\u00eddeo aleat\u00f3ria","publisher":{"@id":"https:\/\/camround.com\/#organization"},"inLanguage":"pt-PT"},{"@type":"Organization","@id":"https:\/\/camround.com\/#organization","name":"CamRound","url":"https:\/\/camround.com\/","logo":{"@type":"ImageObject","inLanguage":"pt-PT","@id":"https:\/\/camround.com\/#\/schema\/logo\/image\/","url":"https:\/\/camround.com\/wp-content\/uploads\/2021\/12\/C-Icon_1Color.png","contentUrl":"https:\/\/camround.com\/wp-content\/uploads\/2021\/12\/C-Icon_1Color.png","width":1192,"height":1216,"caption":"CamRound"},"image":{"@id":"https:\/\/camround.com\/#\/schema\/logo\/image\/"}}]}},"_links":{"self":[{"href":"https:\/\/camround.com\/pt\/wp-json\/wp\/v2\/pages\/1221","targetHints":{"allow":["GET"]}}],"collection":[{"href":"https:\/\/camround.com\/pt\/wp-json\/wp\/v2\/pages"}],"about":[{"href":"https:\/\/camround.com\/pt\/wp-json\/wp\/v2\/types\/page"}],"author":[{"embeddable":true,"href":"https:\/\/camround.com\/pt\/wp-json\/wp\/v2\/users\/1"}],"replies":[{"embeddable":true,"href":"https:\/\/camround.com\/pt\/wp-json\/wp\/v2\/comments?post=1221"}],"version-history":[{"count":1,"href":"https:\/\/camround.com\/pt\/wp-json\/wp\/v2\/pages\/1221\/revisions"}],"predecessor-version":[{"id":1222,"href":"https:\/\/camround.com\/pt\/wp-json\/wp\/v2\/pages\/1221\/revisions\/1222"}],"wp:attachment":[{"href":"https:\/\/camround.com\/pt\/wp-json\/wp\/v2\/media?parent=1221"}],"curies":[{"name":"wp","href":"https:\/\/api.w.org\/{rel}","templated":true}]}}