{"id":1231,"date":"2025-08-06T11:13:00","date_gmt":"2025-08-06T09:13:00","guid":{"rendered":"https:\/\/camround.com\/?page_id=1231"},"modified":"2025-08-06T12:26:29","modified_gmt":"2025-08-06T10:26:29","slug":"rules","status":"publish","type":"page","link":"https:\/\/camround.com\/pt\/rules\/","title":{"rendered":"Regras"},"content":{"rendered":"<p>CamRound.com oferece gratuitamente, <a href=\"https:\/\/camround.com\/pt\/anonymous-chat\/\">an\u00f3nimo<\/a> acesso a um atendimento individual <a href=\"https:\/\/camround.com\/pt\/\">chat v\u00eddeo aleat\u00f3rio<\/a> experi\u00eancia \u2014 sem necessidade de cadastro. Nossa miss\u00e3o \u00e9 oferecer um espa\u00e7o seguro, envolvente e respeitoso, semelhante a outras plataformas como <a href=\"https:\/\/camround.com\/pt\/omegle\/\">Omegle<\/a>, permitindo que os usu\u00e1rios conhe\u00e7am novas pessoas on-line em tempo real.<\/p>\n<p>Para garantir um ambiente positivo para todos, exigimos que todos os usu\u00e1rios sigam as regras abaixo. A viola\u00e7\u00e3o destas diretrizes pode resultar em suspens\u00e3o imediata ou remo\u00e7\u00e3o permanente do CamRound.com.<\/p>\n<h2>Conduta Proibida no CamRound.com<\/h2>\n<p>Para manter a seguran\u00e7a, o respeito e a conformidade com a lei, as seguintes a\u00e7\u00f5es s\u00e3o estritamente proibidas no CamRound.com:<\/p>\n<ul>\n<li>Acesso de menores: Voc\u00ea deve ter 18 anos ou mais para usar o CamRound.com. O acesso de menores de 18 anos \u00e9 estritamente proibido.<\/li>\n<li>Linguagem ou comportamento inapropriado: Linguagem ou conduta vulgar, sexualmente expl\u00edcita, violenta ou perturbadora n\u00e3o \u00e9 permitida. Esta plataforma n\u00e3o \u00e9 para conte\u00fado nocivo ou ofensivo.<\/li>\n<li>Discrimina\u00e7\u00e3o ou discurso de \u00f3dio: Degradar, insultar ou atacar outras pessoas com base em religi\u00e3o, ra\u00e7a, g\u00eanero, orienta\u00e7\u00e3o sexual, nacionalidade ou idade \u00e9 estritamente proibido. Qualquer forma de discurso de \u00f3dio ou comportamento discriminat\u00f3rio n\u00e3o ser\u00e1 tolerada.<\/li>\n<li>Ass\u00e9dio ou abuso: assediar, intimidar ou desrespeitar intencionalmente outros usu\u00e1rios de qualquer forma \u2014 verbal, visual ou outra \u2014 \u00e9 estritamente proibido.<\/li>\n<li>Nudez parcial sem identifica\u00e7\u00e3o: mostrar o peito nu na c\u00e2mera s\u00f3 \u00e9 permitido se seu rosto estiver claramente vis\u00edvel ao mesmo tempo, para evitar exposi\u00e7\u00e3o indecente an\u00f4nima.<\/li>\n<li>Nudez ou exposi\u00e7\u00e3o de roupas \u00edntimas: aparecer completamente nu ou apenas de roupas \u00edntimas diante das c\u00e2meras nunca \u00e9 permitido.<\/li>\n<li>Comportamento sexualmente expl\u00edcito: \u00c9 estritamente proibido:\n<ul>\n<li>Solicitar ou pressionar outras pessoas para atividades sexuais virtuais.<\/li>\n<li>Exponha suas partes \u00edntimas na c\u00e2mera.<\/li>\n<li>Toque ou simule tocar seus genitais enquanto estiver vis\u00edvel na c\u00e2mera.<\/li>\n<li>Direcione sua c\u00e2mera intencionalmente para baixo do peito.<\/li>\n<\/ul>\n<\/li>\n<li>Conte\u00fado promocional ou redirecionado: voc\u00ea n\u00e3o pode:\n<ul>\n<li>Exibir texto, imagens ou <a href=\"https:\/\/camround.com\/pt\/vidizzy\/\">v\u00eddeo<\/a> com a finalidade de redirecionar usu\u00e1rios para outros sites ou plataformas.<\/li>\n<li>Compartilhe a tela do seu computador, mensagens ou promo\u00e7\u00f5es.<\/li>\n<li>Usar <a href=\"https:\/\/camround.com\/pt\/ometv\/\">webcam<\/a> emuladores, dispositivos virtuais ou loops de v\u00eddeo para enganar ou anunciar.<\/li>\n<li>Solicitar votos, promover links ou vender produtos\/servi\u00e7os de qualquer forma.<\/li>\n<\/ul>\n<\/li>\n<li>Uso ilegal ou explorat\u00f3rio: O CamRound.com pro\u00edbe estritamente qualquer uso da plataforma para se envolver, promover ou facilitar:\n<ul>\n<li>Tr\u00e1fico sexual<\/li>\n<li>Tr\u00e1fico de pessoas<\/li>\n<li>Prostitui\u00e7\u00e3o<\/li>\n<li>Abuso f\u00edsico ou psicol\u00f3gico<\/li>\n<li>Qualquer atividade ilegal ou explora\u00e7\u00e3o de terceiros<\/li>\n<\/ul>\n<\/li>\n<\/ul>\n<h2>Relatando Viola\u00e7\u00f5es<\/h2>\n<p>Se voc\u00ea encontrar um usu\u00e1rio quebrando as regras, denuncie o incidente imediatamente atrav\u00e9s do nosso sistema de suporte.<\/p>\n<p>Para uma a\u00e7\u00e3o mais r\u00e1pida e eficaz, inclua uma captura de tela da viola\u00e7\u00e3o ao enviar sua den\u00fancia. Isso nos ajuda a analisar e resolver os problemas com precis\u00e3o.<\/p>\n<h2>Aplica\u00e7\u00e3o e banimento de usu\u00e1rios<\/h2>\n<p>O CamRound.com adota uma pol\u00edtica de toler\u00e2ncia zero para viola\u00e7\u00f5es de regras. Usu\u00e1rios que receberem v\u00e1rias reclama\u00e7\u00f5es poder\u00e3o ser bloqueados automaticamente pelo nosso sistema.<\/p>\n<p>Levamos todas as den\u00fancias a s\u00e9rio, mas banimentos permanentes s\u00f3 s\u00e3o emitidos ap\u00f3s an\u00e1lise criteriosa. Embora o CamRound.com n\u00e3o possa monitorar todas as intera\u00e7\u00f5es em tempo real, contamos com a nossa comunidade para ajudar a manter a plataforma segura e respeitosa. Sua coopera\u00e7\u00e3o na den\u00fancia de viola\u00e7\u00f5es \u00e9 essencial.<\/p>\n<p>Juntos, podemos construir uma plataforma segura, espont\u00e2nea e agrad\u00e1vel para todos. Obrigado por ajudar a tornar o CamRound.com um lugar melhor. <a href=\"https:\/\/camround.com\/pt\/bazoocam\/\">para conversar<\/a>.<\/p>","protected":false},"excerpt":{"rendered":"<p>CamRound.com provides free, anonymous access to a one-on-one random video chat experience\u2014no registration required. Our mission is to offer a safe, engaging, and respectful space similar to other platforms like Omegle, allowing users to meet new people online in real time. To ensure a positive environment for everyone, we require all users to follow the [&hellip;]<\/p>\n","protected":false},"author":1,"featured_media":0,"parent":0,"menu_order":0,"comment_status":"closed","ping_status":"closed","template":"","meta":{"footnotes":""},"class_list":["post-1231","page","type-page","status-publish","hentry"],"yoast_head":"<!-- This site is optimized with the Yoast SEO plugin v27.3 - https:\/\/yoast.com\/product\/yoast-seo-wordpress\/ -->\n<title>Rules - CamRound.com<\/title>\n<meta name=\"robots\" content=\"index, follow, max-snippet:-1, max-image-preview:large, max-video-preview:-1\" \/>\n<link rel=\"canonical\" href=\"https:\/\/camround.com\/pt\/rules\/\" \/>\n<meta property=\"og:locale\" content=\"pt_PT\" \/>\n<meta property=\"og:type\" content=\"article\" \/>\n<meta property=\"og:title\" content=\"Rules - CamRound.com\" \/>\n<meta property=\"og:description\" content=\"CamRound.com provides free, anonymous access to a one-on-one random video chat experience\u2014no registration required. Our mission is to offer a safe, engaging, and respectful space similar to other platforms like Omegle, allowing users to meet new people online in real time. To ensure a positive environment for everyone, we require all users to follow the [&hellip;]\" \/>\n<meta property=\"og:url\" content=\"https:\/\/camround.com\/pt\/rules\/\" \/>\n<meta property=\"og:site_name\" content=\"CamRound.com\" \/>\n<meta property=\"article:modified_time\" content=\"2025-08-06T10:26:29+00:00\" \/>\n<meta name=\"twitter:card\" content=\"summary_large_image\" \/>\n<meta name=\"twitter:label1\" content=\"Tempo estimado de leitura\" \/>\n\t<meta name=\"twitter:data1\" content=\"3 minutos\" \/>\n<script type=\"application\/ld+json\" class=\"yoast-schema-graph\">{\"@context\":\"https:\\\/\\\/schema.org\",\"@graph\":[{\"@type\":\"WebPage\",\"@id\":\"https:\\\/\\\/camround.com\\\/rules\\\/\",\"url\":\"https:\\\/\\\/camround.com\\\/rules\\\/\",\"name\":\"Rules - CamRound.com\",\"isPartOf\":{\"@id\":\"https:\\\/\\\/camround.com\\\/#website\"},\"datePublished\":\"2025-08-06T09:13:00+00:00\",\"dateModified\":\"2025-08-06T10:26:29+00:00\",\"breadcrumb\":{\"@id\":\"https:\\\/\\\/camround.com\\\/rules\\\/#breadcrumb\"},\"inLanguage\":\"pt-PT\",\"potentialAction\":[{\"@type\":\"ReadAction\",\"target\":[\"https:\\\/\\\/camround.com\\\/rules\\\/\"]}]},{\"@type\":\"BreadcrumbList\",\"@id\":\"https:\\\/\\\/camround.com\\\/rules\\\/#breadcrumb\",\"itemListElement\":[{\"@type\":\"ListItem\",\"position\":1,\"name\":\"Home\",\"item\":\"https:\\\/\\\/camround.com\\\/\"},{\"@type\":\"ListItem\",\"position\":2,\"name\":\"Rules\"}]},{\"@type\":\"WebSite\",\"@id\":\"https:\\\/\\\/camround.com\\\/#website\",\"url\":\"https:\\\/\\\/camround.com\\\/\",\"name\":\"CamRound\",\"description\":\"Random Video Chat\",\"publisher\":{\"@id\":\"https:\\\/\\\/camround.com\\\/#organization\"},\"inLanguage\":\"pt-PT\"},{\"@type\":\"Organization\",\"@id\":\"https:\\\/\\\/camround.com\\\/#organization\",\"name\":\"CamRound\",\"url\":\"https:\\\/\\\/camround.com\\\/\",\"logo\":{\"@type\":\"ImageObject\",\"inLanguage\":\"pt-PT\",\"@id\":\"https:\\\/\\\/camround.com\\\/#\\\/schema\\\/logo\\\/image\\\/\",\"url\":\"https:\\\/\\\/camround.com\\\/wp-content\\\/uploads\\\/2021\\\/12\\\/C-Icon_1Color.png\",\"contentUrl\":\"https:\\\/\\\/camround.com\\\/wp-content\\\/uploads\\\/2021\\\/12\\\/C-Icon_1Color.png\",\"width\":1192,\"height\":1216,\"caption\":\"CamRound\"},\"image\":{\"@id\":\"https:\\\/\\\/camround.com\\\/#\\\/schema\\\/logo\\\/image\\\/\"}}]}<\/script>\n<!-- \/ Yoast SEO plugin. -->","yoast_head_json":{"title":"Regras - CamRound.com","robots":{"index":"index","follow":"follow","max-snippet":"max-snippet:-1","max-image-preview":"max-image-preview:large","max-video-preview":"max-video-preview:-1"},"canonical":"https:\/\/camround.com\/pt\/rules\/","og_locale":"pt_PT","og_type":"article","og_title":"Rules - CamRound.com","og_description":"CamRound.com provides free, anonymous access to a one-on-one random video chat experience\u2014no registration required. Our mission is to offer a safe, engaging, and respectful space similar to other platforms like Omegle, allowing users to meet new people online in real time. To ensure a positive environment for everyone, we require all users to follow the [&hellip;]","og_url":"https:\/\/camround.com\/pt\/rules\/","og_site_name":"CamRound.com","article_modified_time":"2025-08-06T10:26:29+00:00","twitter_card":"summary_large_image","twitter_misc":{"Tempo estimado de leitura":"3 minutos"},"schema":{"@context":"https:\/\/schema.org","@graph":[{"@type":"WebPage","@id":"https:\/\/camround.com\/rules\/","url":"https:\/\/camround.com\/rules\/","name":"Regras - CamRound.com","isPartOf":{"@id":"https:\/\/camround.com\/#website"},"datePublished":"2025-08-06T09:13:00+00:00","dateModified":"2025-08-06T10:26:29+00:00","breadcrumb":{"@id":"https:\/\/camround.com\/rules\/#breadcrumb"},"inLanguage":"pt-PT","potentialAction":[{"@type":"ReadAction","target":["https:\/\/camround.com\/rules\/"]}]},{"@type":"BreadcrumbList","@id":"https:\/\/camround.com\/rules\/#breadcrumb","itemListElement":[{"@type":"ListItem","position":1,"name":"Home","item":"https:\/\/camround.com\/"},{"@type":"ListItem","position":2,"name":"Rules"}]},{"@type":"WebSite","@id":"https:\/\/camround.com\/#website","url":"https:\/\/camround.com\/","name":"CamRound","description":"Conversa de v\u00eddeo aleat\u00f3ria","publisher":{"@id":"https:\/\/camround.com\/#organization"},"inLanguage":"pt-PT"},{"@type":"Organization","@id":"https:\/\/camround.com\/#organization","name":"CamRound","url":"https:\/\/camround.com\/","logo":{"@type":"ImageObject","inLanguage":"pt-PT","@id":"https:\/\/camround.com\/#\/schema\/logo\/image\/","url":"https:\/\/camround.com\/wp-content\/uploads\/2021\/12\/C-Icon_1Color.png","contentUrl":"https:\/\/camround.com\/wp-content\/uploads\/2021\/12\/C-Icon_1Color.png","width":1192,"height":1216,"caption":"CamRound"},"image":{"@id":"https:\/\/camround.com\/#\/schema\/logo\/image\/"}}]}},"_links":{"self":[{"href":"https:\/\/camround.com\/pt\/wp-json\/wp\/v2\/pages\/1231","targetHints":{"allow":["GET"]}}],"collection":[{"href":"https:\/\/camround.com\/pt\/wp-json\/wp\/v2\/pages"}],"about":[{"href":"https:\/\/camround.com\/pt\/wp-json\/wp\/v2\/types\/page"}],"author":[{"embeddable":true,"href":"https:\/\/camround.com\/pt\/wp-json\/wp\/v2\/users\/1"}],"replies":[{"embeddable":true,"href":"https:\/\/camround.com\/pt\/wp-json\/wp\/v2\/comments?post=1231"}],"version-history":[{"count":1,"href":"https:\/\/camround.com\/pt\/wp-json\/wp\/v2\/pages\/1231\/revisions"}],"predecessor-version":[{"id":1233,"href":"https:\/\/camround.com\/pt\/wp-json\/wp\/v2\/pages\/1231\/revisions\/1233"}],"wp:attachment":[{"href":"https:\/\/camround.com\/pt\/wp-json\/wp\/v2\/media?parent=1231"}],"curies":[{"name":"wp","href":"https:\/\/api.w.org\/{rel}","templated":true}]}}