{"id":1221,"date":"2025-08-06T10:58:49","date_gmt":"2025-08-06T08:58:49","guid":{"rendered":"https:\/\/camround.com\/?page_id=1221"},"modified":"2025-08-06T10:58:49","modified_gmt":"2025-08-06T08:58:49","slug":"2257-compliance-statement","status":"publish","type":"page","link":"https:\/\/camround.com\/ro\/2257-compliance-statement\/","title":{"rendered":"Declara\u021bie de conformitate 2257"},"content":{"rendered":"<h2>Verificarea v\u00e2rstei \u0219i conformitatea cu legile<\/h2>\n<p>\u00cen conformitate cu legisla\u021bia Statelor Unite, sec\u021biunea 2257 din Codul de Procedur\u0103 Civil\u0103 nr. 18 (Legea privind protec\u021bia copilului \u0219i aplicarea legilor privind obscenitatea din 1988) \u0219i cu legile interna\u021bionale aplicabile, toate persoanele \u0219i modelele prezentate pe orice platforme sau servicii legate de, recenzate sau la care se face referire de <a href=\"https:\/\/camround.com\/ro\/\">CamRound<\/a>.com au, din c\u00e2te \u0219tim, cel pu\u021bin 18 ani.<\/p>\n<h2>Rela\u021bie de afiliere<\/h2>\n<p>CamRound.com nu de\u021bine, opereaz\u0103 \u0219i nu controleaz\u0103 niciun <a href=\"https:\/\/camround.com\/ro\/ometv\/\">camer\u0103 web<\/a>, <a href=\"https:\/\/camround.com\/ro\/coomeet\/\">chat video<\/a>, sau <a href=\"https:\/\/camround.com\/ro\/ftf-live\/\">tr\u0103i<\/a> Platformele sau serviciile de streaming care sunt men\u021bionate, afi\u0219ate sau la care se face trimitere pe acest site web. CamRound.com func\u021bioneaz\u0103 exclusiv ca site web afiliat \u0219i de recenzii. Nu angaj\u0103m, contract\u0103m, gestion\u0103m \u0219i nu organiz\u0103m \u00een alt mod proiecte, spectacole sau activit\u0103\u021bi care implic\u0103 modele sau arti\u0219ti. Respectarea deplin\u0103 a sec\u021biunii 2257 din 18 USC - inclusiv documenta\u021bia, verificarea v\u00e2rstei \u0219i p\u0103strarea eviden\u021belor - este responsabilitatea exclusiv\u0103 a partenerilor no\u0219tri afilia\u021bi \u0219i a operatorilor oric\u0103ror servicii ter\u021be.<\/p>\n<h2>Con\u021binut ter\u021b<\/h2>\n<p>CamRound.com nu creeaz\u0103, g\u0103zduie\u0219te \u0219i nu gestioneaz\u0103 niciun con\u021binut generat de utilizatori sau produs de modele, prezentat pe platforme externe la care se face trimitere de pe site-ul nostru. Tot acest con\u021binut - inclusiv \u00eenc\u0103rc\u0103rile utilizatorilor, transmisiunile live \u0219i performan\u021bele modelelor - este gestionat \u0219i controlat exclusiv de operatorii ter\u021bi respectivi ai platformelor, nu de CamRound.com.<\/p>\n<p>Rolul nostru se limiteaz\u0103 la revizuirea, recomandarea \u0219i furnizarea de linkuri de afiliere c\u0103tre servicii ter\u021be. Orice utilizator care alege s\u0103 se \u00eenregistreze sau s\u0103 utilizeze servicii prin intermediul linkurilor furnizate pe CamRound.com face acest lucru direct prin intermediul platformei ter\u021be relevante, f\u0103r\u0103 implicarea sau participarea CamRound.com sau a personalului s\u0103u.<\/p>\n<h2>Moderarea con\u021binutului \u0219i standarde<\/h2>\n<p>CamRound.com nu aprob\u0103 \u0219i nu sus\u021bine crearea sau distribuirea de materiale obscene, indecente sau def\u0103im\u0103toare. Ne rezerv\u0103m dreptul de a elimina orice linkuri sau referin\u021be la con\u021binut extern pe care, la discre\u021bia noastr\u0103, le consider\u0103m a \u00eenc\u0103lca standardele noastre.<\/p>\n<h2>Con\u021binut produs de CamRound.com<\/h2>\n<p>Orice material creat sau publicat direct de CamRound.com sau de reprezentan\u021bii s\u0103i nu este de natur\u0103 erotic\u0103 sau pornografic\u0103 \u0219i nu este supus cerin\u021belor din 18 USC Sec\u021biunea 2257.<\/p>\n<h2>Stocarea \u0219i conformitatea documentelor<\/h2>\n<p>Toate \u00eenregistr\u0103rile \u0219i documenta\u021bia cerute de 18 USC Sec\u021biunea 2257 sunt p\u0103strate de partenerii no\u0219tri afilia\u021bi \u0219i de operatorii oric\u0103ror platforme ter\u021be c\u0103tre care oferim linkuri. CamRound.com nu colecteaz\u0103, stocheaz\u0103 \u0219i nu men\u021bine nicio \u00eenregistrare de conformitate 2257, deoarece nu producem, g\u0103zduim \u0219i nu oper\u0103m con\u021binut care necesit\u0103 o astfel de conformitate.<\/p>\n<p>Pentru orice \u00eentreb\u0103ri sau nel\u0103muriri legate de verificarea v\u00e2rstei sau de conformitatea cu standardul 2257, v\u0103 rug\u0103m s\u0103 contacta\u021bi direct operatorul platformei ter\u021be relevant.<\/p>","protected":false},"excerpt":{"rendered":"<p>Age Verification and Legal Compliance In accordance with United States law 18 U.S.C. Section 2257 (Child Protection and Obscenity Enforcement Act of 1988) and applicable international laws, all individuals and models featured on any platforms or services linked to, reviewed, or referenced by CamRound.com are, to the best of our knowledge, at least 18 years [&hellip;]<\/p>\n","protected":false},"author":1,"featured_media":0,"parent":0,"menu_order":0,"comment_status":"closed","ping_status":"closed","template":"","meta":{"footnotes":""},"class_list":["post-1221","page","type-page","status-publish","hentry"],"yoast_head":"<!-- This site is optimized with the Yoast SEO plugin v27.3 - https:\/\/yoast.com\/product\/yoast-seo-wordpress\/ -->\n<title>2257 Compliance Statement - CamRound.com<\/title>\n<meta name=\"robots\" content=\"index, follow, max-snippet:-1, max-image-preview:large, max-video-preview:-1\" \/>\n<link rel=\"canonical\" href=\"https:\/\/camround.com\/ro\/2257-compliance-statement\/\" \/>\n<meta property=\"og:locale\" content=\"ro_RO\" \/>\n<meta property=\"og:type\" content=\"article\" \/>\n<meta property=\"og:title\" content=\"2257 Compliance Statement - CamRound.com\" \/>\n<meta property=\"og:description\" content=\"Age Verification and Legal Compliance In accordance with United States law 18 U.S.C. Section 2257 (Child Protection and Obscenity Enforcement Act of 1988) and applicable international laws, all individuals and models featured on any platforms or services linked to, reviewed, or referenced by CamRound.com are, to the best of our knowledge, at least 18 years [&hellip;]\" \/>\n<meta property=\"og:url\" content=\"https:\/\/camround.com\/ro\/2257-compliance-statement\/\" \/>\n<meta property=\"og:site_name\" content=\"CamRound.com\" \/>\n<meta name=\"twitter:card\" content=\"summary_large_image\" \/>\n<meta name=\"twitter:label1\" content=\"Timp estimat pentru citire\" \/>\n\t<meta name=\"twitter:data1\" content=\"2 minute\" \/>\n<script type=\"application\/ld+json\" class=\"yoast-schema-graph\">{\"@context\":\"https:\\\/\\\/schema.org\",\"@graph\":[{\"@type\":\"WebPage\",\"@id\":\"https:\\\/\\\/camround.com\\\/2257-compliance-statement\\\/\",\"url\":\"https:\\\/\\\/camround.com\\\/2257-compliance-statement\\\/\",\"name\":\"2257 Compliance Statement - CamRound.com\",\"isPartOf\":{\"@id\":\"https:\\\/\\\/camround.com\\\/#website\"},\"datePublished\":\"2025-08-06T08:58:49+00:00\",\"breadcrumb\":{\"@id\":\"https:\\\/\\\/camround.com\\\/2257-compliance-statement\\\/#breadcrumb\"},\"inLanguage\":\"ro-RO\",\"potentialAction\":[{\"@type\":\"ReadAction\",\"target\":[\"https:\\\/\\\/camround.com\\\/2257-compliance-statement\\\/\"]}]},{\"@type\":\"BreadcrumbList\",\"@id\":\"https:\\\/\\\/camround.com\\\/2257-compliance-statement\\\/#breadcrumb\",\"itemListElement\":[{\"@type\":\"ListItem\",\"position\":1,\"name\":\"Home\",\"item\":\"https:\\\/\\\/camround.com\\\/\"},{\"@type\":\"ListItem\",\"position\":2,\"name\":\"2257 Compliance Statement\"}]},{\"@type\":\"WebSite\",\"@id\":\"https:\\\/\\\/camround.com\\\/#website\",\"url\":\"https:\\\/\\\/camround.com\\\/\",\"name\":\"CamRound\",\"description\":\"Random Video Chat\",\"publisher\":{\"@id\":\"https:\\\/\\\/camround.com\\\/#organization\"},\"inLanguage\":\"ro-RO\"},{\"@type\":\"Organization\",\"@id\":\"https:\\\/\\\/camround.com\\\/#organization\",\"name\":\"CamRound\",\"url\":\"https:\\\/\\\/camround.com\\\/\",\"logo\":{\"@type\":\"ImageObject\",\"inLanguage\":\"ro-RO\",\"@id\":\"https:\\\/\\\/camround.com\\\/#\\\/schema\\\/logo\\\/image\\\/\",\"url\":\"https:\\\/\\\/camround.com\\\/wp-content\\\/uploads\\\/2021\\\/12\\\/C-Icon_1Color.png\",\"contentUrl\":\"https:\\\/\\\/camround.com\\\/wp-content\\\/uploads\\\/2021\\\/12\\\/C-Icon_1Color.png\",\"width\":1192,\"height\":1216,\"caption\":\"CamRound\"},\"image\":{\"@id\":\"https:\\\/\\\/camround.com\\\/#\\\/schema\\\/logo\\\/image\\\/\"}}]}<\/script>\n<!-- \/ Yoast SEO plugin. -->","yoast_head_json":{"title":"Declara\u021bie de conformitate 2257 - CamRound.com","robots":{"index":"index","follow":"follow","max-snippet":"max-snippet:-1","max-image-preview":"max-image-preview:large","max-video-preview":"max-video-preview:-1"},"canonical":"https:\/\/camround.com\/ro\/2257-compliance-statement\/","og_locale":"ro_RO","og_type":"article","og_title":"2257 Compliance Statement - CamRound.com","og_description":"Age Verification and Legal Compliance In accordance with United States law 18 U.S.C. Section 2257 (Child Protection and Obscenity Enforcement Act of 1988) and applicable international laws, all individuals and models featured on any platforms or services linked to, reviewed, or referenced by CamRound.com are, to the best of our knowledge, at least 18 years [&hellip;]","og_url":"https:\/\/camround.com\/ro\/2257-compliance-statement\/","og_site_name":"CamRound.com","twitter_card":"summary_large_image","twitter_misc":{"Timp estimat pentru citire":"2 minute"},"schema":{"@context":"https:\/\/schema.org","@graph":[{"@type":"WebPage","@id":"https:\/\/camround.com\/2257-compliance-statement\/","url":"https:\/\/camround.com\/2257-compliance-statement\/","name":"Declara\u021bie de conformitate 2257 - CamRound.com","isPartOf":{"@id":"https:\/\/camround.com\/#website"},"datePublished":"2025-08-06T08:58:49+00:00","breadcrumb":{"@id":"https:\/\/camround.com\/2257-compliance-statement\/#breadcrumb"},"inLanguage":"ro-RO","potentialAction":[{"@type":"ReadAction","target":["https:\/\/camround.com\/2257-compliance-statement\/"]}]},{"@type":"BreadcrumbList","@id":"https:\/\/camround.com\/2257-compliance-statement\/#breadcrumb","itemListElement":[{"@type":"ListItem","position":1,"name":"Home","item":"https:\/\/camround.com\/"},{"@type":"ListItem","position":2,"name":"2257 Compliance Statement"}]},{"@type":"WebSite","@id":"https:\/\/camround.com\/#website","url":"https:\/\/camround.com\/","name":"CamRound","description":"Chat video aleatoriu","publisher":{"@id":"https:\/\/camround.com\/#organization"},"inLanguage":"ro-RO"},{"@type":"Organization","@id":"https:\/\/camround.com\/#organization","name":"CamRound","url":"https:\/\/camround.com\/","logo":{"@type":"ImageObject","inLanguage":"ro-RO","@id":"https:\/\/camround.com\/#\/schema\/logo\/image\/","url":"https:\/\/camround.com\/wp-content\/uploads\/2021\/12\/C-Icon_1Color.png","contentUrl":"https:\/\/camround.com\/wp-content\/uploads\/2021\/12\/C-Icon_1Color.png","width":1192,"height":1216,"caption":"CamRound"},"image":{"@id":"https:\/\/camround.com\/#\/schema\/logo\/image\/"}}]}},"_links":{"self":[{"href":"https:\/\/camround.com\/ro\/wp-json\/wp\/v2\/pages\/1221","targetHints":{"allow":["GET"]}}],"collection":[{"href":"https:\/\/camround.com\/ro\/wp-json\/wp\/v2\/pages"}],"about":[{"href":"https:\/\/camround.com\/ro\/wp-json\/wp\/v2\/types\/page"}],"author":[{"embeddable":true,"href":"https:\/\/camround.com\/ro\/wp-json\/wp\/v2\/users\/1"}],"replies":[{"embeddable":true,"href":"https:\/\/camround.com\/ro\/wp-json\/wp\/v2\/comments?post=1221"}],"version-history":[{"count":1,"href":"https:\/\/camround.com\/ro\/wp-json\/wp\/v2\/pages\/1221\/revisions"}],"predecessor-version":[{"id":1222,"href":"https:\/\/camround.com\/ro\/wp-json\/wp\/v2\/pages\/1221\/revisions\/1222"}],"wp:attachment":[{"href":"https:\/\/camround.com\/ro\/wp-json\/wp\/v2\/media?parent=1221"}],"curies":[{"name":"wp","href":"https:\/\/api.w.org\/{rel}","templated":true}]}}