{"id":1225,"date":"2025-08-06T11:04:00","date_gmt":"2025-08-06T09:04:00","guid":{"rendered":"https:\/\/camround.com\/?page_id=1225"},"modified":"2025-08-06T11:04:00","modified_gmt":"2025-08-06T09:04:00","slug":"privacy-policy","status":"publish","type":"page","link":"https:\/\/camround.com\/ro\/privacy-policy\/","title":{"rendered":"Politica de confiden\u021bialitate"},"content":{"rendered":"<p>Ne angaj\u0103m s\u0103 protej\u0103m confiden\u021bialitatea utilizatorilor serviciilor noastre. Aceast\u0103 politic\u0103 se aplic\u0103 acolo unde ac\u021bion\u0103m \u00een calitate de operator de date cu privire la datele cu caracter personal ale utilizatorilor no\u0219tri - adic\u0103, acolo unde stabilim scopurile \u0219i mijloacele de prelucrare a datelor cu caracter personal. Prin utilizarea <a href=\"https:\/\/camround.com\/ro\/\">CamRound<\/a>.com, sunte\u021bi de acord cu colectarea, prelucrarea \u0219i transmiterea datelor cu caracter personal, a\u0219a cum este descris \u00een aceast\u0103 politic\u0103.<\/p>\n<h2>Dezv\u0103luirea afilierii<\/h2>\n<p>CamRound.com func\u021bioneaz\u0103 ca un site web de recenzii \u0219i afiliere. Nu de\u021binem \u0219i nu oper\u0103m platformele, instrumentele sau serviciile recenzate sau men\u021bionate aici. \u00cen schimb, este posibil s\u0103 c\u00e2\u0219tig\u0103m comisioane sau taxe atunci c\u00e2nd utilizatorii dau clic pe linkuri de afiliere sau se \u00eenscriu la servicii ter\u021be prin intermediul recomand\u0103rilor noastre. V\u0103 rug\u0103m s\u0103 re\u021bine\u021bi c\u0103 utilizarea de c\u0103tre dvs. a platformelor ter\u021be este supus\u0103 politicilor \u0219i termenilor acestora de confiden\u021bialitate. Nu suntem responsabili pentru practicile de confiden\u021bialitate sau con\u021binutul niciunui site sau serviciu extern la care se face trimitere de la CamRound.com.<\/p>\n<h2>Cum utiliz\u0103m datele dumneavoastr\u0103 personale<\/h2>\n<p>Putem prelucra urm\u0103toarele categorii de informa\u021bii personale:<\/p>\n<p>Date de profil: Acestea pot include numele, v\u00e2rsta, informa\u021biile pe care ne autoriza\u021bi s\u0103 le colect\u0103m din profilurile sociale, adresa de e-mail \u0219i fotografia de profil. Dac\u0103 utiliza\u021bi autentificarea social\u0103 (de exemplu, autentificarea Facebook), este posibil s\u0103 v\u0103 solicit\u0103m acces la prenumele, numele de familie, sexul, v\u00e2rsta, adresa de e-mail, loca\u021bia, regiunea, fusul orar \u0219i fotografiile pentru o \u00eenregistrare f\u0103r\u0103 probleme. Nu solicit\u0103m acces la alte date Facebook. <a href=\"https:\/\/www.facebook.com\/about\/privacy\">Politica de confiden\u021bialitate a Facebook este disponibil\u0103 aici.<\/a><\/p>\n<p>Date de utilizare: Acestea includ adresa IP, loca\u021bia geografic\u0103 (doar \u021bara \u0219i statul), tipul\/versiunea browserului, sistemul de operare, sursa de recomandare, timpul petrecut pe site, vizualiz\u0103rile de pagin\u0103, c\u0103ile de navigare \u0219i modelele de utilizare, colectate prin intermediul instrumentelor de analiz\u0103. Aceste date ne ajut\u0103 s\u0103 analiz\u0103m, s\u0103 monitoriz\u0103m \u0219i s\u0103 \u00eembun\u0103t\u0103\u021bim serviciul nostru.<\/p>\n<p>Date privind solicit\u0103rile de informa\u021bii: Informa\u021biile pe care le furniza\u021bi atunci c\u00e2nd ne contacta\u021bi despre serviciile noastre, prelucrate \u00een scopuri de marketing \u0219i asisten\u021b\u0103.<\/p>\n<p>Date privind rela\u021biile cu clien\u021bii: Include numele dvs., datele de contact \u0219i istoricul comunic\u0103rilor, utilizate pentru gestionarea rela\u021biilor \u0219i comunicarea cu clien\u021bii.<\/p>\n<p>Date de notificare: Informa\u021bii pe care le furniza\u021bi pentru a v\u0103 abona la notific\u0103ri prin e-mail sau la buletine informative.<\/p>\n<p>Date de coresponden\u021b\u0103: Include con\u021binutul \u0219i metadatele comunic\u0103rii (de exemplu, prin intermediul formularelor de contact), utilizate pentru comunicare \u0219i p\u0103strarea eviden\u021belor.<\/p>\n<p>Date client: Informa\u021bii despre aplica\u021bia client (browser sau aplica\u021bie mobil\u0103), cum ar fi adresa IP, tipul de browser, sistemul de operare, produc\u0103torul dispozitivului \u0219i detalii despre num\u0103rul de serie\/model.<\/p>\n<p>Date despre mesaje: Informa\u021bii trimise prin mesaje pe serviciul nostru, procesate pentru transfer \u0219i administrarea serviciului.<\/p>\n<p>Date de comunicare: Detalii despre comunicarea dvs. cu al\u021bi utilizatori (nu con\u021binut), cum ar fi ora sesiunii \u0219i participan\u021bii.<\/p>\n<p>Date de interdic\u021bie: Informa\u021bii relevante pentru interdic\u021biile utilizatorilor, cum ar fi datele de utilizare\/clien\u021bi \u0219i, dac\u0103 este necesar, un cadru de imagine capturat ca parte a procesului de interdic\u021bie (de exemplu, ca r\u0103spuns la reclama\u021bii sau comportamente detectate).<\/p>\n<p>Date privind reclama\u021biile: Informa\u021bii primite ca parte a reclama\u021biilor utilizatorilor, care pot include <a href=\"https:\/\/camround.com\/ro\/vidizzy\/\">video<\/a> imagine \u00eencadrat\u0103.<\/p>\n<p>Date tranzac\u021bionale: Include date de contact, detalii despre plat\u0103 \u0219i informa\u021bii despre tranzac\u021bii, utilizate pentru furnizarea bunurilor\/serviciilor achizi\u021bionate \u0219i p\u0103strarea eviden\u021belor.<\/p>\n<p>Date de jurnal: Colectate automat, includ adresa IP, browserul, paginile vizitate, ora\/data \u0219i timpul petrecut pe pagini. Aceste date nu sunt identificabile personal \u0219i sunt utilizate pentru analiz\u0103 \u0219i administrarea serviciilor.<\/p>\n<p>Date juridice, de asigur\u0103ri \u0219i de risc: Este posibil s\u0103 v\u0103 prelucr\u0103m datele cu caracter personal \u00een scopuri legale, de conformitate, de acoperire a asigur\u0103rilor, de gestionare a riscurilor sau de consiliere profesional\u0103, dup\u0103 cum este necesar.<\/p>\n<p>V\u0103 rug\u0103m s\u0103 nu ne furniza\u021bi datele personale ale altei persoane dec\u00e2t dac\u0103 vi se solicit\u0103.<\/p>\n<h2>Partajarea datelor dumneavoastr\u0103 personale<\/h2>\n<p>Este posibil s\u0103 divulg\u0103m datele dumneavoastr\u0103 c\u0103tre:<\/p>\n<ul>\n<li>Asigur\u0103tori \u0219i consilieri profesioni\u0219ti \u00een scopuri de asigurare, juridice sau de gestionare a riscurilor.<\/li>\n<li>Procesoare de pl\u0103\u021bi (de exemplu, Segpay, Stripe, PayPal, Apple, Google, Interkassa, SecurionPay, SMSBILL, VK) pentru a facilita pl\u0103\u021bile sau ramburs\u0103rile.<\/li>\n<li>Autorit\u0103\u021bi, conform prevederilor legale, sau pentru protejarea intereselor vitale sau a drepturilor legale.<\/li>\n<\/ul>\n<p>Func\u021biile peer-to-peer pot necesita partajarea adresei IP din motive tehnice; acest lucru nu este expus \u00een interfa\u021b\u0103.<\/p>\n<h2>Transferuri interna\u021bionale<\/h2>\n<p>Facilit\u0103\u021bile noastre de g\u0103zduire se afl\u0103 \u00een Germania \u0219i Statele Unite. Datele utilizatorilor pot fi transferate \u0219i stocate \u00een aceste jurisdic\u021bii. Sunte\u021bi responsabil pentru \u00een\u021belegerea legilor privind confiden\u021bialitatea din regiunea dvs.<\/p>\n<p>Datele cu caracter personal trimise spre publicare pot fi disponibile la nivel global prin intermediul internetului \u0219i nu putem \u00eempiedica utilizarea sau utilizarea necorespunz\u0103toare a acestora de c\u0103tre alte persoane.<\/p>\n<h2>P\u0103strarea \u0219i \u0219tergerea datelor<\/h2>\n<ul>\n<li>P\u0103str\u0103m datele de profil at\u00e2t timp c\u00e2t contul dvs. este activ sau at\u00e2t c\u00e2t este necesar \u00een scopurile prev\u0103zute \u00een aceast\u0103 politic\u0103.<\/li>\n<li>Nu stoc\u0103m jurnalele de mesaje, cu excep\u021bia mesajelor p\u0103strate \u00een datele de interdic\u021bie legate de comportamentul inadecvat.<\/li>\n<li>Datele de interdic\u021bie sunt p\u0103strate dup\u0103 cum este necesar pentru aplicarea tehnic\u0103 a legii \u0219i eliminate dup\u0103 expirare.<\/li>\n<li>Datele de comunicare (cu cine\/c\u00e2nd a\u021bi comunicat) nu sunt p\u0103strate.<\/li>\n<li>Este posibil s\u0103 p\u0103str\u0103m anumite date conform cerin\u021belor legale.<\/li>\n<\/ul>\n<h2>Securitatea datelor<\/h2>\n<p>Folosim m\u0103suri tehnice \u0219i organizatorice standard \u00een industrie (firewall-uri, protec\u021bii prin parol\u0103, criptare SSL, centre de date securizate) pentru a v\u0103 proteja datele. Doar personalul autorizat are acces. Cu toate acestea, niciun sistem online nu este 100% sigur. Dac\u0103 suspecta\u021bi c\u0103 datele dumneavoastr\u0103 au fost compromise, contacta\u021bi-ne imediat.<\/p>\n<h2>Drepturi de confiden\u021bialitate \u00een func\u021bie de jurisdic\u021bie<\/h2>\n<p>Reziden\u021bi din California: Ave\u021bi drepturi conform legisla\u021biei din California cu privire la divulgarea datelor cu caracter personal de c\u0103tre noi. Pentru a exercita aceste drepturi sau pentru a renun\u021ba la partajare, contacta\u021bi <a href=\"mailto:support@camround.com\">support@camround.com<\/a>.<\/p>\n<p>Reziden\u021bi din Nevada: Pute\u021bi trimite o cerere de renun\u021bare la v\u00e2nzare c\u0103tre <a href=\"mailto:support@camround.com\">support@camround.com<\/a>Not\u0103: \u00een prezent nu comercializ\u0103m date care declan\u0219eaz\u0103 cerin\u021be de renun\u021bare.<\/p>\n<p>Reziden\u021bi din Canada: Datele dumneavoastr\u0103 pot fi stocate \u00een afara Canadei \u0219i supuse legisla\u021biei str\u0103ine. V\u0103 pute\u021bi retrage consim\u021b\u0103m\u00e2ntul \u00een orice moment \u0219i ave\u021bi dreptul de a depune o pl\u00e2ngere cu privire la practicile noastre. Pentru mai multe informa\u021bii, vizita\u021bi <a href=\"https:\/\/www.priv.gc.ca\/\">priv.gc.ca<\/a>.<\/p>\n<p>Reziden\u021bi SEE\/Regatul Unit: Ave\u021bi dreptul de a accesa, corecta, \u0219terge, restric\u021biona sau transfera datele dumneavoastr\u0103 \u0219i de a v\u0103 opune prelucr\u0103rii sau de a v\u0103 retrage consim\u021b\u0103m\u00e2ntul. Contacta\u021bi-ne. <a href=\"mailto:support@camround.com\">support@camround.com<\/a> pentru a v\u0103 exercita drepturile.<\/p>\n<h2>Confiden\u021bialitatea copiilor<\/h2>\n<p>CamRound.com nu este destinat utilizatorilor sub 18 ani. Nu colect\u0103m cu bun\u0103 \u0219tiin\u021b\u0103 date de la minori. Dac\u0103 descoperim astfel de date, le vom dezactiva \u0219i \u0219terge. V\u0103 rug\u0103m s\u0103 ne contacta\u021bi dac\u0103 afla\u021bi despre date colectate de la o persoan\u0103 sub 18 ani.<\/p>\n<h2>Cookie-uri<\/h2>\n<p>Folosim cookie-uri \u00een scopuri de autentificare \u0219i analiz\u0103. Cookie-urile pot fi persistente sau bazate pe sesiune. Furnizorul nostru de analiz\u0103 este Google Analytics (<a href=\"https:\/\/www.google.com\/policies\/privacy\/\">vezi politica<\/a>). De asemenea, putem folosi widget-uri sociale (de exemplu, Facebook, Twitter) care seteaz\u0103 cookie-uri conform politicilor lor.<\/p>\n<p>Pute\u021bi refuza sau \u0219terge cookie-urile folosind set\u0103rile browserului dvs., dar acest lucru poate afecta func\u021bionalitatea site-ului.<\/p>\n<h2>Linkuri externe<\/h2>\n<p>CamRound.com con\u021bine linkuri c\u0103tre site-uri web ter\u021be. Ne str\u0103duim s\u0103 oferim linkuri doar c\u0103tre surse de \u00eencredere, dar nu suntem responsabili pentru con\u021binutul sau practicile de confiden\u021bialitate ale site-urilor externe. Orice date pe care le furniza\u021bi site-urilor ter\u021be sunt guvernate de politica lor de confiden\u021bialitate.<\/p>\n<h2>Nu urm\u0103ri\u021bi<\/h2>\n<p>Din cauza tehnologiei \u00een continu\u0103 evolu\u021bie, nu garant\u0103m \u00een acest moment compatibilitatea cu semnalele Do-Not-Track ale browserului.<\/p>\n<h2>Actualiz\u0103ri ale acestei politici<\/h2>\n<p>Este posibil s\u0103 actualiz\u0103m aceast\u0103 politic\u0103 din c\u00e2nd \u00een c\u00e2nd. V\u0103 rug\u0103m s\u0103 verifica\u021bi periodic aceast\u0103 pagin\u0103 pentru modific\u0103ri.<\/p>\n<h2>Contact<\/h2>\n<p>Pentru \u00eentreb\u0103ri sau nel\u0103muriri legate de aceast\u0103 politic\u0103 sau de confiden\u021bialitatea dvs., contacta\u021bi-ne la <a href=\"mailto:support@camround.com\">support@camround.com<\/a>.<\/p>","protected":false},"excerpt":{"rendered":"<p>We are committed to safeguarding the privacy of our service users. This policy applies where we act as a data controller with respect to the personal data of our users\u2014that is, where we determine the purposes and means of processing personal data. By using CamRound.com, you consent to the collection, processing, and transmission of personal [&hellip;]<\/p>\n","protected":false},"author":1,"featured_media":0,"parent":0,"menu_order":0,"comment_status":"closed","ping_status":"closed","template":"","meta":{"footnotes":""},"class_list":["post-1225","page","type-page","status-publish","hentry"],"yoast_head":"<!-- This site is optimized with the Yoast SEO plugin v27.3 - https:\/\/yoast.com\/product\/yoast-seo-wordpress\/ -->\n<title>Privacy Policy - CamRound.com<\/title>\n<meta name=\"robots\" content=\"index, follow, max-snippet:-1, max-image-preview:large, max-video-preview:-1\" \/>\n<link rel=\"canonical\" href=\"https:\/\/camround.com\/ro\/privacy-policy\/\" \/>\n<meta property=\"og:locale\" content=\"ro_RO\" \/>\n<meta property=\"og:type\" content=\"article\" \/>\n<meta property=\"og:title\" content=\"Privacy Policy - CamRound.com\" \/>\n<meta property=\"og:description\" content=\"We are committed to safeguarding the privacy of our service users. This policy applies where we act as a data controller with respect to the personal data of our users\u2014that is, where we determine the purposes and means of processing personal data. By using CamRound.com, you consent to the collection, processing, and transmission of personal [&hellip;]\" \/>\n<meta property=\"og:url\" content=\"https:\/\/camround.com\/ro\/privacy-policy\/\" \/>\n<meta property=\"og:site_name\" content=\"CamRound.com\" \/>\n<meta name=\"twitter:card\" content=\"summary_large_image\" \/>\n<meta name=\"twitter:label1\" content=\"Timp estimat pentru citire\" \/>\n\t<meta name=\"twitter:data1\" content=\"5 minute\" \/>\n<script type=\"application\/ld+json\" class=\"yoast-schema-graph\">{\"@context\":\"https:\\\/\\\/schema.org\",\"@graph\":[{\"@type\":\"WebPage\",\"@id\":\"https:\\\/\\\/camround.com\\\/privacy-policy\\\/\",\"url\":\"https:\\\/\\\/camround.com\\\/privacy-policy\\\/\",\"name\":\"Privacy Policy - CamRound.com\",\"isPartOf\":{\"@id\":\"https:\\\/\\\/camround.com\\\/#website\"},\"datePublished\":\"2025-08-06T09:04:00+00:00\",\"breadcrumb\":{\"@id\":\"https:\\\/\\\/camround.com\\\/privacy-policy\\\/#breadcrumb\"},\"inLanguage\":\"ro-RO\",\"potentialAction\":[{\"@type\":\"ReadAction\",\"target\":[\"https:\\\/\\\/camround.com\\\/privacy-policy\\\/\"]}]},{\"@type\":\"BreadcrumbList\",\"@id\":\"https:\\\/\\\/camround.com\\\/privacy-policy\\\/#breadcrumb\",\"itemListElement\":[{\"@type\":\"ListItem\",\"position\":1,\"name\":\"Home\",\"item\":\"https:\\\/\\\/camround.com\\\/\"},{\"@type\":\"ListItem\",\"position\":2,\"name\":\"Privacy Policy\"}]},{\"@type\":\"WebSite\",\"@id\":\"https:\\\/\\\/camround.com\\\/#website\",\"url\":\"https:\\\/\\\/camround.com\\\/\",\"name\":\"CamRound\",\"description\":\"Random Video Chat\",\"publisher\":{\"@id\":\"https:\\\/\\\/camround.com\\\/#organization\"},\"inLanguage\":\"ro-RO\"},{\"@type\":\"Organization\",\"@id\":\"https:\\\/\\\/camround.com\\\/#organization\",\"name\":\"CamRound\",\"url\":\"https:\\\/\\\/camround.com\\\/\",\"logo\":{\"@type\":\"ImageObject\",\"inLanguage\":\"ro-RO\",\"@id\":\"https:\\\/\\\/camround.com\\\/#\\\/schema\\\/logo\\\/image\\\/\",\"url\":\"https:\\\/\\\/camround.com\\\/wp-content\\\/uploads\\\/2021\\\/12\\\/C-Icon_1Color.png\",\"contentUrl\":\"https:\\\/\\\/camround.com\\\/wp-content\\\/uploads\\\/2021\\\/12\\\/C-Icon_1Color.png\",\"width\":1192,\"height\":1216,\"caption\":\"CamRound\"},\"image\":{\"@id\":\"https:\\\/\\\/camround.com\\\/#\\\/schema\\\/logo\\\/image\\\/\"}}]}<\/script>\n<!-- \/ Yoast SEO plugin. -->","yoast_head_json":{"title":"Politica de confiden\u021bialitate - CamRound.com","robots":{"index":"index","follow":"follow","max-snippet":"max-snippet:-1","max-image-preview":"max-image-preview:large","max-video-preview":"max-video-preview:-1"},"canonical":"https:\/\/camround.com\/ro\/privacy-policy\/","og_locale":"ro_RO","og_type":"article","og_title":"Privacy Policy - CamRound.com","og_description":"We are committed to safeguarding the privacy of our service users. This policy applies where we act as a data controller with respect to the personal data of our users\u2014that is, where we determine the purposes and means of processing personal data. By using CamRound.com, you consent to the collection, processing, and transmission of personal [&hellip;]","og_url":"https:\/\/camround.com\/ro\/privacy-policy\/","og_site_name":"CamRound.com","twitter_card":"summary_large_image","twitter_misc":{"Timp estimat pentru citire":"5 minute"},"schema":{"@context":"https:\/\/schema.org","@graph":[{"@type":"WebPage","@id":"https:\/\/camround.com\/privacy-policy\/","url":"https:\/\/camround.com\/privacy-policy\/","name":"Politica de confiden\u021bialitate - CamRound.com","isPartOf":{"@id":"https:\/\/camround.com\/#website"},"datePublished":"2025-08-06T09:04:00+00:00","breadcrumb":{"@id":"https:\/\/camround.com\/privacy-policy\/#breadcrumb"},"inLanguage":"ro-RO","potentialAction":[{"@type":"ReadAction","target":["https:\/\/camround.com\/privacy-policy\/"]}]},{"@type":"BreadcrumbList","@id":"https:\/\/camround.com\/privacy-policy\/#breadcrumb","itemListElement":[{"@type":"ListItem","position":1,"name":"Home","item":"https:\/\/camround.com\/"},{"@type":"ListItem","position":2,"name":"Privacy Policy"}]},{"@type":"WebSite","@id":"https:\/\/camround.com\/#website","url":"https:\/\/camround.com\/","name":"CamRound","description":"Chat video aleatoriu","publisher":{"@id":"https:\/\/camround.com\/#organization"},"inLanguage":"ro-RO"},{"@type":"Organization","@id":"https:\/\/camround.com\/#organization","name":"CamRound","url":"https:\/\/camround.com\/","logo":{"@type":"ImageObject","inLanguage":"ro-RO","@id":"https:\/\/camround.com\/#\/schema\/logo\/image\/","url":"https:\/\/camround.com\/wp-content\/uploads\/2021\/12\/C-Icon_1Color.png","contentUrl":"https:\/\/camround.com\/wp-content\/uploads\/2021\/12\/C-Icon_1Color.png","width":1192,"height":1216,"caption":"CamRound"},"image":{"@id":"https:\/\/camround.com\/#\/schema\/logo\/image\/"}}]}},"_links":{"self":[{"href":"https:\/\/camround.com\/ro\/wp-json\/wp\/v2\/pages\/1225","targetHints":{"allow":["GET"]}}],"collection":[{"href":"https:\/\/camround.com\/ro\/wp-json\/wp\/v2\/pages"}],"about":[{"href":"https:\/\/camround.com\/ro\/wp-json\/wp\/v2\/types\/page"}],"author":[{"embeddable":true,"href":"https:\/\/camround.com\/ro\/wp-json\/wp\/v2\/users\/1"}],"replies":[{"embeddable":true,"href":"https:\/\/camround.com\/ro\/wp-json\/wp\/v2\/comments?post=1225"}],"version-history":[{"count":1,"href":"https:\/\/camround.com\/ro\/wp-json\/wp\/v2\/pages\/1225\/revisions"}],"predecessor-version":[{"id":1226,"href":"https:\/\/camround.com\/ro\/wp-json\/wp\/v2\/pages\/1225\/revisions\/1226"}],"wp:attachment":[{"href":"https:\/\/camround.com\/ro\/wp-json\/wp\/v2\/media?parent=1225"}],"curies":[{"name":"wp","href":"https:\/\/api.w.org\/{rel}","templated":true}]}}