{"id":1227,"date":"2025-08-06T11:06:15","date_gmt":"2025-08-06T09:06:15","guid":{"rendered":"https:\/\/camround.com\/?page_id=1227"},"modified":"2025-08-06T11:06:15","modified_gmt":"2025-08-06T09:06:15","slug":"refunds-chargeback","status":"publish","type":"page","link":"https:\/\/camround.com\/ro\/refunds-chargeback\/","title":{"rendered":"Ramburs\u0103ri \u0219i storn\u0103ri de plat\u0103"},"content":{"rendered":"<p>V\u0103 mul\u021bumim pentru vizit\u0103 <a href=\"https:\/\/camround.com\/ro\/\">CamRound<\/a>.com. V\u0103 rug\u0103m s\u0103 re\u021bine\u021bi c\u0103 toate solicit\u0103rile de facturare, ramburs\u0103ri, return\u0103ri de pl\u0103\u021bi \u0219i asisten\u021b\u0103 pentru clien\u021bi legate de achizi\u021biile efectuate prin intermediul linkurilor de pe acest site web sunt gestionate exclusiv de <a href=\"https:\/\/camround.com\/ro\/coomeet\/\">CooMeet<\/a>\u00cen calitate de afiliat independent, CamRound.com nu proceseaz\u0103 pl\u0103\u021bi, nu gestioneaz\u0103 problemele de facturare sau plat\u0103 \u0219i nu ofer\u0103 asisten\u021b\u0103 direct\u0103 pentru clien\u021bi pentru tranzac\u021biile care implic\u0103 servicii CooMeet.<\/p>\n<h2>Produse \u0219i servicii digitale<\/h2>\n<p>CamRound.com promoveaz\u0103 produse \u0219i servicii digitale oferite de CooMeet, cum ar fi abonamente, abonamente premium \u0219i func\u021bii suplimentare. Aceste oferte sunt netangibile \u0219i sunt livrate digital de c\u0103tre platforma ter\u021b\u0103 parte.<\/p>\n<p>\u00cenainte de a face orice achizi\u021bie, v\u0103 recomand\u0103m insistent s\u0103 citi\u021bi cu aten\u021bie descrierea produsului sau serviciului pentru a v\u0103 asigura c\u0103 corespunde nevoilor \u0219i a\u0219tept\u0103rilor dumneavoastr\u0103.<\/p>\n<p>Dac\u0103 ave\u021bi \u00eentreb\u0103ri despre func\u021bii, pre\u021buri, termeni de abonament sau detalii despre servicii, v\u0103 rug\u0103m s\u0103 contacta\u021bi echipa oficial\u0103 de asisten\u021b\u0103 CooMeet \u00eenainte de a finaliza achizi\u021bia. CamRound.com nu este autorizat s\u0103 clarifice sau s\u0103 modifice detaliile niciunui produs sau serviciu.<\/p>\n<h2>Politica de rambursare<\/h2>\n<p>\u00centruc\u00e2t CooMeet este singurul responsabil pentru procesarea pl\u0103\u021bilor, orice solicit\u0103ri de rambursare trebuie adresate echipei lor de asisten\u021b\u0103 clien\u021bi. Ramburs\u0103rile pot fi luate \u00een considerare \u00een anumite circumstan\u021be, inclusiv:<\/p>\n<ul>\n<li>Tranzac\u021bii duplicate<\/li>\n<li>Erori tehnice<\/li>\n<li>Taxe neautorizate<\/li>\n<\/ul>\n<p>Pentru a solicita o rambursare de la CooMeet, va trebui s\u0103 furniza\u021bi:<\/p>\n<ul>\n<li>Data \u0219i suma pl\u0103\u021bii<\/li>\n<li>Metoda de plat\u0103 utilizat\u0103<\/li>\n<li>ID-ul tranzac\u021biei sau num\u0103rul comenzii<\/li>\n<li>Motivul solicit\u0103rii dumneavoastr\u0103 de rambursare<\/li>\n<\/ul>\n<p>Dac\u0103 rambursarea dvs. este aprobat\u0103, v\u0103 rug\u0103m s\u0103 acorda\u021bi 3-10 zile lucr\u0103toare pentru ca banca sau emitentul cardului dvs. s\u0103 o proceseze. CamRound.com nu poate urm\u0103ri, accelera sau influen\u021ba momentul ramburs\u0103rilor emise de CooMeet. Pentru actualiz\u0103ri de stare, v\u0103 rug\u0103m s\u0103 contacta\u021bi direct serviciul de asisten\u021b\u0103 CooMeet.<\/p>\n<h2>Restituiri de plat\u0103<\/h2>\n<p>Dac\u0103 v\u0103 g\u00e2ndi\u021bi la o rambursare, v\u0103 recomand\u0103m insistent s\u0103 contacta\u021bi mai \u00eent\u00e2i asisten\u021ba CooMeet pentru a \u00eencerca s\u0103 rezolva\u021bi problema. Ini\u021bierea unei ramburs\u0103ri f\u0103r\u0103 a solicita mai \u00eent\u00e2i asisten\u021b\u0103 poate \u00eent\u00e2rzia rezolvarea acesteia \u0219i ar putea duce la restric\u021bii privind contul dvs. CooMeet sau accesul viitor.<\/p>\n<p>Toate ramburs\u0103rile sunt revizuite de CooMeet. Depunerea unei ramburs\u0103ri frauduloase sau nefondate poate \u00eenc\u0103lca termenii \u0219i condi\u021biile lor de utilizare \u0219i poate duce la suspendarea contului.<\/p>\n<h2>Servicii \u0219i linkuri ale unor ter\u021be p\u0103r\u021bi<\/h2>\n<p>CamRound.com include linkuri c\u0103tre platforme \u0219i servicii ter\u021be, inclusiv CooMeet. Orice produse sau servicii accesate prin intermediul acestor linkuri sunt supuse termenilor \u0219i politicilor ter\u021bei p\u0103r\u021bi.<\/p>\n<p>Nu suntem responsabili pentru func\u021bionarea, con\u021binutul sau asisten\u021ba pentru clien\u021bi a serviciilor externe \u0219i nu putem interveni \u00een procedurile lor de plat\u0103 sau rambursare. Pentru orice probleme legate de achizi\u021bii care implic\u0103 furnizori ter\u021bi, v\u0103 rug\u0103m s\u0103 contacta\u021bi direct echipa de asisten\u021b\u0103 relevant\u0103.<\/p>\n<h2>Contactarea CamRound.com<\/h2>\n<p>Dac\u0103 ave\u021bi \u00eentreb\u0103ri despre con\u021binutul site-ului nostru web sau despre rela\u021bia noastr\u0103 de afiliere cu CooMeet, v\u0103 rug\u0103m s\u0103 ne contacta\u021bi prin intermediul paginii noastre de contact. V\u0103 rug\u0103m s\u0103 re\u021bine\u021bi, totu\u0219i, c\u0103 CamRound.com nu v\u0103 poate ajuta cu probleme legate de facturare, ramburs\u0103ri sau abonamente legate de CooMeet sau de orice alte servicii ter\u021be - acestea trebuie abordate direct cu furnizorul respectiv.<\/p>","protected":false},"excerpt":{"rendered":"<p>Thank you for visiting CamRound.com. Please note that all billing, refunds, chargebacks, and customer support inquiries related to purchases made through links on this website are exclusively managed by CooMeet. As an independent affiliate, CamRound.com does not process payments, handle billing or payment issues, or provide direct customer support for transactions involving CooMeet services. Digital [&hellip;]<\/p>\n","protected":false},"author":1,"featured_media":0,"parent":0,"menu_order":0,"comment_status":"closed","ping_status":"closed","template":"","meta":{"footnotes":""},"class_list":["post-1227","page","type-page","status-publish","hentry"],"yoast_head":"<!-- This site is optimized with the Yoast SEO plugin v27.3 - https:\/\/yoast.com\/product\/yoast-seo-wordpress\/ -->\n<title>Refunds &amp; Chargeback - CamRound.com<\/title>\n<meta name=\"robots\" content=\"index, follow, max-snippet:-1, max-image-preview:large, max-video-preview:-1\" \/>\n<link rel=\"canonical\" href=\"https:\/\/camround.com\/ro\/refunds-chargeback\/\" \/>\n<meta property=\"og:locale\" content=\"ro_RO\" \/>\n<meta property=\"og:type\" content=\"article\" \/>\n<meta property=\"og:title\" content=\"Refunds &amp; Chargeback - CamRound.com\" \/>\n<meta property=\"og:description\" content=\"Thank you for visiting CamRound.com. Please note that all billing, refunds, chargebacks, and customer support inquiries related to purchases made through links on this website are exclusively managed by CooMeet. As an independent affiliate, CamRound.com does not process payments, handle billing or payment issues, or provide direct customer support for transactions involving CooMeet services. Digital [&hellip;]\" \/>\n<meta property=\"og:url\" content=\"https:\/\/camround.com\/ro\/refunds-chargeback\/\" \/>\n<meta property=\"og:site_name\" content=\"CamRound.com\" \/>\n<meta name=\"twitter:card\" content=\"summary_large_image\" \/>\n<meta name=\"twitter:label1\" content=\"Timp estimat pentru citire\" \/>\n\t<meta name=\"twitter:data1\" content=\"2 minute\" \/>\n<script type=\"application\/ld+json\" class=\"yoast-schema-graph\">{\"@context\":\"https:\\\/\\\/schema.org\",\"@graph\":[{\"@type\":\"WebPage\",\"@id\":\"https:\\\/\\\/camround.com\\\/refunds-chargeback\\\/\",\"url\":\"https:\\\/\\\/camround.com\\\/refunds-chargeback\\\/\",\"name\":\"Refunds & Chargeback - CamRound.com\",\"isPartOf\":{\"@id\":\"https:\\\/\\\/camround.com\\\/#website\"},\"datePublished\":\"2025-08-06T09:06:15+00:00\",\"breadcrumb\":{\"@id\":\"https:\\\/\\\/camround.com\\\/refunds-chargeback\\\/#breadcrumb\"},\"inLanguage\":\"ro-RO\",\"potentialAction\":[{\"@type\":\"ReadAction\",\"target\":[\"https:\\\/\\\/camround.com\\\/refunds-chargeback\\\/\"]}]},{\"@type\":\"BreadcrumbList\",\"@id\":\"https:\\\/\\\/camround.com\\\/refunds-chargeback\\\/#breadcrumb\",\"itemListElement\":[{\"@type\":\"ListItem\",\"position\":1,\"name\":\"Home\",\"item\":\"https:\\\/\\\/camround.com\\\/\"},{\"@type\":\"ListItem\",\"position\":2,\"name\":\"Refunds &#038; Chargeback\"}]},{\"@type\":\"WebSite\",\"@id\":\"https:\\\/\\\/camround.com\\\/#website\",\"url\":\"https:\\\/\\\/camround.com\\\/\",\"name\":\"CamRound\",\"description\":\"Random Video Chat\",\"publisher\":{\"@id\":\"https:\\\/\\\/camround.com\\\/#organization\"},\"inLanguage\":\"ro-RO\"},{\"@type\":\"Organization\",\"@id\":\"https:\\\/\\\/camround.com\\\/#organization\",\"name\":\"CamRound\",\"url\":\"https:\\\/\\\/camround.com\\\/\",\"logo\":{\"@type\":\"ImageObject\",\"inLanguage\":\"ro-RO\",\"@id\":\"https:\\\/\\\/camround.com\\\/#\\\/schema\\\/logo\\\/image\\\/\",\"url\":\"https:\\\/\\\/camround.com\\\/wp-content\\\/uploads\\\/2021\\\/12\\\/C-Icon_1Color.png\",\"contentUrl\":\"https:\\\/\\\/camround.com\\\/wp-content\\\/uploads\\\/2021\\\/12\\\/C-Icon_1Color.png\",\"width\":1192,\"height\":1216,\"caption\":\"CamRound\"},\"image\":{\"@id\":\"https:\\\/\\\/camround.com\\\/#\\\/schema\\\/logo\\\/image\\\/\"}}]}<\/script>\n<!-- \/ Yoast SEO plugin. -->","yoast_head_json":{"title":"Ramburs\u0103ri \u0219i storn\u0103ri de plat\u0103 - CamRound.com","robots":{"index":"index","follow":"follow","max-snippet":"max-snippet:-1","max-image-preview":"max-image-preview:large","max-video-preview":"max-video-preview:-1"},"canonical":"https:\/\/camround.com\/ro\/refunds-chargeback\/","og_locale":"ro_RO","og_type":"article","og_title":"Refunds & Chargeback - CamRound.com","og_description":"Thank you for visiting CamRound.com. Please note that all billing, refunds, chargebacks, and customer support inquiries related to purchases made through links on this website are exclusively managed by CooMeet. As an independent affiliate, CamRound.com does not process payments, handle billing or payment issues, or provide direct customer support for transactions involving CooMeet services. Digital [&hellip;]","og_url":"https:\/\/camround.com\/ro\/refunds-chargeback\/","og_site_name":"CamRound.com","twitter_card":"summary_large_image","twitter_misc":{"Timp estimat pentru citire":"2 minute"},"schema":{"@context":"https:\/\/schema.org","@graph":[{"@type":"WebPage","@id":"https:\/\/camround.com\/refunds-chargeback\/","url":"https:\/\/camround.com\/refunds-chargeback\/","name":"Ramburs\u0103ri \u0219i storn\u0103ri de plat\u0103 - CamRound.com","isPartOf":{"@id":"https:\/\/camround.com\/#website"},"datePublished":"2025-08-06T09:06:15+00:00","breadcrumb":{"@id":"https:\/\/camround.com\/refunds-chargeback\/#breadcrumb"},"inLanguage":"ro-RO","potentialAction":[{"@type":"ReadAction","target":["https:\/\/camround.com\/refunds-chargeback\/"]}]},{"@type":"BreadcrumbList","@id":"https:\/\/camround.com\/refunds-chargeback\/#breadcrumb","itemListElement":[{"@type":"ListItem","position":1,"name":"Home","item":"https:\/\/camround.com\/"},{"@type":"ListItem","position":2,"name":"Refunds &#038; Chargeback"}]},{"@type":"WebSite","@id":"https:\/\/camround.com\/#website","url":"https:\/\/camround.com\/","name":"CamRound","description":"Chat video aleatoriu","publisher":{"@id":"https:\/\/camround.com\/#organization"},"inLanguage":"ro-RO"},{"@type":"Organization","@id":"https:\/\/camround.com\/#organization","name":"CamRound","url":"https:\/\/camround.com\/","logo":{"@type":"ImageObject","inLanguage":"ro-RO","@id":"https:\/\/camround.com\/#\/schema\/logo\/image\/","url":"https:\/\/camround.com\/wp-content\/uploads\/2021\/12\/C-Icon_1Color.png","contentUrl":"https:\/\/camround.com\/wp-content\/uploads\/2021\/12\/C-Icon_1Color.png","width":1192,"height":1216,"caption":"CamRound"},"image":{"@id":"https:\/\/camround.com\/#\/schema\/logo\/image\/"}}]}},"_links":{"self":[{"href":"https:\/\/camround.com\/ro\/wp-json\/wp\/v2\/pages\/1227","targetHints":{"allow":["GET"]}}],"collection":[{"href":"https:\/\/camround.com\/ro\/wp-json\/wp\/v2\/pages"}],"about":[{"href":"https:\/\/camround.com\/ro\/wp-json\/wp\/v2\/types\/page"}],"author":[{"embeddable":true,"href":"https:\/\/camround.com\/ro\/wp-json\/wp\/v2\/users\/1"}],"replies":[{"embeddable":true,"href":"https:\/\/camround.com\/ro\/wp-json\/wp\/v2\/comments?post=1227"}],"version-history":[{"count":1,"href":"https:\/\/camround.com\/ro\/wp-json\/wp\/v2\/pages\/1227\/revisions"}],"predecessor-version":[{"id":1228,"href":"https:\/\/camround.com\/ro\/wp-json\/wp\/v2\/pages\/1227\/revisions\/1228"}],"wp:attachment":[{"href":"https:\/\/camround.com\/ro\/wp-json\/wp\/v2\/media?parent=1227"}],"curies":[{"name":"wp","href":"https:\/\/api.w.org\/{rel}","templated":true}]}}