{"id":1229,"date":"2025-08-06T11:09:04","date_gmt":"2025-08-06T09:09:04","guid":{"rendered":"https:\/\/camround.com\/?page_id=1229"},"modified":"2025-08-06T11:09:04","modified_gmt":"2025-08-06T09:09:04","slug":"terms-conditions","status":"publish","type":"page","link":"https:\/\/camround.com\/ro\/terms-conditions\/","title":{"rendered":"Termeni \u0219i condi\u021bii"},"content":{"rendered":"<p>Acest document (\u201eTermeni \u0219i condi\u021bii\u201d, \u201eTermeni\u201d, \u201eAcord de utilizare\u201d sau \u201eAcord\u201d) constituie un acord obligatoriu din punct de vedere juridic \u00eentre utilizatori (\u201edvs.\u201d, \u201eal\/ale dvs.\u201d, \u201eUtilizator\u201d sau \u201eVizitator\u201d), fie c\u0103 este vorba de persoane fizice, companii sau organiza\u021bii, \u0219i <a href=\"https:\/\/camround.com\/ro\/\">CamRound<\/a>.com (denumit \u0219i \u201eCamRound\u201d, \u201eCompanie\u201d, \u201eSite web\u201d sau \u201eSite\u201d). Referin\u021bele la \u201enoi\u201d, \u201enou\u0103\u201d sau \u201eal nostru\/a noastr\u0103\/ai no\u0219tri\/ale noastre\u201d se refer\u0103 la CamRound.com.<\/p>\n<h2>Declinare de responsabilitate pentru afiliere \u0219i ter\u021be p\u0103r\u021bi<\/h2>\n<p>CamRound.com este o platform\u0103 de recenzii \u0219i afiliere. Nu de\u021binem \u0219i nu oper\u0103m instrumentele, platformele sau serviciile recenzate, linkate sau men\u021bionate pe acest site. Este posibil s\u0103 c\u00e2\u0219tig\u0103m comisioane sau taxe atunci c\u00e2nd utilizatorii dau clic pe linkuri de afiliere sau se \u00eenscriu la servicii ter\u021be prin recomand\u0103rile noastre. Utilizarea oric\u0103rui serviciu ter\u021b se face pe propriul risc \u0219i este supus\u0103 termenilor \u0219i politicilor acelor furnizori. Nu ne asum\u0103m nicio responsabilitate pentru con\u021binutul, practicile sau politicile oric\u0103ror site-uri sau servicii ter\u021be prezentate sau linkate de pe CamRound.com.<\/p>\n<h2>Eligibilitate<\/h2>\n<p>Prin accesarea \u0219i utilizarea CamRound.com \u0219i a serviciilor sale, confirma\u021bi c\u0103 ave\u021bi cel pu\u021bin 18 ani (sau v\u00e2rsta legal\u0103 \u00een jurisdic\u021bia dumneavoastr\u0103 dac\u0103 este mai mare de 18 ani).<\/p>\n<p>Prin utilizarea site-ului nostru web, sunte\u021bi de acord s\u0103 respecta\u021bi ace\u0219ti Termeni, Regulile noastre, Politica de confiden\u021bialitate \u0219i Politica de rambursare.<\/p>\n<h2>Accesarea \u0219i utilizarea site-ului web<\/h2>\n<p>V\u0103 acord\u0103m o licen\u021b\u0103 neexclusiv\u0103, netransferabil\u0103 \u0219i revocabil\u0103 pentru a accesa \u0219i utiliza CamRound.com \u00een strict\u0103 conformitate cu ace\u0219ti Termeni. Drepturile dumneavoastr\u0103 nu sunt transferabile sau cesionabile.<\/p>\n<p>Prezentul Acord nu creeaz\u0103 nicio rela\u021bie de parteneriat, asociere \u00een participa\u021biune, angajare, agen\u021bie sau francizor-francizat \u00eentre dumneavoastr\u0103 \u0219i noi.<\/p>\n<p>Ne rezerv\u0103m dreptul de a suspenda sau \u00eentrerupe func\u021bionarea Site-ului web, temporar sau permanent, pentru \u00eentre\u021binere, actualiz\u0103ri, motive tehnice, legale, comerciale sau din orice alt motiv legitim. Nu suntem r\u0103spunz\u0103tori pentru nicio daun\u0103 sau prejudiciu rezultat din indisponibilitate sau probleme tehnice, inclusiv, dar f\u0103r\u0103 a se limita la, defec\u021biuni hardware sau software, atacuri ale hackerilor sau for\u021b\u0103 major\u0103.<\/p>\n<p>Costurile conexiunii la internet \u0219i date sunt responsabilitatea dumneavoastr\u0103. Recomand\u0103m utilizatorilor s\u0103 fie con\u0219tien\u021bi de poten\u021bialele costuri \u00eenainte de a utiliza CamRound.com.<\/p>\n<h2>Con\u021binutul utilizatorului<\/h2>\n<p>Utilizatorii pot transmite text, audio \u0219i <a href=\"https:\/\/camround.com\/ro\/vidizzy\/\">video<\/a> informa\u021bii c\u0103tre al\u021bii. Prin punerea la dispozi\u021bie a oric\u0103rui con\u021binut al utilizatorului prin intermediul CamRound.com, ne acorda\u021bi o licen\u021b\u0103 mondial\u0103, irevocabil\u0103, perpetu\u0103, neexclusiv\u0103, transferabil\u0103 \u0219i f\u0103r\u0103 redeven\u021be (cu dreptul de sublicen\u021biere) pentru a utiliza, adapta, modifica, distribui, afi\u0219a, executa \u0219i exploata \u00een alt mod respectivul con\u021binut pe sau prin intermediul CamRound.com \u0219i al site-urilor web ale unor ter\u021be p\u0103r\u021bi, inclusiv \u00een scopuri comerciale.<\/p>\n<p>Nu revendic\u0103m dreptul de proprietate asupra con\u021binutului dvs. \u0219i nimic din prezentul Acord nu v\u0103 restric\u021bioneaz\u0103 drepturile asupra propriului con\u021binut. Cu toate acestea, sunte\u021bi singurul responsabil pentru tot con\u021binutul pe care \u00eel pune\u021bi la dispozi\u021bie prin intermediul Site-ului Web. Declara\u021bi \u0219i garanta\u021bi c\u0103 de\u021bine\u021bi sau ave\u021bi toate drepturile necesare asupra con\u021binutului pe care \u00eel trimite\u021bi \u0219i c\u0103 acest con\u021binut nu \u00eencalc\u0103 niciun drept al ter\u021bilor sau legile aplicabile.<\/p>\n<p>Tot restul con\u021binutului de pe CamRound.com (inclusiv grafica \u0219i designul interfe\u021bei utilizator) este proprietatea noastr\u0103.<\/p>\n<p>Sunte\u021bi de acord s\u0103 nu furniza\u021bi con\u021binut obscen, ofensator, ilegal sau care \u00eencalc\u0103 ace\u0219ti Termeni sau Regulile noastre. De asemenea, sunte\u021bi de acord s\u0103 nu utiliza\u021bi CamRound.com \u00een scopuri de promovare comercial\u0103 sau beneficii nepermise de ace\u0219ti Termeni.<\/p>\n<h2>Activitatea utilizatorilor r\u0103u inten\u021biona\u021bi<\/h2>\n<p>Sunte\u021bi de acord s\u0103 nu:<\/p>\n<ul>\n<li>A sonda, scana sau testa vulnerabilitatea sistemelor noastre;<\/li>\n<li>Eludarea sau dezactivarea m\u0103surilor de securitate;<\/li>\n<li>A utiliza instrumente neautorizate (spideri, bo\u021bi, crawlere) pentru a accesa sau desc\u0103rca con\u021binut;<\/li>\n<li>Falsifica\u021bi anteturi sau trimite\u021bi informa\u021bii \u00een\u0219el\u0103toare;<\/li>\n<li>A descifra sau a interfera cu Site-ul web;<\/li>\n<li>A interfera cu accesul utilizatorilor, inclusiv prin trimiterea de viru\u0219i, spam sau supra\u00eenc\u0103rcarea serverelor;<\/li>\n<li>Dezvolta\u021bi un site web sau un serviciu concurent;<\/li>\n<li>\u00cencuraja\u021bi alte persoane s\u0103 \u00eencalce ace\u0219ti Termeni.<\/li>\n<\/ul>\n<h2>Produse \u0219i servicii pl\u0103tite<\/h2>\n<p>CamRound.com poate oferi produse sau servicii pl\u0103tite, inclusiv bunuri digitale, abonamente sau func\u021bii premium. Prin efectuarea unei achizi\u021bii, garanta\u021bi c\u0103:<\/p>\n<ul>\n<li>A\u021bi citit \u0219i a\u021bi \u00een\u021beles descrierea produsului\/serviciului;<\/li>\n<li>Informa\u021biile dumneavoastr\u0103 de plat\u0103 sunt corecte \u0219i complete;<\/li>\n<li>Toate taxele vor fi onorate de banca sau de compania emitent\u0103 a cardului dumneavoastr\u0103;<\/li>\n<li>E\u0219ti responsabil pentru orice comisioane de plat\u0103 neonorate.<\/li>\n<\/ul>\n<p>Func\u021biile pl\u0103tite nu pot fi transferate c\u0103tre ter\u021bi. Toate pl\u0103\u021bile sunt supuse Politicii noastre de rambursare.<\/p>\n<p>Dac\u0103 contesta\u021bi o plat\u0103, contacta\u021bi-ne mai \u00eent\u00e2i \u00eenainte de a ini\u021bia o rambursare. Dac\u0103 este justificat\u0103, vom procesa o rambursare; dac\u0103 este refuzat\u0103, pute\u021bi contacta banca dumneavoastr\u0103.<\/p>\n<p>Ne rezerv\u0103m dreptul de a actualiza termenii de plat\u0103 \u0219i rambursare \u00een orice moment. Modific\u0103rile semnificative v\u0103 dau dreptul de a \u00eenceta utilizarea site-ului web.<\/p>\n<h2>Linkuri externe<\/h2>\n<p>Este posibil s\u0103 plas\u0103m linkuri c\u0103tre site-uri web \u0219i bunuri de la ter\u021bi pe CamRound.com. Ne str\u0103duim s\u0103 plas\u0103m linkuri doar c\u0103tre resurse de \u00eencredere, dar nu ne asum\u0103m responsabilitatea pentru con\u021binutul, confiden\u021bialitatea sau securitatea site-urilor web externe. Utilizarea acestor linkuri se face pe propriul risc.<\/p>\n<h2>Leg\u0103turi \u0219i \u00eencorpor\u0103ri<\/h2>\n<p>Pute\u021bi ad\u0103uga linkuri c\u0103tre CamRound.com sau \u00eencorpora CamRound.com \u00een propriile resurse, cu condi\u021bia ca:<\/p>\n<ul>\n<li>Nu ascunde\u021bi \u0219i nu modifica\u021bi nicio parte a site-ului CamRound.com;<\/li>\n<li>Site-ul sau resursa dvs. nu este ilegal\u0103 sau pornografic\u0103;<\/li>\n<li>Elimina\u021bi toate linkurile\/\u00eencorpor\u0103rile la cererea noastr\u0103.<\/li>\n<\/ul>\n<h2>\u00cencetarea accesului<\/h2>\n<p>\u00cenc\u0103lcarea acestor Termeni sau a Regulilor noastre poate duce la restric\u021bionarea sau \u00eencetarea accesului la CamRound.com f\u0103r\u0103 notificare prealabil\u0103. Putem utiliza mijloace tehnice, juridice sau de alt\u0103 natur\u0103 (inclusiv blocarea IP-ului) pentru a aplica ace\u0219ti Termeni. \u00cencerc\u0103m s\u0103 inform\u0103m utilizatorii cu privire la restric\u021bii, dar nu suntem obliga\u021bi s\u0103 facem acest lucru. Perioadele de interdic\u021bie pot fi modificate la discre\u021bia noastr\u0103.<\/p>\n<p>Prevederile privind limitarea r\u0103spunderii, exonerarea de r\u0103spundere \u0219i desp\u0103gubirea r\u0103m\u00e2n \u00een vigoare \u0219i dup\u0103 rezilierea contractului.<\/p>\n<h2>Abuzuri \u0219i reclama\u021bii<\/h2>\n<p>Raporta\u021bi abuzuri, \u00eenc\u0103lc\u0103ri ale drepturilor de autor sau utilizare necorespunz\u0103toare c\u0103tre <a href=\"mailto:support@camround.com\">support@camround.com<\/a>Litigiile solu\u021bionate prin \u00eenc\u0103lcarea acestor Termeni sau prin mijloace ilegale pot duce la restric\u021bionarea sau \u00eencetarea accesului.<\/p>\n<h2>Limitarea r\u0103spunderii<\/h2>\n<p>Nu suntem r\u0103spunz\u0103tori pentru ac\u021biunile utilizatorilor sau pentru con\u021binutul utilizatorilor. Nu ne asum\u0103m nicio r\u0103spundere pentru daunele directe, indirecte, incidentale sau consecutive rezultate din utilizarea CamRound.com, inclusiv, dar f\u0103r\u0103 a se limita la, pierderea de date, venituri, deteriorarea hardware-ului, \u00eentreruperi ale serviciilor, acces neautorizat sau for\u021b\u0103 major\u0103.<\/p>\n<p>Sunte\u021bi de acord s\u0103 desp\u0103gubi\u021bi CamRound.com \u0219i personalul s\u0103u pentru orice reclama\u021bii, pierderi sau costuri rezultate din utilizarea de c\u0103tre dvs. a site-ului web sau a con\u021binutului dvs.<\/p>\n<h2>Amendamente<\/h2>\n<p>Putem modifica oric\u00e2nd ace\u0219ti Termeni, Politica de confiden\u021bialitate, Politica de rambursare \u0219i Reguli. Actualiz\u0103rile intr\u0103 \u00een vigoare la data public\u0103rii. Utilizarea \u00een continuare a acestora constituie acceptarea modific\u0103rilor. Consulta\u021bi periodic aceste documente pentru actualiz\u0103ri.<\/p>\n<p>Dac\u0103 nu sunte\u021bi de acord cu vreo modificare, \u00eentrerupe\u021bi imediat utilizarea.<\/p>\n<h2>Legea aplicabil\u0103 \u0219i litigiile<\/h2>\n<p>Prezentul Acord este guvernat de legisla\u021bia sud-african\u0103. Litigiile trebuie aduse \u00een fa\u021ba unei instan\u021be sud-africane. Orice reclama\u021bie trebuie depus\u0103 \u00een termen de un an de la apari\u021bie.<\/p>\n<h2>Alte prevederi<\/h2>\n<p>\u00cen caz de \u00eenc\u0103lcare, este posibil s\u0103 solicit\u0103m protec\u021bie legal\u0103 sau c\u0103i de atac, conform prevederilor legale. Ca dovezi, este posibil s\u0103 folosim avatarul dvs., capturi de ecran ale sistemului, adresa IP, loca\u021bia, datele browserului \u0219i ale sistemului de operare.<\/p>\n<p>\u00cen cazul unor discrepan\u021be lingvistice, versiunea \u00een limba englez\u0103 prevaleaz\u0103.<\/p>\n<p>Titlurile clauzelor sunt doar pentru comoditate.<\/p>\n<h2>Contact<\/h2>\n<p>Pentru raport\u0103ri de \u00eenc\u0103lc\u0103ri, trimite\u021bi mesaje c\u0103tre <a href=\"mailto:support@camround.com\">support@camround.com<\/a> pentru un r\u0103spuns imediat. Pentru alte aspecte legate de ace\u0219ti Termeni sau de CamRound.com, contacta\u021bi <a href=\"mailto:support@camround.com\">support@camround.com<\/a>.<\/p>","protected":false},"excerpt":{"rendered":"<p>This document (&#8220;Terms of Service&#8221;, &#8220;Terms&#8221;, &#8220;User Agreement&#8221;, or &#8220;Agreement&#8221;) constitutes a legally binding agreement between users (&#8220;you,&#8221; &#8220;your,&#8221; &#8220;User,&#8221; &#8220;Visitor&#8221;), whether individuals, businesses, or organizations, and CamRound.com, (also referred to as &#8220;CamRound,&#8221; &#8220;Company,&#8221; &#8220;Website,&#8221; or &#8220;Site&#8221;). References to &#8220;we,&#8221; &#8220;us,&#8221; or &#8220;our&#8221; refer to CamRound.com. Affiliate and Third-Party Disclaimer CamRound.com is a review and [&hellip;]<\/p>\n","protected":false},"author":1,"featured_media":0,"parent":0,"menu_order":0,"comment_status":"closed","ping_status":"closed","template":"","meta":{"footnotes":""},"class_list":["post-1229","page","type-page","status-publish","hentry"],"yoast_head":"<!-- This site is optimized with the Yoast SEO plugin v27.3 - https:\/\/yoast.com\/product\/yoast-seo-wordpress\/ -->\n<title>Terms &amp; Conditions - CamRound.com<\/title>\n<meta name=\"robots\" content=\"index, follow, max-snippet:-1, max-image-preview:large, max-video-preview:-1\" \/>\n<link rel=\"canonical\" href=\"https:\/\/camround.com\/ro\/terms-conditions\/\" \/>\n<meta property=\"og:locale\" content=\"ro_RO\" \/>\n<meta property=\"og:type\" content=\"article\" \/>\n<meta property=\"og:title\" content=\"Terms &amp; Conditions - CamRound.com\" \/>\n<meta property=\"og:description\" content=\"This document (&#8220;Terms of Service&#8221;, &#8220;Terms&#8221;, &#8220;User Agreement&#8221;, or &#8220;Agreement&#8221;) constitutes a legally binding agreement between users (&#8220;you,&#8221; &#8220;your,&#8221; &#8220;User,&#8221; &#8220;Visitor&#8221;), whether individuals, businesses, or organizations, and CamRound.com, (also referred to as &#8220;CamRound,&#8221; &#8220;Company,&#8221; &#8220;Website,&#8221; or &#8220;Site&#8221;). References to &#8220;we,&#8221; &#8220;us,&#8221; or &#8220;our&#8221; refer to CamRound.com. Affiliate and Third-Party Disclaimer CamRound.com is a review and [&hellip;]\" \/>\n<meta property=\"og:url\" content=\"https:\/\/camround.com\/ro\/terms-conditions\/\" \/>\n<meta property=\"og:site_name\" content=\"CamRound.com\" \/>\n<meta name=\"twitter:card\" content=\"summary_large_image\" \/>\n<meta name=\"twitter:label1\" content=\"Timp estimat pentru citire\" \/>\n\t<meta name=\"twitter:data1\" content=\"5 minute\" \/>\n<script type=\"application\/ld+json\" class=\"yoast-schema-graph\">{\"@context\":\"https:\\\/\\\/schema.org\",\"@graph\":[{\"@type\":\"WebPage\",\"@id\":\"https:\\\/\\\/camround.com\\\/terms-conditions\\\/\",\"url\":\"https:\\\/\\\/camround.com\\\/terms-conditions\\\/\",\"name\":\"Terms & Conditions - CamRound.com\",\"isPartOf\":{\"@id\":\"https:\\\/\\\/camround.com\\\/#website\"},\"datePublished\":\"2025-08-06T09:09:04+00:00\",\"breadcrumb\":{\"@id\":\"https:\\\/\\\/camround.com\\\/terms-conditions\\\/#breadcrumb\"},\"inLanguage\":\"ro-RO\",\"potentialAction\":[{\"@type\":\"ReadAction\",\"target\":[\"https:\\\/\\\/camround.com\\\/terms-conditions\\\/\"]}]},{\"@type\":\"BreadcrumbList\",\"@id\":\"https:\\\/\\\/camround.com\\\/terms-conditions\\\/#breadcrumb\",\"itemListElement\":[{\"@type\":\"ListItem\",\"position\":1,\"name\":\"Home\",\"item\":\"https:\\\/\\\/camround.com\\\/\"},{\"@type\":\"ListItem\",\"position\":2,\"name\":\"Terms &#038; Conditions\"}]},{\"@type\":\"WebSite\",\"@id\":\"https:\\\/\\\/camround.com\\\/#website\",\"url\":\"https:\\\/\\\/camround.com\\\/\",\"name\":\"CamRound\",\"description\":\"Random Video Chat\",\"publisher\":{\"@id\":\"https:\\\/\\\/camround.com\\\/#organization\"},\"inLanguage\":\"ro-RO\"},{\"@type\":\"Organization\",\"@id\":\"https:\\\/\\\/camround.com\\\/#organization\",\"name\":\"CamRound\",\"url\":\"https:\\\/\\\/camround.com\\\/\",\"logo\":{\"@type\":\"ImageObject\",\"inLanguage\":\"ro-RO\",\"@id\":\"https:\\\/\\\/camround.com\\\/#\\\/schema\\\/logo\\\/image\\\/\",\"url\":\"https:\\\/\\\/camround.com\\\/wp-content\\\/uploads\\\/2021\\\/12\\\/C-Icon_1Color.png\",\"contentUrl\":\"https:\\\/\\\/camround.com\\\/wp-content\\\/uploads\\\/2021\\\/12\\\/C-Icon_1Color.png\",\"width\":1192,\"height\":1216,\"caption\":\"CamRound\"},\"image\":{\"@id\":\"https:\\\/\\\/camround.com\\\/#\\\/schema\\\/logo\\\/image\\\/\"}}]}<\/script>\n<!-- \/ Yoast SEO plugin. -->","yoast_head_json":{"title":"Termeni \u0219i condi\u021bii - CamRound.com","robots":{"index":"index","follow":"follow","max-snippet":"max-snippet:-1","max-image-preview":"max-image-preview:large","max-video-preview":"max-video-preview:-1"},"canonical":"https:\/\/camround.com\/ro\/terms-conditions\/","og_locale":"ro_RO","og_type":"article","og_title":"Terms & Conditions - CamRound.com","og_description":"This document (&#8220;Terms of Service&#8221;, &#8220;Terms&#8221;, &#8220;User Agreement&#8221;, or &#8220;Agreement&#8221;) constitutes a legally binding agreement between users (&#8220;you,&#8221; &#8220;your,&#8221; &#8220;User,&#8221; &#8220;Visitor&#8221;), whether individuals, businesses, or organizations, and CamRound.com, (also referred to as &#8220;CamRound,&#8221; &#8220;Company,&#8221; &#8220;Website,&#8221; or &#8220;Site&#8221;). References to &#8220;we,&#8221; &#8220;us,&#8221; or &#8220;our&#8221; refer to CamRound.com. Affiliate and Third-Party Disclaimer CamRound.com is a review and [&hellip;]","og_url":"https:\/\/camround.com\/ro\/terms-conditions\/","og_site_name":"CamRound.com","twitter_card":"summary_large_image","twitter_misc":{"Timp estimat pentru citire":"5 minute"},"schema":{"@context":"https:\/\/schema.org","@graph":[{"@type":"WebPage","@id":"https:\/\/camround.com\/terms-conditions\/","url":"https:\/\/camround.com\/terms-conditions\/","name":"Termeni \u0219i condi\u021bii - CamRound.com","isPartOf":{"@id":"https:\/\/camround.com\/#website"},"datePublished":"2025-08-06T09:09:04+00:00","breadcrumb":{"@id":"https:\/\/camround.com\/terms-conditions\/#breadcrumb"},"inLanguage":"ro-RO","potentialAction":[{"@type":"ReadAction","target":["https:\/\/camround.com\/terms-conditions\/"]}]},{"@type":"BreadcrumbList","@id":"https:\/\/camround.com\/terms-conditions\/#breadcrumb","itemListElement":[{"@type":"ListItem","position":1,"name":"Home","item":"https:\/\/camround.com\/"},{"@type":"ListItem","position":2,"name":"Terms &#038; Conditions"}]},{"@type":"WebSite","@id":"https:\/\/camround.com\/#website","url":"https:\/\/camround.com\/","name":"CamRound","description":"Chat video aleatoriu","publisher":{"@id":"https:\/\/camround.com\/#organization"},"inLanguage":"ro-RO"},{"@type":"Organization","@id":"https:\/\/camround.com\/#organization","name":"CamRound","url":"https:\/\/camround.com\/","logo":{"@type":"ImageObject","inLanguage":"ro-RO","@id":"https:\/\/camround.com\/#\/schema\/logo\/image\/","url":"https:\/\/camround.com\/wp-content\/uploads\/2021\/12\/C-Icon_1Color.png","contentUrl":"https:\/\/camround.com\/wp-content\/uploads\/2021\/12\/C-Icon_1Color.png","width":1192,"height":1216,"caption":"CamRound"},"image":{"@id":"https:\/\/camround.com\/#\/schema\/logo\/image\/"}}]}},"_links":{"self":[{"href":"https:\/\/camround.com\/ro\/wp-json\/wp\/v2\/pages\/1229","targetHints":{"allow":["GET"]}}],"collection":[{"href":"https:\/\/camround.com\/ro\/wp-json\/wp\/v2\/pages"}],"about":[{"href":"https:\/\/camround.com\/ro\/wp-json\/wp\/v2\/types\/page"}],"author":[{"embeddable":true,"href":"https:\/\/camround.com\/ro\/wp-json\/wp\/v2\/users\/1"}],"replies":[{"embeddable":true,"href":"https:\/\/camround.com\/ro\/wp-json\/wp\/v2\/comments?post=1229"}],"version-history":[{"count":1,"href":"https:\/\/camround.com\/ro\/wp-json\/wp\/v2\/pages\/1229\/revisions"}],"predecessor-version":[{"id":1230,"href":"https:\/\/camround.com\/ro\/wp-json\/wp\/v2\/pages\/1229\/revisions\/1230"}],"wp:attachment":[{"href":"https:\/\/camround.com\/ro\/wp-json\/wp\/v2\/media?parent=1229"}],"curies":[{"name":"wp","href":"https:\/\/api.w.org\/{rel}","templated":true}]}}