{"id":1231,"date":"2025-08-06T11:13:00","date_gmt":"2025-08-06T09:13:00","guid":{"rendered":"https:\/\/camround.com\/?page_id=1231"},"modified":"2025-08-06T12:26:29","modified_gmt":"2025-08-06T10:26:29","slug":"rules","status":"publish","type":"page","link":"https:\/\/camround.com\/ro\/rules\/","title":{"rendered":"Reguli"},"content":{"rendered":"<p>CamRound.com ofer\u0103 gratuit, <a href=\"https:\/\/camround.com\/ro\/anonymous-chat\/\">anonim<\/a> acces la o \u00eent\u00e2lnire individual\u0103 <a href=\"https:\/\/camround.com\/ro\/\">chat video aleatoriu<\/a> experien\u021b\u0103 \u2014 nu este necesar\u0103 \u00eenregistrarea. Misiunea noastr\u0103 este s\u0103 oferim un spa\u021biu sigur, captivant \u0219i respectuos, similar cu alte platforme precum <a href=\"https:\/\/camround.com\/ro\/omegle\/\">Omegle<\/a>, permi\u021b\u00e2nd utilizatorilor s\u0103 cunoasc\u0103 oameni noi online \u00een timp real.<\/p>\n<p>Pentru a asigura un mediu pozitiv pentru toat\u0103 lumea, solicit\u0103m tuturor utilizatorilor s\u0103 respecte regulile de mai jos. \u00cenc\u0103lcarea acestor reguli poate duce la suspendarea imediat\u0103 sau la eliminarea permanent\u0103 de pe CamRound.com.<\/p>\n<h2>Conduit\u0103 interzis\u0103 pe CamRound.com<\/h2>\n<p>Pentru a men\u021bine siguran\u021ba, respectul \u0219i conformitatea cu legea, urm\u0103toarele ac\u021biuni sunt strict interzise pe CamRound.com:<\/p>\n<ul>\n<li>Accesul minorilor: Trebuie s\u0103 ave\u021bi 18 ani sau mai mult pentru a utiliza CamRound.com. Accesul oric\u0103rei persoane sub 18 ani este strict interzis.<\/li>\n<li>Limbaj sau comportament neadecvat: Nu este permis limbajul sau comportamentul vulgar, explicit din punct de vedere sexual, violent sau tulbur\u0103tor. Aceast\u0103 platform\u0103 nu este destinat\u0103 con\u021binutului d\u0103un\u0103tor sau ofensator.<\/li>\n<li>Discriminare sau discurs instigator la ur\u0103: Degradarea, insultarea sau atacarea altor persoane pe motive de religie, ras\u0103, sex, orientare sexual\u0103, na\u021bionalitate sau v\u00e2rst\u0103 sunt strict interzise. Orice form\u0103 de discurs instigator la ur\u0103 sau comportament discriminatoriu nu va fi tolerat\u0103.<\/li>\n<li>H\u0103r\u021buire sau abuz: H\u0103r\u021buirea, intimidarea sau lipsa inten\u021bionat\u0103 de respect fa\u021b\u0103 de al\u021bi utilizatori sub orice form\u0103 - verbal\u0103, vizual\u0103 sau de alt\u0103 natur\u0103 - este strict interzis\u0103.<\/li>\n<li>Nuditate par\u021bial\u0103 f\u0103r\u0103 identificare: Ar\u0103tarea pieptului gol \u00een fa\u021ba camerei este permis\u0103 numai dac\u0103 fa\u021ba este clar vizibil\u0103 \u00een acela\u0219i timp, pentru a preveni expunerea indecent\u0103 anonim\u0103.<\/li>\n<li>Nuditate sau expunerea lenjeriei intime: Nu este permis\u0103 niciodat\u0103 apari\u021bia complet nud\u0103 sau doar \u00een lenjerie intim\u0103 \u00een fa\u021ba camerei.<\/li>\n<li>Comportament sexual explicit: Este strict interzis:\n<ul>\n<li>A solicita sau a presa alte persoane s\u0103 \u00eentreprind\u0103 activit\u0103\u021bi sexuale virtuale.<\/li>\n<li>Expune-\u021bi p\u0103r\u021bile intime \u00een fa\u021ba camerei.<\/li>\n<li>Atinge\u021bi sau simula\u021bi atingerea organelor genitale \u00een timp ce sunte\u021bi vizibili pe camer\u0103.<\/li>\n<li>\u00cendreapt\u0103 inten\u021bionat camera sub piept.<\/li>\n<\/ul>\n<\/li>\n<li>Con\u021binut promo\u021bional sau de redirec\u021bionare: Nu ave\u021bi dreptul s\u0103:\n<ul>\n<li>Afi\u0219a\u021bi text, imagini sau <a href=\"https:\/\/camround.com\/ro\/vidizzy\/\">video<\/a> \u00een scopul redirec\u021bion\u0103rii utilizatorilor c\u0103tre alte site-uri web sau platforme.<\/li>\n<li>Partajeaz\u0103 ecranul computerului, mesajele sau promo\u021biile.<\/li>\n<li>Utilizare <a href=\"https:\/\/camround.com\/ro\/ometv\/\">camer\u0103 web<\/a> emulatoare, dispozitive virtuale sau bucle video pentru a induce \u00een eroare sau a face reclam\u0103.<\/li>\n<li>Solicita\u021bi voturi, promova\u021bi linkuri sau vinde\u021bi produse\/servicii sub orice form\u0103.<\/li>\n<\/ul>\n<\/li>\n<li>Utilizare ilegal\u0103 sau exploatatoare: CamRound.com interzice strict orice utilizare a platformei pentru a se angaja \u00een, promova sau facilita:\n<ul>\n<li>Trafic sexual<\/li>\n<li>Traficul de persoane<\/li>\n<li>Prostitu\u0163ie<\/li>\n<li>Abuz fizic sau psihologic<\/li>\n<li>Orice activitate ilegal\u0103 sau exploatare a altora<\/li>\n<\/ul>\n<\/li>\n<\/ul>\n<h2>Raportarea \u00eenc\u0103lc\u0103rilor<\/h2>\n<p>Dac\u0103 \u00eent\u00e2lni\u021bi un utilizator care \u00eencalc\u0103 regulile, v\u0103 rug\u0103m s\u0103 raporta\u021bi incidentul imediat prin intermediul sistemului nostru de asisten\u021b\u0103.<\/p>\n<p>Pentru o ac\u021biune mai rapid\u0103 \u0219i mai eficient\u0103, include\u021bi o captur\u0103 de ecran a \u00eenc\u0103lc\u0103rii atunci c\u00e2nd trimite\u021bi raportul. Acest lucru ne ajut\u0103 s\u0103 examin\u0103m \u0219i s\u0103 abord\u0103m problemele cu precizie.<\/p>\n<h2>Aplicarea regulilor \u0219i interdic\u021biile utilizatorilor<\/h2>\n<p>CamRound.com aplic\u0103 o politic\u0103 de toleran\u021b\u0103 zero pentru \u00eenc\u0103lc\u0103rile regulilor. Utilizatorii care primesc mai multe reclama\u021bii pot fi bloca\u021bi automat de sistemul nostru.<\/p>\n<p>Trat\u0103m fiecare raportare cu seriozitate, dar interdic\u021biile permanente sunt emise numai dup\u0103 o analiz\u0103 atent\u0103. De\u0219i CamRound.com nu poate monitoriza fiecare interac\u021biune \u00een timp real, ne baz\u0103m pe comunitatea noastr\u0103 pentru a men\u021bine platforma \u00een siguran\u021b\u0103 \u0219i respect. Cooperarea dumneavoastr\u0103 \u00een raportarea \u00eenc\u0103lc\u0103rilor este esen\u021bial\u0103.<\/p>\n<p>\u00cempreun\u0103, putem construi o platform\u0103 sigur\u0103, spontan\u0103 \u0219i pl\u0103cut\u0103 pentru toat\u0103 lumea. V\u0103 mul\u021bumim c\u0103 ajuta\u021bi s\u0103 facem CamRound.com un loc mai bun. <a href=\"https:\/\/camround.com\/ro\/bazoocam\/\">a discuta<\/a>.<\/p>","protected":false},"excerpt":{"rendered":"<p>CamRound.com provides free, anonymous access to a one-on-one random video chat experience\u2014no registration required. Our mission is to offer a safe, engaging, and respectful space similar to other platforms like Omegle, allowing users to meet new people online in real time. To ensure a positive environment for everyone, we require all users to follow the [&hellip;]<\/p>\n","protected":false},"author":1,"featured_media":0,"parent":0,"menu_order":0,"comment_status":"closed","ping_status":"closed","template":"","meta":{"footnotes":""},"class_list":["post-1231","page","type-page","status-publish","hentry"],"yoast_head":"<!-- This site is optimized with the Yoast SEO plugin v27.4 - https:\/\/yoast.com\/product\/yoast-seo-wordpress\/ -->\n<title>Rules - CamRound.com<\/title>\n<meta name=\"robots\" content=\"index, follow, max-snippet:-1, max-image-preview:large, max-video-preview:-1\" \/>\n<link rel=\"canonical\" href=\"https:\/\/camround.com\/ro\/rules\/\" \/>\n<meta property=\"og:locale\" content=\"ro_RO\" \/>\n<meta property=\"og:type\" content=\"article\" \/>\n<meta property=\"og:title\" content=\"Rules - CamRound.com\" \/>\n<meta property=\"og:description\" content=\"CamRound.com provides free, anonymous access to a one-on-one random video chat experience\u2014no registration required. Our mission is to offer a safe, engaging, and respectful space similar to other platforms like Omegle, allowing users to meet new people online in real time. To ensure a positive environment for everyone, we require all users to follow the [&hellip;]\" \/>\n<meta property=\"og:url\" content=\"https:\/\/camround.com\/ro\/rules\/\" \/>\n<meta property=\"og:site_name\" content=\"CamRound.com\" \/>\n<meta property=\"article:modified_time\" content=\"2025-08-06T10:26:29+00:00\" \/>\n<meta name=\"twitter:card\" content=\"summary_large_image\" \/>\n<meta name=\"twitter:label1\" content=\"Timp estimat pentru citire\" \/>\n\t<meta name=\"twitter:data1\" content=\"3 minute\" \/>\n<script type=\"application\/ld+json\" class=\"yoast-schema-graph\">{\"@context\":\"https:\\\/\\\/schema.org\",\"@graph\":[{\"@type\":\"WebPage\",\"@id\":\"https:\\\/\\\/camround.com\\\/rules\\\/\",\"url\":\"https:\\\/\\\/camround.com\\\/rules\\\/\",\"name\":\"Rules - CamRound.com\",\"isPartOf\":{\"@id\":\"https:\\\/\\\/camround.com\\\/#website\"},\"datePublished\":\"2025-08-06T09:13:00+00:00\",\"dateModified\":\"2025-08-06T10:26:29+00:00\",\"breadcrumb\":{\"@id\":\"https:\\\/\\\/camround.com\\\/rules\\\/#breadcrumb\"},\"inLanguage\":\"ro-RO\",\"potentialAction\":[{\"@type\":\"ReadAction\",\"target\":[\"https:\\\/\\\/camround.com\\\/rules\\\/\"]}]},{\"@type\":\"BreadcrumbList\",\"@id\":\"https:\\\/\\\/camround.com\\\/rules\\\/#breadcrumb\",\"itemListElement\":[{\"@type\":\"ListItem\",\"position\":1,\"name\":\"Home\",\"item\":\"https:\\\/\\\/camround.com\\\/\"},{\"@type\":\"ListItem\",\"position\":2,\"name\":\"Rules\"}]},{\"@type\":\"WebSite\",\"@id\":\"https:\\\/\\\/camround.com\\\/#website\",\"url\":\"https:\\\/\\\/camround.com\\\/\",\"name\":\"CamRound\",\"description\":\"Random Video Chat\",\"publisher\":{\"@id\":\"https:\\\/\\\/camround.com\\\/#organization\"},\"inLanguage\":\"ro-RO\"},{\"@type\":\"Organization\",\"@id\":\"https:\\\/\\\/camround.com\\\/#organization\",\"name\":\"CamRound\",\"url\":\"https:\\\/\\\/camround.com\\\/\",\"logo\":{\"@type\":\"ImageObject\",\"inLanguage\":\"ro-RO\",\"@id\":\"https:\\\/\\\/camround.com\\\/#\\\/schema\\\/logo\\\/image\\\/\",\"url\":\"https:\\\/\\\/camround.com\\\/wp-content\\\/uploads\\\/2021\\\/12\\\/C-Icon_1Color.png\",\"contentUrl\":\"https:\\\/\\\/camround.com\\\/wp-content\\\/uploads\\\/2021\\\/12\\\/C-Icon_1Color.png\",\"width\":1192,\"height\":1216,\"caption\":\"CamRound\"},\"image\":{\"@id\":\"https:\\\/\\\/camround.com\\\/#\\\/schema\\\/logo\\\/image\\\/\"}}]}<\/script>\n<!-- \/ Yoast SEO plugin. -->","yoast_head_json":{"title":"Reguli - CamRound.com","robots":{"index":"index","follow":"follow","max-snippet":"max-snippet:-1","max-image-preview":"max-image-preview:large","max-video-preview":"max-video-preview:-1"},"canonical":"https:\/\/camround.com\/ro\/rules\/","og_locale":"ro_RO","og_type":"article","og_title":"Rules - CamRound.com","og_description":"CamRound.com provides free, anonymous access to a one-on-one random video chat experience\u2014no registration required. Our mission is to offer a safe, engaging, and respectful space similar to other platforms like Omegle, allowing users to meet new people online in real time. To ensure a positive environment for everyone, we require all users to follow the [&hellip;]","og_url":"https:\/\/camround.com\/ro\/rules\/","og_site_name":"CamRound.com","article_modified_time":"2025-08-06T10:26:29+00:00","twitter_card":"summary_large_image","twitter_misc":{"Timp estimat pentru citire":"3 minute"},"schema":{"@context":"https:\/\/schema.org","@graph":[{"@type":"WebPage","@id":"https:\/\/camround.com\/rules\/","url":"https:\/\/camround.com\/rules\/","name":"Reguli - CamRound.com","isPartOf":{"@id":"https:\/\/camround.com\/#website"},"datePublished":"2025-08-06T09:13:00+00:00","dateModified":"2025-08-06T10:26:29+00:00","breadcrumb":{"@id":"https:\/\/camround.com\/rules\/#breadcrumb"},"inLanguage":"ro-RO","potentialAction":[{"@type":"ReadAction","target":["https:\/\/camround.com\/rules\/"]}]},{"@type":"BreadcrumbList","@id":"https:\/\/camround.com\/rules\/#breadcrumb","itemListElement":[{"@type":"ListItem","position":1,"name":"Home","item":"https:\/\/camround.com\/"},{"@type":"ListItem","position":2,"name":"Rules"}]},{"@type":"WebSite","@id":"https:\/\/camround.com\/#website","url":"https:\/\/camround.com\/","name":"CamRound","description":"Chat video aleatoriu","publisher":{"@id":"https:\/\/camround.com\/#organization"},"inLanguage":"ro-RO"},{"@type":"Organization","@id":"https:\/\/camround.com\/#organization","name":"CamRound","url":"https:\/\/camround.com\/","logo":{"@type":"ImageObject","inLanguage":"ro-RO","@id":"https:\/\/camround.com\/#\/schema\/logo\/image\/","url":"https:\/\/camround.com\/wp-content\/uploads\/2021\/12\/C-Icon_1Color.png","contentUrl":"https:\/\/camround.com\/wp-content\/uploads\/2021\/12\/C-Icon_1Color.png","width":1192,"height":1216,"caption":"CamRound"},"image":{"@id":"https:\/\/camround.com\/#\/schema\/logo\/image\/"}}]}},"_links":{"self":[{"href":"https:\/\/camround.com\/ro\/wp-json\/wp\/v2\/pages\/1231","targetHints":{"allow":["GET"]}}],"collection":[{"href":"https:\/\/camround.com\/ro\/wp-json\/wp\/v2\/pages"}],"about":[{"href":"https:\/\/camround.com\/ro\/wp-json\/wp\/v2\/types\/page"}],"author":[{"embeddable":true,"href":"https:\/\/camround.com\/ro\/wp-json\/wp\/v2\/users\/1"}],"replies":[{"embeddable":true,"href":"https:\/\/camround.com\/ro\/wp-json\/wp\/v2\/comments?post=1231"}],"version-history":[{"count":1,"href":"https:\/\/camround.com\/ro\/wp-json\/wp\/v2\/pages\/1231\/revisions"}],"predecessor-version":[{"id":1233,"href":"https:\/\/camround.com\/ro\/wp-json\/wp\/v2\/pages\/1231\/revisions\/1233"}],"wp:attachment":[{"href":"https:\/\/camround.com\/ro\/wp-json\/wp\/v2\/media?parent=1231"}],"curies":[{"name":"wp","href":"https:\/\/api.w.org\/{rel}","templated":true}]}}