{"id":1221,"date":"2025-08-06T10:58:49","date_gmt":"2025-08-06T08:58:49","guid":{"rendered":"https:\/\/camround.com\/?page_id=1221"},"modified":"2025-08-06T10:58:49","modified_gmt":"2025-08-06T08:58:49","slug":"2257-compliance-statement","status":"publish","type":"page","link":"https:\/\/camround.com\/sv\/2257-compliance-statement\/","title":{"rendered":"2257 Efterlevnadsf\u00f6rklaring"},"content":{"rendered":"<h2>\u00c5ldersverifiering och juridisk efterlevnad<\/h2>\n<p>I enlighet med amerikansk lag 18 USC Section 2257 (Child Protection and Obscenity Enforcement Act of 1988) och till\u00e4mplig internationell lag, alla individer och modeller som visas p\u00e5 plattformar eller tj\u00e4nster som l\u00e4nkas till, recenseras eller refereras till av <a href=\"https:\/\/camround.com\/sv\/\">CamRound<\/a>.com \u00e4r, s\u00e5vitt vi vet, minst 18 \u00e5r gamla.<\/p>\n<h2>Affiliate-relation<\/h2>\n<p>CamRound.com \u00e4ger, driver eller kontrollerar inte n\u00e5gon <a href=\"https:\/\/camround.com\/sv\/ometv\/\">webbkamera<\/a>, <a href=\"https:\/\/camround.com\/sv\/coomeet\/\">videochatt<\/a>, eller <a href=\"https:\/\/camround.com\/sv\/ftf-live\/\">bo<\/a> streamingplattformar eller tj\u00e4nster som n\u00e4mns, visas eller l\u00e4nkas p\u00e5 denna webbplats. CamRound.com fungerar uteslutande som en affiliate- och recensionswebbplats. Vi anst\u00e4ller, kontrakterar, hanterar eller organiserar inte n\u00e5gra projekt, f\u00f6rest\u00e4llningar eller aktiviteter som involverar modeller eller artister. Fullst\u00e4ndig efterlevnad av 18 USC avsnitt 2257 \u2013 inklusive dokumentation, \u00e5ldersverifiering och registerh\u00e5llning \u2013 \u00e4r ensamt ansvaret f\u00f6r v\u00e5ra affiliate-partners och operat\u00f6rerna av tredjepartstj\u00e4nster.<\/p>\n<h2>Inneh\u00e5ll fr\u00e5n tredje part<\/h2>\n<p>CamRound.com skapar, \u00e4r v\u00e4rd f\u00f6r eller hanterar inte n\u00e5got anv\u00e4ndargenererat eller modellproducerat inneh\u00e5ll som visas p\u00e5 externa plattformar som l\u00e4nkas fr\u00e5n v\u00e5r webbplats. Allt s\u00e5dant inneh\u00e5ll \u2013 inklusive anv\u00e4ndaruppladdningar, livestreams och modellframtr\u00e4danden \u2013 hanteras och kontrolleras enbart av respektive tredjepartsplattformsoperat\u00f6rer, inte av CamRound.com.<\/p>\n<p>V\u00e5r roll \u00e4r begr\u00e4nsad till att granska, rekommendera och tillhandah\u00e5lla affiliate-l\u00e4nkar till tredjepartstj\u00e4nster. Alla anv\u00e4ndare som v\u00e4ljer att registrera sig f\u00f6r eller anv\u00e4nda tj\u00e4nster via l\u00e4nkar som tillhandah\u00e5lls p\u00e5 CamRound.com g\u00f6r det direkt med relevant tredjepartsplattform, utan inblandning eller deltagande av CamRound.com eller dess personal.<\/p>\n<h2>Inneh\u00e5llsmoderering och standarder<\/h2>\n<p>CamRound.com varken st\u00f6der eller st\u00f6der skapandet eller distributionen av obscent, oanst\u00e4ndigt eller \u00e4rekr\u00e4nkande material. Vi f\u00f6rbeh\u00e5ller oss r\u00e4tten att ta bort l\u00e4nkar eller referenser till externt inneh\u00e5ll som vi, efter eget gottfinnande, anser bryta mot v\u00e5ra standarder.<\/p>\n<h2>Inneh\u00e5ll producerat av CamRound.com<\/h2>\n<p>Allt material som skapats eller publicerats direkt av CamRound.com eller dess representanter \u00e4r inte av erotisk eller pornografiskt karakt\u00e4r och omfattas inte av kraven i 18 USC Section 2257.<\/p>\n<h2>Dokumentlagring och efterlevnad<\/h2>\n<p>All dokumentation och alla register som kr\u00e4vs enligt 18 USC Section 2257 uppr\u00e4tth\u00e5lls av v\u00e5ra anslutna partners och operat\u00f6rerna av alla tredjepartsplattformar som vi tillhandah\u00e5ller l\u00e4nkar till. CamRound.com samlar inte in, lagrar eller uppr\u00e4tth\u00e5ller n\u00e5gra register \u00f6ver efterlevnad av 2257, eftersom vi inte producerar, \u00e4r v\u00e4rd f\u00f6r eller driver inneh\u00e5ll som kr\u00e4ver s\u00e5dan efterlevnad.<\/p>\n<p>F\u00f6r eventuella fr\u00e5gor eller funderingar g\u00e4llande \u00e5ldersverifiering eller 2257-efterlevnad, v\u00e4nligen kontakta relevant tredjepartsplattformsoperat\u00f6r direkt.<\/p>","protected":false},"excerpt":{"rendered":"<p>Age Verification and Legal Compliance In accordance with United States law 18 U.S.C. Section 2257 (Child Protection and Obscenity Enforcement Act of 1988) and applicable international laws, all individuals and models featured on any platforms or services linked to, reviewed, or referenced by CamRound.com are, to the best of our knowledge, at least 18 years [&hellip;]<\/p>\n","protected":false},"author":1,"featured_media":0,"parent":0,"menu_order":0,"comment_status":"closed","ping_status":"closed","template":"","meta":{"footnotes":""},"class_list":["post-1221","page","type-page","status-publish","hentry"],"yoast_head":"<!-- This site is optimized with the Yoast SEO plugin v27.3 - https:\/\/yoast.com\/product\/yoast-seo-wordpress\/ -->\n<title>2257 Compliance Statement - CamRound.com<\/title>\n<meta name=\"robots\" content=\"index, follow, max-snippet:-1, max-image-preview:large, max-video-preview:-1\" \/>\n<link rel=\"canonical\" href=\"https:\/\/camround.com\/sv\/2257-compliance-statement\/\" \/>\n<meta property=\"og:locale\" content=\"sv_SE\" \/>\n<meta property=\"og:type\" content=\"article\" \/>\n<meta property=\"og:title\" content=\"2257 Compliance Statement - CamRound.com\" \/>\n<meta property=\"og:description\" content=\"Age Verification and Legal Compliance In accordance with United States law 18 U.S.C. Section 2257 (Child Protection and Obscenity Enforcement Act of 1988) and applicable international laws, all individuals and models featured on any platforms or services linked to, reviewed, or referenced by CamRound.com are, to the best of our knowledge, at least 18 years [&hellip;]\" \/>\n<meta property=\"og:url\" content=\"https:\/\/camround.com\/sv\/2257-compliance-statement\/\" \/>\n<meta property=\"og:site_name\" content=\"CamRound.com\" \/>\n<meta name=\"twitter:card\" content=\"summary_large_image\" \/>\n<meta name=\"twitter:label1\" content=\"Ber\u00e4knad l\u00e4stid\" \/>\n\t<meta name=\"twitter:data1\" content=\"2 minuter\" \/>\n<script type=\"application\/ld+json\" class=\"yoast-schema-graph\">{\"@context\":\"https:\\\/\\\/schema.org\",\"@graph\":[{\"@type\":\"WebPage\",\"@id\":\"https:\\\/\\\/camround.com\\\/2257-compliance-statement\\\/\",\"url\":\"https:\\\/\\\/camround.com\\\/2257-compliance-statement\\\/\",\"name\":\"2257 Compliance Statement - CamRound.com\",\"isPartOf\":{\"@id\":\"https:\\\/\\\/camround.com\\\/#website\"},\"datePublished\":\"2025-08-06T08:58:49+00:00\",\"breadcrumb\":{\"@id\":\"https:\\\/\\\/camround.com\\\/2257-compliance-statement\\\/#breadcrumb\"},\"inLanguage\":\"sv-SE\",\"potentialAction\":[{\"@type\":\"ReadAction\",\"target\":[\"https:\\\/\\\/camround.com\\\/2257-compliance-statement\\\/\"]}]},{\"@type\":\"BreadcrumbList\",\"@id\":\"https:\\\/\\\/camround.com\\\/2257-compliance-statement\\\/#breadcrumb\",\"itemListElement\":[{\"@type\":\"ListItem\",\"position\":1,\"name\":\"Home\",\"item\":\"https:\\\/\\\/camround.com\\\/\"},{\"@type\":\"ListItem\",\"position\":2,\"name\":\"2257 Compliance Statement\"}]},{\"@type\":\"WebSite\",\"@id\":\"https:\\\/\\\/camround.com\\\/#website\",\"url\":\"https:\\\/\\\/camround.com\\\/\",\"name\":\"CamRound\",\"description\":\"Random Video Chat\",\"publisher\":{\"@id\":\"https:\\\/\\\/camround.com\\\/#organization\"},\"inLanguage\":\"sv-SE\"},{\"@type\":\"Organization\",\"@id\":\"https:\\\/\\\/camround.com\\\/#organization\",\"name\":\"CamRound\",\"url\":\"https:\\\/\\\/camround.com\\\/\",\"logo\":{\"@type\":\"ImageObject\",\"inLanguage\":\"sv-SE\",\"@id\":\"https:\\\/\\\/camround.com\\\/#\\\/schema\\\/logo\\\/image\\\/\",\"url\":\"https:\\\/\\\/camround.com\\\/wp-content\\\/uploads\\\/2021\\\/12\\\/C-Icon_1Color.png\",\"contentUrl\":\"https:\\\/\\\/camround.com\\\/wp-content\\\/uploads\\\/2021\\\/12\\\/C-Icon_1Color.png\",\"width\":1192,\"height\":1216,\"caption\":\"CamRound\"},\"image\":{\"@id\":\"https:\\\/\\\/camround.com\\\/#\\\/schema\\\/logo\\\/image\\\/\"}}]}<\/script>\n<!-- \/ Yoast SEO plugin. -->","yoast_head_json":{"title":"2257 Efterlevnadsf\u00f6rklaring - CamRound.com","robots":{"index":"index","follow":"follow","max-snippet":"max-snippet:-1","max-image-preview":"max-image-preview:large","max-video-preview":"max-video-preview:-1"},"canonical":"https:\/\/camround.com\/sv\/2257-compliance-statement\/","og_locale":"sv_SE","og_type":"article","og_title":"2257 Compliance Statement - CamRound.com","og_description":"Age Verification and Legal Compliance In accordance with United States law 18 U.S.C. Section 2257 (Child Protection and Obscenity Enforcement Act of 1988) and applicable international laws, all individuals and models featured on any platforms or services linked to, reviewed, or referenced by CamRound.com are, to the best of our knowledge, at least 18 years [&hellip;]","og_url":"https:\/\/camround.com\/sv\/2257-compliance-statement\/","og_site_name":"CamRound.com","twitter_card":"summary_large_image","twitter_misc":{"Ber\u00e4knad l\u00e4stid":"2 minuter"},"schema":{"@context":"https:\/\/schema.org","@graph":[{"@type":"WebPage","@id":"https:\/\/camround.com\/2257-compliance-statement\/","url":"https:\/\/camround.com\/2257-compliance-statement\/","name":"2257 Efterlevnadsf\u00f6rklaring - CamRound.com","isPartOf":{"@id":"https:\/\/camround.com\/#website"},"datePublished":"2025-08-06T08:58:49+00:00","breadcrumb":{"@id":"https:\/\/camround.com\/2257-compliance-statement\/#breadcrumb"},"inLanguage":"sv-SE","potentialAction":[{"@type":"ReadAction","target":["https:\/\/camround.com\/2257-compliance-statement\/"]}]},{"@type":"BreadcrumbList","@id":"https:\/\/camround.com\/2257-compliance-statement\/#breadcrumb","itemListElement":[{"@type":"ListItem","position":1,"name":"Home","item":"https:\/\/camround.com\/"},{"@type":"ListItem","position":2,"name":"2257 Compliance Statement"}]},{"@type":"WebSite","@id":"https:\/\/camround.com\/#website","url":"https:\/\/camround.com\/","name":"CamRound","description":"Slumpm\u00e4ssig videochatt","publisher":{"@id":"https:\/\/camround.com\/#organization"},"inLanguage":"sv-SE"},{"@type":"Organization","@id":"https:\/\/camround.com\/#organization","name":"CamRound","url":"https:\/\/camround.com\/","logo":{"@type":"ImageObject","inLanguage":"sv-SE","@id":"https:\/\/camround.com\/#\/schema\/logo\/image\/","url":"https:\/\/camround.com\/wp-content\/uploads\/2021\/12\/C-Icon_1Color.png","contentUrl":"https:\/\/camround.com\/wp-content\/uploads\/2021\/12\/C-Icon_1Color.png","width":1192,"height":1216,"caption":"CamRound"},"image":{"@id":"https:\/\/camround.com\/#\/schema\/logo\/image\/"}}]}},"_links":{"self":[{"href":"https:\/\/camround.com\/sv\/wp-json\/wp\/v2\/pages\/1221","targetHints":{"allow":["GET"]}}],"collection":[{"href":"https:\/\/camround.com\/sv\/wp-json\/wp\/v2\/pages"}],"about":[{"href":"https:\/\/camround.com\/sv\/wp-json\/wp\/v2\/types\/page"}],"author":[{"embeddable":true,"href":"https:\/\/camround.com\/sv\/wp-json\/wp\/v2\/users\/1"}],"replies":[{"embeddable":true,"href":"https:\/\/camround.com\/sv\/wp-json\/wp\/v2\/comments?post=1221"}],"version-history":[{"count":1,"href":"https:\/\/camround.com\/sv\/wp-json\/wp\/v2\/pages\/1221\/revisions"}],"predecessor-version":[{"id":1222,"href":"https:\/\/camround.com\/sv\/wp-json\/wp\/v2\/pages\/1221\/revisions\/1222"}],"wp:attachment":[{"href":"https:\/\/camround.com\/sv\/wp-json\/wp\/v2\/media?parent=1221"}],"curies":[{"name":"wp","href":"https:\/\/api.w.org\/{rel}","templated":true}]}}