{"id":1225,"date":"2025-08-06T11:04:00","date_gmt":"2025-08-06T09:04:00","guid":{"rendered":"https:\/\/camround.com\/?page_id=1225"},"modified":"2025-08-06T11:04:00","modified_gmt":"2025-08-06T09:04:00","slug":"privacy-policy","status":"publish","type":"page","link":"https:\/\/camround.com\/sv\/privacy-policy\/","title":{"rendered":"Integritetspolicy"},"content":{"rendered":"<p>Vi \u00e4r fast beslutna att skydda v\u00e5ra tj\u00e4nsteanv\u00e4ndares integritet. Denna policy g\u00e4ller d\u00e4r vi agerar som personuppgiftsansvariga avseende v\u00e5ra anv\u00e4ndares personuppgifter \u2013 det vill s\u00e4ga d\u00e4r vi fastst\u00e4ller syftena och medlen f\u00f6r behandling av personuppgifter. Genom att anv\u00e4nda <a href=\"https:\/\/camround.com\/sv\/\">CamRound<\/a>.com, samtycker du till insamling, behandling och \u00f6verf\u00f6ring av personuppgifter enligt beskrivningen i denna policy.<\/p>\n<h2>Ansluten upplysning<\/h2>\n<p>CamRound.com fungerar som en webbplats f\u00f6r recensioner och affiliate-tj\u00e4nster. Vi \u00e4ger eller driver inte de plattformar, verktyg eller tj\u00e4nster som recenseras eller refereras till h\u00e4r. Ist\u00e4llet kan vi tj\u00e4na provisioner eller avgifter n\u00e4r anv\u00e4ndare klickar p\u00e5 affiliate-l\u00e4nkar eller registrerar sig f\u00f6r tredjepartstj\u00e4nster via v\u00e5ra rekommendationer. Observera att din anv\u00e4ndning av tredjepartsplattformar omfattas av deras integritetspolicyer och villkor. Vi ansvarar inte f\u00f6r integritetspraxis eller inneh\u00e5ll p\u00e5 externa webbplatser eller tj\u00e4nster som l\u00e4nkas fr\u00e5n CamRound.com.<\/p>\n<h2>Hur vi anv\u00e4nder dina personuppgifter<\/h2>\n<p>Vi kan komma att behandla f\u00f6ljande kategorier av personuppgifter:<\/p>\n<p>Profildata: Detta kan inkludera ditt namn, \u00e5lder, information som du godk\u00e4nner att vi samlar in fr\u00e5n sociala profiler, e-postadress och profilbild. Om du anv\u00e4nder sociala medier (t.ex. Facebook-inloggning) kan vi beg\u00e4ra \u00e5tkomst till ditt f\u00f6rnamn, efternamn, k\u00f6n, \u00e5lder, e-postadress, plats, spr\u00e5k, tidszon och foton f\u00f6r smidig registrering. Vi beg\u00e4r inte \u00e5tkomst till annan Facebook-data. <a href=\"https:\/\/www.facebook.com\/about\/privacy\">Facebooks integritetspolicy finns tillg\u00e4nglig h\u00e4r.<\/a><\/p>\n<p>Anv\u00e4ndningsdata: Detta inkluderar din IP-adress, geografiska plats (endast land och delstat), webbl\u00e4sartyp\/version, operativsystem, h\u00e4nvisningsk\u00e4lla, tid p\u00e5 webbplatsen, sidvisningar, navigeringsv\u00e4gar och anv\u00e4ndningsm\u00f6nster, insamlade via analysverktyg. Denna data hj\u00e4lper oss att analysera, \u00f6vervaka och f\u00f6rb\u00e4ttra v\u00e5r tj\u00e4nst.<\/p>\n<p>F\u00f6rfr\u00e5gningsdata: Information som du l\u00e4mnar n\u00e4r du kontaktar oss om v\u00e5ra tj\u00e4nster, behandlas f\u00f6r marknadsf\u00f6rings- och support\u00e4ndam\u00e5l.<\/p>\n<p>Kundrelationsdata: Inkluderar ditt namn, kontaktuppgifter och kommunikationshistorik, som anv\u00e4nds f\u00f6r att hantera relationer och kommunicera med kunder.<\/p>\n<p>Aviseringsdata: Information som du l\u00e4mnar f\u00f6r att prenumerera p\u00e5 e-postmeddelanden eller nyhetsbrev.<\/p>\n<p>Korrespondensdata: Inkluderar kommunikationsinneh\u00e5ll och metadata (t.ex. via kontaktformul\u00e4r), som anv\u00e4nds f\u00f6r kommunikation och registerh\u00e5llning.<\/p>\n<p>Klientdata: Information om din klientapplikation (webbl\u00e4sare eller mobilapp), s\u00e5som IP-adress, webbl\u00e4sartyp, operativsystem, enhetstillverkare och serienummer\/modellnummer.<\/p>\n<p>Meddelandedata: Information som skickas via meddelanden p\u00e5 v\u00e5r tj\u00e4nst, behandlas f\u00f6r \u00f6verf\u00f6ring och tj\u00e4nsteadministration.<\/p>\n<p>Kommunikationsdata: Detaljer om din kommunikation med andra anv\u00e4ndare (inte inneh\u00e5ll), s\u00e5som sessionstid och deltagare.<\/p>\n<p>Avst\u00e4ngningsdata: Information relevant f\u00f6r anv\u00e4ndaravst\u00e4ngningar, s\u00e5som anv\u00e4ndnings-\/klientdata, och, om n\u00f6dv\u00e4ndigt, en bildruta som tagits som en del av avst\u00e4ngningsprocessen (t.ex. som svar p\u00e5 klagom\u00e5l eller uppt\u00e4ckt beteende).<\/p>\n<p>Klagom\u00e5lsdata: Information som mottagits som en del av anv\u00e4ndarklagom\u00e5l, vilket kan inkludera en <a href=\"https:\/\/camround.com\/sv\/vidizzy\/\">video<\/a> rambild.<\/p>\n<p>Transaktionsdata: Inkluderar kontaktuppgifter, betalningsuppgifter och transaktionsinformation som anv\u00e4nds f\u00f6r att leverera k\u00f6pta varor\/tj\u00e4nster och f\u00f6ra register.<\/p>\n<p>Loggdata: Samlas in automatiskt, inkluderar IP, webbl\u00e4sare, bes\u00f6kta sidor, tid\/datum och tid som spenderats p\u00e5 sidor. Dessa uppgifter \u00e4r inte personligt identifierbara och anv\u00e4nds f\u00f6r analys och tj\u00e4nsteadministration.<\/p>\n<p>Juridiska uppgifter, f\u00f6rs\u00e4kringsuppgifter och riskuppgifter: Vi kan komma att behandla dina personuppgifter f\u00f6r r\u00e4ttsliga anspr\u00e5k, efterlevnad, f\u00f6rs\u00e4kringsskydd, riskhantering eller professionell r\u00e5dgivning, vid behov.<\/p>\n<p>V\u00e4nligen l\u00e4mna inte ut n\u00e5gon annans personuppgifter till oss om du inte beg\u00e4r det.<\/p>\n<h2>Dela dina personuppgifter<\/h2>\n<p>Vi kan komma att l\u00e4mna ut dina uppgifter till:<\/p>\n<ul>\n<li>F\u00f6rs\u00e4kringsbolag och professionella r\u00e5dgivare f\u00f6r f\u00f6rs\u00e4krings-, juridiska eller riskrelaterade \u00e4ndam\u00e5l.<\/li>\n<li>Betalningsleverant\u00f6rer (t.ex. Segpay, Stripe, PayPal, Apple, Google, Interkassa, SecurionPay, SMSBILL, VK) f\u00f6r att underl\u00e4tta betalningar eller \u00e5terbetalningar.<\/li>\n<li>Myndigheter i den utstr\u00e4ckning som kr\u00e4vs enligt lag eller f\u00f6r att skydda vitala intressen eller juridiska r\u00e4ttigheter.<\/li>\n<\/ul>\n<p>Peer-to-peer-funktioner kan kr\u00e4va att du delar din IP-adress av tekniska sk\u00e4l; detta visas inte i gr\u00e4nssnittet.<\/p>\n<h2>Internationella \u00f6verf\u00f6ringar<\/h2>\n<p>V\u00e5ra webbhotell finns i Tyskland och USA. Anv\u00e4ndardata kan komma att \u00f6verf\u00f6ras och lagras i dessa jurisdiktioner. Du ansvarar f\u00f6r att f\u00f6rst\u00e5 sekretesslagarna i din region.<\/p>\n<p>Personuppgifter som l\u00e4mnas in f\u00f6r publicering kan vara tillg\u00e4ngliga globalt via internet, och vi kan inte f\u00f6rhindra att de anv\u00e4nds eller missbrukas av andra.<\/p>\n<h2>Datalagring och radering<\/h2>\n<ul>\n<li>Vi sparar profildata s\u00e5 l\u00e4nge ditt konto \u00e4r aktivt eller vid behov f\u00f6r \u00e4ndam\u00e5len i denna policy.<\/li>\n<li>Vi lagrar inte meddelandeloggar, f\u00f6rutom meddelanden som lagras i avst\u00e4ngningsdata relaterade till ol\u00e4mpligt beteende.<\/li>\n<li>Avst\u00e4ngningsdata sparas vid behov f\u00f6r teknisk till\u00e4mpning och tas bort efter utg\u00e5ngsdatum.<\/li>\n<li>Kommunikationsdata (vem\/n\u00e4r du kommunicerade) lagras inte.<\/li>\n<li>Vi kan komma att lagra vissa uppgifter i den m\u00e5n lagen kr\u00e4ver det.<\/li>\n<\/ul>\n<h2>Datas\u00e4kerhet<\/h2>\n<p>Vi anv\u00e4nder tekniska och organisatoriska \u00e5tg\u00e4rder enligt branschstandard (brandv\u00e4ggar, l\u00f6senordsskydd, SSL-kryptering, s\u00e4kra datacenter) f\u00f6r att skydda dina uppgifter. Endast beh\u00f6rig personal har \u00e5tkomst. Inget onlinesystem \u00e4r dock s\u00e4kert. Om du misst\u00e4nker att dina uppgifter har \u00e4ventyrats, kontakta oss omedelbart.<\/p>\n<h2>Sekretessr\u00e4ttigheter per jurisdiktion<\/h2>\n<p>Inv\u00e5nare i Kalifornien: Du har r\u00e4ttigheter enligt kalifornisk lag g\u00e4llande v\u00e5rt utl\u00e4mnande av personuppgifter. F\u00f6r att ut\u00f6va dessa r\u00e4ttigheter eller v\u00e4lja bort delning, kontakta <a href=\"mailto:support@camround.com\">support@camround.com<\/a>.<\/p>\n<p>Inv\u00e5nare i Nevada: Du kan skicka in en beg\u00e4ran om att avst\u00e5 fr\u00e5n f\u00f6rs\u00e4ljning till <a href=\"mailto:support@camround.com\">support@camround.com<\/a>Obs: Vi s\u00e4ljer f\u00f6r n\u00e4rvarande inte data som utl\u00f6ser krav p\u00e5 avanm\u00e4lan.<\/p>\n<p>Inv\u00e5nare i Kanada: Dina uppgifter kan lagras utanf\u00f6r Kanada och omfattas av utl\u00e4ndsk lag. Du kan n\u00e4r som helst \u00e5terkalla ditt samtycke och har r\u00e4tt att klaga p\u00e5 v\u00e5ra metoder. F\u00f6r mer information, bes\u00f6k <a href=\"https:\/\/www.priv.gc.ca\/\">priv.gc.ca<\/a>.<\/p>\n<p>Inv\u00e5nare i EES\/Storbritannien: Du har r\u00e4tt att f\u00e5 tillg\u00e5ng till, korrigera, radera, begr\u00e4nsa eller \u00f6verf\u00f6ra dina uppgifter, och att inv\u00e4nda mot behandling eller \u00e5terkalla ditt samtycke. Kontakta oss. <a href=\"mailto:support@camround.com\">support@camround.com<\/a> att ut\u00f6va dina r\u00e4ttigheter.<\/p>\n<h2>Barns integritet<\/h2>\n<p>CamRound.com \u00e4r inte avsedd f\u00f6r anv\u00e4ndare under 18 \u00e5r. Vi samlar inte medvetet in data fr\u00e5n minder\u00e5riga. Om vi uppt\u00e4cker s\u00e5dan data kommer vi att inaktivera och radera den. Kontakta oss om du blir medveten om data som samlats in fr\u00e5n n\u00e5gon under 18 \u00e5r.<\/p>\n<h2>Sm\u00e5kakor<\/h2>\n<p>Vi anv\u00e4nder cookies f\u00f6r autentisering och analys\u00e4ndam\u00e5l. Cookies kan vara permanenta eller sessionsbaserade. V\u00e5r analysleverant\u00f6r \u00e4r Google Analytics (<a href=\"https:\/\/www.google.com\/policies\/privacy\/\">se policy<\/a>Vi kan ocks\u00e5 anv\u00e4nda sociala widgetar (t.ex. Facebook, Twitter) som st\u00e4ller in cookies i enlighet med deras policyer.<\/p>\n<p>Du kan neka eller ta bort cookies med hj\u00e4lp av dina webbl\u00e4sarinst\u00e4llningar, men detta kan p\u00e5verka webbplatsens funktionalitet.<\/p>\n<h2>Externa l\u00e4nkar<\/h2>\n<p>CamRound.com inneh\u00e5ller l\u00e4nkar till webbplatser fr\u00e5n tredje part. Vi str\u00e4var efter att endast l\u00e4nka till v\u00e4lrenommerade k\u00e4llor men ansvarar inte f\u00f6r inneh\u00e5llet eller sekretessrutinerna p\u00e5 externa webbplatser. All data du l\u00e4mnar till webbplatser fr\u00e5n tredje part regleras av deras sekretesspolicy.<\/p>\n<h2>Sp\u00e5ra inte<\/h2>\n<p>P\u00e5 grund av teknikutveckling garanterar vi f\u00f6r n\u00e4rvarande inte st\u00f6d f\u00f6r webbl\u00e4sarsignaler om sp\u00e5rning.<\/p>\n<h2>Uppdateringar av denna policy<\/h2>\n<p>Vi kan komma att uppdatera denna policy d\u00e5 och d\u00e5. V\u00e4nligen kontrollera den h\u00e4r sidan regelbundet f\u00f6r \u00e4ndringar.<\/p>\n<h2>Kontakta<\/h2>\n<p>F\u00f6r fr\u00e5gor eller funderingar g\u00e4llande denna policy eller din integritet, kontakta oss p\u00e5 <a href=\"mailto:support@camround.com\">support@camround.com<\/a>.<\/p>","protected":false},"excerpt":{"rendered":"<p>We are committed to safeguarding the privacy of our service users. This policy applies where we act as a data controller with respect to the personal data of our users\u2014that is, where we determine the purposes and means of processing personal data. By using CamRound.com, you consent to the collection, processing, and transmission of personal [&hellip;]<\/p>\n","protected":false},"author":1,"featured_media":0,"parent":0,"menu_order":0,"comment_status":"closed","ping_status":"closed","template":"","meta":{"footnotes":""},"class_list":["post-1225","page","type-page","status-publish","hentry"],"yoast_head":"<!-- This site is optimized with the Yoast SEO plugin v27.3 - https:\/\/yoast.com\/product\/yoast-seo-wordpress\/ -->\n<title>Privacy Policy - CamRound.com<\/title>\n<meta name=\"robots\" content=\"index, follow, max-snippet:-1, max-image-preview:large, max-video-preview:-1\" \/>\n<link rel=\"canonical\" href=\"https:\/\/camround.com\/sv\/privacy-policy\/\" \/>\n<meta property=\"og:locale\" content=\"sv_SE\" \/>\n<meta property=\"og:type\" content=\"article\" \/>\n<meta property=\"og:title\" content=\"Privacy Policy - CamRound.com\" \/>\n<meta property=\"og:description\" content=\"We are committed to safeguarding the privacy of our service users. This policy applies where we act as a data controller with respect to the personal data of our users\u2014that is, where we determine the purposes and means of processing personal data. By using CamRound.com, you consent to the collection, processing, and transmission of personal [&hellip;]\" \/>\n<meta property=\"og:url\" content=\"https:\/\/camround.com\/sv\/privacy-policy\/\" \/>\n<meta property=\"og:site_name\" content=\"CamRound.com\" \/>\n<meta name=\"twitter:card\" content=\"summary_large_image\" \/>\n<meta name=\"twitter:label1\" content=\"Ber\u00e4knad l\u00e4stid\" \/>\n\t<meta name=\"twitter:data1\" content=\"5 minuter\" \/>\n<script type=\"application\/ld+json\" class=\"yoast-schema-graph\">{\"@context\":\"https:\\\/\\\/schema.org\",\"@graph\":[{\"@type\":\"WebPage\",\"@id\":\"https:\\\/\\\/camround.com\\\/privacy-policy\\\/\",\"url\":\"https:\\\/\\\/camround.com\\\/privacy-policy\\\/\",\"name\":\"Privacy Policy - CamRound.com\",\"isPartOf\":{\"@id\":\"https:\\\/\\\/camround.com\\\/#website\"},\"datePublished\":\"2025-08-06T09:04:00+00:00\",\"breadcrumb\":{\"@id\":\"https:\\\/\\\/camround.com\\\/privacy-policy\\\/#breadcrumb\"},\"inLanguage\":\"sv-SE\",\"potentialAction\":[{\"@type\":\"ReadAction\",\"target\":[\"https:\\\/\\\/camround.com\\\/privacy-policy\\\/\"]}]},{\"@type\":\"BreadcrumbList\",\"@id\":\"https:\\\/\\\/camround.com\\\/privacy-policy\\\/#breadcrumb\",\"itemListElement\":[{\"@type\":\"ListItem\",\"position\":1,\"name\":\"Home\",\"item\":\"https:\\\/\\\/camround.com\\\/\"},{\"@type\":\"ListItem\",\"position\":2,\"name\":\"Privacy Policy\"}]},{\"@type\":\"WebSite\",\"@id\":\"https:\\\/\\\/camround.com\\\/#website\",\"url\":\"https:\\\/\\\/camround.com\\\/\",\"name\":\"CamRound\",\"description\":\"Random Video Chat\",\"publisher\":{\"@id\":\"https:\\\/\\\/camround.com\\\/#organization\"},\"inLanguage\":\"sv-SE\"},{\"@type\":\"Organization\",\"@id\":\"https:\\\/\\\/camround.com\\\/#organization\",\"name\":\"CamRound\",\"url\":\"https:\\\/\\\/camround.com\\\/\",\"logo\":{\"@type\":\"ImageObject\",\"inLanguage\":\"sv-SE\",\"@id\":\"https:\\\/\\\/camround.com\\\/#\\\/schema\\\/logo\\\/image\\\/\",\"url\":\"https:\\\/\\\/camround.com\\\/wp-content\\\/uploads\\\/2021\\\/12\\\/C-Icon_1Color.png\",\"contentUrl\":\"https:\\\/\\\/camround.com\\\/wp-content\\\/uploads\\\/2021\\\/12\\\/C-Icon_1Color.png\",\"width\":1192,\"height\":1216,\"caption\":\"CamRound\"},\"image\":{\"@id\":\"https:\\\/\\\/camround.com\\\/#\\\/schema\\\/logo\\\/image\\\/\"}}]}<\/script>\n<!-- \/ Yoast SEO plugin. -->","yoast_head_json":{"title":"Integritetspolicy - CamRound.com","robots":{"index":"index","follow":"follow","max-snippet":"max-snippet:-1","max-image-preview":"max-image-preview:large","max-video-preview":"max-video-preview:-1"},"canonical":"https:\/\/camround.com\/sv\/privacy-policy\/","og_locale":"sv_SE","og_type":"article","og_title":"Privacy Policy - CamRound.com","og_description":"We are committed to safeguarding the privacy of our service users. This policy applies where we act as a data controller with respect to the personal data of our users\u2014that is, where we determine the purposes and means of processing personal data. By using CamRound.com, you consent to the collection, processing, and transmission of personal [&hellip;]","og_url":"https:\/\/camround.com\/sv\/privacy-policy\/","og_site_name":"CamRound.com","twitter_card":"summary_large_image","twitter_misc":{"Ber\u00e4knad l\u00e4stid":"5 minuter"},"schema":{"@context":"https:\/\/schema.org","@graph":[{"@type":"WebPage","@id":"https:\/\/camround.com\/privacy-policy\/","url":"https:\/\/camround.com\/privacy-policy\/","name":"Integritetspolicy - CamRound.com","isPartOf":{"@id":"https:\/\/camround.com\/#website"},"datePublished":"2025-08-06T09:04:00+00:00","breadcrumb":{"@id":"https:\/\/camround.com\/privacy-policy\/#breadcrumb"},"inLanguage":"sv-SE","potentialAction":[{"@type":"ReadAction","target":["https:\/\/camround.com\/privacy-policy\/"]}]},{"@type":"BreadcrumbList","@id":"https:\/\/camround.com\/privacy-policy\/#breadcrumb","itemListElement":[{"@type":"ListItem","position":1,"name":"Home","item":"https:\/\/camround.com\/"},{"@type":"ListItem","position":2,"name":"Privacy Policy"}]},{"@type":"WebSite","@id":"https:\/\/camround.com\/#website","url":"https:\/\/camround.com\/","name":"CamRound","description":"Slumpm\u00e4ssig videochatt","publisher":{"@id":"https:\/\/camround.com\/#organization"},"inLanguage":"sv-SE"},{"@type":"Organization","@id":"https:\/\/camround.com\/#organization","name":"CamRound","url":"https:\/\/camround.com\/","logo":{"@type":"ImageObject","inLanguage":"sv-SE","@id":"https:\/\/camround.com\/#\/schema\/logo\/image\/","url":"https:\/\/camround.com\/wp-content\/uploads\/2021\/12\/C-Icon_1Color.png","contentUrl":"https:\/\/camround.com\/wp-content\/uploads\/2021\/12\/C-Icon_1Color.png","width":1192,"height":1216,"caption":"CamRound"},"image":{"@id":"https:\/\/camround.com\/#\/schema\/logo\/image\/"}}]}},"_links":{"self":[{"href":"https:\/\/camround.com\/sv\/wp-json\/wp\/v2\/pages\/1225","targetHints":{"allow":["GET"]}}],"collection":[{"href":"https:\/\/camround.com\/sv\/wp-json\/wp\/v2\/pages"}],"about":[{"href":"https:\/\/camround.com\/sv\/wp-json\/wp\/v2\/types\/page"}],"author":[{"embeddable":true,"href":"https:\/\/camround.com\/sv\/wp-json\/wp\/v2\/users\/1"}],"replies":[{"embeddable":true,"href":"https:\/\/camround.com\/sv\/wp-json\/wp\/v2\/comments?post=1225"}],"version-history":[{"count":1,"href":"https:\/\/camround.com\/sv\/wp-json\/wp\/v2\/pages\/1225\/revisions"}],"predecessor-version":[{"id":1226,"href":"https:\/\/camround.com\/sv\/wp-json\/wp\/v2\/pages\/1225\/revisions\/1226"}],"wp:attachment":[{"href":"https:\/\/camround.com\/sv\/wp-json\/wp\/v2\/media?parent=1225"}],"curies":[{"name":"wp","href":"https:\/\/api.w.org\/{rel}","templated":true}]}}