{"id":1227,"date":"2025-08-06T11:06:15","date_gmt":"2025-08-06T09:06:15","guid":{"rendered":"https:\/\/camround.com\/?page_id=1227"},"modified":"2025-08-06T11:06:15","modified_gmt":"2025-08-06T09:06:15","slug":"refunds-chargeback","status":"publish","type":"page","link":"https:\/\/camround.com\/sv\/refunds-chargeback\/","title":{"rendered":"\u00c5terbetalningar och \u00e5terkrav"},"content":{"rendered":"<p>Tack f\u00f6r bes\u00f6ket <a href=\"https:\/\/camround.com\/sv\/\">CamRound<\/a>.com. Observera att alla fakturerings-, \u00e5terbetalnings-, chargeback- och kundsupportf\u00f6rfr\u00e5gningar relaterade till k\u00f6p gjorda via l\u00e4nkar p\u00e5 denna webbplats hanteras exklusivt av <a href=\"https:\/\/camround.com\/sv\/coomeet\/\">CooMeet<\/a>Som en oberoende affiliate behandlar inte CamRound.com betalningar, hanterar inte fakturerings- eller betalningsproblem eller tillhandah\u00e5ller direkt kundsupport f\u00f6r transaktioner som involverar CooMeet-tj\u00e4nster.<\/p>\n<h2>Digitala produkter och tj\u00e4nster<\/h2>\n<p>CamRound.com marknadsf\u00f6r digitala produkter och tj\u00e4nster som tillhandah\u00e5lls av CooMeet, s\u00e5som prenumerationer, premiummedlemskap och ytterligare funktioner. Dessa erbjudanden \u00e4r icke-materiella och levereras digitalt av tredjepartsplattformen.<\/p>\n<p>Innan du genomf\u00f6r n\u00e5got k\u00f6p rekommenderar vi starkt att du noggrant granskar produkt- eller tj\u00e4nstebeskrivningen f\u00f6r att s\u00e4kerst\u00e4lla att den matchar dina behov och f\u00f6rv\u00e4ntningar.<\/p>\n<p>Om du har n\u00e5gra fr\u00e5gor om funktioner, priser, prenumerationsvillkor eller serviceinformation, v\u00e4nligen kontakta CooMeets officiella supportteam innan du slutf\u00f6r ditt k\u00f6p. CamRound.com har inte beh\u00f6righet att f\u00f6rtydliga eller \u00e4ndra n\u00e5gra produkt- eller servicedetaljer.<\/p>\n<h2>\u00c5terbetalningspolicy<\/h2>\n<p>Eftersom CooMeet ensamt ansvarar f\u00f6r betalningshanteringen m\u00e5ste alla \u00e5terbetalningsf\u00f6rfr\u00e5gningar riktas till deras kundsupportteam. \u00c5terbetalningar kan \u00f6verv\u00e4gas under specifika omst\u00e4ndigheter, inklusive:<\/p>\n<ul>\n<li>Duplicerade transaktioner<\/li>\n<li>Tekniska fel<\/li>\n<li>Obeh\u00f6riga debiteringar<\/li>\n<\/ul>\n<p>F\u00f6r att beg\u00e4ra en \u00e5terbetalning fr\u00e5n CooMeet m\u00e5ste du tillhandah\u00e5lla:<\/p>\n<ul>\n<li>Betalningsdatum och -belopp<\/li>\n<li>Betalningsmetod som anv\u00e4nts<\/li>\n<li>Transaktions-ID eller ordernummer<\/li>\n<li>Orsak till din \u00e5terbetalningsbeg\u00e4ran<\/li>\n<\/ul>\n<p>Om din \u00e5terbetalning godk\u00e4nns, v\u00e4nligen v\u00e4nta 3\u201310 arbetsdagar f\u00f6r din bank eller kortutgivare att behandla \u00e5terbetalningen. CamRound.com kan inte sp\u00e5ra, p\u00e5skynda eller p\u00e5verka tidpunkten f\u00f6r eventuella \u00e5terbetalningar som utf\u00e4rdas av CooMeet. F\u00f6r statusuppdateringar, v\u00e4nligen kontakta CooMeet-supporten direkt.<\/p>\n<h2>\u00c5terkrav<\/h2>\n<p>Om du \u00f6verv\u00e4ger en chargeback rekommenderar vi starkt att du f\u00f6rst kontaktar CooMeet-supporten f\u00f6r att f\u00f6rs\u00f6ka l\u00f6sa problemet. Att initiera en chargeback utan att f\u00f6rst s\u00f6ka hj\u00e4lp kan f\u00f6rsena l\u00f6sningen och leda till begr\u00e4nsningar av ditt CooMeet-konto eller framtida \u00e5tkomst.<\/p>\n<p>Alla \u00e5terkrav granskas av CooMeet. Att l\u00e4mna in en bedr\u00e4glig eller ogrundad \u00e5terkrav kan bryta mot deras anv\u00e4ndarvillkor och leda till kontoavst\u00e4ngning.<\/p>\n<h2>Tredjepartstj\u00e4nster och l\u00e4nkar<\/h2>\n<p>CamRound.com inneh\u00e5ller l\u00e4nkar till tredjepartsplattformar och tj\u00e4nster, inklusive CooMeet. Alla produkter eller tj\u00e4nster som n\u00e5s via dessa l\u00e4nkar omfattas av tredje partens villkor och policyer.<\/p>\n<p>Vi ansvarar inte f\u00f6r driften, inneh\u00e5llet eller kundsupporten f\u00f6r externa tj\u00e4nster, och kan inte ingripa i deras betalnings- eller \u00e5terbetalningsf\u00f6rfaranden. Vid eventuella k\u00f6pproblem som involverar tredjepartsleverant\u00f6rer, v\u00e4nligen kontakta relevant supportteam direkt.<\/p>\n<h2>Kontakta CamRound.com<\/h2>\n<p>Om du har fr\u00e5gor om inneh\u00e5llet p\u00e5 v\u00e5r webbplats eller v\u00e5r affiliate-relation med CooMeet \u00e4r du v\u00e4lkommen att kontakta oss via v\u00e5r kontaktsida. Observera dock att CamRound.com inte kan hj\u00e4lpa till med fakturering, \u00e5terbetalningar eller prenumerationsfr\u00e5gor relaterade till CooMeet eller andra tredjepartstj\u00e4nster \u2013 dessa m\u00e5ste adresseras direkt till respektive leverant\u00f6r.<\/p>","protected":false},"excerpt":{"rendered":"<p>Thank you for visiting CamRound.com. Please note that all billing, refunds, chargebacks, and customer support inquiries related to purchases made through links on this website are exclusively managed by CooMeet. As an independent affiliate, CamRound.com does not process payments, handle billing or payment issues, or provide direct customer support for transactions involving CooMeet services. Digital [&hellip;]<\/p>\n","protected":false},"author":1,"featured_media":0,"parent":0,"menu_order":0,"comment_status":"closed","ping_status":"closed","template":"","meta":{"footnotes":""},"class_list":["post-1227","page","type-page","status-publish","hentry"],"yoast_head":"<!-- This site is optimized with the Yoast SEO plugin v27.3 - https:\/\/yoast.com\/product\/yoast-seo-wordpress\/ -->\n<title>Refunds &amp; Chargeback - CamRound.com<\/title>\n<meta name=\"robots\" content=\"index, follow, max-snippet:-1, max-image-preview:large, max-video-preview:-1\" \/>\n<link rel=\"canonical\" href=\"https:\/\/camround.com\/sv\/refunds-chargeback\/\" \/>\n<meta property=\"og:locale\" content=\"sv_SE\" \/>\n<meta property=\"og:type\" content=\"article\" \/>\n<meta property=\"og:title\" content=\"Refunds &amp; Chargeback - CamRound.com\" \/>\n<meta property=\"og:description\" content=\"Thank you for visiting CamRound.com. Please note that all billing, refunds, chargebacks, and customer support inquiries related to purchases made through links on this website are exclusively managed by CooMeet. As an independent affiliate, CamRound.com does not process payments, handle billing or payment issues, or provide direct customer support for transactions involving CooMeet services. Digital [&hellip;]\" \/>\n<meta property=\"og:url\" content=\"https:\/\/camround.com\/sv\/refunds-chargeback\/\" \/>\n<meta property=\"og:site_name\" content=\"CamRound.com\" \/>\n<meta name=\"twitter:card\" content=\"summary_large_image\" \/>\n<meta name=\"twitter:label1\" content=\"Ber\u00e4knad l\u00e4stid\" \/>\n\t<meta name=\"twitter:data1\" content=\"2 minuter\" \/>\n<script type=\"application\/ld+json\" class=\"yoast-schema-graph\">{\"@context\":\"https:\\\/\\\/schema.org\",\"@graph\":[{\"@type\":\"WebPage\",\"@id\":\"https:\\\/\\\/camround.com\\\/refunds-chargeback\\\/\",\"url\":\"https:\\\/\\\/camround.com\\\/refunds-chargeback\\\/\",\"name\":\"Refunds & Chargeback - CamRound.com\",\"isPartOf\":{\"@id\":\"https:\\\/\\\/camround.com\\\/#website\"},\"datePublished\":\"2025-08-06T09:06:15+00:00\",\"breadcrumb\":{\"@id\":\"https:\\\/\\\/camround.com\\\/refunds-chargeback\\\/#breadcrumb\"},\"inLanguage\":\"sv-SE\",\"potentialAction\":[{\"@type\":\"ReadAction\",\"target\":[\"https:\\\/\\\/camround.com\\\/refunds-chargeback\\\/\"]}]},{\"@type\":\"BreadcrumbList\",\"@id\":\"https:\\\/\\\/camround.com\\\/refunds-chargeback\\\/#breadcrumb\",\"itemListElement\":[{\"@type\":\"ListItem\",\"position\":1,\"name\":\"Home\",\"item\":\"https:\\\/\\\/camround.com\\\/\"},{\"@type\":\"ListItem\",\"position\":2,\"name\":\"Refunds &#038; Chargeback\"}]},{\"@type\":\"WebSite\",\"@id\":\"https:\\\/\\\/camround.com\\\/#website\",\"url\":\"https:\\\/\\\/camround.com\\\/\",\"name\":\"CamRound\",\"description\":\"Random Video Chat\",\"publisher\":{\"@id\":\"https:\\\/\\\/camround.com\\\/#organization\"},\"inLanguage\":\"sv-SE\"},{\"@type\":\"Organization\",\"@id\":\"https:\\\/\\\/camround.com\\\/#organization\",\"name\":\"CamRound\",\"url\":\"https:\\\/\\\/camround.com\\\/\",\"logo\":{\"@type\":\"ImageObject\",\"inLanguage\":\"sv-SE\",\"@id\":\"https:\\\/\\\/camround.com\\\/#\\\/schema\\\/logo\\\/image\\\/\",\"url\":\"https:\\\/\\\/camround.com\\\/wp-content\\\/uploads\\\/2021\\\/12\\\/C-Icon_1Color.png\",\"contentUrl\":\"https:\\\/\\\/camround.com\\\/wp-content\\\/uploads\\\/2021\\\/12\\\/C-Icon_1Color.png\",\"width\":1192,\"height\":1216,\"caption\":\"CamRound\"},\"image\":{\"@id\":\"https:\\\/\\\/camround.com\\\/#\\\/schema\\\/logo\\\/image\\\/\"}}]}<\/script>\n<!-- \/ Yoast SEO plugin. -->","yoast_head_json":{"title":"\u00c5terbetalningar och \u00e5terkrav - CamRound.com","robots":{"index":"index","follow":"follow","max-snippet":"max-snippet:-1","max-image-preview":"max-image-preview:large","max-video-preview":"max-video-preview:-1"},"canonical":"https:\/\/camround.com\/sv\/refunds-chargeback\/","og_locale":"sv_SE","og_type":"article","og_title":"Refunds & Chargeback - CamRound.com","og_description":"Thank you for visiting CamRound.com. Please note that all billing, refunds, chargebacks, and customer support inquiries related to purchases made through links on this website are exclusively managed by CooMeet. As an independent affiliate, CamRound.com does not process payments, handle billing or payment issues, or provide direct customer support for transactions involving CooMeet services. Digital [&hellip;]","og_url":"https:\/\/camround.com\/sv\/refunds-chargeback\/","og_site_name":"CamRound.com","twitter_card":"summary_large_image","twitter_misc":{"Ber\u00e4knad l\u00e4stid":"2 minuter"},"schema":{"@context":"https:\/\/schema.org","@graph":[{"@type":"WebPage","@id":"https:\/\/camround.com\/refunds-chargeback\/","url":"https:\/\/camround.com\/refunds-chargeback\/","name":"\u00c5terbetalningar och \u00e5terkrav - CamRound.com","isPartOf":{"@id":"https:\/\/camround.com\/#website"},"datePublished":"2025-08-06T09:06:15+00:00","breadcrumb":{"@id":"https:\/\/camround.com\/refunds-chargeback\/#breadcrumb"},"inLanguage":"sv-SE","potentialAction":[{"@type":"ReadAction","target":["https:\/\/camround.com\/refunds-chargeback\/"]}]},{"@type":"BreadcrumbList","@id":"https:\/\/camround.com\/refunds-chargeback\/#breadcrumb","itemListElement":[{"@type":"ListItem","position":1,"name":"Home","item":"https:\/\/camround.com\/"},{"@type":"ListItem","position":2,"name":"Refunds &#038; Chargeback"}]},{"@type":"WebSite","@id":"https:\/\/camround.com\/#website","url":"https:\/\/camround.com\/","name":"CamRound","description":"Slumpm\u00e4ssig videochatt","publisher":{"@id":"https:\/\/camround.com\/#organization"},"inLanguage":"sv-SE"},{"@type":"Organization","@id":"https:\/\/camround.com\/#organization","name":"CamRound","url":"https:\/\/camround.com\/","logo":{"@type":"ImageObject","inLanguage":"sv-SE","@id":"https:\/\/camround.com\/#\/schema\/logo\/image\/","url":"https:\/\/camround.com\/wp-content\/uploads\/2021\/12\/C-Icon_1Color.png","contentUrl":"https:\/\/camround.com\/wp-content\/uploads\/2021\/12\/C-Icon_1Color.png","width":1192,"height":1216,"caption":"CamRound"},"image":{"@id":"https:\/\/camround.com\/#\/schema\/logo\/image\/"}}]}},"_links":{"self":[{"href":"https:\/\/camround.com\/sv\/wp-json\/wp\/v2\/pages\/1227","targetHints":{"allow":["GET"]}}],"collection":[{"href":"https:\/\/camround.com\/sv\/wp-json\/wp\/v2\/pages"}],"about":[{"href":"https:\/\/camround.com\/sv\/wp-json\/wp\/v2\/types\/page"}],"author":[{"embeddable":true,"href":"https:\/\/camround.com\/sv\/wp-json\/wp\/v2\/users\/1"}],"replies":[{"embeddable":true,"href":"https:\/\/camround.com\/sv\/wp-json\/wp\/v2\/comments?post=1227"}],"version-history":[{"count":1,"href":"https:\/\/camround.com\/sv\/wp-json\/wp\/v2\/pages\/1227\/revisions"}],"predecessor-version":[{"id":1228,"href":"https:\/\/camround.com\/sv\/wp-json\/wp\/v2\/pages\/1227\/revisions\/1228"}],"wp:attachment":[{"href":"https:\/\/camround.com\/sv\/wp-json\/wp\/v2\/media?parent=1227"}],"curies":[{"name":"wp","href":"https:\/\/api.w.org\/{rel}","templated":true}]}}