{"id":1231,"date":"2025-08-06T11:13:00","date_gmt":"2025-08-06T09:13:00","guid":{"rendered":"https:\/\/camround.com\/?page_id=1231"},"modified":"2025-08-06T12:26:29","modified_gmt":"2025-08-06T10:26:29","slug":"rules","status":"publish","type":"page","link":"https:\/\/camround.com\/sv\/rules\/","title":{"rendered":"Regler"},"content":{"rendered":"<p>CamRound.com erbjuder gratis, <a href=\"https:\/\/camround.com\/sv\/anonymous-chat\/\">anonym<\/a> tillg\u00e5ng till en en-mot-en-samtal <a href=\"https:\/\/camround.com\/sv\/\">slumpm\u00e4ssig videochatt<\/a> erfarenhet \u2013 ingen registrering kr\u00e4vs. V\u00e5rt uppdrag \u00e4r att erbjuda en trygg, engagerande och respektfull plats liknande andra plattformar som <a href=\"https:\/\/camround.com\/sv\/omegle\/\">Omegle<\/a>, vilket g\u00f6r det m\u00f6jligt f\u00f6r anv\u00e4ndare att tr\u00e4ffa nya m\u00e4nniskor online i realtid.<\/p>\n<p>F\u00f6r att s\u00e4kerst\u00e4lla en positiv milj\u00f6 f\u00f6r alla kr\u00e4ver vi att alla anv\u00e4ndare f\u00f6ljer reglerna nedan. Brott mot dessa riktlinjer kan leda till omedelbar avst\u00e4ngning eller permanent borttagning fr\u00e5n CamRound.com.<\/p>\n<h2>F\u00f6rbjudet beteende p\u00e5 CamRound.com<\/h2>\n<p>F\u00f6r att uppr\u00e4tth\u00e5lla s\u00e4kerhet, respekt och efterlevnad av lagen \u00e4r f\u00f6ljande handlingar str\u00e4ngt f\u00f6rbjudna p\u00e5 CamRound.com:<\/p>\n<ul>\n<li>\u00c5tkomst f\u00f6r minder\u00e5riga: Du m\u00e5ste vara 18 \u00e5r eller \u00e4ldre f\u00f6r att anv\u00e4nda CamRound.com. \u00c5tkomst f\u00f6r personer under 18 \u00e5r \u00e4r str\u00e4ngt f\u00f6rbjuden.<\/li>\n<li>Ol\u00e4mpligt spr\u00e5k eller beteende: Vulg\u00e4rt, sexuellt explicit, v\u00e5ldsamt eller st\u00f6rande spr\u00e5k eller beteende \u00e4r inte till\u00e5tet. Denna plattform \u00e4r inte avsedd f\u00f6r skadligt eller st\u00f6tande inneh\u00e5ll.<\/li>\n<li>Diskriminering eller hatpropaganda: Att f\u00f6rnedra, f\u00f6rol\u00e4mpa eller attackera andra baserat p\u00e5 religion, ras, k\u00f6n, sexuell l\u00e4ggning, nationalitet eller \u00e5lder \u00e4r str\u00e4ngt f\u00f6rbjudet. Alla former av hatpropaganda eller diskriminerande beteende tolereras inte.<\/li>\n<li>Trakasserier eller \u00f6vergrepp: Att trakassera, hota eller avsiktligt visa respektl\u00f6shet mot andra anv\u00e4ndare i n\u00e5gon form \u2013 verbalt, visuellt eller p\u00e5 annat s\u00e4tt \u2013 \u00e4r str\u00e4ngt f\u00f6rbjudet.<\/li>\n<li>Delvis nakenhet utan identifiering: Att visa bara br\u00f6st p\u00e5 kameran \u00e4r endast till\u00e5tet om ditt ansikte \u00e4r tydligt synligt samtidigt, f\u00f6r att f\u00f6rhindra anonym oanst\u00e4ndig exponering.<\/li>\n<li>Nakenhet eller exponering av underkl\u00e4der: Att framst\u00e5 helt naken eller i endast underkl\u00e4der inf\u00f6r kameran \u00e4r aldrig till\u00e5tet.<\/li>\n<li>Sexuellt explicit beteende: Det \u00e4r str\u00e4ngt f\u00f6rbjudet att:\n<ul>\n<li>Beg\u00e4ra eller pressa andra till virtuell sexuell aktivitet.<\/li>\n<li>Visa dina privata delar framf\u00f6r kameran.<\/li>\n<li>R\u00f6r vid eller simulera att du r\u00f6r vid dina k\u00f6nsorgan medan de \u00e4r synliga p\u00e5 kameran.<\/li>\n<li>Rikta avsiktligt kameran under br\u00f6stet.<\/li>\n<\/ul>\n<\/li>\n<li>Reklam- eller omdirigeringsinneh\u00e5ll: Du f\u00e5r inte:\n<ul>\n<li>Visa text, bilder eller <a href=\"https:\/\/camround.com\/sv\/vidizzy\/\">video<\/a> i syfte att omdirigera anv\u00e4ndare till andra webbplatser eller plattformar.<\/li>\n<li>Dela din datorsk\u00e4rm, meddelanden eller kampanjer.<\/li>\n<li>Anv\u00e4nda <a href=\"https:\/\/camround.com\/sv\/ometv\/\">webbkamera<\/a> emulatorer, virtuella enheter eller videoslingor f\u00f6r att vilseleda eller marknadsf\u00f6ra.<\/li>\n<li>Beg\u00e4r r\u00f6ster, marknadsf\u00f6r l\u00e4nkar eller s\u00e4lj produkter\/tj\u00e4nster i vilken form som helst.<\/li>\n<\/ul>\n<\/li>\n<li>Olaglig eller exploaterande anv\u00e4ndning: CamRound.com f\u00f6rbjuder str\u00e4ngt all anv\u00e4ndning av plattformen f\u00f6r att engagera sig i, marknadsf\u00f6ra eller underl\u00e4tta:\n<ul>\n<li>Sexhandel<\/li>\n<li>M\u00e4nniskohandel<\/li>\n<li>Prostitution<\/li>\n<li>Fysisk eller psykisk misshandel<\/li>\n<li>All olaglig aktivitet eller utnyttjande av andra<\/li>\n<\/ul>\n<\/li>\n<\/ul>\n<h2>Rapportering av \u00f6vertr\u00e4delser<\/h2>\n<p>Om du st\u00f6ter p\u00e5 en anv\u00e4ndare som bryter mot reglerna, v\u00e4nligen rapportera h\u00e4ndelsen omedelbart via v\u00e5rt supportsystem.<\/p>\n<p>F\u00f6r snabbare och mer effektiva \u00e5tg\u00e4rder, inkludera en sk\u00e4rmdump av \u00f6vertr\u00e4delsen n\u00e4r du skickar in din rapport. Detta hj\u00e4lper oss att granska och \u00e5tg\u00e4rda problem korrekt.<\/p>\n<h2>Till\u00e4mpning och anv\u00e4ndaravst\u00e4ngningar<\/h2>\n<p>CamRound.com till\u00e4mpar nolltoleranspolicy f\u00f6r regel\u00f6vertr\u00e4delser. Anv\u00e4ndare som f\u00e5r flera klagom\u00e5l kan automatiskt blockeras av v\u00e5rt system.<\/p>\n<p>Vi tar varje anm\u00e4lan p\u00e5 allvar, men permanenta avst\u00e4ngningar utf\u00e4rdas endast efter noggrann granskning. \u00c4ven om CamRound.com inte kan \u00f6vervaka varje interaktion i realtid, f\u00f6rlitar vi oss p\u00e5 v\u00e5r community f\u00f6r att h\u00e5lla plattformen s\u00e4ker och respektfull. Ditt samarbete vid rapportering av \u00f6vertr\u00e4delser \u00e4r avg\u00f6rande.<\/p>\n<p>Tillsammans kan vi bygga en trygg, spontan och trevlig plattform f\u00f6r alla. Tack f\u00f6r att du hj\u00e4lper till att g\u00f6ra CamRound.com till en b\u00e4ttre plats. <a href=\"https:\/\/camround.com\/sv\/bazoocam\/\">att chatta<\/a>.<\/p>","protected":false},"excerpt":{"rendered":"<p>CamRound.com provides free, anonymous access to a one-on-one random video chat experience\u2014no registration required. Our mission is to offer a safe, engaging, and respectful space similar to other platforms like Omegle, allowing users to meet new people online in real time. To ensure a positive environment for everyone, we require all users to follow the [&hellip;]<\/p>\n","protected":false},"author":1,"featured_media":0,"parent":0,"menu_order":0,"comment_status":"closed","ping_status":"closed","template":"","meta":{"footnotes":""},"class_list":["post-1231","page","type-page","status-publish","hentry"],"yoast_head":"<!-- This site is optimized with the Yoast SEO plugin v27.3 - https:\/\/yoast.com\/product\/yoast-seo-wordpress\/ -->\n<title>Rules - CamRound.com<\/title>\n<meta name=\"robots\" content=\"index, follow, max-snippet:-1, max-image-preview:large, max-video-preview:-1\" \/>\n<link rel=\"canonical\" href=\"https:\/\/camround.com\/sv\/rules\/\" \/>\n<meta property=\"og:locale\" content=\"sv_SE\" \/>\n<meta property=\"og:type\" content=\"article\" \/>\n<meta property=\"og:title\" content=\"Rules - CamRound.com\" \/>\n<meta property=\"og:description\" content=\"CamRound.com provides free, anonymous access to a one-on-one random video chat experience\u2014no registration required. Our mission is to offer a safe, engaging, and respectful space similar to other platforms like Omegle, allowing users to meet new people online in real time. To ensure a positive environment for everyone, we require all users to follow the [&hellip;]\" \/>\n<meta property=\"og:url\" content=\"https:\/\/camround.com\/sv\/rules\/\" \/>\n<meta property=\"og:site_name\" content=\"CamRound.com\" \/>\n<meta property=\"article:modified_time\" content=\"2025-08-06T10:26:29+00:00\" \/>\n<meta name=\"twitter:card\" content=\"summary_large_image\" \/>\n<meta name=\"twitter:label1\" content=\"Ber\u00e4knad l\u00e4stid\" \/>\n\t<meta name=\"twitter:data1\" content=\"3 minuter\" \/>\n<script type=\"application\/ld+json\" class=\"yoast-schema-graph\">{\"@context\":\"https:\\\/\\\/schema.org\",\"@graph\":[{\"@type\":\"WebPage\",\"@id\":\"https:\\\/\\\/camround.com\\\/rules\\\/\",\"url\":\"https:\\\/\\\/camround.com\\\/rules\\\/\",\"name\":\"Rules - CamRound.com\",\"isPartOf\":{\"@id\":\"https:\\\/\\\/camround.com\\\/#website\"},\"datePublished\":\"2025-08-06T09:13:00+00:00\",\"dateModified\":\"2025-08-06T10:26:29+00:00\",\"breadcrumb\":{\"@id\":\"https:\\\/\\\/camround.com\\\/rules\\\/#breadcrumb\"},\"inLanguage\":\"sv-SE\",\"potentialAction\":[{\"@type\":\"ReadAction\",\"target\":[\"https:\\\/\\\/camround.com\\\/rules\\\/\"]}]},{\"@type\":\"BreadcrumbList\",\"@id\":\"https:\\\/\\\/camround.com\\\/rules\\\/#breadcrumb\",\"itemListElement\":[{\"@type\":\"ListItem\",\"position\":1,\"name\":\"Home\",\"item\":\"https:\\\/\\\/camround.com\\\/\"},{\"@type\":\"ListItem\",\"position\":2,\"name\":\"Rules\"}]},{\"@type\":\"WebSite\",\"@id\":\"https:\\\/\\\/camround.com\\\/#website\",\"url\":\"https:\\\/\\\/camround.com\\\/\",\"name\":\"CamRound\",\"description\":\"Random Video Chat\",\"publisher\":{\"@id\":\"https:\\\/\\\/camround.com\\\/#organization\"},\"inLanguage\":\"sv-SE\"},{\"@type\":\"Organization\",\"@id\":\"https:\\\/\\\/camround.com\\\/#organization\",\"name\":\"CamRound\",\"url\":\"https:\\\/\\\/camround.com\\\/\",\"logo\":{\"@type\":\"ImageObject\",\"inLanguage\":\"sv-SE\",\"@id\":\"https:\\\/\\\/camround.com\\\/#\\\/schema\\\/logo\\\/image\\\/\",\"url\":\"https:\\\/\\\/camround.com\\\/wp-content\\\/uploads\\\/2021\\\/12\\\/C-Icon_1Color.png\",\"contentUrl\":\"https:\\\/\\\/camround.com\\\/wp-content\\\/uploads\\\/2021\\\/12\\\/C-Icon_1Color.png\",\"width\":1192,\"height\":1216,\"caption\":\"CamRound\"},\"image\":{\"@id\":\"https:\\\/\\\/camround.com\\\/#\\\/schema\\\/logo\\\/image\\\/\"}}]}<\/script>\n<!-- \/ Yoast SEO plugin. -->","yoast_head_json":{"title":"Regler - CamRound.com","robots":{"index":"index","follow":"follow","max-snippet":"max-snippet:-1","max-image-preview":"max-image-preview:large","max-video-preview":"max-video-preview:-1"},"canonical":"https:\/\/camround.com\/sv\/rules\/","og_locale":"sv_SE","og_type":"article","og_title":"Rules - CamRound.com","og_description":"CamRound.com provides free, anonymous access to a one-on-one random video chat experience\u2014no registration required. Our mission is to offer a safe, engaging, and respectful space similar to other platforms like Omegle, allowing users to meet new people online in real time. To ensure a positive environment for everyone, we require all users to follow the [&hellip;]","og_url":"https:\/\/camround.com\/sv\/rules\/","og_site_name":"CamRound.com","article_modified_time":"2025-08-06T10:26:29+00:00","twitter_card":"summary_large_image","twitter_misc":{"Ber\u00e4knad l\u00e4stid":"3 minuter"},"schema":{"@context":"https:\/\/schema.org","@graph":[{"@type":"WebPage","@id":"https:\/\/camround.com\/rules\/","url":"https:\/\/camround.com\/rules\/","name":"Regler - CamRound.com","isPartOf":{"@id":"https:\/\/camround.com\/#website"},"datePublished":"2025-08-06T09:13:00+00:00","dateModified":"2025-08-06T10:26:29+00:00","breadcrumb":{"@id":"https:\/\/camround.com\/rules\/#breadcrumb"},"inLanguage":"sv-SE","potentialAction":[{"@type":"ReadAction","target":["https:\/\/camround.com\/rules\/"]}]},{"@type":"BreadcrumbList","@id":"https:\/\/camround.com\/rules\/#breadcrumb","itemListElement":[{"@type":"ListItem","position":1,"name":"Home","item":"https:\/\/camround.com\/"},{"@type":"ListItem","position":2,"name":"Rules"}]},{"@type":"WebSite","@id":"https:\/\/camround.com\/#website","url":"https:\/\/camround.com\/","name":"CamRound","description":"Slumpm\u00e4ssig videochatt","publisher":{"@id":"https:\/\/camround.com\/#organization"},"inLanguage":"sv-SE"},{"@type":"Organization","@id":"https:\/\/camround.com\/#organization","name":"CamRound","url":"https:\/\/camround.com\/","logo":{"@type":"ImageObject","inLanguage":"sv-SE","@id":"https:\/\/camround.com\/#\/schema\/logo\/image\/","url":"https:\/\/camround.com\/wp-content\/uploads\/2021\/12\/C-Icon_1Color.png","contentUrl":"https:\/\/camround.com\/wp-content\/uploads\/2021\/12\/C-Icon_1Color.png","width":1192,"height":1216,"caption":"CamRound"},"image":{"@id":"https:\/\/camround.com\/#\/schema\/logo\/image\/"}}]}},"_links":{"self":[{"href":"https:\/\/camround.com\/sv\/wp-json\/wp\/v2\/pages\/1231","targetHints":{"allow":["GET"]}}],"collection":[{"href":"https:\/\/camround.com\/sv\/wp-json\/wp\/v2\/pages"}],"about":[{"href":"https:\/\/camround.com\/sv\/wp-json\/wp\/v2\/types\/page"}],"author":[{"embeddable":true,"href":"https:\/\/camround.com\/sv\/wp-json\/wp\/v2\/users\/1"}],"replies":[{"embeddable":true,"href":"https:\/\/camround.com\/sv\/wp-json\/wp\/v2\/comments?post=1231"}],"version-history":[{"count":1,"href":"https:\/\/camround.com\/sv\/wp-json\/wp\/v2\/pages\/1231\/revisions"}],"predecessor-version":[{"id":1233,"href":"https:\/\/camround.com\/sv\/wp-json\/wp\/v2\/pages\/1231\/revisions\/1233"}],"wp:attachment":[{"href":"https:\/\/camround.com\/sv\/wp-json\/wp\/v2\/media?parent=1231"}],"curies":[{"name":"wp","href":"https:\/\/api.w.org\/{rel}","templated":true}]}}