{"id":1221,"date":"2025-08-06T10:58:49","date_gmt":"2025-08-06T08:58:49","guid":{"rendered":"https:\/\/camround.com\/?page_id=1221"},"modified":"2025-08-06T10:58:49","modified_gmt":"2025-08-06T08:58:49","slug":"2257-compliance-statement","status":"publish","type":"page","link":"https:\/\/camround.com\/tr\/2257-compliance-statement\/","title":{"rendered":"2257 Uyumluluk Beyan\u0131"},"content":{"rendered":"<h2>Ya\u015f Do\u011frulamas\u0131 ve Yasal Uyumluluk<\/h2>\n<p>Amerika Birle\u015fik Devletleri yasas\u0131 18 USC B\u00f6l\u00fcm 2257 (1988 \u00c7ocuk Koruma ve M\u00fcstehcenlik Uygulama Yasas\u0131) ve ge\u00e7erli uluslararas\u0131 yasalar uyar\u0131nca, ba\u011flant\u0131l\u0131, incelenen veya referans verilen herhangi bir platformda veya hizmette yer alan t\u00fcm bireyler ve modeller <a href=\"https:\/\/camround.com\/tr\/\">CamRound<\/a>.com kullan\u0131c\u0131lar\u0131n\u0131n, bildi\u011fimiz kadar\u0131yla, en az 18 ya\u015f\u0131nda olmalar\u0131 gerekmektedir.<\/p>\n<h2>Ortakl\u0131k \u0130li\u015fkisi<\/h2>\n<p>CamRound.com hi\u00e7bir \u015feye sahip de\u011fildir, i\u015fletmez veya kontrol etmez <a href=\"https:\/\/camround.com\/tr\/ometv\/\">web kameras\u0131<\/a>, <a href=\"https:\/\/camround.com\/tr\/coomeet\/\">g\u00f6r\u00fcnt\u00fcl\u00fc sohbet<\/a>veya <a href=\"https:\/\/camround.com\/tr\/ftf-live\/\">canl\u0131<\/a> Bu web sitesinde bahsedilen, g\u00f6r\u00fcnt\u00fclenen veya ba\u011flant\u0131s\u0131 verilen yay\u0131n platformlar\u0131 veya hizmetleri. CamRound.com, yaln\u0131zca bir i\u015ftirak ve inceleme web sitesi olarak faaliyet g\u00f6stermektedir. Model veya sanat\u00e7\u0131lar\u0131n yer ald\u0131\u011f\u0131 hi\u00e7bir proje, performans veya etkinli\u011fi istihdam etmiyor, s\u00f6zle\u015fmeye ba\u011flam\u0131yor, y\u00f6netmiyor veya ba\u015fka bir \u015fekilde organize etmiyoruz. 18 USC B\u00f6l\u00fcm 2257&#039;ye tam uyum - dok\u00fcmantasyon, ya\u015f do\u011frulama ve kay\u0131t tutma dahil - yaln\u0131zca i\u015ftirak ortaklar\u0131m\u0131z\u0131n ve \u00fc\u00e7\u00fcnc\u00fc taraf hizmetlerinin operat\u00f6rlerinin sorumlulu\u011fundad\u0131r.<\/p>\n<h2>\u00dc\u00e7\u00fcnc\u00fc Taraf \u0130\u00e7eri\u011fi<\/h2>\n<p>CamRound.com, sitemizden ba\u011flant\u0131 verilen harici platformlarda yer alan kullan\u0131c\u0131 taraf\u0131ndan olu\u015fturulan veya model taraf\u0131ndan \u00fcretilen hi\u00e7bir i\u00e7eri\u011fi olu\u015fturmaz, bar\u0131nd\u0131rmaz veya y\u00f6netmez. Kullan\u0131c\u0131 y\u00fcklemeleri, canl\u0131 yay\u0131nlar ve model performanslar\u0131 dahil olmak \u00fczere t\u00fcm bu i\u00e7erikler, CamRound.com taraf\u0131ndan de\u011fil, yaln\u0131zca ilgili \u00fc\u00e7\u00fcnc\u00fc taraf platform operat\u00f6rleri taraf\u0131ndan y\u00f6netilir ve kontrol edilir.<\/p>\n<p>Rol\u00fcm\u00fcz, \u00fc\u00e7\u00fcnc\u00fc taraf hizmetleri incelemek, \u00f6nermek ve bu hizmetlere ba\u011fl\u0131 kurulu\u015f ba\u011flant\u0131lar\u0131 sa\u011flamakla s\u0131n\u0131rl\u0131d\u0131r. CamRound.com&#039;da sa\u011flanan ba\u011flant\u0131lar arac\u0131l\u0131\u011f\u0131yla hizmetlere kaydolmay\u0131 veya bu hizmetleri kullanmay\u0131 se\u00e7en herhangi bir kullan\u0131c\u0131, CamRound.com veya personelinin herhangi bir kat\u0131l\u0131m\u0131 veya m\u00fcdahalesi olmaks\u0131z\u0131n, do\u011frudan ilgili \u00fc\u00e7\u00fcnc\u00fc taraf platformuyla bunu yapar.<\/p>\n<h2>\u0130\u00e7erik Denetimi ve Standartlar\u0131<\/h2>\n<p>CamRound.com, m\u00fcstehcen, ahlaks\u0131z veya iftira niteli\u011findeki materyallerin olu\u015fturulmas\u0131n\u0131 veya da\u011f\u0131t\u0131m\u0131n\u0131 onaylamaz veya desteklemez. Tamamen kendi takdirimize ba\u011fl\u0131 olarak standartlar\u0131m\u0131z\u0131 ihlal etti\u011fini tespit etti\u011fimiz harici i\u00e7eriklere y\u00f6nelik ba\u011flant\u0131lar\u0131 veya referanslar\u0131 kald\u0131rma hakk\u0131m\u0131z\u0131 sakl\u0131 tutar\u0131z.<\/p>\n<h2>\u0130\u00e7erik CamRound.com taraf\u0131ndan \u00fcretilmi\u015ftir<\/h2>\n<p>CamRound.com veya temsilcileri taraf\u0131ndan do\u011frudan olu\u015fturulan veya yay\u0131nlanan hi\u00e7bir materyal erotik veya pornografik nitelikte de\u011fildir ve 18 USC B\u00f6l\u00fcm 2257&#039;nin gerekliliklerine tabi de\u011fildir.<\/p>\n<h2>Belge Depolama ve Uyumluluk<\/h2>\n<p>18 USC B\u00f6l\u00fcm 2257 uyar\u0131nca gerekli t\u00fcm kay\u0131tlar ve belgeler, ba\u011fl\u0131 ortaklar\u0131m\u0131z ve ba\u011flant\u0131 sa\u011flad\u0131\u011f\u0131m\u0131z \u00fc\u00e7\u00fcnc\u00fc taraf platformlar\u0131n operat\u00f6rleri taraf\u0131ndan tutulmaktad\u0131r. CamRound.com, bu t\u00fcr uyumlulu\u011fu gerektiren i\u00e7erikler \u00fcretmedi\u011fimiz, bar\u0131nd\u0131rmad\u0131\u011f\u0131m\u0131z veya i\u015fletmedi\u011fimiz i\u00e7in herhangi bir 2257 uyumluluk kayd\u0131n\u0131 toplamaz, saklamaz veya muhafaza etmez.<\/p>\n<p>Ya\u015f do\u011frulama veya 2257 uyumlulu\u011fu ile ilgili herhangi bir soru veya endi\u015feniz varsa l\u00fctfen do\u011frudan ilgili \u00fc\u00e7\u00fcnc\u00fc taraf platform operat\u00f6r\u00fcyle ileti\u015fime ge\u00e7in.<\/p>","protected":false},"excerpt":{"rendered":"<p>Age Verification and Legal Compliance In accordance with United States law 18 U.S.C. Section 2257 (Child Protection and Obscenity Enforcement Act of 1988) and applicable international laws, all individuals and models featured on any platforms or services linked to, reviewed, or referenced by CamRound.com are, to the best of our knowledge, at least 18 years [&hellip;]<\/p>\n","protected":false},"author":1,"featured_media":0,"parent":0,"menu_order":0,"comment_status":"closed","ping_status":"closed","template":"","meta":{"footnotes":""},"class_list":["post-1221","page","type-page","status-publish","hentry"],"yoast_head":"<!-- This site is optimized with the Yoast SEO plugin v27.3 - https:\/\/yoast.com\/product\/yoast-seo-wordpress\/ -->\n<title>2257 Compliance Statement - CamRound.com<\/title>\n<meta name=\"robots\" content=\"index, follow, max-snippet:-1, max-image-preview:large, max-video-preview:-1\" \/>\n<link rel=\"canonical\" href=\"https:\/\/camround.com\/tr\/2257-compliance-statement\/\" \/>\n<meta property=\"og:locale\" content=\"tr_TR\" \/>\n<meta property=\"og:type\" content=\"article\" \/>\n<meta property=\"og:title\" content=\"2257 Compliance Statement - CamRound.com\" \/>\n<meta property=\"og:description\" content=\"Age Verification and Legal Compliance In accordance with United States law 18 U.S.C. Section 2257 (Child Protection and Obscenity Enforcement Act of 1988) and applicable international laws, all individuals and models featured on any platforms or services linked to, reviewed, or referenced by CamRound.com are, to the best of our knowledge, at least 18 years [&hellip;]\" \/>\n<meta property=\"og:url\" content=\"https:\/\/camround.com\/tr\/2257-compliance-statement\/\" \/>\n<meta property=\"og:site_name\" content=\"CamRound.com\" \/>\n<meta name=\"twitter:card\" content=\"summary_large_image\" \/>\n<meta name=\"twitter:label1\" content=\"Tahmini okuma s\u00fcresi\" \/>\n\t<meta name=\"twitter:data1\" content=\"2 dakika\" \/>\n<script type=\"application\/ld+json\" class=\"yoast-schema-graph\">{\"@context\":\"https:\\\/\\\/schema.org\",\"@graph\":[{\"@type\":\"WebPage\",\"@id\":\"https:\\\/\\\/camround.com\\\/2257-compliance-statement\\\/\",\"url\":\"https:\\\/\\\/camround.com\\\/2257-compliance-statement\\\/\",\"name\":\"2257 Compliance Statement - CamRound.com\",\"isPartOf\":{\"@id\":\"https:\\\/\\\/camround.com\\\/#website\"},\"datePublished\":\"2025-08-06T08:58:49+00:00\",\"breadcrumb\":{\"@id\":\"https:\\\/\\\/camround.com\\\/2257-compliance-statement\\\/#breadcrumb\"},\"inLanguage\":\"tr\",\"potentialAction\":[{\"@type\":\"ReadAction\",\"target\":[\"https:\\\/\\\/camround.com\\\/2257-compliance-statement\\\/\"]}]},{\"@type\":\"BreadcrumbList\",\"@id\":\"https:\\\/\\\/camround.com\\\/2257-compliance-statement\\\/#breadcrumb\",\"itemListElement\":[{\"@type\":\"ListItem\",\"position\":1,\"name\":\"Home\",\"item\":\"https:\\\/\\\/camround.com\\\/\"},{\"@type\":\"ListItem\",\"position\":2,\"name\":\"2257 Compliance Statement\"}]},{\"@type\":\"WebSite\",\"@id\":\"https:\\\/\\\/camround.com\\\/#website\",\"url\":\"https:\\\/\\\/camround.com\\\/\",\"name\":\"CamRound\",\"description\":\"Random Video Chat\",\"publisher\":{\"@id\":\"https:\\\/\\\/camround.com\\\/#organization\"},\"inLanguage\":\"tr\"},{\"@type\":\"Organization\",\"@id\":\"https:\\\/\\\/camround.com\\\/#organization\",\"name\":\"CamRound\",\"url\":\"https:\\\/\\\/camround.com\\\/\",\"logo\":{\"@type\":\"ImageObject\",\"inLanguage\":\"tr\",\"@id\":\"https:\\\/\\\/camround.com\\\/#\\\/schema\\\/logo\\\/image\\\/\",\"url\":\"https:\\\/\\\/camround.com\\\/wp-content\\\/uploads\\\/2021\\\/12\\\/C-Icon_1Color.png\",\"contentUrl\":\"https:\\\/\\\/camround.com\\\/wp-content\\\/uploads\\\/2021\\\/12\\\/C-Icon_1Color.png\",\"width\":1192,\"height\":1216,\"caption\":\"CamRound\"},\"image\":{\"@id\":\"https:\\\/\\\/camround.com\\\/#\\\/schema\\\/logo\\\/image\\\/\"}}]}<\/script>\n<!-- \/ Yoast SEO plugin. -->","yoast_head_json":{"title":"2257 Uyumluluk Beyan\u0131 - CamRound.com","robots":{"index":"index","follow":"follow","max-snippet":"max-snippet:-1","max-image-preview":"max-image-preview:large","max-video-preview":"max-video-preview:-1"},"canonical":"https:\/\/camround.com\/tr\/2257-compliance-statement\/","og_locale":"tr_TR","og_type":"article","og_title":"2257 Compliance Statement - CamRound.com","og_description":"Age Verification and Legal Compliance In accordance with United States law 18 U.S.C. Section 2257 (Child Protection and Obscenity Enforcement Act of 1988) and applicable international laws, all individuals and models featured on any platforms or services linked to, reviewed, or referenced by CamRound.com are, to the best of our knowledge, at least 18 years [&hellip;]","og_url":"https:\/\/camround.com\/tr\/2257-compliance-statement\/","og_site_name":"CamRound.com","twitter_card":"summary_large_image","twitter_misc":{"Tahmini okuma s\u00fcresi":"2 dakika"},"schema":{"@context":"https:\/\/schema.org","@graph":[{"@type":"WebPage","@id":"https:\/\/camround.com\/2257-compliance-statement\/","url":"https:\/\/camround.com\/2257-compliance-statement\/","name":"2257 Uyumluluk Beyan\u0131 - CamRound.com","isPartOf":{"@id":"https:\/\/camround.com\/#website"},"datePublished":"2025-08-06T08:58:49+00:00","breadcrumb":{"@id":"https:\/\/camround.com\/2257-compliance-statement\/#breadcrumb"},"inLanguage":"tr","potentialAction":[{"@type":"ReadAction","target":["https:\/\/camround.com\/2257-compliance-statement\/"]}]},{"@type":"BreadcrumbList","@id":"https:\/\/camround.com\/2257-compliance-statement\/#breadcrumb","itemListElement":[{"@type":"ListItem","position":1,"name":"Home","item":"https:\/\/camround.com\/"},{"@type":"ListItem","position":2,"name":"2257 Compliance Statement"}]},{"@type":"WebSite","@id":"https:\/\/camround.com\/#website","url":"https:\/\/camround.com\/","name":"CamRound","description":"Rastgele G\u00f6r\u00fcnt\u00fcl\u00fc Sohbet","publisher":{"@id":"https:\/\/camround.com\/#organization"},"inLanguage":"tr"},{"@type":"Organization","@id":"https:\/\/camround.com\/#organization","name":"CamRound","url":"https:\/\/camround.com\/","logo":{"@type":"ImageObject","inLanguage":"tr","@id":"https:\/\/camround.com\/#\/schema\/logo\/image\/","url":"https:\/\/camround.com\/wp-content\/uploads\/2021\/12\/C-Icon_1Color.png","contentUrl":"https:\/\/camround.com\/wp-content\/uploads\/2021\/12\/C-Icon_1Color.png","width":1192,"height":1216,"caption":"CamRound"},"image":{"@id":"https:\/\/camround.com\/#\/schema\/logo\/image\/"}}]}},"_links":{"self":[{"href":"https:\/\/camround.com\/tr\/wp-json\/wp\/v2\/pages\/1221","targetHints":{"allow":["GET"]}}],"collection":[{"href":"https:\/\/camround.com\/tr\/wp-json\/wp\/v2\/pages"}],"about":[{"href":"https:\/\/camround.com\/tr\/wp-json\/wp\/v2\/types\/page"}],"author":[{"embeddable":true,"href":"https:\/\/camround.com\/tr\/wp-json\/wp\/v2\/users\/1"}],"replies":[{"embeddable":true,"href":"https:\/\/camround.com\/tr\/wp-json\/wp\/v2\/comments?post=1221"}],"version-history":[{"count":1,"href":"https:\/\/camround.com\/tr\/wp-json\/wp\/v2\/pages\/1221\/revisions"}],"predecessor-version":[{"id":1222,"href":"https:\/\/camround.com\/tr\/wp-json\/wp\/v2\/pages\/1221\/revisions\/1222"}],"wp:attachment":[{"href":"https:\/\/camround.com\/tr\/wp-json\/wp\/v2\/media?parent=1221"}],"curies":[{"name":"wp","href":"https:\/\/api.w.org\/{rel}","templated":true}]}}