{"id":1225,"date":"2025-08-06T11:04:00","date_gmt":"2025-08-06T09:04:00","guid":{"rendered":"https:\/\/camround.com\/?page_id=1225"},"modified":"2025-08-06T11:04:00","modified_gmt":"2025-08-06T09:04:00","slug":"privacy-policy","status":"publish","type":"page","link":"https:\/\/camround.com\/tr\/privacy-policy\/","title":{"rendered":"Gizlilik Politikas\u0131"},"content":{"rendered":"<p>Hizmet kullan\u0131c\u0131lar\u0131m\u0131z\u0131n gizlili\u011fini korumay\u0131 taahh\u00fct ediyoruz. Bu politika, kullan\u0131c\u0131lar\u0131m\u0131z\u0131n ki\u015fisel verileriyle ilgili olarak veri denetleyicisi olarak hareket etti\u011fimiz, yani ki\u015fisel verilerin i\u015flenme ama\u00e7lar\u0131n\u0131 ve ara\u00e7lar\u0131n\u0131 belirledi\u011fimiz durumlarda ge\u00e7erlidir. <a href=\"https:\/\/camround.com\/tr\/\">CamRound<\/a>.com&#039;u kullanarak, bu politikada belirtilen \u015fekilde ki\u015fisel verilerinizin toplanmas\u0131na, i\u015flenmesine ve iletilmesine izin vermi\u015f olursunuz.<\/p>\n<h2>Ortakl\u0131k A\u00e7\u0131klamas\u0131<\/h2>\n<p>CamRound.com, bir inceleme ve ba\u011fl\u0131 kurulu\u015f web sitesi olarak faaliyet g\u00f6stermektedir. Burada incelenen veya referans verilen platformlar\u0131n, ara\u00e7lar\u0131n veya hizmetlerin sahibi veya i\u015fletmecisi de\u011filiz. Bunun yerine, kullan\u0131c\u0131lar ba\u011fl\u0131 kurulu\u015f ba\u011flant\u0131lar\u0131na t\u0131klad\u0131klar\u0131nda veya \u00f6nerilerimiz arac\u0131l\u0131\u011f\u0131yla \u00fc\u00e7\u00fcnc\u00fc taraf hizmetlerine kaydolduklar\u0131nda komisyon veya \u00fccret kazanabiliriz. \u00dc\u00e7\u00fcnc\u00fc taraf platformlar\u0131 kullan\u0131m\u0131n\u0131z\u0131n, s\u00f6z konusu platformlar\u0131n gizlilik politikalar\u0131na ve \u015fartlar\u0131na tabi oldu\u011funu l\u00fctfen unutmay\u0131n. CamRound.com&#039;dan ba\u011flant\u0131 verilen herhangi bir harici site veya hizmetin gizlilik uygulamalar\u0131ndan veya i\u00e7eri\u011finden sorumlu de\u011filiz.<\/p>\n<h2>Ki\u015fisel Verilerinizi Nas\u0131l Kullan\u0131yoruz?<\/h2>\n<p>A\u015fa\u011f\u0131daki ki\u015fisel bilgi kategorilerini i\u015fleyebiliriz:<\/p>\n<p>Profil Verileri: Bunlara ad\u0131n\u0131z, ya\u015f\u0131n\u0131z, sosyal profillerden toplamam\u0131za izin verdi\u011finiz bilgiler, e-posta adresiniz ve profil resminiz dahil olabilir. Sosyal medyada oturum a\u00e7ma (\u00f6rne\u011fin, Facebook Oturum A\u00e7ma) kullan\u0131yorsan\u0131z, sorunsuz kay\u0131t i\u00e7in ad\u0131n\u0131za, soyad\u0131n\u0131za, cinsiyetinize, ya\u015f\u0131n\u0131za, e-postan\u0131za, konumunuza, bulundu\u011funuz yere, saat diliminize ve foto\u011fraflar\u0131n\u0131za eri\u015fim talep edebiliriz. Di\u011fer Facebook verilerine eri\u015fim talep etmiyoruz. <a href=\"https:\/\/www.facebook.com\/about\/privacy\">Facebook&#039;un gizlilik politikas\u0131na buradan ula\u015fabilirsiniz.<\/a><\/p>\n<p>Kullan\u0131m Verileri: Analiz ara\u00e7lar\u0131 arac\u0131l\u0131\u011f\u0131yla toplanan IP adresiniz, co\u011frafi konumunuz (yaln\u0131zca \u00fclke ve eyalet), taray\u0131c\u0131 t\u00fcr\u00fc\/s\u00fcr\u00fcm\u00fcn\u00fcz, i\u015fletim sisteminiz, y\u00f6nlendirme kayna\u011f\u0131n\u0131z, sitede ge\u00e7irilen s\u00fcre, sayfa g\u00f6r\u00fcnt\u00fclemeleriniz, gezinme yollar\u0131n\u0131z ve kullan\u0131m kal\u0131plar\u0131n\u0131z bu verilere dahildir. Bu veriler, hizmetimizi analiz etmemize, izlememize ve iyile\u015ftirmemize yard\u0131mc\u0131 olur.<\/p>\n<p>Sorgulama Verileri: Hizmetlerimizle ilgili olarak bizimle ileti\u015fime ge\u00e7ti\u011finizde g\u00f6nderdi\u011finiz, pazarlama ve destek ama\u00e7lar\u0131yla i\u015flenen bilgiler.<\/p>\n<p>M\u00fc\u015fteri \u0130li\u015fkileri Verileri: \u0130li\u015fkileri y\u00f6netmek ve m\u00fc\u015fterilerle ileti\u015fim kurmak i\u00e7in kullan\u0131lan ad\u0131n\u0131z\u0131, ileti\u015fim bilgilerinizi ve ileti\u015fim ge\u00e7mi\u015finizi i\u00e7erir.<\/p>\n<p>Bildirim Verileri: E-posta bildirimlerine veya haber b\u00fcltenlerine abone olmak i\u00e7in sa\u011flad\u0131\u011f\u0131n\u0131z bilgiler.<\/p>\n<p>Yaz\u0131\u015fma Verileri: \u0130leti\u015fim ve kay\u0131t tutma amac\u0131yla kullan\u0131lan ileti\u015fim i\u00e7eri\u011fi ve meta verilerini (\u00f6rne\u011fin ileti\u015fim formlar\u0131 arac\u0131l\u0131\u011f\u0131yla) i\u00e7erir.<\/p>\n<p>\u0130stemci Verileri: IP, taray\u0131c\u0131 t\u00fcr\u00fc, i\u015fletim sistemi, cihaz \u00fcreticisi ve seri\/model ayr\u0131nt\u0131lar\u0131 gibi istemci uygulaman\u0131z (taray\u0131c\u0131 veya mobil uygulama) hakk\u0131nda bilgiler.<\/p>\n<p>Mesaj Verileri: Hizmetimiz \u00fczerinden g\u00f6nderilen mesajlar arac\u0131l\u0131\u011f\u0131yla, aktar\u0131m ve hizmet y\u00f6netimi amac\u0131yla i\u015flenen bilgiler.<\/p>\n<p>\u0130leti\u015fim Verileri: Oturum s\u00fcresi ve kat\u0131l\u0131mc\u0131lar gibi di\u011fer kullan\u0131c\u0131larla ileti\u015fiminize ili\u015fkin ayr\u0131nt\u0131lar (i\u00e7erik de\u011fil).<\/p>\n<p>Yasaklama Verileri: Kullan\u0131m\/m\u00fc\u015fteri verileri gibi kullan\u0131c\u0131 yasaklamalar\u0131yla ilgili bilgiler ve gerekirse yasaklama s\u00fcrecinin bir par\u00e7as\u0131 olarak yakalanan bir g\u00f6r\u00fcnt\u00fc karesi (\u00f6rne\u011fin, \u015fikayetlere veya tespit edilen davran\u0131\u015flara yan\u0131t olarak).<\/p>\n<p>\u015eikayet Verileri: Kullan\u0131c\u0131 \u015fikayetleri kapsam\u0131nda al\u0131nan bilgiler, \u015funlar\u0131 i\u00e7erebilir: <a href=\"https:\/\/camround.com\/tr\/vidizzy\/\">Video<\/a> \u00e7er\u00e7eve resmi.<\/p>\n<p>\u0130\u015flem Verileri: Sat\u0131n al\u0131nan mal\/hizmetlerin tedariki ve kay\u0131tlar\u0131n\u0131n tutulmas\u0131 i\u00e7in kullan\u0131lan ileti\u015fim bilgileri, \u00f6deme bilgileri ve i\u015flem bilgilerini i\u00e7erir.<\/p>\n<p>G\u00fcnl\u00fck Verileri: Otomatik olarak toplan\u0131r ve IP adresi, taray\u0131c\u0131, ziyaret edilen sayfalar, saat\/tarih ve sayfalarda ge\u00e7irilen s\u00fcreyi i\u00e7erir. Bu veriler ki\u015fisel olarak tan\u0131mlanamaz ve analiz ve hizmet y\u00f6netimi i\u00e7in kullan\u0131l\u0131r.<\/p>\n<p>Hukuki, Sigorta ve Risk Verileri: Gerekti\u011finde yasal talepler, uyumluluk, sigorta kapsam\u0131, risk y\u00f6netimi veya profesyonel dan\u0131\u015fmanl\u0131k i\u00e7in ki\u015fisel verilerinizi i\u015fleyebiliriz.<\/p>\n<p>L\u00fctfen talep edilmedi\u011fi s\u00fcrece ba\u015fka bir ki\u015finin ki\u015fisel verilerini bize vermeyin.<\/p>\n<h2>Ki\u015fisel Verilerinizin Payla\u015f\u0131lmas\u0131<\/h2>\n<p>Verilerinizi a\u015fa\u011f\u0131dakilerle payla\u015fabiliriz:<\/p>\n<ul>\n<li>Sigortac\u0131lar ve sigorta, hukuki veya risk ama\u00e7l\u0131 profesyonel dan\u0131\u015fmanlar.<\/li>\n<li>\u00d6demeleri veya iadeleri kolayla\u015ft\u0131rmak i\u00e7in \u00f6deme i\u015flemcileri (\u00f6rne\u011fin Segpay, Stripe, PayPal, Apple, Google, Interkassa, SecurionPay, SMSBILL, VK).<\/li>\n<li>Kanunen gerekli olan veya hayati \u00e7\u0131karlar\u0131n veya yasal haklar\u0131n korunmas\u0131 i\u00e7in yetkiler.<\/li>\n<\/ul>\n<p>E\u015fler aras\u0131 \u00f6zellikler teknik nedenlerden dolay\u0131 IP adresinizi payla\u015fman\u0131z\u0131 gerektirebilir; bu aray\u00fczde g\u00f6sterilmez.<\/p>\n<h2>Uluslararas\u0131 Transferler<\/h2>\n<p>Bar\u0131nd\u0131rma tesislerimiz Almanya ve Amerika Birle\u015fik Devletleri&#039;nde bulunmaktad\u0131r. Kullan\u0131c\u0131 verileri bu yarg\u0131 b\u00f6lgelerine aktar\u0131labilir ve saklanabilir. B\u00f6lgenizdeki gizlilik yasalar\u0131n\u0131 anlamak sizin sorumlulu\u011funuzdad\u0131r.<\/p>\n<p>Yay\u0131mlanmak \u00fczere g\u00f6nderilen ki\u015fisel veriler internet arac\u0131l\u0131\u011f\u0131yla d\u00fcnyan\u0131n her yerinde eri\u015filebilir olabilir ve bunlar\u0131n ba\u015fkalar\u0131 taraf\u0131ndan kullan\u0131lmas\u0131n\u0131 veya k\u00f6t\u00fcye kullan\u0131lmas\u0131n\u0131 engelleyemeyiz.<\/p>\n<h2>Veri Saklama ve Silme<\/h2>\n<ul>\n<li>Hesab\u0131n\u0131z aktif oldu\u011fu s\u00fcrece veya bu politikadaki ama\u00e7lar do\u011frultusunda ihtiya\u00e7 duyuldu\u011fu s\u00fcrece profil verilerinizi saklar\u0131z.<\/li>\n<li>Uygunsuz davran\u0131\u015flarla ilgili yasak verilerinde tutulan mesajlar haricinde, mesaj kay\u0131tlar\u0131n\u0131 saklam\u0131yoruz.<\/li>\n<li>Yasaklanan veriler teknik yapt\u0131r\u0131m i\u00e7in gerekti\u011fi kadar saklan\u0131r ve s\u00fcresi dolduktan sonra silinir.<\/li>\n<li>\u0130leti\u015fim verileri (kiminle\/ne zaman ileti\u015fim kurdu\u011funuz) saklanmaz.<\/li>\n<li>Yasan\u0131n gerektirdi\u011fi durumlarda belirli verileri saklayabiliriz.<\/li>\n<\/ul>\n<h2>Veri G\u00fcvenli\u011fi<\/h2>\n<p>Verilerinizi korumak i\u00e7in end\u00fcstri standartlar\u0131nda teknik ve organizasyonel \u00f6nlemler (g\u00fcvenlik duvarlar\u0131, parola korumalar\u0131, SSL \u015fifreleme, g\u00fcvenli veri merkezleri) kullan\u0131yoruz. Yaln\u0131zca yetkili personel eri\u015febilir. Ancak, hi\u00e7bir \u00e7evrimi\u00e7i sistem g\u00fcvenli de\u011fildir. Verilerinizin tehlikeye girdi\u011finden \u015f\u00fcpheleniyorsan\u0131z, hemen bizimle ileti\u015fime ge\u00e7in.<\/p>\n<h2>Yetki Alan\u0131na G\u00f6re Gizlilik Haklar\u0131<\/h2>\n<p>Kaliforniya Sakinleri: Ki\u015fisel verilerinizin if\u015fas\u0131yla ilgili olarak Kaliforniya yasalar\u0131na g\u00f6re haklar\u0131n\u0131z bulunmaktad\u0131r. Bu haklar\u0131 kullanmak veya payla\u015f\u0131m\u0131 iptal etmek i\u00e7in bizimle ileti\u015fime ge\u00e7in. <a href=\"mailto:support@camround.com\">support@camround.com<\/a>.<\/p>\n<p>Nevada Sakinleri: Sat\u0131\u015ftan vazge\u00e7me talebinde bulunabilirsiniz. <a href=\"mailto:support@camround.com\">support@camround.com<\/a>Not: \u015eu anda, devre d\u0131\u015f\u0131 b\u0131rakma gerekliliklerini tetikleyen verileri satm\u0131yoruz.<\/p>\n<p>Kanada&#039;da \u0130kamet Edenler: Verileriniz Kanada d\u0131\u015f\u0131nda saklanabilir ve yabanc\u0131 yasalara tabi olabilir. Onay\u0131n\u0131z\u0131 istedi\u011finiz zaman geri \u00e7ekebilir ve uygulamalar\u0131m\u0131z hakk\u0131nda \u015fikayette bulunma hakk\u0131na sahipsiniz. Daha fazla bilgi i\u00e7in \u015fu adresi ziyaret edin: <a href=\"https:\/\/www.priv.gc.ca\/\">ayr\u0131cal\u0131kl\u0131.gc.ca<\/a>.<\/p>\n<p>AEA\/BK Sakinleri: Verilerinize eri\u015fme, d\u00fczeltme, silme, k\u0131s\u0131tlama veya aktarma, i\u015fleme itiraz etme veya onay\u0131n\u0131z\u0131 geri \u00e7ekme haklar\u0131n\u0131z bulunmaktad\u0131r. \u0130leti\u015fim <a href=\"mailto:support@camround.com\">support@camround.com<\/a> Haklar\u0131n\u0131z\u0131 kullanmak i\u00e7in.<\/p>\n<h2>\u00c7ocuklar\u0131n Gizlili\u011fi<\/h2>\n<p>CamRound.com, 18 ya\u015f\u0131n alt\u0131ndaki kullan\u0131c\u0131lara y\u00f6nelik de\u011fildir. Re\u015fit olmayanlardan bilerek veri toplam\u0131yoruz. Bu t\u00fcr verileri tespit edersek, bunlar\u0131 devre d\u0131\u015f\u0131 b\u0131rak\u0131p silece\u011fiz. 18 ya\u015f\u0131n alt\u0131ndaki herhangi birinden veri topland\u0131\u011f\u0131n\u0131 fark ederseniz l\u00fctfen bizimle ileti\u015fime ge\u00e7in.<\/p>\n<h2>\u00c7erezler<\/h2>\n<p>Kimlik do\u011frulama ve analiz ama\u00e7lar\u0131 i\u00e7in \u00e7erezler kullan\u0131yoruz. \u00c7erezler kal\u0131c\u0131 veya oturum bazl\u0131 olabilir. Analiz sa\u011flay\u0131c\u0131m\u0131z Google Analytics&#039;tir (<a href=\"https:\/\/www.google.com\/policies\/privacy\/\">politikaya bak\u0131n<\/a>). Ayr\u0131ca, politikalar\u0131na uygun olarak \u00e7erez ayarlayan sosyal ara\u00e7lar\u0131 (\u00f6rne\u011fin Facebook, Twitter) da kullanabiliriz.<\/p>\n<p>Taray\u0131c\u0131n\u0131z\u0131n ayarlar\u0131n\u0131 kullanarak \u00e7erezleri reddedebilir veya silebilirsiniz, ancak bu durum site i\u015flevselli\u011fini etkileyebilir.<\/p>\n<h2>D\u0131\u015f Ba\u011flant\u0131lar<\/h2>\n<p>CamRound.com, \u00fc\u00e7\u00fcnc\u00fc taraf web sitelerine ba\u011flant\u0131lar i\u00e7ermektedir. Yaln\u0131zca g\u00fcvenilir kaynaklara ba\u011flant\u0131 sa\u011flamaya \u00e7al\u0131\u015f\u0131yoruz, ancak harici sitelerin i\u00e7erik veya gizlilik uygulamalar\u0131ndan sorumlu de\u011filiz. \u00dc\u00e7\u00fcnc\u00fc taraf sitelere sa\u011flad\u0131\u011f\u0131n\u0131z t\u00fcm veriler, s\u00f6z konusu sitelerin gizlilik politikalar\u0131na tabidir.<\/p>\n<h2>\u0130zlemeyin<\/h2>\n<p>Geli\u015fen teknoloji nedeniyle, \u015fu anda taray\u0131c\u0131 \u0130zlemeyin sinyallerine y\u00f6nelik deste\u011fi garanti etmiyoruz.<\/p>\n<h2>Bu Politikadaki G\u00fcncellemeler<\/h2>\n<p>Bu politikay\u0131 zaman zaman g\u00fcncelleyebiliriz. De\u011fi\u015fiklikler i\u00e7in l\u00fctfen bu sayfay\u0131 d\u00fczenli olarak kontrol edin.<\/p>\n<h2>Temas etmek<\/h2>\n<p>Bu politika veya gizlili\u011finizle ilgili sorular\u0131n\u0131z veya endi\u015feleriniz varsa bizimle \u015fu adresten ileti\u015fime ge\u00e7in: <a href=\"mailto:support@camround.com\">support@camround.com<\/a>.<\/p>","protected":false},"excerpt":{"rendered":"<p>We are committed to safeguarding the privacy of our service users. This policy applies where we act as a data controller with respect to the personal data of our users\u2014that is, where we determine the purposes and means of processing personal data. By using CamRound.com, you consent to the collection, processing, and transmission of personal [&hellip;]<\/p>\n","protected":false},"author":1,"featured_media":0,"parent":0,"menu_order":0,"comment_status":"closed","ping_status":"closed","template":"","meta":{"footnotes":""},"class_list":["post-1225","page","type-page","status-publish","hentry"],"yoast_head":"<!-- This site is optimized with the Yoast SEO plugin v27.3 - https:\/\/yoast.com\/product\/yoast-seo-wordpress\/ -->\n<title>Privacy Policy - CamRound.com<\/title>\n<meta name=\"robots\" content=\"index, follow, max-snippet:-1, max-image-preview:large, max-video-preview:-1\" \/>\n<link rel=\"canonical\" href=\"https:\/\/camround.com\/tr\/privacy-policy\/\" \/>\n<meta property=\"og:locale\" content=\"tr_TR\" \/>\n<meta property=\"og:type\" content=\"article\" \/>\n<meta property=\"og:title\" content=\"Privacy Policy - CamRound.com\" \/>\n<meta property=\"og:description\" content=\"We are committed to safeguarding the privacy of our service users. This policy applies where we act as a data controller with respect to the personal data of our users\u2014that is, where we determine the purposes and means of processing personal data. By using CamRound.com, you consent to the collection, processing, and transmission of personal [&hellip;]\" \/>\n<meta property=\"og:url\" content=\"https:\/\/camround.com\/tr\/privacy-policy\/\" \/>\n<meta property=\"og:site_name\" content=\"CamRound.com\" \/>\n<meta name=\"twitter:card\" content=\"summary_large_image\" \/>\n<meta name=\"twitter:label1\" content=\"Tahmini okuma s\u00fcresi\" \/>\n\t<meta name=\"twitter:data1\" content=\"5 dakika\" \/>\n<script type=\"application\/ld+json\" class=\"yoast-schema-graph\">{\"@context\":\"https:\\\/\\\/schema.org\",\"@graph\":[{\"@type\":\"WebPage\",\"@id\":\"https:\\\/\\\/camround.com\\\/privacy-policy\\\/\",\"url\":\"https:\\\/\\\/camround.com\\\/privacy-policy\\\/\",\"name\":\"Privacy Policy - CamRound.com\",\"isPartOf\":{\"@id\":\"https:\\\/\\\/camround.com\\\/#website\"},\"datePublished\":\"2025-08-06T09:04:00+00:00\",\"breadcrumb\":{\"@id\":\"https:\\\/\\\/camround.com\\\/privacy-policy\\\/#breadcrumb\"},\"inLanguage\":\"tr\",\"potentialAction\":[{\"@type\":\"ReadAction\",\"target\":[\"https:\\\/\\\/camround.com\\\/privacy-policy\\\/\"]}]},{\"@type\":\"BreadcrumbList\",\"@id\":\"https:\\\/\\\/camround.com\\\/privacy-policy\\\/#breadcrumb\",\"itemListElement\":[{\"@type\":\"ListItem\",\"position\":1,\"name\":\"Home\",\"item\":\"https:\\\/\\\/camround.com\\\/\"},{\"@type\":\"ListItem\",\"position\":2,\"name\":\"Privacy Policy\"}]},{\"@type\":\"WebSite\",\"@id\":\"https:\\\/\\\/camround.com\\\/#website\",\"url\":\"https:\\\/\\\/camround.com\\\/\",\"name\":\"CamRound\",\"description\":\"Random Video Chat\",\"publisher\":{\"@id\":\"https:\\\/\\\/camround.com\\\/#organization\"},\"inLanguage\":\"tr\"},{\"@type\":\"Organization\",\"@id\":\"https:\\\/\\\/camround.com\\\/#organization\",\"name\":\"CamRound\",\"url\":\"https:\\\/\\\/camround.com\\\/\",\"logo\":{\"@type\":\"ImageObject\",\"inLanguage\":\"tr\",\"@id\":\"https:\\\/\\\/camround.com\\\/#\\\/schema\\\/logo\\\/image\\\/\",\"url\":\"https:\\\/\\\/camround.com\\\/wp-content\\\/uploads\\\/2021\\\/12\\\/C-Icon_1Color.png\",\"contentUrl\":\"https:\\\/\\\/camround.com\\\/wp-content\\\/uploads\\\/2021\\\/12\\\/C-Icon_1Color.png\",\"width\":1192,\"height\":1216,\"caption\":\"CamRound\"},\"image\":{\"@id\":\"https:\\\/\\\/camround.com\\\/#\\\/schema\\\/logo\\\/image\\\/\"}}]}<\/script>\n<!-- \/ Yoast SEO plugin. -->","yoast_head_json":{"title":"Gizlilik Politikas\u0131 - CamRound.com","robots":{"index":"index","follow":"follow","max-snippet":"max-snippet:-1","max-image-preview":"max-image-preview:large","max-video-preview":"max-video-preview:-1"},"canonical":"https:\/\/camround.com\/tr\/privacy-policy\/","og_locale":"tr_TR","og_type":"article","og_title":"Privacy Policy - CamRound.com","og_description":"We are committed to safeguarding the privacy of our service users. This policy applies where we act as a data controller with respect to the personal data of our users\u2014that is, where we determine the purposes and means of processing personal data. By using CamRound.com, you consent to the collection, processing, and transmission of personal [&hellip;]","og_url":"https:\/\/camround.com\/tr\/privacy-policy\/","og_site_name":"CamRound.com","twitter_card":"summary_large_image","twitter_misc":{"Tahmini okuma s\u00fcresi":"5 dakika"},"schema":{"@context":"https:\/\/schema.org","@graph":[{"@type":"WebPage","@id":"https:\/\/camround.com\/privacy-policy\/","url":"https:\/\/camround.com\/privacy-policy\/","name":"Gizlilik Politikas\u0131 - CamRound.com","isPartOf":{"@id":"https:\/\/camround.com\/#website"},"datePublished":"2025-08-06T09:04:00+00:00","breadcrumb":{"@id":"https:\/\/camround.com\/privacy-policy\/#breadcrumb"},"inLanguage":"tr","potentialAction":[{"@type":"ReadAction","target":["https:\/\/camround.com\/privacy-policy\/"]}]},{"@type":"BreadcrumbList","@id":"https:\/\/camround.com\/privacy-policy\/#breadcrumb","itemListElement":[{"@type":"ListItem","position":1,"name":"Home","item":"https:\/\/camround.com\/"},{"@type":"ListItem","position":2,"name":"Privacy Policy"}]},{"@type":"WebSite","@id":"https:\/\/camround.com\/#website","url":"https:\/\/camround.com\/","name":"CamRound","description":"Rastgele G\u00f6r\u00fcnt\u00fcl\u00fc Sohbet","publisher":{"@id":"https:\/\/camround.com\/#organization"},"inLanguage":"tr"},{"@type":"Organization","@id":"https:\/\/camround.com\/#organization","name":"CamRound","url":"https:\/\/camround.com\/","logo":{"@type":"ImageObject","inLanguage":"tr","@id":"https:\/\/camround.com\/#\/schema\/logo\/image\/","url":"https:\/\/camround.com\/wp-content\/uploads\/2021\/12\/C-Icon_1Color.png","contentUrl":"https:\/\/camround.com\/wp-content\/uploads\/2021\/12\/C-Icon_1Color.png","width":1192,"height":1216,"caption":"CamRound"},"image":{"@id":"https:\/\/camround.com\/#\/schema\/logo\/image\/"}}]}},"_links":{"self":[{"href":"https:\/\/camround.com\/tr\/wp-json\/wp\/v2\/pages\/1225","targetHints":{"allow":["GET"]}}],"collection":[{"href":"https:\/\/camround.com\/tr\/wp-json\/wp\/v2\/pages"}],"about":[{"href":"https:\/\/camround.com\/tr\/wp-json\/wp\/v2\/types\/page"}],"author":[{"embeddable":true,"href":"https:\/\/camround.com\/tr\/wp-json\/wp\/v2\/users\/1"}],"replies":[{"embeddable":true,"href":"https:\/\/camround.com\/tr\/wp-json\/wp\/v2\/comments?post=1225"}],"version-history":[{"count":1,"href":"https:\/\/camround.com\/tr\/wp-json\/wp\/v2\/pages\/1225\/revisions"}],"predecessor-version":[{"id":1226,"href":"https:\/\/camround.com\/tr\/wp-json\/wp\/v2\/pages\/1225\/revisions\/1226"}],"wp:attachment":[{"href":"https:\/\/camround.com\/tr\/wp-json\/wp\/v2\/media?parent=1225"}],"curies":[{"name":"wp","href":"https:\/\/api.w.org\/{rel}","templated":true}]}}