{"id":1227,"date":"2025-08-06T11:06:15","date_gmt":"2025-08-06T09:06:15","guid":{"rendered":"https:\/\/camround.com\/?page_id=1227"},"modified":"2025-08-06T11:06:15","modified_gmt":"2025-08-06T09:06:15","slug":"refunds-chargeback","status":"publish","type":"page","link":"https:\/\/camround.com\/tr\/refunds-chargeback\/","title":{"rendered":"\u0130adeler ve Geri \u00d6demeler"},"content":{"rendered":"<p>Ziyaretiniz i\u00e7in te\u015fekk\u00fcr ederiz <a href=\"https:\/\/camround.com\/tr\/\">CamRound<\/a>.com. L\u00fctfen bu web sitesindeki ba\u011flant\u0131lar arac\u0131l\u0131\u011f\u0131yla yap\u0131lan sat\u0131n al\u0131mlarla ilgili t\u00fcm faturaland\u0131rma, iade, geri \u00f6deme ve m\u00fc\u015fteri deste\u011fi taleplerinin yaln\u0131zca a\u015fa\u011f\u0131dakiler taraf\u0131ndan y\u00f6netildi\u011fini unutmay\u0131n: <a href=\"https:\/\/camround.com\/tr\/coomeet\/\">CooMeet<\/a>Ba\u011f\u0131ms\u0131z bir i\u015ftirak olarak CamRound.com, \u00f6demeleri i\u015flemez, faturaland\u0131rma veya \u00f6deme sorunlar\u0131n\u0131 ele almaz veya CooMeet hizmetlerini i\u00e7eren i\u015flemler i\u00e7in do\u011frudan m\u00fc\u015fteri deste\u011fi sa\u011flamaz.<\/p>\n<h2>Dijital \u00dcr\u00fcnler ve Hizmetler<\/h2>\n<p>CamRound.com, abonelikler, premium \u00fcyelikler ve ek \u00f6zellikler gibi CooMeet taraf\u0131ndan sa\u011flanan dijital \u00fcr\u00fcn ve hizmetleri tan\u0131t\u0131r. Bu teklifler somut olmay\u0131p, \u00fc\u00e7\u00fcnc\u00fc taraf platform taraf\u0131ndan dijital olarak sunulur.<\/p>\n<p>Herhangi bir sat\u0131n alma i\u015flemi yapmadan \u00f6nce, \u00fcr\u00fcn veya hizmet a\u00e7\u0131klamas\u0131n\u0131 dikkatlice inceleyerek ihtiya\u00e7lar\u0131n\u0131za ve beklentilerinize uygun oldu\u011fundan emin olman\u0131z\u0131 \u00f6nemle tavsiye ederiz.<\/p>\n<p>\u00d6zellikler, fiyatland\u0131rma, abonelik ko\u015fullar\u0131 veya hizmet ayr\u0131nt\u0131lar\u0131 hakk\u0131nda herhangi bir sorunuz varsa, l\u00fctfen sat\u0131n alma i\u015fleminizi tamamlamadan \u00f6nce CooMeet&#039;in resmi destek ekibiyle ileti\u015fime ge\u00e7in. CamRound.com, herhangi bir \u00fcr\u00fcn veya hizmet ayr\u0131nt\u0131s\u0131n\u0131 a\u00e7\u0131klama veya de\u011fi\u015ftirme yetkisine sahip de\u011fildir.<\/p>\n<h2>\u0130ade Politikas\u0131<\/h2>\n<p>\u00d6deme i\u015flemlerinden yaln\u0131zca CooMeet sorumlu oldu\u011fundan, t\u00fcm iade talepleri m\u00fc\u015fteri destek ekibine y\u00f6nlendirilmelidir. \u0130adeler, a\u015fa\u011f\u0131dakiler de dahil olmak \u00fczere belirli ko\u015fullar alt\u0131nda de\u011ferlendirilebilir:<\/p>\n<ul>\n<li>Yinelenen i\u015flemler<\/li>\n<li>Teknik hatalar<\/li>\n<li>Yetkisiz \u00fccretler<\/li>\n<\/ul>\n<p>CooMeet&#039;ten geri \u00f6deme talep etmek i\u00e7in \u015funlar\u0131 sa\u011flaman\u0131z gerekir:<\/p>\n<ul>\n<li>\u00d6deme tarihi ve tutar\u0131<\/li>\n<li>Kullan\u0131lan \u00f6deme y\u00f6ntemi<\/li>\n<li>\u0130\u015flem kimli\u011fi veya sipari\u015f numaras\u0131<\/li>\n<li>Geri \u00f6deme talebinizin nedeni<\/li>\n<\/ul>\n<p>\u0130adeniz onaylan\u0131rsa, bankan\u0131z\u0131n veya kart\u0131n\u0131z\u0131 veren kurulu\u015fun iadeyi i\u015flemesi i\u00e7in l\u00fctfen 3-10 i\u015f g\u00fcn\u00fc bekleyin. CamRound.com, CooMeet taraf\u0131ndan yap\u0131lan iadelerin zamanlamas\u0131n\u0131 takip edemez, h\u0131zland\u0131ramaz veya etkileyemez. Durum g\u00fcncellemeleri i\u00e7in l\u00fctfen do\u011frudan CooMeet destek ekibiyle ileti\u015fime ge\u00e7in.<\/p>\n<h2>Geri \u00f6demeler<\/h2>\n<p>Geri \u00f6deme yapmay\u0131 d\u00fc\u015f\u00fcn\u00fcyorsan\u0131z, sorununuzu \u00e7\u00f6zmek i\u00e7in \u00f6ncelikle CooMeet destek ekibiyle ileti\u015fime ge\u00e7menizi \u00f6nemle tavsiye ederiz. Yard\u0131m almadan geri \u00f6deme ba\u015flatmak, \u00e7\u00f6z\u00fcm s\u00fcrecinizi geciktirebilir ve CooMeet hesab\u0131n\u0131zda veya gelecekteki eri\u015fiminizde k\u0131s\u0131tlamalara yol a\u00e7abilir.<\/p>\n<p>T\u00fcm geri \u00f6deme talepleri CooMeet taraf\u0131ndan incelenir. Sahte veya kan\u0131ts\u0131z bir geri \u00f6deme talebinde bulunmak, hizmet \u015fartlar\u0131n\u0131 ihlal edebilir ve hesab\u0131n ask\u0131ya al\u0131nmas\u0131na neden olabilir.<\/p>\n<h2>\u00dc\u00e7\u00fcnc\u00fc Taraf Hizmetleri ve Ba\u011flant\u0131lar\u0131<\/h2>\n<p>CamRound.com, CooMeet dahil olmak \u00fczere \u00fc\u00e7\u00fcnc\u00fc taraf platform ve hizmetlerine ba\u011flant\u0131lar i\u00e7erir. Bu ba\u011flant\u0131lar arac\u0131l\u0131\u011f\u0131yla eri\u015filen t\u00fcm \u00fcr\u00fcn veya hizmetler, \u00fc\u00e7\u00fcnc\u00fc taraf\u0131n h\u00fck\u00fcm ve politikalar\u0131na tabidir.<\/p>\n<p>Harici hizmetlerin i\u015fleyi\u015finden, i\u00e7eri\u011finden veya m\u00fc\u015fteri deste\u011finden sorumlu de\u011filiz ve \u00f6deme veya iade s\u00fcre\u00e7lerine m\u00fcdahale edemeyiz. \u00dc\u00e7\u00fcnc\u00fc taraf sa\u011flay\u0131c\u0131larla ilgili herhangi bir sat\u0131n alma sorunu i\u00e7in l\u00fctfen do\u011frudan ilgili destek ekibiyle ileti\u015fime ge\u00e7in.<\/p>\n<h2>CamRound.com ile ileti\u015fime ge\u00e7me<\/h2>\n<p>Web sitemizin i\u00e7eri\u011fi veya CooMeet ile olan ortakl\u0131k ili\u015fkimiz hakk\u0131nda sorular\u0131n\u0131z varsa, ileti\u015fim sayfam\u0131z arac\u0131l\u0131\u011f\u0131yla bizimle ileti\u015fime ge\u00e7ebilirsiniz. Ancak, CamRound.com&#039;un CooMeet veya di\u011fer \u00fc\u00e7\u00fcnc\u00fc taraf hizmetleriyle ilgili faturaland\u0131rma, iade veya abonelik konular\u0131nda yard\u0131mc\u0131 olamayaca\u011f\u0131n\u0131 l\u00fctfen unutmay\u0131n; bu konular do\u011frudan ilgili sa\u011flay\u0131c\u0131ya iletilmelidir.<\/p>","protected":false},"excerpt":{"rendered":"<p>Thank you for visiting CamRound.com. Please note that all billing, refunds, chargebacks, and customer support inquiries related to purchases made through links on this website are exclusively managed by CooMeet. As an independent affiliate, CamRound.com does not process payments, handle billing or payment issues, or provide direct customer support for transactions involving CooMeet services. Digital [&hellip;]<\/p>\n","protected":false},"author":1,"featured_media":0,"parent":0,"menu_order":0,"comment_status":"closed","ping_status":"closed","template":"","meta":{"footnotes":""},"class_list":["post-1227","page","type-page","status-publish","hentry"],"yoast_head":"<!-- This site is optimized with the Yoast SEO plugin v27.3 - https:\/\/yoast.com\/product\/yoast-seo-wordpress\/ -->\n<title>Refunds &amp; Chargeback - CamRound.com<\/title>\n<meta name=\"robots\" content=\"index, follow, max-snippet:-1, max-image-preview:large, max-video-preview:-1\" \/>\n<link rel=\"canonical\" href=\"https:\/\/camround.com\/tr\/refunds-chargeback\/\" \/>\n<meta property=\"og:locale\" content=\"tr_TR\" \/>\n<meta property=\"og:type\" content=\"article\" \/>\n<meta property=\"og:title\" content=\"Refunds &amp; Chargeback - CamRound.com\" \/>\n<meta property=\"og:description\" content=\"Thank you for visiting CamRound.com. Please note that all billing, refunds, chargebacks, and customer support inquiries related to purchases made through links on this website are exclusively managed by CooMeet. As an independent affiliate, CamRound.com does not process payments, handle billing or payment issues, or provide direct customer support for transactions involving CooMeet services. Digital [&hellip;]\" \/>\n<meta property=\"og:url\" content=\"https:\/\/camround.com\/tr\/refunds-chargeback\/\" \/>\n<meta property=\"og:site_name\" content=\"CamRound.com\" \/>\n<meta name=\"twitter:card\" content=\"summary_large_image\" \/>\n<meta name=\"twitter:label1\" content=\"Tahmini okuma s\u00fcresi\" \/>\n\t<meta name=\"twitter:data1\" content=\"2 dakika\" \/>\n<script type=\"application\/ld+json\" class=\"yoast-schema-graph\">{\"@context\":\"https:\\\/\\\/schema.org\",\"@graph\":[{\"@type\":\"WebPage\",\"@id\":\"https:\\\/\\\/camround.com\\\/refunds-chargeback\\\/\",\"url\":\"https:\\\/\\\/camround.com\\\/refunds-chargeback\\\/\",\"name\":\"Refunds & Chargeback - CamRound.com\",\"isPartOf\":{\"@id\":\"https:\\\/\\\/camround.com\\\/#website\"},\"datePublished\":\"2025-08-06T09:06:15+00:00\",\"breadcrumb\":{\"@id\":\"https:\\\/\\\/camround.com\\\/refunds-chargeback\\\/#breadcrumb\"},\"inLanguage\":\"tr\",\"potentialAction\":[{\"@type\":\"ReadAction\",\"target\":[\"https:\\\/\\\/camround.com\\\/refunds-chargeback\\\/\"]}]},{\"@type\":\"BreadcrumbList\",\"@id\":\"https:\\\/\\\/camround.com\\\/refunds-chargeback\\\/#breadcrumb\",\"itemListElement\":[{\"@type\":\"ListItem\",\"position\":1,\"name\":\"Home\",\"item\":\"https:\\\/\\\/camround.com\\\/\"},{\"@type\":\"ListItem\",\"position\":2,\"name\":\"Refunds &#038; Chargeback\"}]},{\"@type\":\"WebSite\",\"@id\":\"https:\\\/\\\/camround.com\\\/#website\",\"url\":\"https:\\\/\\\/camround.com\\\/\",\"name\":\"CamRound\",\"description\":\"Random Video Chat\",\"publisher\":{\"@id\":\"https:\\\/\\\/camround.com\\\/#organization\"},\"inLanguage\":\"tr\"},{\"@type\":\"Organization\",\"@id\":\"https:\\\/\\\/camround.com\\\/#organization\",\"name\":\"CamRound\",\"url\":\"https:\\\/\\\/camround.com\\\/\",\"logo\":{\"@type\":\"ImageObject\",\"inLanguage\":\"tr\",\"@id\":\"https:\\\/\\\/camround.com\\\/#\\\/schema\\\/logo\\\/image\\\/\",\"url\":\"https:\\\/\\\/camround.com\\\/wp-content\\\/uploads\\\/2021\\\/12\\\/C-Icon_1Color.png\",\"contentUrl\":\"https:\\\/\\\/camround.com\\\/wp-content\\\/uploads\\\/2021\\\/12\\\/C-Icon_1Color.png\",\"width\":1192,\"height\":1216,\"caption\":\"CamRound\"},\"image\":{\"@id\":\"https:\\\/\\\/camround.com\\\/#\\\/schema\\\/logo\\\/image\\\/\"}}]}<\/script>\n<!-- \/ Yoast SEO plugin. -->","yoast_head_json":{"title":"\u0130adeler ve Geri \u00d6deme - CamRound.com","robots":{"index":"index","follow":"follow","max-snippet":"max-snippet:-1","max-image-preview":"max-image-preview:large","max-video-preview":"max-video-preview:-1"},"canonical":"https:\/\/camround.com\/tr\/refunds-chargeback\/","og_locale":"tr_TR","og_type":"article","og_title":"Refunds & Chargeback - CamRound.com","og_description":"Thank you for visiting CamRound.com. Please note that all billing, refunds, chargebacks, and customer support inquiries related to purchases made through links on this website are exclusively managed by CooMeet. As an independent affiliate, CamRound.com does not process payments, handle billing or payment issues, or provide direct customer support for transactions involving CooMeet services. Digital [&hellip;]","og_url":"https:\/\/camround.com\/tr\/refunds-chargeback\/","og_site_name":"CamRound.com","twitter_card":"summary_large_image","twitter_misc":{"Tahmini okuma s\u00fcresi":"2 dakika"},"schema":{"@context":"https:\/\/schema.org","@graph":[{"@type":"WebPage","@id":"https:\/\/camround.com\/refunds-chargeback\/","url":"https:\/\/camround.com\/refunds-chargeback\/","name":"\u0130adeler ve Geri \u00d6deme - CamRound.com","isPartOf":{"@id":"https:\/\/camround.com\/#website"},"datePublished":"2025-08-06T09:06:15+00:00","breadcrumb":{"@id":"https:\/\/camround.com\/refunds-chargeback\/#breadcrumb"},"inLanguage":"tr","potentialAction":[{"@type":"ReadAction","target":["https:\/\/camround.com\/refunds-chargeback\/"]}]},{"@type":"BreadcrumbList","@id":"https:\/\/camround.com\/refunds-chargeback\/#breadcrumb","itemListElement":[{"@type":"ListItem","position":1,"name":"Home","item":"https:\/\/camround.com\/"},{"@type":"ListItem","position":2,"name":"Refunds &#038; Chargeback"}]},{"@type":"WebSite","@id":"https:\/\/camround.com\/#website","url":"https:\/\/camround.com\/","name":"CamRound","description":"Rastgele G\u00f6r\u00fcnt\u00fcl\u00fc Sohbet","publisher":{"@id":"https:\/\/camround.com\/#organization"},"inLanguage":"tr"},{"@type":"Organization","@id":"https:\/\/camround.com\/#organization","name":"CamRound","url":"https:\/\/camround.com\/","logo":{"@type":"ImageObject","inLanguage":"tr","@id":"https:\/\/camround.com\/#\/schema\/logo\/image\/","url":"https:\/\/camround.com\/wp-content\/uploads\/2021\/12\/C-Icon_1Color.png","contentUrl":"https:\/\/camround.com\/wp-content\/uploads\/2021\/12\/C-Icon_1Color.png","width":1192,"height":1216,"caption":"CamRound"},"image":{"@id":"https:\/\/camround.com\/#\/schema\/logo\/image\/"}}]}},"_links":{"self":[{"href":"https:\/\/camround.com\/tr\/wp-json\/wp\/v2\/pages\/1227","targetHints":{"allow":["GET"]}}],"collection":[{"href":"https:\/\/camround.com\/tr\/wp-json\/wp\/v2\/pages"}],"about":[{"href":"https:\/\/camround.com\/tr\/wp-json\/wp\/v2\/types\/page"}],"author":[{"embeddable":true,"href":"https:\/\/camround.com\/tr\/wp-json\/wp\/v2\/users\/1"}],"replies":[{"embeddable":true,"href":"https:\/\/camround.com\/tr\/wp-json\/wp\/v2\/comments?post=1227"}],"version-history":[{"count":1,"href":"https:\/\/camround.com\/tr\/wp-json\/wp\/v2\/pages\/1227\/revisions"}],"predecessor-version":[{"id":1228,"href":"https:\/\/camround.com\/tr\/wp-json\/wp\/v2\/pages\/1227\/revisions\/1228"}],"wp:attachment":[{"href":"https:\/\/camround.com\/tr\/wp-json\/wp\/v2\/media?parent=1227"}],"curies":[{"name":"wp","href":"https:\/\/api.w.org\/{rel}","templated":true}]}}