{"id":1229,"date":"2025-08-06T11:09:04","date_gmt":"2025-08-06T09:09:04","guid":{"rendered":"https:\/\/camround.com\/?page_id=1229"},"modified":"2025-08-06T11:09:04","modified_gmt":"2025-08-06T09:09:04","slug":"terms-conditions","status":"publish","type":"page","link":"https:\/\/camround.com\/tr\/terms-conditions\/","title":{"rendered":"\u015eartlar ve Ko\u015fullar"},"content":{"rendered":"<p>Bu belge (&quot;Hizmet \u015eartlar\u0131&quot;, &quot;\u015eartlar&quot;, &quot;Kullan\u0131c\u0131 S\u00f6zle\u015fmesi&quot; veya &quot;S\u00f6zle\u015fme&quot;), bireyler, i\u015fletmeler veya kurulu\u015flar olsun, kullan\u0131c\u0131lar (&quot;siz&quot;, &quot;sizin&quot;, &quot;Kullan\u0131c\u0131&quot;, &quot;Ziyaret\u00e7i&quot;) aras\u0131nda yasal olarak ba\u011flay\u0131c\u0131 bir s\u00f6zle\u015fme olu\u015fturur ve <a href=\"https:\/\/camround.com\/tr\/\">CamRound<\/a>.com (ayr\u0131ca &quot;CamRound&quot;, &quot;\u015eirket&quot;, &quot;Web Sitesi&quot; veya &quot;Site&quot; olarak da an\u0131l\u0131r). &quot;Biz&quot;, &quot;bize&quot; veya &quot;bizim&quot; ifadeleri CamRound.com&#039;u ifade eder.<\/p>\n<h2>Ortakl\u0131k ve \u00dc\u00e7\u00fcnc\u00fc Taraf Sorumluluk Reddi<\/h2>\n<p>CamRound.com bir inceleme ve ortakl\u0131k platformudur. Bu sitede incelenen, ba\u011flant\u0131 verilen veya referans verilen ara\u00e7lar\u0131n, platformlar\u0131n veya hizmetlerin sahibi veya i\u015fletmecisi de\u011filiz. Kullan\u0131c\u0131lar ortakl\u0131k ba\u011flant\u0131lar\u0131na t\u0131klad\u0131klar\u0131nda veya \u00f6nerilerimiz arac\u0131l\u0131\u011f\u0131yla \u00fc\u00e7\u00fcnc\u00fc taraf hizmetlerine kaydolduklar\u0131nda komisyon veya \u00fccret kazanabiliriz. Herhangi bir \u00fc\u00e7\u00fcnc\u00fc taraf hizmetini kullanman\u0131z kendi sorumlulu\u011funuzdad\u0131r ve ilgili sa\u011flay\u0131c\u0131lar\u0131n h\u00fck\u00fcm ve politikalar\u0131na tabidir. CamRound.com&#039;da yer alan veya ba\u011flant\u0131 verilen herhangi bir \u00fc\u00e7\u00fcnc\u00fc taraf site veya hizmetin i\u00e7eri\u011fi, uygulamalar\u0131 veya politikalar\u0131yla ilgili hi\u00e7bir sorumluluk kabul etmiyoruz.<\/p>\n<h2>Uygunluk<\/h2>\n<p>CamRound.com&#039;a ve hizmetlerine eri\u015ferek ve bunlar\u0131 kullanarak en az 18 ya\u015f\u0131nda oldu\u011funuzu (veya 18&#039;den b\u00fcy\u00fckseniz yarg\u0131 b\u00f6lgenizdeki yasal ya\u015fta oldu\u011funuzu) onayl\u0131yorsunuz.<\/p>\n<p>Web Sitemizi kullanarak, bu \u015eartlara, Kurallar\u0131m\u0131za, Gizlilik Politikam\u0131za ve \u0130ade Politikam\u0131za uymay\u0131 kabul etmi\u015f olursunuz.<\/p>\n<h2>Web Sitesine Eri\u015fim ve Kullan\u0131m<\/h2>\n<p>CamRound.com&#039;a eri\u015fim ve kullan\u0131m\u0131n\u0131z i\u00e7in size, bu \u015eartlar&#039;a uygun olarak m\u00fcnhas\u0131r olmayan, devredilemez ve iptal edilebilir bir lisans veriyoruz. Haklar\u0131n\u0131z devredilemez veya devredilemez.<\/p>\n<p>Bu S\u00f6zle\u015fme, sizinle aram\u0131zda herhangi bir ortakl\u0131k, ortak giri\u015fim, istihdam, acentelik veya franchise veren-franchise alan ili\u015fkisi yaratmaz.<\/p>\n<p>Bak\u0131m, g\u00fcncelleme, teknik, hukuki, ticari veya ba\u015fka herhangi bir me\u015fru sebepten dolay\u0131 Web Sitesini ge\u00e7ici veya kal\u0131c\u0131 olarak ask\u0131ya alma veya durdurma hakk\u0131m\u0131z\u0131 sakl\u0131 tutar\u0131z. Donan\u0131m veya yaz\u0131l\u0131m ar\u0131zalar\u0131, bilgisayar korsan\u0131 sald\u0131r\u0131lar\u0131 veya m\u00fccbir sebepler dahil ancak bunlarla s\u0131n\u0131rl\u0131 olmamak \u00fczere, kullan\u0131lamama veya teknik sorunlardan kaynaklanan hi\u00e7bir zarar veya hasardan sorumlu de\u011filiz.<\/p>\n<p>\u0130nternet ve veri ba\u011flant\u0131 masraflar\u0131n\u0131z size aittir. CamRound.com&#039;u kullanmadan \u00f6nce olas\u0131 maliyetler konusunda bilgi sahibi olman\u0131z\u0131 \u00f6neririz.<\/p>\n<h2>Kullan\u0131c\u0131 \u0130\u00e7eri\u011fi<\/h2>\n<p>Kullan\u0131c\u0131lar metin, ses ve <a href=\"https:\/\/camround.com\/tr\/vidizzy\/\">Video<\/a> Ba\u015fkalar\u0131na bilgi sa\u011flamak. CamRound.com arac\u0131l\u0131\u011f\u0131yla herhangi bir kullan\u0131c\u0131 i\u00e7eri\u011fini kullan\u0131ma sunarak, bize bu i\u00e7eri\u011fi CamRound.com ve \u00fc\u00e7\u00fcnc\u00fc taraf web sitelerinde veya bunlar arac\u0131l\u0131\u011f\u0131yla kullanma, uyarlama, de\u011fi\u015ftirme, da\u011f\u0131tma, g\u00f6r\u00fcnt\u00fcleme, uygulama ve ba\u015fka \u015fekillerde kullanma hakk\u0131 (ticari ama\u00e7lar da dahil olmak \u00fczere) i\u00e7in d\u00fcnya \u00e7ap\u0131nda, geri al\u0131namaz, s\u00fcrekli, m\u00fcnhas\u0131r olmayan, devredilebilir ve telifsiz bir lisans (alt lisans verme hakk\u0131yla birlikte) vermi\u015f olursunuz.<\/p>\n<p>\u0130\u00e7eri\u011finizin m\u00fclkiyetini talep etmiyoruz ve bu S\u00f6zle\u015fme&#039;deki hi\u00e7bir h\u00fck\u00fcm kendi i\u00e7eri\u011finizle ilgili haklar\u0131n\u0131z\u0131 k\u0131s\u0131tlamaz. Ancak, Web Sitesi arac\u0131l\u0131\u011f\u0131yla kullan\u0131ma sundu\u011funuz t\u00fcm i\u00e7eriklerden yaln\u0131zca siz sorumlusunuz. G\u00f6nderdi\u011finiz i\u00e7eri\u011fin sahibi oldu\u011funuzu veya gerekli t\u00fcm haklara sahip oldu\u011funuzu ve bu i\u00e7eri\u011fin herhangi bir \u00fc\u00e7\u00fcnc\u00fc taraf hakk\u0131n\u0131 veya y\u00fcr\u00fcrl\u00fckteki yasalar\u0131 ihlal etmedi\u011fini beyan ve garanti edersiniz.<\/p>\n<p>CamRound.com&#039;daki di\u011fer t\u00fcm i\u00e7erikler (grafikler ve kullan\u0131c\u0131 aray\u00fcz\u00fc tasar\u0131m\u0131 dahil) bize aittir.<\/p>\n<p>M\u00fcstehcen, sald\u0131rgan, yasa d\u0131\u015f\u0131 veya bu \u015eartlar&#039;\u0131 veya Kurallar\u0131m\u0131z\u0131 ihlal eden i\u00e7erik sa\u011flamayaca\u011f\u0131n\u0131z\u0131 kabul edersiniz. Ayr\u0131ca, CamRound.com&#039;u bu \u015eartlar&#039;da izin verilmeyen ticari tan\u0131t\u0131m veya \u00e7\u0131karlar i\u00e7in kullanmayaca\u011f\u0131n\u0131z\u0131 da kabul edersiniz.<\/p>\n<h2>K\u00f6t\u00fc Ama\u00e7l\u0131 Kullan\u0131c\u0131 Etkinli\u011fi<\/h2>\n<p>\u015eunlar\u0131 yapmamay\u0131 kabul edersiniz:<\/p>\n<ul>\n<li>Sistemlerimizin zafiyetlerini ara\u015ft\u0131r\u0131n, taray\u0131n veya test edin;<\/li>\n<li>G\u00fcvenlik \u00f6nlemlerini atlatmak veya etkisiz hale getirmek;<\/li>\n<li>\u0130\u00e7eri\u011fe eri\u015fmek veya i\u00e7eri\u011fi indirmek i\u00e7in yetkisiz ara\u00e7lar (\u00f6r\u00fcmcekler, botlar, taray\u0131c\u0131lar) kullanmay\u0131n;<\/li>\n<li>Sahte ba\u015fl\u0131klar olu\u015fturmak veya yan\u0131lt\u0131c\u0131 bilgiler g\u00f6ndermek;<\/li>\n<li>Web Sitesini tersine m\u00fchendislik yoluyla i\u015flemek veya Web Sitesine m\u00fcdahale etmek;<\/li>\n<li>Vir\u00fcs, spam g\u00f6ndermek veya sunucular\u0131 a\u015f\u0131r\u0131 y\u00fcklemek de dahil olmak \u00fczere kullan\u0131c\u0131 eri\u015fimine m\u00fcdahale etmek;<\/li>\n<li>Rekabet\u00e7i bir web sitesi veya hizmet geli\u015ftirin;<\/li>\n<li>Ba\u015fkalar\u0131n\u0131 bu \u015eartlar\u0131 ihlal etmeye te\u015fvik etmek.<\/li>\n<\/ul>\n<h2>\u00dccretli \u00dcr\u00fcnler ve Hizmetler<\/h2>\n<p>CamRound.com, dijital \u00fcr\u00fcnler, abonelikler veya premium \u00f6zellikler dahil olmak \u00fczere \u00fccretli \u00fcr\u00fcn veya hizmetler sunabilir. Bir sat\u0131n alma i\u015flemi yaparak \u015funlar\u0131 garanti edersiniz:<\/p>\n<ul>\n<li>\u00dcr\u00fcn\/hizmet a\u00e7\u0131klamas\u0131n\u0131 okudu\u011funuzu ve anlad\u0131\u011f\u0131n\u0131z\u0131;<\/li>\n<li>\u00d6deme bilgilerinizin do\u011fru ve eksiksiz olmas\u0131;<\/li>\n<li>T\u00fcm masraflar bankan\u0131z veya kart \u015firketiniz taraf\u0131ndan kar\u015f\u0131lanacakt\u0131r;<\/li>\n<li>\u00d6denmeyen \u00f6deme \u00fccretlerinden siz sorumlusunuz.<\/li>\n<\/ul>\n<p>\u00dccretli \u00f6zellikler ba\u015fkalar\u0131na devredilemez. T\u00fcm \u00f6demeler \u0130ade Politikam\u0131za tabidir.<\/p>\n<p>Bir \u00fccrete itiraz ederseniz, geri \u00f6deme ba\u015flatmadan \u00f6nce bizimle ileti\u015fime ge\u00e7in. Hakl\u0131 bulunursan\u0131z, geri \u00f6demenizi i\u015fleme koyaca\u011f\u0131z; reddedilirse, bankan\u0131zla ileti\u015fime ge\u00e7ebilirsiniz.<\/p>\n<p>\u00d6deme ve iade ko\u015fullar\u0131n\u0131 herhangi bir zamanda g\u00fcncelleme hakk\u0131m\u0131z\u0131 sakl\u0131 tutuyoruz. \u00d6nemli de\u011fi\u015fiklikler, Web Sitesi kullan\u0131m\u0131n\u0131z\u0131 sonland\u0131rma hakk\u0131n\u0131z\u0131 do\u011furur.<\/p>\n<h2>D\u0131\u015f Ba\u011flant\u0131lar<\/h2>\n<p>CamRound.com genelinde \u00fc\u00e7\u00fcnc\u00fc taraf web sitelerine ve \u00fcr\u00fcnlerine ba\u011flant\u0131lar yerle\u015ftirebiliriz. Yaln\u0131zca g\u00fcvenilir kaynaklara ba\u011flant\u0131 vermeye \u00e7al\u0131\u015f\u0131yoruz, ancak harici web sitelerinin i\u00e7eri\u011fi, gizlili\u011fi veya g\u00fcvenli\u011fi konusunda sorumluluk kabul etmiyoruz. Bu t\u00fcr ba\u011flant\u0131lar\u0131 kullanman\u0131z kendi sorumlulu\u011funuzdad\u0131r.<\/p>\n<h2>Ba\u011flant\u0131 ve Yerle\u015ftirme<\/h2>\n<p>A\u015fa\u011f\u0131daki ko\u015fullar sa\u011fland\u0131\u011f\u0131 takdirde CamRound.com&#039;a kendi kaynaklar\u0131n\u0131zda ba\u011flant\u0131 verebilir veya CamRound.com&#039;u yerle\u015ftirebilirsiniz:<\/p>\n<ul>\n<li>CamRound.com&#039;un hi\u00e7bir b\u00f6l\u00fcm\u00fcn\u00fc gizlemez veya de\u011fi\u015ftirmezsiniz;<\/li>\n<li>Siteniz veya kayna\u011f\u0131n\u0131z yasa d\u0131\u015f\u0131 veya pornografik de\u011fildir;<\/li>\n<li>Talebimiz \u00fczerine t\u00fcm ba\u011flant\u0131lar\u0131\/g\u00f6m\u00fcl\u00fc i\u00e7erikleri kald\u0131r\u0131rs\u0131n\u0131z.<\/li>\n<\/ul>\n<h2>Eri\u015fimin Sonland\u0131r\u0131lmas\u0131<\/h2>\n<p>Bu \u015eartlar veya Kurallar\u0131m\u0131z\u0131n ihlali, CamRound.com&#039;a eri\u015fimin bildirimde bulunulmaks\u0131z\u0131n k\u0131s\u0131tlanmas\u0131na veya sonland\u0131r\u0131lmas\u0131na neden olabilir. Bu \u015eartlar\u0131 uygulamak i\u00e7in teknik, yasal veya ba\u015fka y\u00f6ntemler (IP engelleme dahil) kullanabiliriz. Kullan\u0131c\u0131lar\u0131 k\u0131s\u0131tlamalar konusunda bilgilendirmeye \u00e7al\u0131\u015f\u0131r\u0131z, ancak bunu yapmakla y\u00fck\u00fcml\u00fc de\u011filiz. Yasak s\u00fcreleri kendi takdirimize ba\u011fl\u0131 olarak de\u011fi\u015ftirilebilir.<\/p>\n<p>Sorumluluk s\u0131n\u0131rlamas\u0131, feragatnameler ve tazminat h\u00fck\u00fcmleri fesih sonras\u0131nda da ge\u00e7erlili\u011fini korur.<\/p>\n<h2>\u0130stismarlar ve \u015eikayetler<\/h2>\n<p>K\u00f6t\u00fcye kullan\u0131mlar\u0131, telif hakk\u0131 ihlallerini veya k\u00f6t\u00fcye kullan\u0131m\u0131 bildirin <a href=\"mailto:support@camround.com\">support@camround.com<\/a>Bu \u015eartlar&#039;\u0131n ihlali veya yasa d\u0131\u015f\u0131 yollarla \u00e7\u00f6z\u00fclen uyu\u015fmazl\u0131klar, eri\u015fimin k\u0131s\u0131tlanmas\u0131 veya sonland\u0131r\u0131lmas\u0131yla sonu\u00e7lanabilir.<\/p>\n<h2>Sorumlulu\u011fun S\u0131n\u0131rland\u0131r\u0131lmas\u0131<\/h2>\n<p>Kullan\u0131c\u0131lar\u0131n veya kullan\u0131c\u0131 i\u00e7eriklerinin eylemlerinden sorumlu de\u011filiz. CamRound.com kullan\u0131m\u0131ndan kaynaklanan do\u011frudan, dolayl\u0131, tesad\u00fcfi veya sonu\u00e7sal zararlardan (veri kayb\u0131, gelir kayb\u0131, donan\u0131m hasar\u0131, hizmet kesintileri, yetkisiz eri\u015fim veya m\u00fccbir sebepler dahil ancak bunlarla s\u0131n\u0131rl\u0131 olmamak \u00fczere) sorumlu de\u011filiz.<\/p>\n<p>Web Sitesini veya i\u00e7eri\u011finizi kullan\u0131m\u0131n\u0131zdan kaynaklanan her t\u00fcrl\u00fc talep, kay\u0131p veya masraftan CamRound.com&#039;u ve \u00e7al\u0131\u015fanlar\u0131n\u0131 tazmin etmeyi kabul edersiniz.<\/p>\n<h2>De\u011fi\u015fiklikler<\/h2>\n<p>Bu \u015eartlar, Gizlilik Politikas\u0131, \u0130ade Politikas\u0131 ve Kurallar\u0131 herhangi bir zamanda de\u011fi\u015ftirebiliriz. G\u00fcncellemeler yay\u0131nland\u0131\u011f\u0131 tarihte y\u00fcr\u00fcrl\u00fc\u011fe girer. Kullan\u0131m\u0131n\u0131za devam etmeniz, de\u011fi\u015fiklikleri kabul etti\u011finiz anlam\u0131na gelir. G\u00fcncellemeler i\u00e7in bu belgeleri d\u00fczenli olarak inceleyin.<\/p>\n<p>Herhangi bir de\u011fi\u015fikli\u011fi kabul etmiyorsan\u0131z, derhal kullanmay\u0131 b\u0131rak\u0131n.<\/p>\n<h2>Ge\u00e7erli Hukuk ve Anla\u015fmazl\u0131klar<\/h2>\n<p>Bu S\u00f6zle\u015fme, G\u00fcney Afrika yasalar\u0131na tabidir. Hukuki uyu\u015fmazl\u0131klar G\u00fcney Afrika mahkemelerinde g\u00f6r\u00fclmelidir. Herhangi bir dava, ortaya \u00e7\u0131kt\u0131\u011f\u0131 tarihten itibaren bir y\u0131l i\u00e7inde a\u00e7\u0131lmal\u0131d\u0131r.<\/p>\n<h2>Di\u011fer H\u00fck\u00fcmler<\/h2>\n<p>\u0130hlal durumunda, yasalar\u0131n izin verdi\u011fi \u00f6l\u00e7\u00fcde yasal koruma veya yasal yollara ba\u015fvurabiliriz. Kan\u0131t olarak avatar\u0131n\u0131z\u0131, sistem ekran g\u00f6r\u00fcnt\u00fclerinizi, IP adresinizi, konumunuzu, taray\u0131c\u0131n\u0131z\u0131 ve i\u015fletim sistemi verilerinizi kullanabiliriz.<\/p>\n<p>Dil uyu\u015fmazl\u0131klar\u0131 durumunda \u0130ngilizce metin esas al\u0131nacakt\u0131r.<\/p>\n<p>C\u00fcmle ba\u015fl\u0131klar\u0131 yaln\u0131zca kolayl\u0131k sa\u011flamak amac\u0131yla verilmi\u015ftir.<\/p>\n<h2>Temas etmek<\/h2>\n<p>\u0130hlal raporlar\u0131 i\u00e7in \u015fu adrese mesaj g\u00f6nderin: <a href=\"mailto:support@camround.com\">support@camround.com<\/a> Acil yan\u0131t i\u00e7in. Bu \u015eartlar veya CamRound.com ile ilgili di\u011fer konular i\u00e7in l\u00fctfen ileti\u015fime ge\u00e7in. <a href=\"mailto:support@camround.com\">support@camround.com<\/a>.<\/p>","protected":false},"excerpt":{"rendered":"<p>This document (&#8220;Terms of Service&#8221;, &#8220;Terms&#8221;, &#8220;User Agreement&#8221;, or &#8220;Agreement&#8221;) constitutes a legally binding agreement between users (&#8220;you,&#8221; &#8220;your,&#8221; &#8220;User,&#8221; &#8220;Visitor&#8221;), whether individuals, businesses, or organizations, and CamRound.com, (also referred to as &#8220;CamRound,&#8221; &#8220;Company,&#8221; &#8220;Website,&#8221; or &#8220;Site&#8221;). References to &#8220;we,&#8221; &#8220;us,&#8221; or &#8220;our&#8221; refer to CamRound.com. Affiliate and Third-Party Disclaimer CamRound.com is a review and [&hellip;]<\/p>\n","protected":false},"author":1,"featured_media":0,"parent":0,"menu_order":0,"comment_status":"closed","ping_status":"closed","template":"","meta":{"footnotes":""},"class_list":["post-1229","page","type-page","status-publish","hentry"],"yoast_head":"<!-- This site is optimized with the Yoast SEO plugin v27.3 - https:\/\/yoast.com\/product\/yoast-seo-wordpress\/ -->\n<title>Terms &amp; Conditions - CamRound.com<\/title>\n<meta name=\"robots\" content=\"index, follow, max-snippet:-1, max-image-preview:large, max-video-preview:-1\" \/>\n<link rel=\"canonical\" href=\"https:\/\/camround.com\/tr\/terms-conditions\/\" \/>\n<meta property=\"og:locale\" content=\"tr_TR\" \/>\n<meta property=\"og:type\" content=\"article\" \/>\n<meta property=\"og:title\" content=\"Terms &amp; Conditions - CamRound.com\" \/>\n<meta property=\"og:description\" content=\"This document (&#8220;Terms of Service&#8221;, &#8220;Terms&#8221;, &#8220;User Agreement&#8221;, or &#8220;Agreement&#8221;) constitutes a legally binding agreement between users (&#8220;you,&#8221; &#8220;your,&#8221; &#8220;User,&#8221; &#8220;Visitor&#8221;), whether individuals, businesses, or organizations, and CamRound.com, (also referred to as &#8220;CamRound,&#8221; &#8220;Company,&#8221; &#8220;Website,&#8221; or &#8220;Site&#8221;). References to &#8220;we,&#8221; &#8220;us,&#8221; or &#8220;our&#8221; refer to CamRound.com. Affiliate and Third-Party Disclaimer CamRound.com is a review and [&hellip;]\" \/>\n<meta property=\"og:url\" content=\"https:\/\/camround.com\/tr\/terms-conditions\/\" \/>\n<meta property=\"og:site_name\" content=\"CamRound.com\" \/>\n<meta name=\"twitter:card\" content=\"summary_large_image\" \/>\n<meta name=\"twitter:label1\" content=\"Tahmini okuma s\u00fcresi\" \/>\n\t<meta name=\"twitter:data1\" content=\"5 dakika\" \/>\n<script type=\"application\/ld+json\" class=\"yoast-schema-graph\">{\"@context\":\"https:\\\/\\\/schema.org\",\"@graph\":[{\"@type\":\"WebPage\",\"@id\":\"https:\\\/\\\/camround.com\\\/terms-conditions\\\/\",\"url\":\"https:\\\/\\\/camround.com\\\/terms-conditions\\\/\",\"name\":\"Terms & Conditions - CamRound.com\",\"isPartOf\":{\"@id\":\"https:\\\/\\\/camround.com\\\/#website\"},\"datePublished\":\"2025-08-06T09:09:04+00:00\",\"breadcrumb\":{\"@id\":\"https:\\\/\\\/camround.com\\\/terms-conditions\\\/#breadcrumb\"},\"inLanguage\":\"tr\",\"potentialAction\":[{\"@type\":\"ReadAction\",\"target\":[\"https:\\\/\\\/camround.com\\\/terms-conditions\\\/\"]}]},{\"@type\":\"BreadcrumbList\",\"@id\":\"https:\\\/\\\/camround.com\\\/terms-conditions\\\/#breadcrumb\",\"itemListElement\":[{\"@type\":\"ListItem\",\"position\":1,\"name\":\"Home\",\"item\":\"https:\\\/\\\/camround.com\\\/\"},{\"@type\":\"ListItem\",\"position\":2,\"name\":\"Terms &#038; Conditions\"}]},{\"@type\":\"WebSite\",\"@id\":\"https:\\\/\\\/camround.com\\\/#website\",\"url\":\"https:\\\/\\\/camround.com\\\/\",\"name\":\"CamRound\",\"description\":\"Random Video Chat\",\"publisher\":{\"@id\":\"https:\\\/\\\/camround.com\\\/#organization\"},\"inLanguage\":\"tr\"},{\"@type\":\"Organization\",\"@id\":\"https:\\\/\\\/camround.com\\\/#organization\",\"name\":\"CamRound\",\"url\":\"https:\\\/\\\/camround.com\\\/\",\"logo\":{\"@type\":\"ImageObject\",\"inLanguage\":\"tr\",\"@id\":\"https:\\\/\\\/camround.com\\\/#\\\/schema\\\/logo\\\/image\\\/\",\"url\":\"https:\\\/\\\/camround.com\\\/wp-content\\\/uploads\\\/2021\\\/12\\\/C-Icon_1Color.png\",\"contentUrl\":\"https:\\\/\\\/camround.com\\\/wp-content\\\/uploads\\\/2021\\\/12\\\/C-Icon_1Color.png\",\"width\":1192,\"height\":1216,\"caption\":\"CamRound\"},\"image\":{\"@id\":\"https:\\\/\\\/camround.com\\\/#\\\/schema\\\/logo\\\/image\\\/\"}}]}<\/script>\n<!-- \/ Yoast SEO plugin. -->","yoast_head_json":{"title":"\u015eartlar ve Ko\u015fullar - CamRound.com","robots":{"index":"index","follow":"follow","max-snippet":"max-snippet:-1","max-image-preview":"max-image-preview:large","max-video-preview":"max-video-preview:-1"},"canonical":"https:\/\/camround.com\/tr\/terms-conditions\/","og_locale":"tr_TR","og_type":"article","og_title":"Terms & Conditions - CamRound.com","og_description":"This document (&#8220;Terms of Service&#8221;, &#8220;Terms&#8221;, &#8220;User Agreement&#8221;, or &#8220;Agreement&#8221;) constitutes a legally binding agreement between users (&#8220;you,&#8221; &#8220;your,&#8221; &#8220;User,&#8221; &#8220;Visitor&#8221;), whether individuals, businesses, or organizations, and CamRound.com, (also referred to as &#8220;CamRound,&#8221; &#8220;Company,&#8221; &#8220;Website,&#8221; or &#8220;Site&#8221;). References to &#8220;we,&#8221; &#8220;us,&#8221; or &#8220;our&#8221; refer to CamRound.com. Affiliate and Third-Party Disclaimer CamRound.com is a review and [&hellip;]","og_url":"https:\/\/camround.com\/tr\/terms-conditions\/","og_site_name":"CamRound.com","twitter_card":"summary_large_image","twitter_misc":{"Tahmini okuma s\u00fcresi":"5 dakika"},"schema":{"@context":"https:\/\/schema.org","@graph":[{"@type":"WebPage","@id":"https:\/\/camround.com\/terms-conditions\/","url":"https:\/\/camround.com\/terms-conditions\/","name":"\u015eartlar ve Ko\u015fullar - CamRound.com","isPartOf":{"@id":"https:\/\/camround.com\/#website"},"datePublished":"2025-08-06T09:09:04+00:00","breadcrumb":{"@id":"https:\/\/camround.com\/terms-conditions\/#breadcrumb"},"inLanguage":"tr","potentialAction":[{"@type":"ReadAction","target":["https:\/\/camround.com\/terms-conditions\/"]}]},{"@type":"BreadcrumbList","@id":"https:\/\/camround.com\/terms-conditions\/#breadcrumb","itemListElement":[{"@type":"ListItem","position":1,"name":"Home","item":"https:\/\/camround.com\/"},{"@type":"ListItem","position":2,"name":"Terms &#038; Conditions"}]},{"@type":"WebSite","@id":"https:\/\/camround.com\/#website","url":"https:\/\/camround.com\/","name":"CamRound","description":"Rastgele G\u00f6r\u00fcnt\u00fcl\u00fc Sohbet","publisher":{"@id":"https:\/\/camround.com\/#organization"},"inLanguage":"tr"},{"@type":"Organization","@id":"https:\/\/camround.com\/#organization","name":"CamRound","url":"https:\/\/camround.com\/","logo":{"@type":"ImageObject","inLanguage":"tr","@id":"https:\/\/camround.com\/#\/schema\/logo\/image\/","url":"https:\/\/camround.com\/wp-content\/uploads\/2021\/12\/C-Icon_1Color.png","contentUrl":"https:\/\/camround.com\/wp-content\/uploads\/2021\/12\/C-Icon_1Color.png","width":1192,"height":1216,"caption":"CamRound"},"image":{"@id":"https:\/\/camround.com\/#\/schema\/logo\/image\/"}}]}},"_links":{"self":[{"href":"https:\/\/camround.com\/tr\/wp-json\/wp\/v2\/pages\/1229","targetHints":{"allow":["GET"]}}],"collection":[{"href":"https:\/\/camround.com\/tr\/wp-json\/wp\/v2\/pages"}],"about":[{"href":"https:\/\/camround.com\/tr\/wp-json\/wp\/v2\/types\/page"}],"author":[{"embeddable":true,"href":"https:\/\/camround.com\/tr\/wp-json\/wp\/v2\/users\/1"}],"replies":[{"embeddable":true,"href":"https:\/\/camround.com\/tr\/wp-json\/wp\/v2\/comments?post=1229"}],"version-history":[{"count":1,"href":"https:\/\/camround.com\/tr\/wp-json\/wp\/v2\/pages\/1229\/revisions"}],"predecessor-version":[{"id":1230,"href":"https:\/\/camround.com\/tr\/wp-json\/wp\/v2\/pages\/1229\/revisions\/1230"}],"wp:attachment":[{"href":"https:\/\/camround.com\/tr\/wp-json\/wp\/v2\/media?parent=1229"}],"curies":[{"name":"wp","href":"https:\/\/api.w.org\/{rel}","templated":true}]}}