{"id":1231,"date":"2025-08-06T11:13:00","date_gmt":"2025-08-06T09:13:00","guid":{"rendered":"https:\/\/camround.com\/?page_id=1231"},"modified":"2025-08-06T12:26:29","modified_gmt":"2025-08-06T10:26:29","slug":"rules","status":"publish","type":"page","link":"https:\/\/camround.com\/tr\/rules\/","title":{"rendered":"T\u00fcz\u00fck"},"content":{"rendered":"<p>CamRound.com \u00fccretsiz olarak \u015funlar\u0131 sa\u011flar: <a href=\"https:\/\/camround.com\/tr\/anonymous-chat\/\">anonim<\/a> bire bir eri\u015fim <a href=\"https:\/\/camround.com\/tr\/\">rastgele g\u00f6r\u00fcnt\u00fcl\u00fc sohbet<\/a> Deneyim - kay\u0131t gerekmez. Misyonumuz, di\u011fer platformlara benzer \u015fekilde g\u00fcvenli, ilgi \u00e7ekici ve sayg\u0131l\u0131 bir ortam sunmakt\u0131r. <a href=\"https:\/\/camround.com\/tr\/omegle\/\">Omegle<\/a>Kullan\u0131c\u0131lar\u0131n ger\u00e7ek zamanl\u0131 olarak \u00e7evrimi\u00e7i yeni insanlarla tan\u0131\u015fmas\u0131na olanak tan\u0131r.<\/p>\n<p>Herkes i\u00e7in olumlu bir ortam sa\u011flamak ad\u0131na, t\u00fcm kullan\u0131c\u0131lar\u0131n a\u015fa\u011f\u0131daki kurallara uymas\u0131n\u0131 rica ediyoruz. Bu kurallar\u0131n ihlali, CamRound.com&#039;dan derhal uzakla\u015ft\u0131r\u0131lman\u0131za veya kal\u0131c\u0131 olarak \u00e7\u0131kar\u0131lman\u0131za neden olabilir.<\/p>\n<h2>CamRound.com&#039;da Yasaklanm\u0131\u015f Davran\u0131\u015flar<\/h2>\n<p>G\u00fcvenli\u011fi, sayg\u0131y\u0131 ve yasalara uyumu sa\u011flamak i\u00e7in CamRound.com&#039;da a\u015fa\u011f\u0131daki eylemler kesinlikle yasakt\u0131r:<\/p>\n<ul>\n<li>K\u00fc\u00e7\u00fcklerin Eri\u015fimi: CamRound.com&#039;u kullanmak i\u00e7in 18 ya\u015f\u0131nda veya daha b\u00fcy\u00fck olman\u0131z gerekmektedir. 18 ya\u015f\u0131n alt\u0131ndakilerin eri\u015fimi kesinlikle yasakt\u0131r.<\/li>\n<li>Uygunsuz Dil veya Davran\u0131\u015f: Kaba, cinsel i\u00e7erikli, \u015fiddet i\u00e7eren veya rahats\u0131z edici dil veya davran\u0131\u015flara izin verilmez. Bu platform, zararl\u0131 veya rahats\u0131z edici i\u00e7erikler i\u00e7in uygun de\u011fildir.<\/li>\n<li>Ayr\u0131mc\u0131l\u0131k veya Nefret S\u00f6ylemi: Ba\u015fkalar\u0131n\u0131 din, \u0131rk, cinsiyet, cinsel y\u00f6nelim, uyruk veya ya\u015fa dayal\u0131 olarak a\u015fa\u011f\u0131lamak, hakaret etmek veya sald\u0131rmak kesinlikle yasakt\u0131r. Hi\u00e7bir \u015fekilde nefret s\u00f6ylemi veya ayr\u0131mc\u0131 davran\u0131\u015fa m\u00fcsamaha g\u00f6sterilmeyecektir.<\/li>\n<li>Taciz veya K\u00f6t\u00fcye Kullan\u0131m: Di\u011fer kullan\u0131c\u0131lar\u0131 herhangi bir \u015fekilde (s\u00f6zl\u00fc, g\u00f6rsel veya ba\u015fka bir \u015fekilde) taciz etmek, korkutmak veya kas\u0131tl\u0131 olarak sayg\u0131s\u0131zl\u0131k etmek kesinlikle yasakt\u0131r.<\/li>\n<li>Kimlik Belirtilmeksizin K\u0131smi \u00c7\u0131plakl\u0131k: Kimli\u011finizin a\u00e7\u0131k\u00e7a g\u00f6r\u00fclebildi\u011fi durumlarda, anonim m\u00fcstehcen te\u015fhiri \u00f6nlemek i\u00e7in, \u00e7\u0131plak g\u00f6\u011fs\u00fcn\u00fcz\u00fc kameraya g\u00f6stermenize izin verilir.<\/li>\n<li>\u00c7\u0131plakl\u0131k veya \u0130\u00e7 \u00c7ama\u015f\u0131r\u0131 Te\u015fhiri: Kamera kar\u015f\u0131s\u0131nda tamamen \u00e7\u0131plak g\u00f6r\u00fcnmek veya sadece i\u00e7 \u00e7ama\u015f\u0131r\u0131yla g\u00f6r\u00fcnmek asla yasakt\u0131r.<\/li>\n<li>Cinsel \u0130\u00e7erikli Davran\u0131\u015flar: A\u015fa\u011f\u0131dakiler kesinlikle yasakt\u0131r:\n<ul>\n<li>Ba\u015fkalar\u0131n\u0131 sanal cinsel aktiviteye davet edin veya onlara bask\u0131 yap\u0131n.<\/li>\n<li>\u00d6zel b\u00f6lgelerinizi kameraya g\u00f6sterin.<\/li>\n<li>Kamerada g\u00f6r\u00fcn\u00fcrken cinsel organlar\u0131n\u0131za dokunun veya dokunuyormu\u015f gibi yap\u0131n.<\/li>\n<li>Kameran\u0131z\u0131 \u00f6zellikle g\u00f6\u011f\u00fcs hizas\u0131n\u0131n alt\u0131na do\u011frultun.<\/li>\n<\/ul>\n<\/li>\n<li>Promosyon veya Y\u00f6nlendirme \u0130\u00e7eri\u011fi: \u015eunlar\u0131 yapamazs\u0131n\u0131z:\n<ul>\n<li>Metin, resim veya <a href=\"https:\/\/camround.com\/tr\/vidizzy\/\">Video<\/a> Kullan\u0131c\u0131lar\u0131 ba\u015fka web sitelerine veya platformlara y\u00f6nlendirmek amac\u0131yla.<\/li>\n<li>Bilgisayar ekran\u0131n\u0131z\u0131, mesajlar\u0131n\u0131z\u0131 veya promosyonlar\u0131n\u0131z\u0131 payla\u015f\u0131n.<\/li>\n<li>Kullanmak <a href=\"https:\/\/camround.com\/tr\/ometv\/\">web kameras\u0131<\/a> yan\u0131ltmak veya reklam yapmak i\u00e7in em\u00fclat\u00f6rler, sanal cihazlar veya video d\u00f6ng\u00fcleri kullanamazs\u0131n\u0131z.<\/li>\n<li>Oy talep edin, ba\u011flant\u0131lar\u0131 tan\u0131t\u0131n veya herhangi bir bi\u00e7imde \u00fcr\u00fcn\/hizmet sat\u0131n.<\/li>\n<\/ul>\n<\/li>\n<li>Yasad\u0131\u015f\u0131 veya \u0130stismarc\u0131 Kullan\u0131m: CamRound.com, platformun a\u015fa\u011f\u0131daki ama\u00e7larla kullan\u0131lmas\u0131n\u0131 kesinlikle yasaklamaktad\u0131r:\n<ul>\n<li>Seks ticareti<\/li>\n<li>\u0130nsan ticareti<\/li>\n<li>Fuhu\u015f<\/li>\n<li>Fiziksel veya psikolojik istismar<\/li>\n<li>Herhangi bir yasad\u0131\u015f\u0131 faaliyet veya ba\u015fkalar\u0131n\u0131n s\u00f6m\u00fcr\u00fclmesi<\/li>\n<\/ul>\n<\/li>\n<\/ul>\n<h2>\u0130hlalleri Bildirme<\/h2>\n<p>Kurallar\u0131 ihlal eden bir kullan\u0131c\u0131yla kar\u015f\u0131la\u015f\u0131rsan\u0131z l\u00fctfen olay\u0131 derhal destek sistemimiz arac\u0131l\u0131\u011f\u0131yla bildirin.<\/p>\n<p>Daha h\u0131zl\u0131 ve etkili bir i\u015flem i\u00e7in, bildiriminizi g\u00f6nderirken ihlalin ekran g\u00f6r\u00fcnt\u00fcs\u00fcn\u00fc ekleyin. Bu, sorunlar\u0131 do\u011fru bir \u015fekilde inceleyip \u00e7\u00f6zmemize yard\u0131mc\u0131 olur.<\/p>\n<h2>Uygulama ve Kullan\u0131c\u0131 Yasaklar\u0131<\/h2>\n<p>CamRound.com, kural ihlallerine kar\u015f\u0131 s\u0131f\u0131r tolerans politikas\u0131 uygulamaktad\u0131r. Birden fazla \u015fikayet alan kullan\u0131c\u0131lar sistemimiz taraf\u0131ndan otomatik olarak engellenebilir.<\/p>\n<p>Her bildirimi ciddiye al\u0131yoruz, ancak kal\u0131c\u0131 yasaklamalar ancak dikkatli bir incelemeden sonra uygulan\u0131yor. CamRound.com her etkile\u015fimi ger\u00e7ek zamanl\u0131 olarak izleyemese de, platformun g\u00fcvenli ve sayg\u0131l\u0131 kalmas\u0131na yard\u0131mc\u0131 olmak i\u00e7in toplulu\u011fumuza g\u00fcveniyoruz. \u0130hlalleri bildirmede i\u015f birli\u011finiz bizim i\u00e7in \u00e7ok \u00f6nemli.<\/p>\n<p>Birlikte, herkes i\u00e7in g\u00fcvenli, spontane ve keyifli bir platform olu\u015fturabiliriz. CamRound.com&#039;u daha iyi bir yer haline getirmemize yard\u0131mc\u0131 oldu\u011funuz i\u00e7in te\u015fekk\u00fcr ederiz. <a href=\"https:\/\/camround.com\/tr\/bazoocam\/\">sohbet etmek<\/a>.<\/p>","protected":false},"excerpt":{"rendered":"<p>CamRound.com provides free, anonymous access to a one-on-one random video chat experience\u2014no registration required. Our mission is to offer a safe, engaging, and respectful space similar to other platforms like Omegle, allowing users to meet new people online in real time. To ensure a positive environment for everyone, we require all users to follow the [&hellip;]<\/p>\n","protected":false},"author":1,"featured_media":0,"parent":0,"menu_order":0,"comment_status":"closed","ping_status":"closed","template":"","meta":{"footnotes":""},"class_list":["post-1231","page","type-page","status-publish","hentry"],"yoast_head":"<!-- This site is optimized with the Yoast SEO plugin v27.3 - https:\/\/yoast.com\/product\/yoast-seo-wordpress\/ -->\n<title>Rules - CamRound.com<\/title>\n<meta name=\"robots\" content=\"index, follow, max-snippet:-1, max-image-preview:large, max-video-preview:-1\" \/>\n<link rel=\"canonical\" href=\"https:\/\/camround.com\/tr\/rules\/\" \/>\n<meta property=\"og:locale\" content=\"tr_TR\" \/>\n<meta property=\"og:type\" content=\"article\" \/>\n<meta property=\"og:title\" content=\"Rules - CamRound.com\" \/>\n<meta property=\"og:description\" content=\"CamRound.com provides free, anonymous access to a one-on-one random video chat experience\u2014no registration required. Our mission is to offer a safe, engaging, and respectful space similar to other platforms like Omegle, allowing users to meet new people online in real time. To ensure a positive environment for everyone, we require all users to follow the [&hellip;]\" \/>\n<meta property=\"og:url\" content=\"https:\/\/camround.com\/tr\/rules\/\" \/>\n<meta property=\"og:site_name\" content=\"CamRound.com\" \/>\n<meta property=\"article:modified_time\" content=\"2025-08-06T10:26:29+00:00\" \/>\n<meta name=\"twitter:card\" content=\"summary_large_image\" \/>\n<meta name=\"twitter:label1\" content=\"Tahmini okuma s\u00fcresi\" \/>\n\t<meta name=\"twitter:data1\" content=\"3 dakika\" \/>\n<script type=\"application\/ld+json\" class=\"yoast-schema-graph\">{\"@context\":\"https:\\\/\\\/schema.org\",\"@graph\":[{\"@type\":\"WebPage\",\"@id\":\"https:\\\/\\\/camround.com\\\/rules\\\/\",\"url\":\"https:\\\/\\\/camround.com\\\/rules\\\/\",\"name\":\"Rules - CamRound.com\",\"isPartOf\":{\"@id\":\"https:\\\/\\\/camround.com\\\/#website\"},\"datePublished\":\"2025-08-06T09:13:00+00:00\",\"dateModified\":\"2025-08-06T10:26:29+00:00\",\"breadcrumb\":{\"@id\":\"https:\\\/\\\/camround.com\\\/rules\\\/#breadcrumb\"},\"inLanguage\":\"tr\",\"potentialAction\":[{\"@type\":\"ReadAction\",\"target\":[\"https:\\\/\\\/camround.com\\\/rules\\\/\"]}]},{\"@type\":\"BreadcrumbList\",\"@id\":\"https:\\\/\\\/camround.com\\\/rules\\\/#breadcrumb\",\"itemListElement\":[{\"@type\":\"ListItem\",\"position\":1,\"name\":\"Home\",\"item\":\"https:\\\/\\\/camround.com\\\/\"},{\"@type\":\"ListItem\",\"position\":2,\"name\":\"Rules\"}]},{\"@type\":\"WebSite\",\"@id\":\"https:\\\/\\\/camround.com\\\/#website\",\"url\":\"https:\\\/\\\/camround.com\\\/\",\"name\":\"CamRound\",\"description\":\"Random Video Chat\",\"publisher\":{\"@id\":\"https:\\\/\\\/camround.com\\\/#organization\"},\"inLanguage\":\"tr\"},{\"@type\":\"Organization\",\"@id\":\"https:\\\/\\\/camround.com\\\/#organization\",\"name\":\"CamRound\",\"url\":\"https:\\\/\\\/camround.com\\\/\",\"logo\":{\"@type\":\"ImageObject\",\"inLanguage\":\"tr\",\"@id\":\"https:\\\/\\\/camround.com\\\/#\\\/schema\\\/logo\\\/image\\\/\",\"url\":\"https:\\\/\\\/camround.com\\\/wp-content\\\/uploads\\\/2021\\\/12\\\/C-Icon_1Color.png\",\"contentUrl\":\"https:\\\/\\\/camround.com\\\/wp-content\\\/uploads\\\/2021\\\/12\\\/C-Icon_1Color.png\",\"width\":1192,\"height\":1216,\"caption\":\"CamRound\"},\"image\":{\"@id\":\"https:\\\/\\\/camround.com\\\/#\\\/schema\\\/logo\\\/image\\\/\"}}]}<\/script>\n<!-- \/ Yoast SEO plugin. -->","yoast_head_json":{"title":"Kurallar - CamRound.com","robots":{"index":"index","follow":"follow","max-snippet":"max-snippet:-1","max-image-preview":"max-image-preview:large","max-video-preview":"max-video-preview:-1"},"canonical":"https:\/\/camround.com\/tr\/rules\/","og_locale":"tr_TR","og_type":"article","og_title":"Rules - CamRound.com","og_description":"CamRound.com provides free, anonymous access to a one-on-one random video chat experience\u2014no registration required. Our mission is to offer a safe, engaging, and respectful space similar to other platforms like Omegle, allowing users to meet new people online in real time. To ensure a positive environment for everyone, we require all users to follow the [&hellip;]","og_url":"https:\/\/camround.com\/tr\/rules\/","og_site_name":"CamRound.com","article_modified_time":"2025-08-06T10:26:29+00:00","twitter_card":"summary_large_image","twitter_misc":{"Tahmini okuma s\u00fcresi":"3 dakika"},"schema":{"@context":"https:\/\/schema.org","@graph":[{"@type":"WebPage","@id":"https:\/\/camround.com\/rules\/","url":"https:\/\/camround.com\/rules\/","name":"Kurallar - CamRound.com","isPartOf":{"@id":"https:\/\/camround.com\/#website"},"datePublished":"2025-08-06T09:13:00+00:00","dateModified":"2025-08-06T10:26:29+00:00","breadcrumb":{"@id":"https:\/\/camround.com\/rules\/#breadcrumb"},"inLanguage":"tr","potentialAction":[{"@type":"ReadAction","target":["https:\/\/camround.com\/rules\/"]}]},{"@type":"BreadcrumbList","@id":"https:\/\/camround.com\/rules\/#breadcrumb","itemListElement":[{"@type":"ListItem","position":1,"name":"Home","item":"https:\/\/camround.com\/"},{"@type":"ListItem","position":2,"name":"Rules"}]},{"@type":"WebSite","@id":"https:\/\/camround.com\/#website","url":"https:\/\/camround.com\/","name":"CamRound","description":"Rastgele G\u00f6r\u00fcnt\u00fcl\u00fc Sohbet","publisher":{"@id":"https:\/\/camround.com\/#organization"},"inLanguage":"tr"},{"@type":"Organization","@id":"https:\/\/camround.com\/#organization","name":"CamRound","url":"https:\/\/camround.com\/","logo":{"@type":"ImageObject","inLanguage":"tr","@id":"https:\/\/camround.com\/#\/schema\/logo\/image\/","url":"https:\/\/camround.com\/wp-content\/uploads\/2021\/12\/C-Icon_1Color.png","contentUrl":"https:\/\/camround.com\/wp-content\/uploads\/2021\/12\/C-Icon_1Color.png","width":1192,"height":1216,"caption":"CamRound"},"image":{"@id":"https:\/\/camround.com\/#\/schema\/logo\/image\/"}}]}},"_links":{"self":[{"href":"https:\/\/camround.com\/tr\/wp-json\/wp\/v2\/pages\/1231","targetHints":{"allow":["GET"]}}],"collection":[{"href":"https:\/\/camround.com\/tr\/wp-json\/wp\/v2\/pages"}],"about":[{"href":"https:\/\/camround.com\/tr\/wp-json\/wp\/v2\/types\/page"}],"author":[{"embeddable":true,"href":"https:\/\/camround.com\/tr\/wp-json\/wp\/v2\/users\/1"}],"replies":[{"embeddable":true,"href":"https:\/\/camround.com\/tr\/wp-json\/wp\/v2\/comments?post=1231"}],"version-history":[{"count":1,"href":"https:\/\/camround.com\/tr\/wp-json\/wp\/v2\/pages\/1231\/revisions"}],"predecessor-version":[{"id":1233,"href":"https:\/\/camround.com\/tr\/wp-json\/wp\/v2\/pages\/1231\/revisions\/1233"}],"wp:attachment":[{"href":"https:\/\/camround.com\/tr\/wp-json\/wp\/v2\/media?parent=1231"}],"curies":[{"name":"wp","href":"https:\/\/api.w.org\/{rel}","templated":true}]}}